{"id":16,"date":"2019-12-12T11:52:01","date_gmt":"2019-12-12T11:52:01","guid":{"rendered":"https:\/\/sites.ipleiria.pt\/4ciead\/?page_id=16"},"modified":"2022-11-10T17:06:49","modified_gmt":"2022-11-10T17:06:49","slug":"general-program","status":"publish","type":"page","link":"https:\/\/sites.ipleiria.pt\/5ciead\/general-program\/","title":{"rendered":"General Program"},"content":{"rendered":"\n<p><strong>Check the detailed program<\/strong> &#8211; <a href=\"http:\/\/sites.ipleiria.pt\/5ciead\/files\/2022\/11\/Programa-geral-detalhado-definitivo-09-11-22.pdf\">CLICK HERE<\/a><\/p>\n\n\n\n<h3 class=\"wp-block-heading\">Key Speakers<\/h3>\n\n\n\n<div class=\"wp-block-group\"><div class=\"wp-block-group__inner-container is-layout-flow wp-block-group-is-layout-flow\">\n<figure class=\"wp-block-table is-style-stripes has-small-font-size\"><table class=\"has-fixed-layout\"><tbody><tr><td><img loading=\"lazy\" decoding=\"async\" width=\"150\" height=\"150\" class=\"wp-image-474\" style=\"width: 150px;\" src=\"http:\/\/sites.ipleiria.pt\/5ciead\/files\/2022\/04\/Teresa-Cunha.png\" alt=\"\"><br><strong>Teresa Cunha<\/strong><br>Centro de Estudos Sociais da Universidade de Coimbra \/ Escola Superior de Educa\u00e7\u00e3o de Coimbra, Portugal<\/td><td><br><br><\/td><\/tr><tr><td><img loading=\"lazy\" decoding=\"async\" width=\"150\" height=\"150\" class=\"wp-image-473\" style=\"width: 150px;\" src=\"http:\/\/sites.ipleiria.pt\/5ciead\/files\/2022\/04\/Carlos-Serra.png\" alt=\"\"><br><strong>Carlos Serra<\/strong><br>Universidade Eduardo Mondlane, Mo\u00e7ambique \/ Cooperativa de Educa\u00e7\u00e3o Ambiental Repensar, Mo\u00e7ambique<\/td><td><br><\/td><\/tr><tr><td> <img loading=\"lazy\" decoding=\"async\" width=\"150\" height=\"150\" class=\"wp-image-475\" style=\"width: 150px;\" src=\"http:\/\/sites.ipleiria.pt\/5ciead\/files\/2022\/04\/Jorge-Capelo.png\" alt=\"\"><br><strong>Jorge Capelo<\/strong><br>Instituto Nacional de Investiga\u00e7\u00e3o Agr\u00e1ria e Veterin\u00e1ria, (INIAV, I.P) \/ CIBIO-InBIO \u2013 Centro de Investiga\u00e7\u00e3o em Biodiversidade e Recursos Gen\u00e9ticos da Universidade do Porto, Portugal<\/td><td><br><\/td><\/tr><tr><td><img loading=\"lazy\" decoding=\"async\" width=\"150\" height=\"150\" class=\"wp-image-472\" style=\"width: 150px;\" src=\"http:\/\/sites.ipleiria.pt\/5ciead\/files\/2022\/04\/Maria-Munoz.png\" alt=\"\"><br><strong>Maria Mu\u00f1oz Santos<\/strong><br>Fundaci\u00f3n Interuniversitaria Fernando Gonz\u00e1lez Bern\u00e1ldez para los Espacios Naturales, Espanha<\/td><td><br><\/td><\/tr><tr><td><img loading=\"lazy\" decoding=\"async\" width=\"150\" height=\"150\" class=\"wp-image-471\" style=\"width: 150px;\" src=\"http:\/\/sites.ipleiria.pt\/5ciead\/files\/2022\/04\/Rogerio-amaro.png\" alt=\"\"><br><strong>Rog\u00e9rio Roque Amaro<\/strong><br>ISCTE &#8211; Instituto Universit\u00e1rio de <br>Lisboa &#8211; Portugal<\/td><td><br><\/td><\/tr><tr><td><img loading=\"lazy\" decoding=\"async\" width=\"150\" height=\"150\" class=\"wp-image-468\" style=\"width: 150px;\" src=\"http:\/\/sites.ipleiria.pt\/5ciead\/files\/2022\/04\/daisy-Flores.png\" alt=\"\"><br><strong>Daisy Flores<\/strong><br>JASS Mesoam\u00e9rica (Asociadas por lo Justo), Honduras<\/td><td><br><\/td><\/tr><tr><td><img loading=\"lazy\" decoding=\"async\" width=\"150\" height=\"150\" class=\"wp-image-476\" style=\"width: 150px;\" src=\"http:\/\/sites.ipleiria.pt\/5ciead\/files\/2022\/04\/Maria-arlete.png\" alt=\"\"><br><strong>Maria Arlete Rosa<\/strong><br>Universidade Tuiuti do Paran\u00e1, Brasil<\/td><td><br><\/td><\/tr><tr><td><img loading=\"lazy\" decoding=\"async\" width=\"150\" height=\"150\" class=\"wp-image-470\" style=\"width: 150px;\" src=\"http:\/\/sites.ipleiria.pt\/5ciead\/files\/2022\/04\/Vilmar.png\" alt=\"\"> <br><strong>Vilmar Alves Pereria<\/strong><br>Universidad Internacional Iberoamerica \u2013 <br>UNINI, M\u00e9xico<br>e<br>Universidade Estadual do Oeste do <br>Paran\u00e1 \u2013 UNIOESTE, Brasil<\/td><td><\/td><\/tr><tr><td><img decoding=\"async\" class=\"wp-image-469\" style=\"width: 150px;\" src=\"http:\/\/sites.ipleiria.pt\/5ciead\/files\/2022\/09\/jose-palma.jpg\" alt=\"\"><br><strong>Jos\u00e9 Manuel Palma-Oliveira<\/strong><br>Universidade de Lisboa \u2013 Portugal<\/td><td><\/td><\/tr><\/tbody><\/table><\/figure>\n<\/div><\/div>\n\n\n\n<p><\/p>\n","protected":false},"excerpt":{"rendered":"<p>Check the detailed program &#8211; CLICK HERE Key Speakers Teresa CunhaCentro de Estudos Sociais da Universidade de Coimbra \/ Escola Superior de Educa\u00e7\u00e3o de Coimbra, Portugal Carlos SerraUniversidade Eduardo Mondlane, Mo\u00e7ambique \/ Cooperativa de Educa\u00e7\u00e3o Ambiental Repensar, Mo\u00e7ambique Jorge CapeloInstituto&hellip;  <\/p>\n<p class=\"more-link\"><a href=\"https:\/\/sites.ipleiria.pt\/5ciead\/general-program\/\">Continue reading <span class=\"meta-nav\">&rarr;<\/span><\/a><\/p>\n","protected":false},"author":102,"featured_media":0,"parent":0,"menu_order":0,"comment_status":"closed","ping_status":"closed","template":"","meta":{"footnotes":""},"class_list":["post-16","page","type-page","status-publish","hentry"],"_links":{"self":[{"href":"https:\/\/sites.ipleiria.pt\/5ciead\/wp-json\/wp\/v2\/pages\/16","targetHints":{"allow":["GET"]}}],"collection":[{"href":"https:\/\/sites.ipleiria.pt\/5ciead\/wp-json\/wp\/v2\/pages"}],"about":[{"href":"https:\/\/sites.ipleiria.pt\/5ciead\/wp-json\/wp\/v2\/types\/page"}],"author":[{"embeddable":true,"href":"https:\/\/sites.ipleiria.pt\/5ciead\/wp-json\/wp\/v2\/users\/102"}],"replies":[{"embeddable":true,"href":"https:\/\/sites.ipleiria.pt\/5ciead\/wp-json\/wp\/v2\/comments?post=16"}],"version-history":[{"count":16,"href":"https:\/\/sites.ipleiria.pt\/5ciead\/wp-json\/wp\/v2\/pages\/16\/revisions"}],"predecessor-version":[{"id":666,"href":"https:\/\/sites.ipleiria.pt\/5ciead\/wp-json\/wp\/v2\/pages\/16\/revisions\/666"}],"wp:attachment":[{"href":"https:\/\/sites.ipleiria.pt\/5ciead\/wp-json\/wp\/v2\/media?parent=16"}],"curies":[{"name":"wp","href":"https:\/\/api.w.org\/{rel}","templated":true}]}}