{"id":28,"date":"2019-12-12T11:54:30","date_gmt":"2019-12-12T11:54:30","guid":{"rendered":"https:\/\/sites.ipleiria.pt\/4ciead\/?page_id=28"},"modified":"2022-04-12T11:14:44","modified_gmt":"2022-04-12T11:14:44","slug":"registration","status":"publish","type":"page","link":"https:\/\/sites.ipleiria.pt\/5ciead\/registration\/","title":{"rendered":"Registration"},"content":{"rendered":"<table class=\"t1\" cellspacing=\"0\" cellpadding=\"0\">\n<tbody>\n<tr>\n<td class=\"td1\" valign=\"middle\">\n<h5 class=\"p2\"><b> Registration <\/b><\/h5>\n<\/td>\n<td class=\"td1\" valign=\"middle\">\n<h5 class=\"p2\"><b>Until <\/b><\/h5>\n<h5 class=\"p2\"><b>31\u201310-2020<\/b><\/h5>\n<\/td>\n<td class=\"td1\" valign=\"middle\">\n<h5 class=\"p2\"><b>Between<\/b><\/h5>\n<h5 class=\"p2\"><b>01-11-2020 to 09-11-2020<\/b><\/h5>\n<\/td>\n<\/tr>\n<tr>\n<td class=\"td1\" valign=\"middle\">\n<h5 class=\"p3\"><strong>Participants with presentation<\/strong><\/h5>\n<\/td>\n<td class=\"td1\" valign=\"middle\">\n<h5 class=\"p2\">50\u20ac<\/h5>\n<\/td>\n<td class=\"td1\" valign=\"middle\">\n<h5 class=\"p2\">60\u20ac<\/h5>\n<\/td>\n<\/tr>\n<tr>\n<td class=\"td1\" valign=\"middle\">\n<h5 class=\"p3\"><strong>Participants without presentation <\/strong><\/h5>\n<\/td>\n<td class=\"td1\" valign=\"middle\">\n<h5 class=\"p2\">30\u20ac<\/h5>\n<\/td>\n<td class=\"td1\" valign=\"middle\">\n<h5 class=\"p2\">40\u20ac<\/h5>\n<\/td>\n<\/tr>\n<tr>\n<td class=\"td1\" valign=\"middle\">\n<h5 class=\"p2\"><strong>Students without presentation <\/strong><strong>(necessary proof)<\/strong><\/h5>\n<\/td>\n<td class=\"td1\" valign=\"middle\">\n<h5 class=\"p2\">20\u20ac<\/h5>\n<\/td>\n<td class=\"td1\" valign=\"middle\">\n<h5 class=\"p2\">25\u20ac<\/h5>\n<\/td>\n<\/tr>\n<\/tbody>\n<\/table>\n<p><b>Payment <\/b><\/p>\n<div>\n<p>Oikos \u2013 Associa\u00e7\u00e3o de Defesa do Ambiente e do Patrim\u00f3nio da Regi\u00e3o de Leiria<br \/>\n<span style=\"font-size: revert; color: initial;\"><strong>Bank:<\/strong> Caixa Geral de Dep\u00f3sitos<br \/>\n<\/span><span style=\"font-size: revert; color: initial;\"><strong>IBAN:<\/strong> PT50 0035 0393 0008 4935 9300 9<br \/>\n<\/span><span style=\"font-size: revert; color: initial;\"><strong>NIB:<\/strong> 0035 0393 0008 4935 9300 9<br \/>\n<\/span><span style=\"color: initial; font-size: revert;\"><strong>SWIFT Code:<\/strong> CGDIPTPL<\/span><\/p>\n<\/div>\n<p><b>Procedures<br \/>\n<\/b><a href=\"https:\/\/sites.ipleiria.pt\/5ciead\/pt\/formulario-de-inscricao-application-form\/\" target=\"_blank\" rel=\"noopener noreferrer\">Registration Form \u2013 Press here to follow the registration process<\/a><\/p>\n<p><strong>Terms and Conditions<\/strong><\/p>\n<p>Registration fee includes assistance to congress activities and access to information materials.<\/p>\n<p>Cancellation of registration after October 31, will entail total loss of the amounts paid.<\/p>\n","protected":false},"excerpt":{"rendered":"<p>Registration Until 31\u201310-2020 Between 01-11-2020 to 09-11-2020 Participants with presentation 50\u20ac 60\u20ac Participants without presentation 30\u20ac 40\u20ac Students without presentation (necessary proof) 20\u20ac 25\u20ac Payment Oikos \u2013 Associa\u00e7\u00e3o de Defesa do Ambiente e do Patrim\u00f3nio da Regi\u00e3o de Leiria Bank:&hellip;  <\/p>\n<p class=\"more-link\"><a href=\"https:\/\/sites.ipleiria.pt\/5ciead\/registration\/\">Continue reading <span class=\"meta-nav\">&rarr;<\/span><\/a><\/p>\n","protected":false},"author":102,"featured_media":0,"parent":0,"menu_order":0,"comment_status":"closed","ping_status":"closed","template":"","meta":{"footnotes":""},"class_list":["post-28","page","type-page","status-publish","hentry"],"_links":{"self":[{"href":"https:\/\/sites.ipleiria.pt\/5ciead\/wp-json\/wp\/v2\/pages\/28","targetHints":{"allow":["GET"]}}],"collection":[{"href":"https:\/\/sites.ipleiria.pt\/5ciead\/wp-json\/wp\/v2\/pages"}],"about":[{"href":"https:\/\/sites.ipleiria.pt\/5ciead\/wp-json\/wp\/v2\/types\/page"}],"author":[{"embeddable":true,"href":"https:\/\/sites.ipleiria.pt\/5ciead\/wp-json\/wp\/v2\/users\/102"}],"replies":[{"embeddable":true,"href":"https:\/\/sites.ipleiria.pt\/5ciead\/wp-json\/wp\/v2\/comments?post=28"}],"version-history":[{"count":4,"href":"https:\/\/sites.ipleiria.pt\/5ciead\/wp-json\/wp\/v2\/pages\/28\/revisions"}],"predecessor-version":[{"id":462,"href":"https:\/\/sites.ipleiria.pt\/5ciead\/wp-json\/wp\/v2\/pages\/28\/revisions\/462"}],"wp:attachment":[{"href":"https:\/\/sites.ipleiria.pt\/5ciead\/wp-json\/wp\/v2\/media?parent=28"}],"curies":[{"name":"wp","href":"https:\/\/api.w.org\/{rel}","templated":true}]}}