{"id":32,"date":"2019-12-12T11:55:18","date_gmt":"2019-12-12T11:55:18","guid":{"rendered":"https:\/\/sites.ipleiria.pt\/4ciead\/?page_id=32"},"modified":"2022-04-14T10:01:15","modified_gmt":"2022-04-14T10:01:15","slug":"contacts","status":"publish","type":"page","link":"https:\/\/sites.ipleiria.pt\/5ciead\/contacts\/","title":{"rendered":"Contacts"},"content":{"rendered":"\n<p><strong>Contacts<\/strong><br>Organizing Committee and the Scientific Committee IV CIEAD<br>Email: <a href=\"mailto:quarto.ciead@gmail.com\">quinto.ciead@gmail.com<\/a><a rel=\"noreferrer noopener\" aria-label=\"  (abre num novo separador)\" href=\"mailto:quarto.ciead@gmail.com\" target=\"_blank\"> <\/a><\/p>\n\n\n\n<p><strong>Secretariat <\/strong><br>Manuela Carvalho<br>Email: <a href=\"mailto:quarto.ciead@gmail.com\">quinto.ciead@gmail.com<\/a><br>Telefone: (+351) 962 813 594<\/p>\n\n\n\n<p><strong>Oikos<\/strong> \u2013 Associa\u00e7\u00e3o de Defesa do Ambiente e do Patrim\u00f3nio da Regi\u00e3o de Leiria<br>Rua de Tomar, n\u00ba 6 (Ex-edif\u00edcio da EDP) &#8211; Apartado 2840 &#8211; 2410 \u2013 184 Leiria<br>Tel: (+351) 962 813 594<br>E-mail: <a href=\"mailto:quarto.ciead@gmail.com\">quinto.ciead@gmail.com<\/a><\/p>\n\n\n\n<p><strong>How to come to V CIEAD&nbsp;<\/strong><\/p>\n\n\n<p><iframe src=\"https:\/\/www.google.com\/maps\/embed?pb=!1m18!1m12!1m3!1d12270.78954174742!2d-8.803439790476931!3d39.74644795224603!2m3!1f0!2f0!3f0!3m2!1i1024!2i768!4f13.1!3m3!1m2!1s0xd227368623fdacd%3A0xdec23e871edb415f!2sPolit%C3%A9cnico%20de%20Leiria%20%2F%20Escola%20Superior%20de%20Educa%C3%A7%C3%A3o%20e%20Ci%C3%AAncias%20Sociais%20(ESECS)!5e0!3m2!1spt-PT!2spt!4v1649849331341!5m2!1spt-PT!2spt\" width=\"600\" height=\"450\" style=\"border:0;\" allowfullscreen=\"\" loading=\"lazy\" referrerpolicy=\"no-referrer-when-downgrade\"><\/iframe><\/p>\n\n\n<figure class=\"wp-block-embed\"><div class=\"wp-block-embed__wrapper\">\n<\/div><\/figure>\n\n\n\n<p>Leiria city has fast and frequent connections to Lisbon and Porto, by bus (see timetable at&nbsp;<a href=\"http:\/\/www.rede-expressos.pt\/\">http:\/\/www.rede-expressos.pt\/<\/a>). The School of Education and Social Sciences (ESECS), where the V CIEAD happen, is near the bus station (about 10 minutes walking).&nbsp;<\/p>\n\n\n\n<p><strong>Accommodation&nbsp;<\/strong><\/p>\n\n\n\n<p>Leiria has a diverse range of hotels and hostels, located near the city center and the School of Education and Social Sciences (ESECS), where V CIEAD happen.&nbsp;<\/p>\n","protected":false},"excerpt":{"rendered":"<p>ContactsOrganizing Committee and the Scientific Committee IV CIEADEmail: quinto.ciead@gmail.com Secretariat Manuela CarvalhoEmail: quinto.ciead@gmail.comTelefone: (+351) 962 813 594 Oikos \u2013 Associa\u00e7\u00e3o de Defesa do Ambiente e do Patrim\u00f3nio da Regi\u00e3o de LeiriaRua de Tomar, n\u00ba 6 (Ex-edif\u00edcio da EDP) &#8211; Apartado&hellip;  <\/p>\n<p class=\"more-link\"><a href=\"https:\/\/sites.ipleiria.pt\/5ciead\/contacts\/\">Continue reading <span class=\"meta-nav\">&rarr;<\/span><\/a><\/p>\n","protected":false},"author":102,"featured_media":0,"parent":0,"menu_order":0,"comment_status":"closed","ping_status":"closed","template":"","meta":{"footnotes":""},"class_list":["post-32","page","type-page","status-publish","hentry"],"_links":{"self":[{"href":"https:\/\/sites.ipleiria.pt\/5ciead\/wp-json\/wp\/v2\/pages\/32","targetHints":{"allow":["GET"]}}],"collection":[{"href":"https:\/\/sites.ipleiria.pt\/5ciead\/wp-json\/wp\/v2\/pages"}],"about":[{"href":"https:\/\/sites.ipleiria.pt\/5ciead\/wp-json\/wp\/v2\/types\/page"}],"author":[{"embeddable":true,"href":"https:\/\/sites.ipleiria.pt\/5ciead\/wp-json\/wp\/v2\/users\/102"}],"replies":[{"embeddable":true,"href":"https:\/\/sites.ipleiria.pt\/5ciead\/wp-json\/wp\/v2\/comments?post=32"}],"version-history":[{"count":3,"href":"https:\/\/sites.ipleiria.pt\/5ciead\/wp-json\/wp\/v2\/pages\/32\/revisions"}],"predecessor-version":[{"id":546,"href":"https:\/\/sites.ipleiria.pt\/5ciead\/wp-json\/wp\/v2\/pages\/32\/revisions\/546"}],"wp:attachment":[{"href":"https:\/\/sites.ipleiria.pt\/5ciead\/wp-json\/wp\/v2\/media?parent=32"}],"curies":[{"name":"wp","href":"https:\/\/api.w.org\/{rel}","templated":true}]}}