{"id":14,"date":"2015-08-25T09:32:39","date_gmt":"2015-08-25T09:32:39","guid":{"rendered":"http:\/\/sites.ipleiria.pt\/5jornadaseconomiasocial\/?page_id=14"},"modified":"2015-08-25T14:55:33","modified_gmt":"2015-08-25T14:55:33","slug":"organizadores","status":"publish","type":"page","link":"https:\/\/sites.ipleiria.pt\/5jornadaseconomiasocial\/organizadores\/","title":{"rendered":"Organizadores"},"content":{"rendered":"<table style=\"width:800px\">\n<tr valign=\"top\">\n<td width=\"50px;\" valign=\"top\"><img loading=\"lazy\" decoding=\"async\" src=\"http:\/\/sites.ipleiria.pt\/5jornadaseconomiasocial\/files\/2015\/08\/foto_abep.jpg\" alt=\"Logo_ABEP\" width=\"100\" height=\"100\" class=\"alignnone size-full wp-image-279\" \/><\/td>\n<td width=\"700px;\"><strong>ABEP \u2013 Associa\u00e7\u00e3o de Bem-Estar de Parceiros<\/strong><br \/>\nRua Cabe\u00e7o da Rola 167, Meia L\u00e9gua, Parceiros<br \/>\n2400-430 Leiria<br \/>\n<em>Telefone:<\/em> 244 843 210<br \/>\n<em>E-mail:<\/em> <a href=\"mailto:abep@abep.pt\"\/>abep@abep.pt<\/a><br \/>\n<em>Site:<\/em> <a href=\"http:\/\/www.abep.pt\/\" \/>www.abep.pt\/<\/a><\/td>\n<\/tr>\n<tr valign=\"top\">\n<td width=\"50px;\" valign=\"top\"><img loading=\"lazy\" decoding=\"async\" src=\"http:\/\/sites.ipleiria.pt\/4jornadasdaeconomiasocial\/files\/2013\/10\/foto_adesba.jpg\" alt=\"foto_adesba\" width=\"100\" height=\"100\" class=\"alignnone size-full wp-image-285\" \/><\/td>\n<td width=\"700px;\"><strong>ADESBA &#8211; Associa\u00e7\u00e3o de Desenvolvimento e Bem Estar Social da Freguesia da Barreira<\/strong><br \/>\nRua Sant\u00edssimo Salvador, 450 Barreira<br \/>\n2410-023 Leiria<br \/>\n<em>Telefone:<\/em> 244 829 192<br \/>\n<em>Fax:<\/em> 244 829 193<br \/>\n<em>E-mail:<\/em> <a href=\"mailto:adesba@sapo.pt\" \/>adesba@sapo.pt<\/a><br \/>\n<em>Site:<\/em> <a href=\"http:\/\/www.adesba.pt\" \/>www.adesba.pt<\/a><\/td>\n<\/tr>\n<tr valign=\"top\">\n<td width=\"50px;\" valign=\"top\"><img loading=\"lazy\" decoding=\"async\" src=\"http:\/\/sites.ipleiria.pt\/5jornadaseconomiasocial\/files\/2015\/08\/foto_adsfan.jpg\" alt=\"foto_apepi\" width=\"100\" height=\"100\" class=\"alignnone size-full wp-image-288\" \/><\/td>\n<td width=\"700px;\"><strong>ADSFAN &#8211; Associa\u00e7\u00e3o de Desenvolvimento Social da Freguesia de A-dos-Negros<\/strong><br \/>\nEstrada da Fonte Santa, n.\u00ba 2<br \/>\n2510-321 A-dos-Negros<br \/>\n<em>Telefone:<\/em> 262 958 799<br \/>\n<em>Telem\u00f3vel<\/em> 910 689 434<br \/>\n<em>E-mail:<\/em> <a href=\"mailto:adsfan@sapo.pt\"\/>adsfan@sapo.pt<\/a><\/td>\n<\/tr>\n<tr valign=\"top\">\n<td width=\"50px;\" valign=\"top\"><img loading=\"lazy\" decoding=\"async\" src=\"http:\/\/sites.ipleiria.pt\/4jornadasdaeconomiasocial\/files\/2013\/10\/foto_apepi.jpg\" alt=\"foto_apepi\" width=\"100\" height=\"100\" class=\"alignnone size-full wp-image-288\" \/><\/td>\n<td width=\"700px;\"><strong>APEPI \/ Associa\u00e7\u00e3o de Pais e Educadores para a Inf\u00e2ncia<\/strong><br \/>\nLargo do Arnado<br \/>\n3100-548 Pombal<br \/>\n<em>Telefone:<\/em> 236 213 268<br \/>\n<em>Fax:<\/em> 236 211 373<br \/>\n<em>E-mail:<\/em> <a href=\"mailto:apepi-ipss@iol.pt\" \/>apepi-ipss@iol.pt<\/a><\/td>\n<\/tr>\n<tr valign=\"top\">\n<td width=\"50px;\" valign=\"top\"><img loading=\"lazy\" decoding=\"async\" src=\"http:\/\/sites.ipleiria.pt\/5jornadaseconomiasocial\/files\/2015\/08\/ASSISTE.jpg\" alt=\"foto_assfa\" width=\"100\" height=\"100\" class=\"alignnone size-full wp-image-291\" \/><\/td>\n<td width=\"700px;\"><strong>ASSISTE \u2013 Associa\u00e7\u00e3o de Solidariedade Social das Cortes<\/strong><br \/>\nRua da Serradinha, n\u00ba.1, Alqueid\u00e3o,<br \/>\n2410-842 Cortes, Leiria, Portugal<br \/>\n<em>Telefone:<\/em> 244 892 505 | <em>Telem\u00f3vel:<\/em> 918 507 708<br \/>\n<em>E-mail:<\/em> <a href=\"mailto:assistecortes@hotmail.com\"\/>assistecortes@hotmail.com<\/a><\/td>\n<\/tr>\n<tr valign=\"top\">\n<td width=\"50px;\" valign=\"top\"><img loading=\"lazy\" decoding=\"async\" src=\"http:\/\/sites.ipleiria.pt\/5jornadaseconomiasocial\/files\/2015\/08\/foto_cafap.jpg\" alt=\"logo adsfan\" width=\"100\" height=\"100\" class=\"alignnone size-full wp-image-295\" \/><\/td>\n<td width=\"700px;\"><strong>Associa\u00e7\u00e3o de OTL do SOM\/IPSS<\/strong><br \/>\nApartado 80,<br \/>\n2431-901 Marinha Grande<br \/>\n<em>Telefone:<\/em> 244 094 410 | <em>Telem\u00f3vel:<\/em> 910 017 709<br \/>\n<em>E-mail:<\/em> <a href=\"mailto:cafapmg@gmail.com\"\/>cafapmg@gmail.com<\/a><br \/>\n<em>Facebook:<\/em> <a href=\"http:\/\/www.facebook.com\/pages\/CAFAP-da-Marinha-Grande\" \/>www.facebook.com\/pages\/CAFAP-da-Marinha-Grande<\/a><\/td>\n<\/tr>\n<tr valign=\"top\">\n<td width=\"50px;\" valign=\"top\"><img loading=\"lazy\" decoding=\"async\" src=\"http:\/\/sites.ipleiria.pt\/4jornadasdaeconomiasocial\/files\/2013\/10\/foto_landal.jpg\" alt=\"foto_landal\" width=\"100\" height=\"100\" class=\"alignnone size-full wp-image-318\" \/><\/td>\n<td width=\"700px;\"><strong>Centro de Desenvolvimento Comunit\u00e1rio do Landal<\/strong><br \/>\nEstrada da Fontinha, n.\u00ba 1, Rostos<br \/>\n2500-540 Landal<br \/>\n<em>Telefone:<\/em> 262 949 300<br \/>\n<em>Fax:<\/em> 262 949 975<br \/>\n<em>E-mail:<\/em> <a href=\"mailto:geral@centrolandal.com\" \/>geral@centrolandal.com<\/a><\/td>\n<\/tr>\n<tr valign=\"top\">\n<td width=\"50px;\" valign=\"top\"><img loading=\"lazy\" decoding=\"async\" src=\"http:\/\/sites.ipleiria.pt\/4jornadasdaeconomiasocial\/files\/2013\/10\/foto_eapn.jpg\" alt=\"foto_eapn\" width=\"100\" height=\"100\" class=\"alignnone size-full wp-image-319\" \/><\/td>\n<td width=\"700px;\"><strong>EAPN \u2013 Rede Europeia Anti-Pobreza\/Portugal<\/strong><br \/>\nN\u00facleo Distrital de Leiria<br \/>\nRua Miguel Franco, lote 8, n.\u00ba 102, Loja 1 e 2<br \/>\n2400-191 Leiria<br \/>\n<em>Telefone:<\/em> 244 837 228<br \/>\n<em>Fax:<\/em> 244 837 229<br \/>\n<em>E-mail:<\/em> <a href=\"mailto:leiria@eapn.pt\" \/>leiria@eapn.pt<\/a><br \/>\n<em>Site:<\/em> <a href=\"http:\/\/www.eapn.pt\" \/>www.eapn.pt<\/a><\/td>\n<\/tr>\n<tr valign=\"top\">\n<td width=\"50px;\" valign=\"top\"><img loading=\"lazy\" decoding=\"async\" src=\"http:\/\/sites.ipleiria.pt\/4jornadasdaeconomiasocial\/files\/2013\/10\/foto_pulsar.jpg\" alt=\"foto_pulsar\" width=\"100\" height=\"100\" class=\"alignnone size-full wp-image-299\" \/><\/td>\n<td width=\"700px;\"><strong>InPulsar &#8211; Associa\u00e7\u00e3o para o Desenvolvimento Comunit\u00e1rio<\/strong><br \/>\nRua Machado dos Santos n\u00ba 43 &#8211; 1\u00ba Esq.<br \/>\n2410-128 Leiria<br \/>\n<em>Telefone:<\/em> 244 028 052<br \/>\n<em>Telem\u00f3vel:<\/em> 910 829 160<br \/>\n<em>E-mail:<\/em> <a href=\"mailto:geral@inpulsar.pt\" \/>geral@inpulsar.pt<\/a><br \/>\n<em>Site:<\/em> <a href=\"http:\/\/www.inpulsar.pt\" \/>www.inpulsar.pt<\/a><\/td>\n<\/tr>\n<tr valign=\"top\">\n<td width=\"50px;\" valign=\"top\"><img loading=\"lazy\" decoding=\"async\" src=\"http:\/\/sites.ipleiria.pt\/4jornadasdaeconomiasocial\/files\/2013\/10\/foto_lis.jpg\" alt=\"foto_lis\" width=\"100\" height=\"100\" class=\"alignnone size-full wp-image-301\" \/><\/td>\n<td width=\"700px;\">\n<strong>Liga Social e Cultural Campos do Lis<\/strong><br \/>\nRua Professor Jos\u00e9 Pires da Fonseca, n.\u00ba 5<br \/>\nG\u00e2ndara dos Olivais<br \/>\n2415-335 Leiria<br \/>\n<em>Telefone:<\/em> 244 838 440<br \/>\n<em>Fax:<\/em> 244 838 442<br \/>\n<em>E-mail:<\/em> <a href=\"mailto:geral@ligacamposdolis.com\" \/>geral@ligacamposdolis.com<\/a><\/td>\n<\/tr>\n<tr valign=\"top\">\n<td width=\"50px;\" valign=\"top\"><img loading=\"lazy\" decoding=\"async\" src=\"http:\/\/sites.ipleiria.pt\/5jornadaseconomiasocial\/files\/2015\/08\/foto_mulher_secXXI.jpg\" alt=\"foto_novo_olhar\" width=\"100\" height=\"100\" class=\"alignnone size-full wp-image-304\" \/><\/td>\n<td width=\"700px;\"><strong>Mulher do s\u00e9culo XXI<\/strong><br \/>\n<em>Largo Rainha Santa Isabel, N\u00ba1 R\/C Dto<br \/>\n2410-165 Leiria<br \/>\nPortugal<br \/>\n<em>Telefone:<\/em> 244 821 728<br \/>\n<em>Telem\u00f3vel:<\/em> 964 854 462 | 910 908 368<br \/>\n<em>E-mail:<\/em> <a href=\"mailto:mulhersecxxi@sapo.pt\"\/>mulhersecxxi@sapo.pt<\/a>\n<\/td>\n<\/tr>\n<tr valign=\"top\">\n<td width=\"50px;\" valign=\"top\"><img loading=\"lazy\" decoding=\"async\" src=\"http:\/\/sites.ipleiria.pt\/4jornadasdaeconomiasocial\/files\/2013\/10\/foto_vida_plena.jpg\" alt=\"foto_vida_plena\" width=\"100\" height=\"100\" class=\"alignnone size-full wp-image-307\" \/><\/td>\n<td width=\"700px;\"><strong>Vida Plena \/ Associa\u00e7\u00e3o de Solidariedade Social<\/strong><br \/>\nRua Cardal N\u00ba 222, Touria \u2013 Pousos<br \/>\n2410-497 Leiria<br \/>\n<em>Telefone:<\/em> 244 837 458<br \/>\n<em>E-mail:<\/em> <a href=\"mailto:vidaplena.ipss@gmail.com\" \/>vidaplena.ipss@gmail.com<\/a>\n<\/td>\n<\/tr>\n<\/table>\n","protected":false},"excerpt":{"rendered":"<p>ABEP \u2013 Associa\u00e7\u00e3o de Bem-Estar de Parceiros Rua Cabe\u00e7o da Rola 167, Meia L\u00e9gua, Parceiros 2400-430 Leiria Telefone: 244 843 210 E-mail: abep@abep.pt Site: www.abep.pt\/ ADESBA &#8211; Associa\u00e7\u00e3o de Desenvolvimento e Bem Estar Social da Freguesia da Barreira Rua Sant\u00edssimo Salvador, 450 Barreira 2410-023 Leiria Telefone: 244 829 192 Fax: 244 829 193 E-mail: adesba@sapo.pt &hellip; <a href=\"https:\/\/sites.ipleiria.pt\/5jornadaseconomiasocial\/organizadores\/\" class=\"more-link\">Continuar a ler <span class=\"screen-reader-text\">Organizadores<\/span> <span class=\"meta-nav\">&rarr;<\/span><\/a><\/p>\n","protected":false},"author":102,"featured_media":0,"parent":0,"menu_order":4,"comment_status":"closed","ping_status":"closed","template":"","meta":{"footnotes":""},"class_list":["post-14","page","type-page","status-publish","hentry"],"_links":{"self":[{"href":"https:\/\/sites.ipleiria.pt\/5jornadaseconomiasocial\/wp-json\/wp\/v2\/pages\/14","targetHints":{"allow":["GET"]}}],"collection":[{"href":"https:\/\/sites.ipleiria.pt\/5jornadaseconomiasocial\/wp-json\/wp\/v2\/pages"}],"about":[{"href":"https:\/\/sites.ipleiria.pt\/5jornadaseconomiasocial\/wp-json\/wp\/v2\/types\/page"}],"author":[{"embeddable":true,"href":"https:\/\/sites.ipleiria.pt\/5jornadaseconomiasocial\/wp-json\/wp\/v2\/users\/102"}],"replies":[{"embeddable":true,"href":"https:\/\/sites.ipleiria.pt\/5jornadaseconomiasocial\/wp-json\/wp\/v2\/comments?post=14"}],"version-history":[{"count":17,"href":"https:\/\/sites.ipleiria.pt\/5jornadaseconomiasocial\/wp-json\/wp\/v2\/pages\/14\/revisions"}],"predecessor-version":[{"id":42,"href":"https:\/\/sites.ipleiria.pt\/5jornadaseconomiasocial\/wp-json\/wp\/v2\/pages\/14\/revisions\/42"}],"wp:attachment":[{"href":"https:\/\/sites.ipleiria.pt\/5jornadaseconomiasocial\/wp-json\/wp\/v2\/media?parent=14"}],"curies":[{"name":"wp","href":"https:\/\/api.w.org\/{rel}","templated":true}]}}