{"id":16,"date":"2015-08-25T09:36:17","date_gmt":"2015-08-25T09:36:17","guid":{"rendered":"http:\/\/sites.ipleiria.pt\/5jornadaseconomiasocial\/?page_id=16"},"modified":"2015-09-11T12:09:48","modified_gmt":"2015-09-11T12:09:48","slug":"parceiros","status":"publish","type":"page","link":"https:\/\/sites.ipleiria.pt\/5jornadaseconomiasocial\/parceiros\/","title":{"rendered":"Parceiros"},"content":{"rendered":"<table style=\"width:800px\">\n<tr valign=\"top\">\n<td width=\"50px;\" valign=\"top\"><img loading=\"lazy\" decoding=\"async\" src=\"http:\/\/sites.ipleiria.pt\/4jornadasdaeconomiasocial\/files\/2013\/10\/esecs.jpg\" alt=\"esecs\" width=\"128\" height=\"159\" class=\"alignnone size-full wp-image-311\" \/><\/td>\n<td width=\"700px;\"><strong>ESECS \u2013 Escola Superior de Educa\u00e7\u00e3o e Ci\u00eancias Sociais<\/strong> (Leiria)<br \/>\n<strong><em>Contactos:<\/em><\/strong><br \/>\n<em>Telefone:<\/em>244 829400<br \/>\n<em>Fax:<\/em>244 829499<br \/>\n<em>E.mail:<\/em><a href=\"mailto:esecs@ipleiria.pt\" \/>esecs@ipleiria.pt<\/a><br \/>\n<em>Site:<\/em> <a href=\"http:\/\/www.esecs.ipleiria.pt\/\" target=\"_blank\" \/>www.esecs.ipleiria.pt\/<\/a><\/p>\n<p><strong>Localiza\u00e7\u00e3o<\/strong><em><br \/>\nCampus1<br \/>\nRua Dr. Jo\u00e3o Soares<br \/>\nApartado 4045<br \/>\n2411-901 Leiria &#8211; Portugal<\/p>\n<p><strong>Coordenadas GPS da ESECS \/ IPL:<\/strong><br \/>\n<strong>N<\/strong><em> 39.739448 LATITUDE<br \/>\n<strong>W<\/strong><\/em> 8.811279 LONGITUDE\n<\/td>\n<\/tr>\n<tr valign=\"top\">\n<td width=\"50px;\" valign=\"top\"><img loading=\"lazy\" decoding=\"async\" src=\"http:\/\/sites.ipleiria.pt\/5jornadaseconomiasocial\/files\/2015\/09\/e49988a6298fde496a11946c269d6d32.jpg\" alt=\"regi\u00e3o de leiria\" width=\"128\" height=\"159\" class=\"alignnone size-full wp-image-311\" \/><\/td>\n<td width=\"700px;\"><strong>Regi\u00e3o de Leiria<\/strong><br \/>\n<strong><em>Contactos:<\/em><\/strong><br \/>\n<em>Telefone:<\/em>244 819 950<br \/>\n<em>Site:<\/em> <a href=\"http:\/\/www.regiaodeleiria.pt\/\" target=\"_blank\" \/>www.regiaodeleiria.pt<\/a><\/p>\n<p><strong>Localiza\u00e7\u00e3o<\/strong><em><br \/>\nRua Comiss\u00e3o de Iniciativa 2 A<br \/>\nTorre Brasil, 3.\u00ba Andar, sala 312<br \/>\n2410-098 Leiria &#8211; Portugal\n<\/td>\n<\/tr>\n<\/table>\n","protected":false},"excerpt":{"rendered":"<p>ESECS \u2013 Escola Superior de Educa\u00e7\u00e3o e Ci\u00eancias Sociais (Leiria) Contactos: Telefone:244 829400 Fax:244 829499 E.mail:esecs@ipleiria.pt Site: www.esecs.ipleiria.pt\/ Localiza\u00e7\u00e3o Campus1 Rua Dr. Jo\u00e3o Soares Apartado 4045 2411-901 Leiria &#8211; Portugal Coordenadas GPS da ESECS \/ IPL: N 39.739448 LATITUDE W 8.811279 LONGITUDE Regi\u00e3o de Leiria Contactos: Telefone:244 819 950 Site: www.regiaodeleiria.pt Localiza\u00e7\u00e3o Rua Comiss\u00e3o de &hellip; <a href=\"https:\/\/sites.ipleiria.pt\/5jornadaseconomiasocial\/parceiros\/\" class=\"more-link\">Continuar a ler <span class=\"screen-reader-text\">Parceiros<\/span> <span class=\"meta-nav\">&rarr;<\/span><\/a><\/p>\n","protected":false},"author":102,"featured_media":0,"parent":0,"menu_order":5,"comment_status":"closed","ping_status":"closed","template":"","meta":{"footnotes":""},"class_list":["post-16","page","type-page","status-publish","hentry"],"_links":{"self":[{"href":"https:\/\/sites.ipleiria.pt\/5jornadaseconomiasocial\/wp-json\/wp\/v2\/pages\/16","targetHints":{"allow":["GET"]}}],"collection":[{"href":"https:\/\/sites.ipleiria.pt\/5jornadaseconomiasocial\/wp-json\/wp\/v2\/pages"}],"about":[{"href":"https:\/\/sites.ipleiria.pt\/5jornadaseconomiasocial\/wp-json\/wp\/v2\/types\/page"}],"author":[{"embeddable":true,"href":"https:\/\/sites.ipleiria.pt\/5jornadaseconomiasocial\/wp-json\/wp\/v2\/users\/102"}],"replies":[{"embeddable":true,"href":"https:\/\/sites.ipleiria.pt\/5jornadaseconomiasocial\/wp-json\/wp\/v2\/comments?post=16"}],"version-history":[{"count":11,"href":"https:\/\/sites.ipleiria.pt\/5jornadaseconomiasocial\/wp-json\/wp\/v2\/pages\/16\/revisions"}],"predecessor-version":[{"id":105,"href":"https:\/\/sites.ipleiria.pt\/5jornadaseconomiasocial\/wp-json\/wp\/v2\/pages\/16\/revisions\/105"}],"wp:attachment":[{"href":"https:\/\/sites.ipleiria.pt\/5jornadaseconomiasocial\/wp-json\/wp\/v2\/media?parent=16"}],"curies":[{"name":"wp","href":"https:\/\/api.w.org\/{rel}","templated":true}]}}