{"id":2,"date":"2015-08-24T14:32:17","date_gmt":"2015-08-24T14:32:17","guid":{"rendered":"http:\/\/afonsolopesvieira.ipleiria.pt\/5jornadaseconomiasocial\/?page_id=2"},"modified":"2015-10-06T10:35:21","modified_gmt":"2015-10-06T10:35:21","slug":"pagina-exemplo","status":"publish","type":"page","link":"https:\/\/sites.ipleiria.pt\/5jornadaseconomiasocial\/pagina-exemplo\/","title":{"rendered":"Programa"},"content":{"rendered":"<p><b>9h00 | Acolhimento dos\/as participantes<\/b><\/br><br \/>\n<b>9h30 | Sess\u00e3o de Boas-vindas<\/b><br \/>\nAna Valentim, Vereadora da A\u00e7\u00e3o Social da C\u00e2mara Municipal de Leiria<br \/>\nP. Jardim Moreira &#8211; Presidente da Dire\u00e7\u00e3o da EAPN Portugal\/Rede Europeia Anti-Pobreza<\/br><br \/>\n<b>9h45 | Confer\u00eancia inaugural: Os desafios do 3.\u00ba setor<\/b><br \/>\nModerador: Jornalista do Regi\u00e3o de Leiria<br \/>\nEduardo Gra\u00e7a | Presidente da Dire\u00e7\u00e3o da CASES<\/p>\n<p><b>10h30 | Pausa para caf\u00e9<\/b><\/br><br \/>\n<b>10h45 | Painel: O futuro do 3.\u00ba setor<\/b><br \/>\nModeradores: Jornalistas do Regi\u00e3o de Leiria<br \/>\n<i>Transfer\u00eancia de compet\u00eancias<\/i><br \/>\nPedro Hespanha (CES)<\/br><br \/>\n<i>Profissionaliza\u00e7\u00e3o das organiza\u00e7\u00f5es<\/i><br \/>\nPedro Krupenski (Plataforma das ONGD)<\/br><br \/>\n<i>Candidaturas a fundos estruturais<\/i><br \/>\nJorge Brand\u00e3o (CCDR &#8211; Centro)<\/br><br \/>\n<i>Portugal Inova\u00e7\u00e3o Social<\/i><br \/>\nAlexandra Neves (Portugal Inova\u00e7\u00e3o Social)<\/br><br \/>\n<b>12h30 | Debate<\/b><\/br><br \/>\n<b>13h00 | Almo\u00e7o livre<\/b><\/br><br \/>\n<b>14h30 |Workshops<\/b><br \/>\n<i>Transfer\u00eancia de compet\u00eancias<\/i><br \/>\nT\u00e2nia Santos, (ESECS IPLeiria)<\/br><br \/>\n<i>Profissionaliza\u00e7\u00e3o das organiza\u00e7\u00f5es<\/i><br \/>\nS\u00edlvia Ferreira (CES)<\/br><br \/>\n<i>Candidaturas a fundos estruturais<\/i><br \/>\nPaulo Teixeira (LogFrame)<\/p>\n<p><b>16h00 | Pausa para caf\u00e9<\/b><\/br><br \/>\n<b>17h00 | Conclus\u00f5es dos workshops<\/b><br \/>\nJornalista do Regi\u00e3o de Leiria<\/br><br \/>\n<b>17h30 | Sess\u00e3o de Encerramento<\/b><\/br><\/p>\n<p><i>* por confirmar<\/i><\/p>\n","protected":false},"excerpt":{"rendered":"<p>9h00 | Acolhimento dos\/as participantes 9h30 | Sess\u00e3o de Boas-vindas Ana Valentim, Vereadora da A\u00e7\u00e3o Social da C\u00e2mara Municipal de Leiria P. Jardim Moreira &#8211; Presidente da Dire\u00e7\u00e3o da EAPN Portugal\/Rede Europeia Anti-Pobreza 9h45 | Confer\u00eancia inaugural: Os desafios do 3.\u00ba setor Moderador: Jornalista do Regi\u00e3o de Leiria Eduardo Gra\u00e7a | Presidente da Dire\u00e7\u00e3o da &hellip; <a href=\"https:\/\/sites.ipleiria.pt\/5jornadaseconomiasocial\/pagina-exemplo\/\" class=\"more-link\">Continuar a ler <span class=\"screen-reader-text\">Programa<\/span> <span class=\"meta-nav\">&rarr;<\/span><\/a><\/p>\n","protected":false},"author":102,"featured_media":0,"parent":0,"menu_order":1,"comment_status":"closed","ping_status":"closed","template":"","meta":{"footnotes":""},"class_list":["post-2","page","type-page","status-publish","hentry"],"_links":{"self":[{"href":"https:\/\/sites.ipleiria.pt\/5jornadaseconomiasocial\/wp-json\/wp\/v2\/pages\/2","targetHints":{"allow":["GET"]}}],"collection":[{"href":"https:\/\/sites.ipleiria.pt\/5jornadaseconomiasocial\/wp-json\/wp\/v2\/pages"}],"about":[{"href":"https:\/\/sites.ipleiria.pt\/5jornadaseconomiasocial\/wp-json\/wp\/v2\/types\/page"}],"author":[{"embeddable":true,"href":"https:\/\/sites.ipleiria.pt\/5jornadaseconomiasocial\/wp-json\/wp\/v2\/users\/102"}],"replies":[{"embeddable":true,"href":"https:\/\/sites.ipleiria.pt\/5jornadaseconomiasocial\/wp-json\/wp\/v2\/comments?post=2"}],"version-history":[{"count":23,"href":"https:\/\/sites.ipleiria.pt\/5jornadaseconomiasocial\/wp-json\/wp\/v2\/pages\/2\/revisions"}],"predecessor-version":[{"id":153,"href":"https:\/\/sites.ipleiria.pt\/5jornadaseconomiasocial\/wp-json\/wp\/v2\/pages\/2\/revisions\/153"}],"wp:attachment":[{"href":"https:\/\/sites.ipleiria.pt\/5jornadaseconomiasocial\/wp-json\/wp\/v2\/media?parent=2"}],"curies":[{"name":"wp","href":"https:\/\/api.w.org\/{rel}","templated":true}]}}