{"id":10,"date":"2019-12-12T11:50:52","date_gmt":"2019-12-12T11:50:52","guid":{"rendered":"https:\/\/sites.ipleiria.pt\/4ciead\/?page_id=10"},"modified":"2024-06-18T08:51:02","modified_gmt":"2024-06-18T08:51:02","slug":"organizacao","status":"publish","type":"page","link":"https:\/\/sites.ipleiria.pt\/6ciead\/organizacao\/","title":{"rendered":"Organiza\u00e7\u00e3o"},"content":{"rendered":"\n<p><strong>Comiss\u00e3o Organizadora <\/strong><br>Carla Gomes<br>Concei\u00e7\u00e3o Cola\u00e7o<br>Edgar Lameiras<br>Jorge Figueiredo<br>J\u00falia Rigueira<br>M\u00e1rio Oliveira<br>Manuela Carvalho<br>Nuno Carvalho<br>Olga Santos<br>Raquel Delgado<br>S\u00e9rgio Duarte<\/p>\n\n\n\n<p><\/p>\n\n\n\n<p><strong>Comiss\u00e3o Cient\u00edfica<\/strong><br>Alessandra Fernandes Bizerra \u2013 Instituto de Bioc\u00eancias, Universidade de S\u00e3o Paulo, Brasil<br>Ana \u00c1guas &#8211; Polit\u00e9cnico de Leiria, Portugal<br>Araceli Serantes \u2013 Universidade da Corunha, Galiza<br>Ana Paula Prado \u2013 Centro Universit\u00e1rio de Santa F\u00e9 do Sul, Brasil<br>Concei\u00e7\u00e3o Cola\u00e7o \u2013 Instituto Superior de Agronomia &#8211; Universidade de lisboa \/ Centro de Ecologia Aplicada Baeta Neves, Portugal<br>Concei\u00e7\u00e3o Martins \u2013 Instituto Polit\u00e9cnico de Bragan\u00e7a, Portugal<br>Dione Kitzmann \u2013 Programa de P\u00f3s-Gradua\u00e7\u00e3o em Educa\u00e7\u00e3o Ambiental &#8211; Universidade Federal do Rio Grande \u2013 FURG, Brasil<br>Edgar J. Gonz\u00e1lez-Gaudiano &#8211; Universidad Veracruzana \/ Instituto de Investigaciones en Educaci\u00f3n, M\u00e9xico<br>Edgar Lameiras \u2013 Polit\u00e9cnico de Leiria, Portugal<br>Fernando Magalh\u00e3es \u2013 Polit\u00e9cnico de Leiria, Portugal<br>Fernando Cruz \u2013 PPGCITI\/ Universidade Federal do Par\u00e1, Campus de Abaetetuba, Brasil<br>Filipe Duarte Santos \u2013 Faculdade de Ci\u00eancias da Universidade de Lisboa \/ Conselho Nacional do Ambiente e do Desenvolvimento Sustent\u00e1vel, Portugal<br>Filomena Cardoso Martins \u2013 Universidade de Aveiro, Portugal<br>Francisco Teixeira \u2013 Ag\u00eancia Portuguesa do Ambiente, Portugal<br>Germ\u00e1n Vargas \u2013 Universidade de Santiago de Compostela, Galiza<br>Gerson Buczenko &#8211; Centro Universit\u00e1rio Internacional Uninter, Brasil<br>Helena Freitas \u2013 Universidade de Coimbra, Portugal<br>Joaquim Ramos Pinto \u2013 Associa\u00e7\u00e3o Portuguesa de Educa\u00e7\u00e3o Ambiental, Portugal<br>Jos\u00e9 Gomes Ferreira \u2013 Universidade Estadual da Para\u00edba, Brasil<br>Jos\u00e9 Manuel Palma \u2013 Faculdade de Psicologia da Universidade de Lisboa, Portugal<br>Juar\u00eas Aumond \u2013 Funda\u00e7\u00e3o Universidade de Blumenau &#8211; FURB, Brasil<br>Judite Vieira \u2013 Polit\u00e9cnico de Leiria \/ LSRE \u2013 LCM, Portugal<br>Lucie Sauv\u00e9 &#8211; Universit\u00e9 du Qu\u00e9bec, Canad\u00e1<br>Lu\u00edsa Schmidt \u2013 Instituto de Ci\u00eancias Sociais \u2013 Universidade de Lisboa, Portugal<br>Marcos Sorrentino \u2013 Universidade de S\u00e3o Paulo, Brasil<br>Maria Arlete Rosa &#8211; Universidade Tuiuti do Paran\u00e1, Brasil<br>Maria Eduarda Fernandes \u2013 ESTG, Polit\u00e9cnico de Leiria, Portugal<br>Maria Jos\u00e9 Rodrigues \u2013 Centro de Investiga\u00e7\u00e3o em Educa\u00e7\u00e3o B\u00e1sica &#8211; Instituto Polit\u00e9cnico de Bragan\u00e7a, Portugal<br>Mar\u00edlia Andrade Torales Campos \u2013 Centro de Educa\u00e7\u00e3o Ambiental e Preserva\u00e7\u00e3o do Patrim\u00f4nio \/ Universidade Federal do Paran\u00e1, Brasil<br>M\u00e1rio Freitas \u2013 Associa\u00e7\u00e3o Brasileira de Pesquisa Cient\u00edfica e Tecnol\u00f3gica em Redu\u00e7\u00e3o de Risco e Desastres \u2013 ABP-RRD), Brasil<br>M\u00e1rio Oliveira \u2013 LEIEA, CI&amp;DEI, ESECS, Polit\u00e9cnico de Leiria \/ OIKOS, Portugal<br>Maur\u00edcio Balensiefer \u2013 Sociedade Brasileira , Brasil<br>Mauro Guimar\u00e3es \u2013 Universidade federal Rural do Rio de Janeiro, Brasil<br>Miguel \u00c1ngel Arias Ortega \u2013 Universidad Aut\u00f3noma de la Ciudad de M\u00e9xico (UACM), M\u00e9xico<br>Nuno Carvalho &#8211; Escola Superior de Educa\u00e7\u00e3o \/ IPC \/ CICS.NOVA \/ OIKOS, Portugal<br>Ofelia Agoglia \u2013 Universidad Nacional de Cuyo, Argentina<br>Olga Santos \u2013 LEIEA, CI&amp;DEI, ESECS, Polit\u00e9cnico de Leiria \/ OIKOS, Portugal<br>Pablo Meira \u2013 Universidade de Santiago de Compostela, Galiza<br>Regina Souza \u2013 Centro Universit\u00e1rio de Santa F\u00e9 do Sul, Brasil<br>Rog\u00e9rio Roque Amaro &#8211; ISCTE &#8211; Instituto Universit\u00e1rio de Lisboa, Portugal<br>Paulo Mafra \u2013 Escola Superior de Educa\u00e7\u00e3o &#8211; Instituto Polit\u00e9cnico de Bragan\u00e7a \/ N\u00facleo de Bragan\u00e7a da Aspea, Portugal<br>Paulo Ernesto Diaz Rocha \u2013 Comiss\u00e3o de Cultura Extens\u00e3o Universit\u00e1ria (CCEx), Instituto de Bioc\u00eancias, Universidade de S\u00e3o Paulo, Brasil<br>Pedro Morou\u00e7o &#8211; Polit\u00e9cnico de Leiria, Portugal<br>Sofia Bregano \u2013 Instituto Polit\u00e9cnico de Bragan\u00e7a, Portugal<br>Vilmar Alves Pereira \u2013 Universidade Internacional Iberoamericana, M\u00e9xico \/ Universidade Estadual do Mato Grosso, Brasil<br>Viriato Soromenho-Marques \u2013 Universidade de Lisboa, Portugal<\/p>\n\n\n\n<p><strong>Institui\u00e7\u00e3o organizadora<\/strong><br>Oikos \u2013 Associa\u00e7\u00e3o de Defesa do Ambiente e do Patrim\u00f3nio da Regi\u00e3o de Leiria<br>Escola Superior de Educa\u00e7\u00e3o e Ci\u00eancias Sociais &#8211; Polit\u00e9cnico de Leiria<\/p>\n","protected":false},"excerpt":{"rendered":"<p>Comiss\u00e3o Organizadora Carla GomesConcei\u00e7\u00e3o Cola\u00e7oEdgar LameirasJorge FigueiredoJ\u00falia RigueiraM\u00e1rio OliveiraManuela CarvalhoNuno CarvalhoOlga SantosRaquel DelgadoS\u00e9rgio Duarte Comiss\u00e3o Cient\u00edficaAlessandra Fernandes Bizerra \u2013 Instituto de Bioc\u00eancias, Universidade de S\u00e3o Paulo, BrasilAna \u00c1guas &#8211; Polit\u00e9cnico de Leiria, PortugalAraceli Serantes \u2013 Universidade da Corunha, GalizaAna Paula&hellip;  <\/p>\n<p class=\"more-link\"><a href=\"https:\/\/sites.ipleiria.pt\/6ciead\/organizacao\/\">Continue reading <span class=\"meta-nav\">&rarr;<\/span><\/a><\/p>\n","protected":false},"author":102,"featured_media":0,"parent":0,"menu_order":0,"comment_status":"closed","ping_status":"closed","template":"","meta":{"footnotes":""},"class_list":["post-10","page","type-page","status-publish","hentry"],"_links":{"self":[{"href":"https:\/\/sites.ipleiria.pt\/6ciead\/wp-json\/wp\/v2\/pages\/10","targetHints":{"allow":["GET"]}}],"collection":[{"href":"https:\/\/sites.ipleiria.pt\/6ciead\/wp-json\/wp\/v2\/pages"}],"about":[{"href":"https:\/\/sites.ipleiria.pt\/6ciead\/wp-json\/wp\/v2\/types\/page"}],"author":[{"embeddable":true,"href":"https:\/\/sites.ipleiria.pt\/6ciead\/wp-json\/wp\/v2\/users\/102"}],"replies":[{"embeddable":true,"href":"https:\/\/sites.ipleiria.pt\/6ciead\/wp-json\/wp\/v2\/comments?post=10"}],"version-history":[{"count":6,"href":"https:\/\/sites.ipleiria.pt\/6ciead\/wp-json\/wp\/v2\/pages\/10\/revisions"}],"predecessor-version":[{"id":871,"href":"https:\/\/sites.ipleiria.pt\/6ciead\/wp-json\/wp\/v2\/pages\/10\/revisions\/871"}],"wp:attachment":[{"href":"https:\/\/sites.ipleiria.pt\/6ciead\/wp-json\/wp\/v2\/media?parent=10"}],"curies":[{"name":"wp","href":"https:\/\/api.w.org\/{rel}","templated":true}]}}