{"id":18,"date":"2019-12-12T11:52:30","date_gmt":"2019-12-12T11:52:30","guid":{"rendered":"https:\/\/sites.ipleiria.pt\/4ciead\/?page_id=18"},"modified":"2024-09-12T14:25:32","modified_gmt":"2024-09-12T14:25:32","slug":"datas-importantes","status":"publish","type":"page","link":"https:\/\/sites.ipleiria.pt\/6ciead\/datas-importantes\/","title":{"rendered":"Datas Importantes"},"content":{"rendered":"\n<p><strong>.<\/strong> Limite para a submiss\u00e3o de resumos dos artigos e dos p\u00f3steres: \u00a0<strong>27 de outubro de 2024;<\/strong><br><strong>.<\/strong> Limite para a entrega dos artigos desenvolvidos e dos p\u00f3steres, para publica\u00e7\u00e3o:<strong> 15 de dezembro de 2024;<\/strong><br>. Edi\u00e7\u00e3o das atas do evento: <strong>final de mar\u00e7o de 2025 (a data de edi\u00e7\u00e3o ser\u00e1 mar\u00e7o de 2025)<\/strong><br><strong>.<\/strong> Notifica\u00e7\u00e3o dos autores: <strong>10 dias ap\u00f3s rece\u00e7\u00e3o dos resumos<\/strong>;<br><strong>.<\/strong> Inscri\u00e7\u00f5es no congresso: <strong>at\u00e9 31 de outubro de 2024<\/strong>;<br><strong>.<\/strong> Datas do congresso: <strong>13 a 16 de novembro de 2024<\/strong>.<\/p>\n","protected":false},"excerpt":{"rendered":"<p>. Limite para a submiss\u00e3o de resumos dos artigos e dos p\u00f3steres: \u00a027 de outubro de 2024;. Limite para a entrega dos artigos desenvolvidos e dos p\u00f3steres, para publica\u00e7\u00e3o: 15 de dezembro de 2024;. Edi\u00e7\u00e3o das atas do evento: final&hellip;  <\/p>\n<p class=\"more-link\"><a href=\"https:\/\/sites.ipleiria.pt\/6ciead\/datas-importantes\/\">Continue reading <span class=\"meta-nav\">&rarr;<\/span><\/a><\/p>\n","protected":false},"author":102,"featured_media":0,"parent":0,"menu_order":0,"comment_status":"closed","ping_status":"closed","template":"","meta":{"footnotes":""},"class_list":["post-18","page","type-page","status-publish","hentry"],"_links":{"self":[{"href":"https:\/\/sites.ipleiria.pt\/6ciead\/wp-json\/wp\/v2\/pages\/18","targetHints":{"allow":["GET"]}}],"collection":[{"href":"https:\/\/sites.ipleiria.pt\/6ciead\/wp-json\/wp\/v2\/pages"}],"about":[{"href":"https:\/\/sites.ipleiria.pt\/6ciead\/wp-json\/wp\/v2\/types\/page"}],"author":[{"embeddable":true,"href":"https:\/\/sites.ipleiria.pt\/6ciead\/wp-json\/wp\/v2\/users\/102"}],"replies":[{"embeddable":true,"href":"https:\/\/sites.ipleiria.pt\/6ciead\/wp-json\/wp\/v2\/comments?post=18"}],"version-history":[{"count":2,"href":"https:\/\/sites.ipleiria.pt\/6ciead\/wp-json\/wp\/v2\/pages\/18\/revisions"}],"predecessor-version":[{"id":886,"href":"https:\/\/sites.ipleiria.pt\/6ciead\/wp-json\/wp\/v2\/pages\/18\/revisions\/886"}],"wp:attachment":[{"href":"https:\/\/sites.ipleiria.pt\/6ciead\/wp-json\/wp\/v2\/media?parent=18"}],"curies":[{"name":"wp","href":"https:\/\/api.w.org\/{rel}","templated":true}]}}