{"id":22,"date":"2019-12-12T11:53:29","date_gmt":"2019-12-12T11:53:29","guid":{"rendered":"https:\/\/sites.ipleiria.pt\/4ciead\/?page_id=22"},"modified":"2024-09-17T13:22:33","modified_gmt":"2024-09-17T13:22:33","slug":"submissao-de-trabalhos","status":"publish","type":"page","link":"https:\/\/sites.ipleiria.pt\/6ciead\/submissao-de-trabalhos\/","title":{"rendered":"Submiss\u00e3o de Trabalhos"},"content":{"rendered":"\n<p>As sess\u00f5es paralelas de comunica\u00e7\u00e3o destinam-se \u00e0 apresenta\u00e7\u00e3o de experi\u00eancias educativas, projetos, trabalhos de investiga\u00e7\u00e3o, ferramentas e materiais dentro dos temas definidos para o VI CIEAD. As sess\u00f5es decorrer\u00e3o em paralelo, em salas previamente indicadas para o efeito. A organiza\u00e7\u00e3o do&nbsp;VI CIEAD&nbsp;convida professores, investigadores, estudantes e t\u00e9cnicos de institui\u00e7\u00f5es\/associa\u00e7\u00f5es a apresentar os seus trabalhos num dos seguintes formatos:<\/p>\n\n\n\n<p> &#8211;<\/p>\n\n\n\n<p><strong>Artigo&nbsp;<\/strong><br>A submiss\u00e3o do&nbsp;<strong>resumo<\/strong>&nbsp;do artigo dever\u00e1 ocorrer de acordo com o modelo pr\u00e9-definido, apresentado abaixo,&nbsp;<strong>n\u00e3o devendo ultrapassar os 1500 carateres, incluindo espa\u00e7os<\/strong>. O resumo deve conter refer\u00eancia ao tema, objetivos, metodologia utilizada e conclus\u00f5es.&nbsp;O resumo do artigo a submeter deve ser enviado para&nbsp;<strong>sexto.ciead@gmail.com<\/strong>&nbsp;at\u00e9 ao dia <strong>27 de outubro<\/strong>.<\/p>\n\n\n\n<p><strong>Link para modelo de resumo de artigo \u2013 (<a href=\"http:\/\/sites.ipleiria.pt\/6ciead\/files\/2024\/09\/1_Modelo_resumo_artigo_VI-CIEAD95-1.docx\">clique aqui &#8211;\u00a0Modelo para submiss\u00e3o de resumo<\/a>)<\/strong><br>A submiss\u00e3o do\u00a0<strong>artigo completo,<\/strong>\u00a0para publica\u00e7\u00e3o, dever\u00e1 ocorrer de acordo com o modelo pr\u00e9-definido apresentado abaixo,\u00a0<strong>n\u00e3o devendo ultrapassar 35 000 carateres, incluindo espa\u00e7os<\/strong>. Os trabalhos aceites pela organiza\u00e7\u00e3o, e apresentados pelos respetivos autores, ser\u00e3o publicados nas atas do evento, em suporte digital, para o qual foi solicitado o respetivo ISBN.\u00a0O artigo completo a publicar deve ser enviado para\u00a0\u00a0<a href=\"mailto:sexto.ciead@gmail.com\">sexto.ciead@gmail.com<\/a>\u00a0\u00a0at\u00e9 ao dia\u00a0<strong>15 de dezembro.<\/strong><\/p>\n\n\n\n<p><strong>Link para modelo de artigo completo \u2013 (<a href=\"http:\/\/sites.ipleiria.pt\/6ciead\/files\/2024\/08\/2_Modelo_artigo-completo_VI-CIEAD.docx\">clique aqui &#8211;&nbsp;Modelo para submiss\u00e3o de artigo completo<\/a>)<\/strong><br>Apresenta\u00e7\u00e3o oral (sess\u00f5es paralelas): 10 minutos<br>Equipamento dispon\u00edvel: PC, projetor, Internet wireless<\/p>\n\n\n\n<p>&#8211;<\/p>\n\n\n\n<p><strong>P\u00f3ster<\/strong><br>A submiss\u00e3o do&nbsp;<strong>resumo<\/strong>&nbsp;do p\u00f3ster dever\u00e1 ocorrer de acordo com o modelo pr\u00e9-definido, apresentado abaixo,&nbsp;<strong>n\u00e3o devendo ultrapassar os 1500 carateres, incluindo espa\u00e7os<\/strong>. O resumo deve conter refer\u00eancia ao tema, objetivos, metodologia utilizada e conclus\u00f5es.&nbsp;O resumo do p\u00f3ster a submeter deve ser enviado para&nbsp;<strong>sexto.ciead@gmail.com<\/strong>&nbsp;at\u00e9 ao dia <strong>27 de outubro<\/strong> de 2024.<\/p>\n\n\n\n<p><strong>Link para modelo de resumo de p\u00f3ster \u2013 (<a href=\"http:\/\/sites.ipleiria.pt\/6ciead\/files\/2024\/09\/3_Modelo_resumo_poster_VI-CIEAD44-1.docx\">clique aqui &#8211;\u00a0Modelo para submiss\u00e3o de resumo<\/a>)<\/strong><br>A\u00a0submiss\u00e3o do p\u00f3ster a apresentar \u00e9 feita de acordo com o modelo predefinido, apresentado abaixo. O p\u00f3ster dever\u00e1 ser estruturado em formato Power-Point,\u00a0<strong>num \u00fanico slide<\/strong>. O p\u00f3ster deve ser enviado para\u00a0<a href=\"mailto:sexto.ciead@gmail.com\"><strong>sexto.ciead@gmail.com<\/strong><\/a>\u00a0at\u00e9\u00a0ao dia\u00a0<strong>31 de outubro<\/strong>.<\/p>\n\n\n\n<p><strong>Link para modelo de p\u00f3ster \u2013 (<a href=\"http:\/\/sites.ipleiria.pt\/6ciead\/files\/2024\/08\/4_Modelo_poster_VI-CIEAD.pptx\">clique aqui &#8211;&nbsp;Modelo para submiss\u00e3o de p\u00f3ster<\/a>)<\/strong><br>Apresenta\u00e7\u00e3o de p\u00f3steres: 5 minutos<br>Equipamento dispon\u00edvel: PC, projetor, Internet wireless<\/p>\n\n\n\n<p> Os resumos dos artigos e dos p\u00f3steres apresentados ser\u00e3o alvo de aprecia\u00e7\u00e3o por parte da Comiss\u00e3o Cient\u00edfica do&nbsp;VI CIEAD, a qual dar\u00e1 conta aos respetivos autores da sua aceita\u00e7\u00e3o e\/ou das propostas de altera\u00e7\u00e3o sugeridas.&nbsp;<\/p>\n\n\n\n<p>_<\/p>\n\n\n\n<p><strong>A Comiss\u00e3o Cient\u00edfica deter-se-\u00e1 sobre:<\/strong><br>. a adequa\u00e7\u00e3o do trabalho aos temas propostos<br>. a qualidade cient\u00edfica do trabalho<br>. o cumprimento das normas de reda\u00e7\u00e3o<\/p>\n\n\n\n<p>Os resultados desta an\u00e1lise ser\u00e3o comunicados aos autores at\u00e9 10 dias ap\u00f3s a sua rece\u00e7\u00e3o.<\/p>\n\n\n\n<p><strong>IMPORTANTE<\/strong>:<br><strong>A apresenta\u00e7\u00e3o dos trabalhos aceites, e a sua publica\u00e7\u00e3o em ata, obriga \u00e0 inscri\u00e7\u00e3o no&nbsp;VI CIEAD. <\/strong><br><strong>At\u00e9 3 autores, \u00e9 obrigat\u00f3ria a inscri\u00e7\u00e3o de pelo menos um dos autores. <\/strong><br><strong>Quatro autores implica a inscri\u00e7\u00e3o de, pelo menos, 2 dos autores. <\/strong><br><strong>Caso o n\u00famero de autores seja superior a 4, implicar\u00e1 a inscri\u00e7\u00e3o de pelo menos 3 autores.<\/strong><br><strong>S\u00f3 ser\u00e3o emitidos certificados de apresenta\u00e7\u00e3o de comunica\u00e7\u00e3o aos autores inscritos no evento.<\/strong><br><strong>Cada autor apenas poder\u00e1 submeter at\u00e9 3 trabalhos individualmente<strong>,<\/strong> ou at\u00e9 5 em coautoria.<\/strong><\/p>\n","protected":false},"excerpt":{"rendered":"<p>As sess\u00f5es paralelas de comunica\u00e7\u00e3o destinam-se \u00e0 apresenta\u00e7\u00e3o de experi\u00eancias educativas, projetos, trabalhos de investiga\u00e7\u00e3o, ferramentas e materiais dentro dos temas definidos para o VI CIEAD. As sess\u00f5es decorrer\u00e3o em paralelo, em salas previamente indicadas para o efeito. A organiza\u00e7\u00e3o&hellip;  <\/p>\n<p class=\"more-link\"><a href=\"https:\/\/sites.ipleiria.pt\/6ciead\/submissao-de-trabalhos\/\">Continue reading <span class=\"meta-nav\">&rarr;<\/span><\/a><\/p>\n","protected":false},"author":102,"featured_media":0,"parent":0,"menu_order":0,"comment_status":"closed","ping_status":"closed","template":"","meta":{"footnotes":""},"class_list":["post-22","page","type-page","status-publish","hentry"],"_links":{"self":[{"href":"https:\/\/sites.ipleiria.pt\/6ciead\/wp-json\/wp\/v2\/pages\/22","targetHints":{"allow":["GET"]}}],"collection":[{"href":"https:\/\/sites.ipleiria.pt\/6ciead\/wp-json\/wp\/v2\/pages"}],"about":[{"href":"https:\/\/sites.ipleiria.pt\/6ciead\/wp-json\/wp\/v2\/types\/page"}],"author":[{"embeddable":true,"href":"https:\/\/sites.ipleiria.pt\/6ciead\/wp-json\/wp\/v2\/users\/102"}],"replies":[{"embeddable":true,"href":"https:\/\/sites.ipleiria.pt\/6ciead\/wp-json\/wp\/v2\/comments?post=22"}],"version-history":[{"count":11,"href":"https:\/\/sites.ipleiria.pt\/6ciead\/wp-json\/wp\/v2\/pages\/22\/revisions"}],"predecessor-version":[{"id":895,"href":"https:\/\/sites.ipleiria.pt\/6ciead\/wp-json\/wp\/v2\/pages\/22\/revisions\/895"}],"wp:attachment":[{"href":"https:\/\/sites.ipleiria.pt\/6ciead\/wp-json\/wp\/v2\/media?parent=22"}],"curies":[{"name":"wp","href":"https:\/\/api.w.org\/{rel}","templated":true}]}}