{"id":26,"date":"2019-12-12T11:54:14","date_gmt":"2019-12-12T11:54:14","guid":{"rendered":"https:\/\/sites.ipleiria.pt\/4ciead\/?page_id=26"},"modified":"2024-04-18T10:58:58","modified_gmt":"2024-04-18T10:58:58","slug":"inscricao","status":"publish","type":"page","link":"https:\/\/sites.ipleiria.pt\/6ciead\/inscricao\/","title":{"rendered":"Inscri\u00e7\u00e3o"},"content":{"rendered":"\n<div class=\"wp-block-group\"><div class=\"wp-block-group__inner-container is-layout-constrained wp-block-group-is-layout-constrained\">\n<figure class=\"wp-block-table is-style-stripes\"><table class=\"has-fixed-layout\"><tbody><tr><td><strong>Inscri\u00e7\u00e3o<\/strong><\/td><td><\/td><td><strong>At\u00e9<\/strong> <br><strong>31\u201310-2024<\/strong><\/td><td><strong>Entre<\/strong> <br><strong>01-11-2024 a 09-11-2024<\/strong><\/td><\/tr><tr><td>Participantes com apresenta\u00e7\u00e3o de comunica\u00e7\u00e3o<\/td><td><\/td><td><strong>50\u20ac<\/strong><\/td><td><strong>60\u20ac<\/strong><\/td><\/tr><tr><td>Participantes sem apresenta\u00e7\u00e3o de comunica\u00e7\u00e3o<\/td><td><\/td><td><strong>30\u20ac<\/strong><\/td><td><strong>40\u20ac<\/strong><\/td><\/tr><tr><td>Estudantes sem apresenta\u00e7\u00e3o de comunica\u00e7\u00e3o (necess\u00e1rio comprovativo) e s\u00f3cios da Oikos (com quotiza\u00e7\u00e3o em dia)<\/td><td><\/td><td><strong>20\u20ac<\/strong><\/td><td><strong>25\u20ac<\/strong><\/td><\/tr><\/tbody><\/table><\/figure>\n<\/div><\/div>\n\n\n\n<p><strong>Conta de destino para pagamentos<\/strong><br> <\/p>\n\n\n\n<p>Oikos \u2013 Associa\u00e7\u00e3o de Defesa do Ambiente e do Patrim\u00f3nio da Regi\u00e3o de Leiria<br><strong>Banco:<\/strong> Caixa Geral de Dep\u00f3sitos<br><strong>IBAN:<\/strong> PT50 0035 0393 0008 4935 9300 9<br><strong>C\u00f3digo SWIFT: <\/strong>CGDIPTPL<\/p>\n\n\n\n<p><strong>Procedimentos<\/strong><br><a href=\"https:\/\/docs.google.com\/forms\/d\/e\/1FAIpQLSd_BpO3AiYN7RkNquHnOCBJMEJfbHkxeOUxRbX6NJ1VqrcSbA\/viewform\">Formul\u00e1rio de Inscri\u00e7\u00e3o \u2013 Clique aqui para se inscrever<\/a><\/p>\n\n\n\n<p><strong>Termos e Condi\u00e7\u00f5es<\/strong><br>A taxa de inscri\u00e7\u00e3o inclui a assist\u00eancia \u00e0s atividades do congresso e acesso ao material informativo.<br>O cancelamento de inscri\u00e7\u00f5es ap\u00f3s 31 de outubro implicar\u00e1 a perda total dos montantes pagos.<\/p>\n","protected":false},"excerpt":{"rendered":"<p>Inscri\u00e7\u00e3o At\u00e9 31\u201310-2024 Entre 01-11-2024 a 09-11-2024 Participantes com apresenta\u00e7\u00e3o de comunica\u00e7\u00e3o 50\u20ac 60\u20ac Participantes sem apresenta\u00e7\u00e3o de comunica\u00e7\u00e3o 30\u20ac 40\u20ac Estudantes sem apresenta\u00e7\u00e3o de comunica\u00e7\u00e3o (necess\u00e1rio comprovativo) e s\u00f3cios da Oikos (com quotiza\u00e7\u00e3o em dia) 20\u20ac 25\u20ac Conta de&hellip;  <\/p>\n<p class=\"more-link\"><a href=\"https:\/\/sites.ipleiria.pt\/6ciead\/inscricao\/\">Continue reading <span class=\"meta-nav\">&rarr;<\/span><\/a><\/p>\n","protected":false},"author":102,"featured_media":0,"parent":0,"menu_order":0,"comment_status":"closed","ping_status":"closed","template":"","meta":{"footnotes":""},"class_list":["post-26","page","type-page","status-publish","hentry"],"_links":{"self":[{"href":"https:\/\/sites.ipleiria.pt\/6ciead\/wp-json\/wp\/v2\/pages\/26","targetHints":{"allow":["GET"]}}],"collection":[{"href":"https:\/\/sites.ipleiria.pt\/6ciead\/wp-json\/wp\/v2\/pages"}],"about":[{"href":"https:\/\/sites.ipleiria.pt\/6ciead\/wp-json\/wp\/v2\/types\/page"}],"author":[{"embeddable":true,"href":"https:\/\/sites.ipleiria.pt\/6ciead\/wp-json\/wp\/v2\/users\/102"}],"replies":[{"embeddable":true,"href":"https:\/\/sites.ipleiria.pt\/6ciead\/wp-json\/wp\/v2\/comments?post=26"}],"version-history":[{"count":9,"href":"https:\/\/sites.ipleiria.pt\/6ciead\/wp-json\/wp\/v2\/pages\/26\/revisions"}],"predecessor-version":[{"id":823,"href":"https:\/\/sites.ipleiria.pt\/6ciead\/wp-json\/wp\/v2\/pages\/26\/revisions\/823"}],"wp:attachment":[{"href":"https:\/\/sites.ipleiria.pt\/6ciead\/wp-json\/wp\/v2\/media?parent=26"}],"curies":[{"name":"wp","href":"https:\/\/api.w.org\/{rel}","templated":true}]}}