{"id":30,"date":"2019-12-12T11:54:59","date_gmt":"2019-12-12T11:54:59","guid":{"rendered":"https:\/\/sites.ipleiria.pt\/4ciead\/?page_id=30"},"modified":"2024-04-18T10:59:54","modified_gmt":"2024-04-18T10:59:54","slug":"contactos","status":"publish","type":"page","link":"https:\/\/sites.ipleiria.pt\/6ciead\/contactos\/","title":{"rendered":"Contactos"},"content":{"rendered":"\n<p><strong>Comiss\u00e3o Organizadora e Comiss\u00e3o Cient\u00edfica do VI CIEAD<\/strong><br>Email:&nbsp;<a href=\"mailto:sexto.ciead@gmail.com\">sexto.ciead@gmail.com<\/a><\/p>\n\n\n\n<p><strong>Secretariado<\/strong><br>Manuela Carvalho<br>Email:&nbsp;<a href=\"mailto:sexto.ciead@gmail.com\">sexto.ciead@gmail.com<\/a><br>Telefone: (+351) 962 813 594<\/p>\n\n\n\n<p><strong>Oikos<\/strong>&nbsp;\u2013 Associa\u00e7\u00e3o de Defesa do Ambiente e do Patrim\u00f3nio da Regi\u00e3o de Leiria<br>Rua de Tomar, n\u00ba6 (Ex-edific\u00edo da EDP) <br>Apartado 2840<br>2410 \u2013 184 Leiria<br>Tel: (+351) 962 813 594<br>E-mail:&nbsp;<a href=\"mailto:sexto.ciead@gmail.com\">sexto.ciead@gmail.com<\/a><\/p>\n\n\n\n<p><strong>Como chegar ao <\/strong><strong>VI CIEAD<\/strong><\/p>\n\n\n\n<iframe src=\"https:\/\/www.google.com\/maps\/embed?pb=!1m18!1m12!1m3!1d3067.9947805839274!2d-8.813946287865532!3d39.739768096443626!2m3!1f0!2f0!3f0!3m2!1i1024!2i768!4f13.1!3m3!1m2!1s0xd227368623fdacd%3A0xdec23e871edb415f!2sPolit%C3%A9cnico%20de%20Leiria%20%2F%20Escola%20Superior%20de%20Educa%C3%A7%C3%A3o%20e%20Ci%C3%AAncias%20Sociais%20(ESECS)!5e0!3m2!1spt-PT!2spt!4v1713437980027!5m2!1spt-PT!2spt\" width=\"600\" height=\"450\" style=\"border:0;\" allowfullscreen=\"\" loading=\"lazy\" referrerpolicy=\"no-referrer-when-downgrade\"><\/iframe>\n\n\n<\/p>\n\n\n<p>A cidade de Leiria possui liga\u00e7\u00f5es r\u00e1pidas e frequentes a Lisboa e Porto, atrav\u00e9s da Rede Nacional de Expressos (consulte&nbsp;<a href=\"http:\/\/www.rede-expressos.pt\/\">http:\/\/www.rede-expressos.pt\/<\/a>).<br>A Escola Superior de Educa\u00e7\u00e3o e Ci\u00eancias Sociais (ESECS), onde decorre o VI CIEAD, fica pr\u00f3xima da esta\u00e7\u00e3o da rodovi\u00e1ria (10 minutos a p\u00e9).<\/p>\n\n\n\n<p><strong>Alojamento<\/strong><br>Leiria possui uma diversificada gama de hot\u00e9is e hostels, localizados pr\u00f3ximo da ESECS \u2013 onde decorre o VI CIEAD \u2013 e do centro da cidade.<\/p>\n","protected":false},"excerpt":{"rendered":"<p>Comiss\u00e3o Organizadora e Comiss\u00e3o Cient\u00edfica do VI CIEADEmail:&nbsp;sexto.ciead@gmail.com SecretariadoManuela CarvalhoEmail:&nbsp;sexto.ciead@gmail.comTelefone: (+351) 962 813 594 Oikos&nbsp;\u2013 Associa\u00e7\u00e3o de Defesa do Ambiente e do Patrim\u00f3nio da Regi\u00e3o de LeiriaRua de Tomar, n\u00ba6 (Ex-edific\u00edo da EDP) Apartado 28402410 \u2013 184 LeiriaTel: (+351) 962&hellip;  <\/p>\n<p class=\"more-link\"><a href=\"https:\/\/sites.ipleiria.pt\/6ciead\/contactos\/\">Continue reading <span class=\"meta-nav\">&rarr;<\/span><\/a><\/p>\n","protected":false},"author":102,"featured_media":0,"parent":0,"menu_order":0,"comment_status":"closed","ping_status":"closed","template":"","meta":{"footnotes":""},"class_list":["post-30","page","type-page","status-publish","hentry"],"_links":{"self":[{"href":"https:\/\/sites.ipleiria.pt\/6ciead\/wp-json\/wp\/v2\/pages\/30","targetHints":{"allow":["GET"]}}],"collection":[{"href":"https:\/\/sites.ipleiria.pt\/6ciead\/wp-json\/wp\/v2\/pages"}],"about":[{"href":"https:\/\/sites.ipleiria.pt\/6ciead\/wp-json\/wp\/v2\/types\/page"}],"author":[{"embeddable":true,"href":"https:\/\/sites.ipleiria.pt\/6ciead\/wp-json\/wp\/v2\/users\/102"}],"replies":[{"embeddable":true,"href":"https:\/\/sites.ipleiria.pt\/6ciead\/wp-json\/wp\/v2\/comments?post=30"}],"version-history":[{"count":5,"href":"https:\/\/sites.ipleiria.pt\/6ciead\/wp-json\/wp\/v2\/pages\/30\/revisions"}],"predecessor-version":[{"id":824,"href":"https:\/\/sites.ipleiria.pt\/6ciead\/wp-json\/wp\/v2\/pages\/30\/revisions\/824"}],"wp:attachment":[{"href":"https:\/\/sites.ipleiria.pt\/6ciead\/wp-json\/wp\/v2\/media?parent=30"}],"curies":[{"name":"wp","href":"https:\/\/api.w.org\/{rel}","templated":true}]}}