{"id":330,"date":"2019-12-09T14:37:56","date_gmt":"2019-12-09T14:37:56","guid":{"rendered":"http:\/\/4ciead.sites.ipleiria.pt\/?page_id=2"},"modified":"2024-08-30T15:16:31","modified_gmt":"2024-08-30T15:16:31","slug":"apresentacao","status":"publish","type":"page","link":"https:\/\/sites.ipleiria.pt\/6ciead\/","title":{"rendered":"Apresenta\u00e7\u00e3o"},"content":{"rendered":"\n<p>As sociedades contempor\u00e2neas, os modelos de desenvolvimento em curso e os problemas deles resultantes, com particular destaque para os desastres ambientais, potenciados pelas altera\u00e7\u00f5es clim\u00e1ticas, justificam reflex\u00e3o aprofundada face ao des\u00edgnio de uma sustentabilidade almejada. \u00c9 neste contexto que o VI Congresso Internacional \u201cEduca\u00e7\u00e3o, Ambiente e Desenvolvimento\u201d (VI CIEAD) pretende alcan\u00e7ar os seguintes objetivos:<br>\u2022 Fomentar a discuss\u00e3o e divulga\u00e7\u00e3o de metodologias utilizadas, bem como estudos cient\u00edficos relacionados com os temas propostos;<br>\u2022 Apresentar e refletir sobre pr\u00e1ticas consideradas relevantes na perspetiva da sustentabilidade das sociedades contempor\u00e2neas, na preven\u00e7\u00e3o e minimiza\u00e7\u00e3o de desastres ambientais;<br>\u2022 Promover a coopera\u00e7\u00e3o entre entidades p\u00fablicas e privadas na defini\u00e7\u00e3o de novos modelos de desenvolvimento;<br>\u2022 Sensibilizar e incentivar todos os agentes (poderes central, regional e local, agentes econ\u00f3micos, ONG, docentes, discentes e popula\u00e7\u00e3o em geral) para as tem\u00e1ticas em an\u00e1lise e sua relev\u00e2ncia estrat\u00e9gica, econ\u00f3mica, social e ambiental;<br>\u2022 Estimular a cria\u00e7\u00e3o de parcerias interinstitucionais nos dom\u00ednios educativo e ambiental;<br>\u2022 Envolver a comunidade em a\u00e7\u00f5es de voluntariado ambiental, principalmente o voluntariado jovem.<\/p>\n\n\n\n<p><br><strong>Participantes<\/strong><br>Professores, investigadores, estudantes dos diferentes n\u00edveis de ensino, t\u00e9cnicos de institui\u00e7\u00f5es\/associa\u00e7\u00f5es e p\u00fablico em geral<\/p>\n\n\n\n<p><strong>Tema da Confer\u00eancia<\/strong><br>Educa\u00e7\u00e3o, Ambiente e Desenvolvimento<\/p>\n\n\n\n<p><strong>Subtemas<\/strong><br>Educa\u00e7\u00e3o Ambiental&nbsp;<br>Desenvolvimento e sustentabilidade&nbsp;<br>Emerg\u00eancia clim\u00e1tica e adapta\u00e7\u00e3o<br>Recursos h\u00eddricos e litoral<br>Ecossistemas terrestres e aqu\u00e1ticos&nbsp;<br>Patrim\u00f3nio(s) e Identidade(s)&nbsp;<\/p>\n\n\n\n<p><strong>L\u00ednguas de trabalho<\/strong><br>Portugu\u00eas e castelhano<\/p>\n\n\n\n<p><strong>Forma\u00e7\u00e3o acreditada de professores<\/strong><\/p>\n\n\n\n<p>O VI CIEAD encontra-se acreditado pelo CCPFC como curso forma\u00e7\u00e3o (25 horas) para professores de todos os grupos de recrutamento, relevando no \u00e2mbito da dimens\u00e3o cient\u00edfica e pedag\u00f3gica somente para os grupos de recrutamento 230, 420, 520 e 560.\u00a0 <br>A forma\u00e7\u00e3o ser\u00e1 assegurada atrav\u00e9s do Centro de Forma\u00e7\u00e3o da Rede de Coopera\u00e7\u00e3o e Aprendizagem de Leiria.<\/p>\n\n\n\n<p><strong>Esta forma\u00e7\u00e3o apenas \u00e9 v\u00e1lida para professores e educadores pertencentes ao sistema de ensino portugu\u00eas<\/strong>.<\/p>\n\n\n\n<p>Para se inscrever na forma\u00e7\u00e3o \u00e9 necess\u00e1rio efetuar a inscri\u00e7\u00e3o no VI CIEAD e, posteriormente, junto do Centro de Forma\u00e7\u00e3o da Rede de Coopera\u00e7\u00e3o e Aprendizagem de Leiria.<\/p>\n\n\n\n<p><strong>Descarregue aqui o cartaz do VI CIEAD<\/strong><\/p>\n\n\n\n<p><a href=\"http:\/\/sites.ipleiria.pt\/6ciead\/files\/2024\/06\/MT_VI_CIEAD_2024.png\" data-type=\"link\" data-id=\"http:\/\/sites.ipleiria.pt\/6ciead\/files\/2024\/06\/MT_VI_CIEAD_2024.png\">PNG<\/a><a href=\"http:\/\/sites.ipleiria.pt\/6ciead\/files\/2024\/06\/MT_VI_CIEAD_2024.png\"> <\/a>| <a href=\"http:\/\/sites.ipleiria.pt\/6ciead\/files\/2024\/06\/Cartaz.pdf\" data-type=\"link\" data-id=\"http:\/\/sites.ipleiria.pt\/6ciead\/files\/2024\/06\/Cartaz.pdf\">PDF<\/a><\/p>\n","protected":false},"excerpt":{"rendered":"<p>As sociedades contempor\u00e2neas, os modelos de desenvolvimento em curso e os problemas deles resultantes, com particular destaque para os desastres ambientais, potenciados pelas altera\u00e7\u00f5es clim\u00e1ticas, justificam reflex\u00e3o aprofundada face ao des\u00edgnio de uma sustentabilidade almejada. \u00c9 neste contexto que o&hellip;  <\/p>\n<p class=\"more-link\"><a href=\"https:\/\/sites.ipleiria.pt\/6ciead\/\">Continue reading <span class=\"meta-nav\">&rarr;<\/span><\/a><\/p>\n","protected":false},"author":102,"featured_media":0,"parent":0,"menu_order":0,"comment_status":"closed","ping_status":"closed","template":"","meta":{"footnotes":""},"class_list":["post-330","page","type-page","status-publish","hentry"],"_links":{"self":[{"href":"https:\/\/sites.ipleiria.pt\/6ciead\/wp-json\/wp\/v2\/pages\/330","targetHints":{"allow":["GET"]}}],"collection":[{"href":"https:\/\/sites.ipleiria.pt\/6ciead\/wp-json\/wp\/v2\/pages"}],"about":[{"href":"https:\/\/sites.ipleiria.pt\/6ciead\/wp-json\/wp\/v2\/types\/page"}],"author":[{"embeddable":true,"href":"https:\/\/sites.ipleiria.pt\/6ciead\/wp-json\/wp\/v2\/users\/102"}],"replies":[{"embeddable":true,"href":"https:\/\/sites.ipleiria.pt\/6ciead\/wp-json\/wp\/v2\/comments?post=330"}],"version-history":[{"count":16,"href":"https:\/\/sites.ipleiria.pt\/6ciead\/wp-json\/wp\/v2\/pages\/330\/revisions"}],"predecessor-version":[{"id":884,"href":"https:\/\/sites.ipleiria.pt\/6ciead\/wp-json\/wp\/v2\/pages\/330\/revisions\/884"}],"wp:attachment":[{"href":"https:\/\/sites.ipleiria.pt\/6ciead\/wp-json\/wp\/v2\/media?parent=330"}],"curies":[{"name":"wp","href":"https:\/\/api.w.org\/{rel}","templated":true}]}}