{"id":900,"date":"2024-10-07T14:10:02","date_gmt":"2024-10-07T14:10:02","guid":{"rendered":"https:\/\/sites.ipleiria.pt\/6ciead\/?page_id=900"},"modified":"2024-10-08T13:36:58","modified_gmt":"2024-10-08T13:36:58","slug":"v-minicurso","status":"publish","type":"page","link":"https:\/\/sites.ipleiria.pt\/6ciead\/v-minicurso\/","title":{"rendered":"V Minicurso"},"content":{"rendered":"\n<p><strong>V MINICURSO T\u00c9CNICO &#8211; \u201c<\/strong>AS AC\u00c1CIAS E OS DESAFIOS DO SEU CONTROLO<strong>\u201d<\/strong>&nbsp;(presencial e online)&nbsp;<\/p>\n\n\n\n<figure class=\"wp-block-image size-full\"><img loading=\"lazy\" decoding=\"async\" width=\"720\" height=\"960\" src=\"http:\/\/sites.ipleiria.pt\/6ciead\/files\/2024\/10\/Diapositivo1-1.png\" alt=\"\" class=\"wp-image-906\" srcset=\"https:\/\/sites.ipleiria.pt\/6ciead\/files\/2024\/10\/Diapositivo1-1.png 720w, https:\/\/sites.ipleiria.pt\/6ciead\/files\/2024\/10\/Diapositivo1-1-225x300.png 225w\" sizes=\"auto, (max-width: 720px) 100vw, 720px\" \/><\/figure>\n\n\n\n<p><strong>Inscri\u00e7\u00f5es:  <a href=\"https:\/\/docs.google.com\/forms\/d\/e\/1FAIpQLSdHXwziseCHgNIRVydHN9qQmoOWx-eDcfoxWofaYCY2kOPkaQ\/viewform\">Clique aqui<\/a><\/strong><\/p>\n\n\n\n<p>Os impactes decorrentes da prolifera\u00e7\u00e3o das esp\u00e9cies invasoras s\u00e3o dos desafios mais relevantes que se colocam \u00e0s modernas sociedades, em Portugal e \u00e0 escala planet\u00e1ria.&nbsp;<\/p>\n\n\n\n<p>O V Minicurso T\u00e9cnico \u201cAS AC\u00c1CIAS E OS DESAFIOS DO SEU CONTROLO\u201d \u00e9 um evento aberto \u00e0 participa\u00e7\u00e3o da comunidade em geral, ainda que particularmente destinado a t\u00e9cnicos aut\u00e1rquicos e de outras institui\u00e7\u00f5es com atividade diretamente relacionada com o conhecimento, divulga\u00e7\u00e3o e controlo de esp\u00e9cies invasoras, contexto em que as diferentes esp\u00e9cies de ac\u00e1cia se salientam. Naturalmente, sendo o minicurso aberto \u00e0 participa\u00e7\u00e3o da comunidade, pretende-se que o mesmo proporcione a todos os participantes um conjunto de conhecimentos t\u00e9cnicos e cient\u00edficos de base que lhes permita exercer uma cidadania ambientalmente mais consciente e ecologicamente mais sustent\u00e1vel.<\/p>\n\n\n\n<p>O minicurso decorrer\u00e1 presencialmente, embora os trabalhos a desenvolver no per\u00edodo da manh\u00e3 &#8211; interven\u00e7\u00f5es te\u00f3ricas e te\u00f3rico-pr\u00e1ticas &#8211; tamb\u00e9m sejam transmitidos online. No per\u00edodo da tarde realizar-se-\u00e1 uma sa\u00edda de campo na regi\u00e3o entre Marinha Grande e S\u00e3o Pedro de Moel, facto que inviabiliza a sua transmiss\u00e3o online.<\/p>\n\n\n\n<p><strong>A participa\u00e7\u00e3o no minicurso \u00e9 livre, mas de inscri\u00e7\u00e3o obrigat\u00f3ria.<\/strong><\/p>\n","protected":false},"excerpt":{"rendered":"<p>V MINICURSO T\u00c9CNICO &#8211; \u201cAS AC\u00c1CIAS E OS DESAFIOS DO SEU CONTROLO\u201d&nbsp;(presencial e online)&nbsp; Inscri\u00e7\u00f5es: Clique aqui Os impactes decorrentes da prolifera\u00e7\u00e3o das esp\u00e9cies invasoras s\u00e3o dos desafios mais relevantes que se colocam \u00e0s modernas sociedades, em Portugal e \u00e0&hellip;  <\/p>\n<p class=\"more-link\"><a href=\"https:\/\/sites.ipleiria.pt\/6ciead\/v-minicurso\/\">Continue reading <span class=\"meta-nav\">&rarr;<\/span><\/a><\/p>\n","protected":false},"author":102,"featured_media":0,"parent":0,"menu_order":0,"comment_status":"closed","ping_status":"closed","template":"","meta":{"footnotes":""},"class_list":["post-900","page","type-page","status-publish","hentry"],"_links":{"self":[{"href":"https:\/\/sites.ipleiria.pt\/6ciead\/wp-json\/wp\/v2\/pages\/900","targetHints":{"allow":["GET"]}}],"collection":[{"href":"https:\/\/sites.ipleiria.pt\/6ciead\/wp-json\/wp\/v2\/pages"}],"about":[{"href":"https:\/\/sites.ipleiria.pt\/6ciead\/wp-json\/wp\/v2\/types\/page"}],"author":[{"embeddable":true,"href":"https:\/\/sites.ipleiria.pt\/6ciead\/wp-json\/wp\/v2\/users\/102"}],"replies":[{"embeddable":true,"href":"https:\/\/sites.ipleiria.pt\/6ciead\/wp-json\/wp\/v2\/comments?post=900"}],"version-history":[{"count":3,"href":"https:\/\/sites.ipleiria.pt\/6ciead\/wp-json\/wp\/v2\/pages\/900\/revisions"}],"predecessor-version":[{"id":907,"href":"https:\/\/sites.ipleiria.pt\/6ciead\/wp-json\/wp\/v2\/pages\/900\/revisions\/907"}],"wp:attachment":[{"href":"https:\/\/sites.ipleiria.pt\/6ciead\/wp-json\/wp\/v2\/media?parent=900"}],"curies":[{"name":"wp","href":"https:\/\/api.w.org\/{rel}","templated":true}]}}