{"id":17,"date":"2017-03-15T17:30:53","date_gmt":"2017-03-15T17:30:53","guid":{"rendered":"http:\/\/sites.ipleiria.pt\/6jornadaseconomiasocial\/?page_id=17"},"modified":"2017-03-17T11:01:58","modified_gmt":"2017-03-17T11:01:58","slug":"inscricoes","status":"publish","type":"page","link":"https:\/\/sites.ipleiria.pt\/6jornadaseconomiasocial\/inscricoes\/","title":{"rendered":"Inscri\u00e7\u00f5es"},"content":{"rendered":"<p><em>As inscri\u00e7\u00f5es s\u00e3o gratuitas e devem ser realizadas at\u00e9 ao dia 31 de mar\u00e7o<\/em><strong><\/p>\n<p><iframe loading=\"lazy\" src=\"https:\/\/docs.google.com\/forms\/d\/e\/1FAIpQLScmxo27vgvjySitx993gnCD5OnW1RLiCLNJQpmPojJcTCljEw\/viewform?embedded=true\" width=\"760\" height=\"1250\" frameborder=\"0\" marginheight=\"0\" marginwidth=\"0\">Loading&#8230;<\/iframe><\/p>\n","protected":false},"excerpt":{"rendered":"<p>As inscri\u00e7\u00f5es s\u00e3o gratuitas e devem ser realizadas at\u00e9 ao dia 31 de mar\u00e7o Loading&#8230;<\/p>\n","protected":false},"author":102,"featured_media":0,"parent":0,"menu_order":2,"comment_status":"closed","ping_status":"closed","template":"","meta":{"footnotes":""},"class_list":["post-17","page","type-page","status-publish","hentry"],"_links":{"self":[{"href":"https:\/\/sites.ipleiria.pt\/6jornadaseconomiasocial\/wp-json\/wp\/v2\/pages\/17","targetHints":{"allow":["GET"]}}],"collection":[{"href":"https:\/\/sites.ipleiria.pt\/6jornadaseconomiasocial\/wp-json\/wp\/v2\/pages"}],"about":[{"href":"https:\/\/sites.ipleiria.pt\/6jornadaseconomiasocial\/wp-json\/wp\/v2\/types\/page"}],"author":[{"embeddable":true,"href":"https:\/\/sites.ipleiria.pt\/6jornadaseconomiasocial\/wp-json\/wp\/v2\/users\/102"}],"replies":[{"embeddable":true,"href":"https:\/\/sites.ipleiria.pt\/6jornadaseconomiasocial\/wp-json\/wp\/v2\/comments?post=17"}],"version-history":[{"count":10,"href":"https:\/\/sites.ipleiria.pt\/6jornadaseconomiasocial\/wp-json\/wp\/v2\/pages\/17\/revisions"}],"predecessor-version":[{"id":74,"href":"https:\/\/sites.ipleiria.pt\/6jornadaseconomiasocial\/wp-json\/wp\/v2\/pages\/17\/revisions\/74"}],"wp:attachment":[{"href":"https:\/\/sites.ipleiria.pt\/6jornadaseconomiasocial\/wp-json\/wp\/v2\/media?parent=17"}],"curies":[{"name":"wp","href":"https:\/\/api.w.org\/{rel}","templated":true}]}}