{"id":2,"date":"2017-03-15T17:05:49","date_gmt":"2017-03-15T17:05:49","guid":{"rendered":"http:\/\/6jornadaseconomiasocial.sites.ipleiria.pt\/?page_id=2"},"modified":"2017-03-30T14:36:51","modified_gmt":"2017-03-30T14:36:51","slug":"pagina-exemplo","status":"publish","type":"page","link":"https:\/\/sites.ipleiria.pt\/6jornadaseconomiasocial\/pagina-exemplo\/","title":{"rendered":"Programa"},"content":{"rendered":"<p><strong>09h00 |<\/strong> Acolhimento dos\/as participantes<\/p>\n<p><strong>09h30 |<\/strong> <em><strong>Sess\u00e3o de boas-vindas<\/strong><\/em><br \/>\n<em>Pe. Jardim Moreira<\/em>, Presidente da EAPN \u2013 Rede Europeia Anti-Pobreza \/Portugal<br \/>\n<em>Ana Valentim<\/em>, Vereadora do Desenvolvimento Social da C\u00e2mara Municipal de Leiria<br \/>\n<em>Maria do C\u00e9u Mendes<\/em>, Diretora do Centro Distrital de Leiria do ISS, I.P.<\/p>\n<p><strong>10h00 | <em>Painel I: Financiamento de projetos sociais: a voz das entidades financiadoras<\/em> <\/strong><br \/>\n<u>Pr\u00e9mios BPI<\/u>\u00a0&#8211; <em>Maria Rita Byrne<\/em>, respons\u00e1vel pela coordena\u00e7\u00e3o e gest\u00e3o dos pr\u00e9mios BPI<br \/>\n<u>ACM<\/u> &#8211; <em>Lu\u00edsa Malh\u00f3<\/em>, Diretora do Programa Escolhas<br \/>\n<u>LIDL<\/u> &#8211; <em>Filipa Rodrigues<\/em>, Corporate Social Responsibility Manager<br \/>\n<u>Funda\u00e7\u00e3o Manuel Ant\u00f3nio da Mota<\/u> &#8211; <em>In\u00eas Mota<\/em>, Vogal do Conselho de Administra\u00e7\u00e3o e da Comiss\u00e3o Executiva da Funda\u00e7\u00e3o Manuel Ant\u00f3nio da Mota<br \/>\n<u>Moderador:<\/u><em> Rui Santos<\/em>, Professor da ESECS &#8211; IPL<\/p>\n<p><strong>11h00 |<\/strong> Pausa para caf\u00e9<\/p>\n<p><strong>12h00 |<\/strong> Debate<\/p>\n<p><strong>12h30 |<\/strong> Almo\u00e7o livre<\/p>\n<p><strong>14h30 |<\/strong> Apresenta\u00e7\u00e3o da pe\u00e7a de teatro no \u00e2mbito da Campanha Despir os preconceitos, vestir a inclus\u00e3o, pelo Conselho Local dos Cidad\u00e3os do N\u00facleo Distrital de Leiria da EAPN Portugal<\/p>\n<p><strong>15h00 |<\/strong> Pausa para caf\u00e9<\/p>\n<p><strong>15h15 |<\/strong> <em><strong>Painel II: Financiamento de projetos sociais: A voz das entidades apoiadas<\/strong> <\/em><br \/>\n<u>Projeto Matriz E6G<\/u> &#8211; <em>Virg\u00ednia Baptista<\/em>, Coordenadora do projeto<br \/>\n<u>Habitat for Humanity International<\/u> \u2013 Delega\u00e7\u00e3o em Portugal &#8211; <em>Helena Pina Vaz<\/em>, Presidente da Dire\u00e7\u00e3o<br \/>\nProjetos promovidos pelo CEERDL &#8211; Centro de Educa\u00e7\u00e3o Especial Rainha D. Leonor &#8211; <em>Maria Jo\u00e3o Domingos<\/em>, Presidente da Dire\u00e7\u00e3o<br \/>\nProjeto\u00a0promovido pela ACAPO &#8211; <em>Tom\u00e9 Coelho<\/em>, Presidente da Dire\u00e7\u00e3o Nacional<br \/>\n<u>Moderadora:<\/u> <em>Carolina Cravo<\/em>, Coordenadora do Projeto Redes na Quint@ E6G<\/p>\n<p><strong>16h35 |<\/strong> Debate<\/p>\n<p><strong>17h00 |<\/strong> <em><strong>Painel III: Dois pesos e uma medida: uma perspetiva cr\u00edtica<\/strong><\/em><br \/>\n<em>Paulo Teixeira, <\/em>Avaliador, consultor e formador e s\u00f3cio-gerente da Logframe &#8211; Consultoria e forma\u00e7\u00e3o, Lda.<br \/>\n<u>Moderadora:<\/u> <em>Sara M\u00f3nico Lopes,\u00a0<\/em>Professora na ESECS &#8211; IPL<\/p>\n<p><strong>17h30 |<\/strong> Encerramento<\/p>\n","protected":false},"excerpt":{"rendered":"<p>09h00 | Acolhimento dos\/as participantes 09h30 | Sess\u00e3o de boas-vindas Pe. Jardim Moreira, Presidente da EAPN \u2013 Rede Europeia Anti-Pobreza \/Portugal Ana Valentim, Vereadora do Desenvolvimento Social da C\u00e2mara Municipal de Leiria Maria do C\u00e9u Mendes, Diretora do Centro Distrital de Leiria do ISS, I.P. 10h00 | Painel I: Financiamento de projetos sociais: a voz &hellip; <a href=\"https:\/\/sites.ipleiria.pt\/6jornadaseconomiasocial\/pagina-exemplo\/\" class=\"more-link\">Continuar a ler <span class=\"screen-reader-text\">Programa<\/span> <span class=\"meta-nav\">&rarr;<\/span><\/a><\/p>\n","protected":false},"author":102,"featured_media":0,"parent":0,"menu_order":1,"comment_status":"closed","ping_status":"open","template":"","meta":{"footnotes":""},"class_list":["post-2","page","type-page","status-publish","hentry"],"_links":{"self":[{"href":"https:\/\/sites.ipleiria.pt\/6jornadaseconomiasocial\/wp-json\/wp\/v2\/pages\/2","targetHints":{"allow":["GET"]}}],"collection":[{"href":"https:\/\/sites.ipleiria.pt\/6jornadaseconomiasocial\/wp-json\/wp\/v2\/pages"}],"about":[{"href":"https:\/\/sites.ipleiria.pt\/6jornadaseconomiasocial\/wp-json\/wp\/v2\/types\/page"}],"author":[{"embeddable":true,"href":"https:\/\/sites.ipleiria.pt\/6jornadaseconomiasocial\/wp-json\/wp\/v2\/users\/102"}],"replies":[{"embeddable":true,"href":"https:\/\/sites.ipleiria.pt\/6jornadaseconomiasocial\/wp-json\/wp\/v2\/comments?post=2"}],"version-history":[{"count":28,"href":"https:\/\/sites.ipleiria.pt\/6jornadaseconomiasocial\/wp-json\/wp\/v2\/pages\/2\/revisions"}],"predecessor-version":[{"id":138,"href":"https:\/\/sites.ipleiria.pt\/6jornadaseconomiasocial\/wp-json\/wp\/v2\/pages\/2\/revisions\/138"}],"wp:attachment":[{"href":"https:\/\/sites.ipleiria.pt\/6jornadaseconomiasocial\/wp-json\/wp\/v2\/media?parent=2"}],"curies":[{"name":"wp","href":"https:\/\/api.w.org\/{rel}","templated":true}]}}