{"id":21,"date":"2017-03-15T17:31:45","date_gmt":"2017-03-15T17:31:45","guid":{"rendered":"http:\/\/sites.ipleiria.pt\/6jornadaseconomiasocial\/?page_id=21"},"modified":"2017-03-17T09:49:19","modified_gmt":"2017-03-17T09:49:19","slug":"organizadores","status":"publish","type":"page","link":"https:\/\/sites.ipleiria.pt\/6jornadaseconomiasocial\/organizadores\/","title":{"rendered":"Organizadores"},"content":{"rendered":"<table style=\"width: 800px\">\n<tbody>\n<tr valign=\"top\">\n<td valign=\"top\" width=\"50px;\"><img loading=\"lazy\" decoding=\"async\" class=\"alignnone size-full wp-image-285\" src=\"http:\/\/sites.ipleiria.pt\/4jornadasdaeconomiasocial\/files\/2013\/10\/foto_adesba.jpg\" alt=\"foto_adesba\" width=\"100\" height=\"100\" \/><\/td>\n<td width=\"700px;\"><strong>ADESBA &#8211; Associa\u00e7\u00e3o de Desenvolvimento e Bem Estar Social da Freguesia da Barreira<\/strong><br \/>\nRua Sant\u00edssimo Salvador, 1130 &#8211; Barreira<br \/>\n2410-023 Leiria<br \/>\n<em>Telefone:<\/em> 244 829 192<br \/>\n<em>Fax:<\/em> 244 829 193<br \/>\n<em>E-mail:<\/em> geral@adesba.pt<br \/>\n<em>Site:<\/em> <a href=\"http:\/\/www.adesba.pt\">www.adesba.pt<\/a><\/td>\n<\/tr>\n<tr valign=\"top\">\n<td valign=\"top\" width=\"50px;\"><img loading=\"lazy\" decoding=\"async\" class=\"alignnone size-full wp-image-288\" src=\"http:\/\/sites.ipleiria.pt\/4jornadasdaeconomiasocial\/files\/2013\/10\/foto_apepi.jpg\" alt=\"foto_apepi\" width=\"100\" height=\"100\" \/><\/td>\n<td width=\"700px;\"><strong>APEPI \/ Associa\u00e7\u00e3o de Pais e Educadores para a Inf\u00e2ncia<\/strong><br \/>\nLargo do Arnado<br \/>\n3100-548 Pombal<br \/>\n<em>Telefone:<\/em> 236 213 268<br \/>\n<em>Fax:<\/em> 236 211 373<br \/>\n<em>E-mail:<\/em> <a href=\"mailto:apepi-ipss@iol.pt\">apepi-ipss@iol.pt<\/a><\/td>\n<\/tr>\n<tr valign=\"top\">\n<td valign=\"top\" width=\"50px;\"><img loading=\"lazy\" decoding=\"async\" class=\"alignnone size-full wp-image-295\" src=\"http:\/\/sites.ipleiria.pt\/5jornadaseconomiasocial\/files\/2015\/08\/foto_cafap.jpg\" alt=\"logo adsfan\" width=\"100\" height=\"100\" \/><\/td>\n<td width=\"700px;\"><strong>Associa\u00e7\u00e3o de OTL do SOM\/IPSS<\/strong><br \/>\nApartado 80,<br \/>\n2431-901 Marinha Grande<br \/>\n<em>Telefone:<\/em> 244 094 410 | <em>Telem\u00f3vel:<\/em> 910 017 709<br \/>\n<em>E-mail:<\/em> <a href=\"mailto:cafapmg@gmail.com\">cafapmg@gmail.com<\/a><br \/>\n<em>Facebook:<\/em> <a href=\"http:\/\/www.facebook.com\/pages\/CAFAP-da-Marinha-Grande\">www.facebook.com\/pages\/CAFAP-da-Marinha-Grande<\/a><\/td>\n<\/tr>\n<tr valign=\"top\">\n<td valign=\"top\" width=\"50px;\"><img loading=\"lazy\" decoding=\"async\" class=\"alignnone size-full wp-image-319\" src=\"http:\/\/sites.ipleiria.pt\/6jornadaseconomiasocial\/files\/2017\/03\/Logo-EAPN.png\" alt=\"foto_eapn\" width=\"100\" height=\"100\" \/><\/td>\n<td width=\"700px;\"><strong>EAPN \u2013 Rede Europeia Anti-Pobreza\/Portugal<\/strong><br \/>\nN\u00facleo Distrital de Leiria<br \/>\nRua Miguel Franco, lote 8, n.\u00ba 102, Loja 1 e 2<br \/>\n2400-191 Leiria<br \/>\n<em>Telefone:<\/em> 244 837 228<br \/>\n<em>Fax:<\/em> 244 837 229<br \/>\n<em>E-mail:<\/em> <a href=\"mailto:leiria@eapn.pt\">leiria@eapn.pt<\/a><br \/>\n<em>Site:<\/em> <a href=\"http:\/\/www.eapn.pt\">www.eapn.pt<\/a><\/td>\n<\/tr>\n<tr valign=\"top\">\n<td valign=\"top\" width=\"50px;\"><img loading=\"lazy\" decoding=\"async\" class=\"alignnone size-full wp-image-299\" src=\"http:\/\/sites.ipleiria.pt\/4jornadasdaeconomiasocial\/files\/2013\/10\/foto_pulsar.jpg\" alt=\"foto_pulsar\" width=\"100\" height=\"100\" \/><\/td>\n<td width=\"700px;\"><strong>InPulsar &#8211; Associa\u00e7\u00e3o para o Desenvolvimento Comunit\u00e1rio<\/strong><br \/>\nRua Lu\u00eds Silveira Charters de Azevedo n. 3, 2\u00ba andar,<br \/>\n2410-022 Leiria<br \/>\n<em>Telefone:<\/em> 244 028 052<br \/>\n<em>Telem\u00f3vel:<\/em> 910 829 160<br \/>\n<em>E-mail:<\/em> <a href=\"mailto:geral@inpulsar.pt\">geral@inpulsar.pt<\/a><br \/>\n<em>Site:<\/em> <a href=\"http:\/\/www.inpulsar.pt\">www.inpulsar.pt<\/a><\/td>\n<\/tr>\n<tr valign=\"top\">\n<td valign=\"top\" width=\"50px;\"><img loading=\"lazy\" decoding=\"async\" class=\"alignnone size-full wp-image-301\" src=\"http:\/\/sites.ipleiria.pt\/4jornadasdaeconomiasocial\/files\/2013\/10\/foto_lis.jpg\" alt=\"foto_lis\" width=\"100\" height=\"100\" \/><\/td>\n<td width=\"700px;\"><strong>Liga Social e Cultural Campos do Lis<\/strong><br \/>\nRua Professor Jos\u00e9 Pires da Fonseca, n.\u00ba 5<br \/>\nG\u00e2ndara dos Olivais<br \/>\n2415-335 Leiria<br \/>\n<em>Telefone:<\/em> 244 838 440<br \/>\n<em>Fax:<\/em> 244 838 442<br \/>\n<em>E-mail:<\/em> <a href=\"mailto:geral@ligacamposdolis.com\">geral@ligacamposdolis.com<\/a><\/td>\n<\/tr>\n<tr valign=\"top\">\n<td valign=\"top\" width=\"50px;\"><img loading=\"lazy\" decoding=\"async\" class=\"alignnone size-full wp-image-304\" src=\"http:\/\/sites.ipleiria.pt\/5jornadaseconomiasocial\/files\/2015\/08\/foto_mulher_secXXI.jpg\" alt=\"foto_novo_olhar\" width=\"100\" height=\"100\" \/><\/td>\n<td width=\"700px;\"><strong>Mulher S\u00e9culo XXI<\/strong><br \/>\n<em>Largo Rainha Santa Isabel, N\u00ba1 R\/C Dto<br \/>\n2410-165 Leiria<br \/>\nPortugal<br \/>\n<em>Telefone:<\/em> 244 821 728<br \/>\n<em>Telem\u00f3vel:<\/em> 964 854 462 | 910 908 368<br \/>\n<em>E-mail:<\/em> <a href=\"mailto:mulhersecxxi@sapo.pt\">mulhersecxxi@sapo.pt <\/a><\/em><\/td>\n<\/tr>\n<tr valign=\"top\">\n<td valign=\"top\" width=\"50px;\"><img loading=\"lazy\" decoding=\"async\" class=\"alignnone size-full wp-image-307\" src=\"http:\/\/sites.ipleiria.pt\/4jornadasdaeconomiasocial\/files\/2013\/10\/foto_vida_plena.jpg\" alt=\"foto_vida_plena\" width=\"100\" height=\"100\" \/><\/td>\n<td width=\"700px;\"><strong>Vida Plena \/ Associa\u00e7\u00e3o de Solidariedade Social<\/strong><br \/>\nRua Cardal N\u00ba 222, Touria \u2013 Pousos<br \/>\n2410-497 Leiria<br \/>\n<em>Telefone:<\/em> 244 837 458<br \/>\n<em>E-mail:\u00a0<\/em><a href=\"mailto:vidaplena.ipss@gmail.com\">vidaplena.ipss@gmail.com<\/a><\/td>\n<\/tr>\n<\/tbody>\n<\/table>\n","protected":false},"excerpt":{"rendered":"<p>ADESBA &#8211; Associa\u00e7\u00e3o de Desenvolvimento e Bem Estar Social da Freguesia da Barreira Rua Sant\u00edssimo Salvador, 1130 &#8211; Barreira 2410-023 Leiria Telefone: 244 829 192 Fax: 244 829 193 E-mail: geral@adesba.pt Site: www.adesba.pt APEPI \/ Associa\u00e7\u00e3o de Pais e Educadores para a Inf\u00e2ncia Largo do Arnado 3100-548 Pombal Telefone: 236 213 268 Fax: 236 211 &hellip; <a href=\"https:\/\/sites.ipleiria.pt\/6jornadaseconomiasocial\/organizadores\/\" class=\"more-link\">Continuar a ler <span class=\"screen-reader-text\">Organizadores<\/span> <span class=\"meta-nav\">&rarr;<\/span><\/a><\/p>\n","protected":false},"author":102,"featured_media":0,"parent":0,"menu_order":4,"comment_status":"closed","ping_status":"closed","template":"","meta":{"footnotes":""},"class_list":["post-21","page","type-page","status-publish","hentry"],"_links":{"self":[{"href":"https:\/\/sites.ipleiria.pt\/6jornadaseconomiasocial\/wp-json\/wp\/v2\/pages\/21","targetHints":{"allow":["GET"]}}],"collection":[{"href":"https:\/\/sites.ipleiria.pt\/6jornadaseconomiasocial\/wp-json\/wp\/v2\/pages"}],"about":[{"href":"https:\/\/sites.ipleiria.pt\/6jornadaseconomiasocial\/wp-json\/wp\/v2\/types\/page"}],"author":[{"embeddable":true,"href":"https:\/\/sites.ipleiria.pt\/6jornadaseconomiasocial\/wp-json\/wp\/v2\/users\/102"}],"replies":[{"embeddable":true,"href":"https:\/\/sites.ipleiria.pt\/6jornadaseconomiasocial\/wp-json\/wp\/v2\/comments?post=21"}],"version-history":[{"count":12,"href":"https:\/\/sites.ipleiria.pt\/6jornadaseconomiasocial\/wp-json\/wp\/v2\/pages\/21\/revisions"}],"predecessor-version":[{"id":48,"href":"https:\/\/sites.ipleiria.pt\/6jornadaseconomiasocial\/wp-json\/wp\/v2\/pages\/21\/revisions\/48"}],"wp:attachment":[{"href":"https:\/\/sites.ipleiria.pt\/6jornadaseconomiasocial\/wp-json\/wp\/v2\/media?parent=21"}],"curies":[{"name":"wp","href":"https:\/\/api.w.org\/{rel}","templated":true}]}}