{"id":23,"date":"2017-03-15T17:32:22","date_gmt":"2017-03-15T17:32:22","guid":{"rendered":"http:\/\/sites.ipleiria.pt\/6jornadaseconomiasocial\/?page_id=23"},"modified":"2017-03-16T15:54:40","modified_gmt":"2017-03-16T15:54:40","slug":"parceiros","status":"publish","type":"page","link":"https:\/\/sites.ipleiria.pt\/6jornadaseconomiasocial\/parceiros\/","title":{"rendered":"Parceiros"},"content":{"rendered":"<table style=\"width: 800px;\">\n<tbody>\n<tr valign=\"top\">\n<td valign=\"top\" width=\"50px;\"><img loading=\"lazy\" decoding=\"async\" class=\"alignnone size-full wp-image-311\" src=\"http:\/\/sites.ipleiria.pt\/6jornadaseconomiasocial\/files\/2017\/03\/Logo-ESECS.png\" alt=\"esecs\" width=\"128\" height=\"159\" \/><\/td>\n<td width=\"700px;\"><strong>ESECS \u2013 Escola Superior de Educa\u00e7\u00e3o e Ci\u00eancias Sociais<\/strong> (Leiria)<br \/>\n<strong><em>Contactos:<\/em><\/strong><br \/>\n<em>Telefone:<\/em>244 829400<br \/>\n<em>Fax:<\/em>244 829499<br \/>\n<em>E.mail:\u00a0<\/em><a href=\"mailto:esecs@ipleiria.pt\">esecs@ipleiria.pt<\/a><br \/>\n<em>Site:<\/em> <a href=\"http:\/\/www.esecs.ipleiria.pt\/\" target=\"_blank\">www.esecs.ipleiria.pt\/<\/a><strong>Localiza\u00e7\u00e3o<\/strong><em><br \/>\nCampus1<br \/>\nRua Dr. Jo\u00e3o Soares<br \/>\nApartado 4045<br \/>\n2411-901 Leiria &#8211; Portugal<\/em><strong>Coordenadas GPS da ESECS \/ IPL:<\/strong><br \/>\n<strong>N<\/strong><em> 39.739448 LATITUDE<br \/>\n<strong>W<\/strong><\/em> 8.811279 LONGITUDE<\/td>\n<\/tr>\n<tr valign=\"top\">\n<td valign=\"top\" width=\"50px;\"><img loading=\"lazy\" decoding=\"async\" class=\"alignnone size-full wp-image-311\" src=\"http:\/\/sites.ipleiria.pt\/6jornadaseconomiasocial\/files\/2017\/03\/Logo_CMLeiria.png\" alt=\"C\u00e2mara Municipal de Leiria\" width=\"128\" height=\"159\" \/><\/td>\n<td width=\"700px;\"><strong>C\u00e2mara Municipal de Leiria<\/strong><br \/>\n<strong><em>Contactos:<\/em><\/strong><br \/>\n<em>Telefone: 244 839 500<\/em><br \/>\n<em>E.mail:\u00a0<a href=\"mailto:cmleiria@cm-leiria.pt\">cmleiria@cm-leiria.pt <\/a><\/em><a href=\"http:\/\/www.regiaodeleiria.pt\/\" target=\"_blank\"><br \/>\n<\/a><strong>Localiza\u00e7\u00e3o<\/strong><em><br \/>\nLargo da Rep\u00fablica<br \/>\n2414-006 Leiria<br \/>\n<\/em><\/td>\n<\/tr>\n<\/tbody>\n<\/table>\n","protected":false},"excerpt":{"rendered":"<p>ESECS \u2013 Escola Superior de Educa\u00e7\u00e3o e Ci\u00eancias Sociais (Leiria) Contactos: Telefone:244 829400 Fax:244 829499 E.mail:\u00a0esecs@ipleiria.pt Site: www.esecs.ipleiria.pt\/Localiza\u00e7\u00e3o Campus1 Rua Dr. Jo\u00e3o Soares Apartado 4045 2411-901 Leiria &#8211; PortugalCoordenadas GPS da ESECS \/ IPL: N 39.739448 LATITUDE W 8.811279 LONGITUDE C\u00e2mara Municipal de Leiria Contactos: Telefone: 244 839 500 E.mail:\u00a0cmleiria@cm-leiria.pt Localiza\u00e7\u00e3o Largo da Rep\u00fablica 2414-006 &hellip; <a href=\"https:\/\/sites.ipleiria.pt\/6jornadaseconomiasocial\/parceiros\/\" class=\"more-link\">Continuar a ler <span class=\"screen-reader-text\">Parceiros<\/span> <span class=\"meta-nav\">&rarr;<\/span><\/a><\/p>\n","protected":false},"author":102,"featured_media":0,"parent":0,"menu_order":5,"comment_status":"closed","ping_status":"closed","template":"","meta":{"footnotes":""},"class_list":["post-23","page","type-page","status-publish","hentry"],"_links":{"self":[{"href":"https:\/\/sites.ipleiria.pt\/6jornadaseconomiasocial\/wp-json\/wp\/v2\/pages\/23","targetHints":{"allow":["GET"]}}],"collection":[{"href":"https:\/\/sites.ipleiria.pt\/6jornadaseconomiasocial\/wp-json\/wp\/v2\/pages"}],"about":[{"href":"https:\/\/sites.ipleiria.pt\/6jornadaseconomiasocial\/wp-json\/wp\/v2\/types\/page"}],"author":[{"embeddable":true,"href":"https:\/\/sites.ipleiria.pt\/6jornadaseconomiasocial\/wp-json\/wp\/v2\/users\/102"}],"replies":[{"embeddable":true,"href":"https:\/\/sites.ipleiria.pt\/6jornadaseconomiasocial\/wp-json\/wp\/v2\/comments?post=23"}],"version-history":[{"count":7,"href":"https:\/\/sites.ipleiria.pt\/6jornadaseconomiasocial\/wp-json\/wp\/v2\/pages\/23\/revisions"}],"predecessor-version":[{"id":142,"href":"https:\/\/sites.ipleiria.pt\/6jornadaseconomiasocial\/wp-json\/wp\/v2\/pages\/23\/revisions\/142"}],"wp:attachment":[{"href":"https:\/\/sites.ipleiria.pt\/6jornadaseconomiasocial\/wp-json\/wp\/v2\/media?parent=23"}],"curies":[{"name":"wp","href":"https:\/\/api.w.org\/{rel}","templated":true}]}}