{"id":12,"date":"2019-05-15T14:52:49","date_gmt":"2019-05-15T14:52:49","guid":{"rendered":"http:\/\/sites.ipleiria.pt\/7jornadaseconomiasocial\/?page_id=12"},"modified":"2019-05-28T10:23:57","modified_gmt":"2019-05-28T10:23:57","slug":"organizadores","status":"publish","type":"page","link":"https:\/\/sites.ipleiria.pt\/7jornadaseconomiasocial\/organizadores\/","title":{"rendered":"Organizadores"},"content":{"rendered":"\n<table style=\"width: 650px\">\n<tbody>\n<tr valign=\"top\">\n<td valign=\"top\" width=\"150px;\"><img loading=\"lazy\" decoding=\"async\" class=\"alignnone size-full wp-image-288\" src=\"http:\/\/sites.ipleiria.pt\/7jornadaseconomiasocial\/files\/2019\/05\/ADSFAN.jpg\" alt=\"adsfan\" width=\"100\" height=\"100\"><\/td>\n<td width=\"500px;\"><strong>Associa\u00e7\u00e3o de Desenvolvimento Social da Freguesia de A-dos-Negros<\/strong><br>Estrada da Fonte Santa, 2<br>2510 &#8211; 321 A dos Negros A-dos-Negros<br><em>Telefone:<\/em> 262 958 799<br><em>E-mail:<\/em><a href=\"mailto:adsfan@sapo.pt\">adsfan@sapo.pt<\/a><br><em>Site: <\/em><a href=\"http:\/\/www.ads-fan.org\">www.ads-fan.org<\/a><\/td>\n<\/tr>\n<tr valign=\"top\">\n<td valign=\"top\" width=\"150px;\"><img loading=\"lazy\" decoding=\"async\" class=\"alignnone size-full wp-image-285\" src=\"http:\/\/sites.ipleiria.pt\/4jornadasdaeconomiasocial\/files\/2013\/10\/foto_adesba.jpg\" alt=\"foto_adesba\" width=\"100\" height=\"100\"><\/td>\n<td width=\"500px;\"><strong>ADESBA &#8211; Associa\u00e7\u00e3o de Desenvolvimento e Bem Estar Social da Freguesia da Barreira<\/strong><br>Rua Sant\u00edssimo Salvador, 1130 &#8211; Barreira<br>2410-023 Leiria<br><em>Telefone:<\/em> 244 829 192<br><em>Fax:<\/em> 244 829 193<br><em>E-mail:<\/em> geral@adesba.pt<br><em>Site:<\/em> <a href=\"http:\/\/www.adesba.pt\">www.adesba.pt<\/a><\/td>\n<\/tr>\n<tr valign=\"top\">\n<td valign=\"top\" width=\"150px;\"><img loading=\"lazy\" decoding=\"async\" class=\"alignnone size-full wp-image-288\" src=\"http:\/\/sites.ipleiria.pt\/4jornadasdaeconomiasocial\/files\/2013\/10\/foto_apepi.jpg\" alt=\"foto_apepi\" width=\"100\" height=\"100\"><\/td>\n<td width=\"500px;\"><strong>APEPI \/ Associa\u00e7\u00e3o de Pais e Educadores para a Inf\u00e2ncia<\/strong><br>Largo do Arnado<br>3100-548 Pombal<br><em>Telefone:<\/em> 236 213 268<br><em>Fax:<\/em> 236 211 373<br><em>E-mail:<\/em> <a href=\"mailto:apepi-ipss@iol.pt\">apepi-ipss@iol.pt<\/a><\/td>\n<\/tr>\n<tr valign=\"top\">\n<td valign=\"top\" width=\"150px;\"><img loading=\"lazy\" decoding=\"async\" class=\"alignnone size-full wp-image-295\" src=\"http:\/\/sites.ipleiria.pt\/5jornadaseconomiasocial\/files\/2015\/08\/foto_cafap.jpg\" alt=\"logo adsfan\" width=\"100\" height=\"100\"><\/td>\n<td width=\"500px;\"><strong>Associa\u00e7\u00e3o Crescer e Crer &#8211; CAFAP Marinha Grande <\/strong><br>Apartado 80,<br>2431-901 Marinha Grande<br><em>Telefone:<\/em> 244 094 410 | <em>Telem\u00f3vel:<\/em> 910 017 709<br><em>E-mail:<\/em> <a href=\"mailto:cafapmg@gmail.com\">cafapmg@gmail.com<\/a><br><em>Facebook:<\/em> <a href=\"https:\/\/www.facebook.com\/cafapmg\/\">https:\/\/www.facebook.com\/cafapmg\/<\/a><\/td>\n<\/tr>\n<tr valign=\"top\">\n<td valign=\"top\" width=\"150px;\"><img loading=\"lazy\" decoding=\"async\" class=\"alignnone size-full wp-image-319\" src=\"http:\/\/sites.ipleiria.pt\/6jornadaseconomiasocial\/files\/2017\/03\/Logo-EAPN.png\" alt=\"foto_eapn\" width=\"100\" height=\"100\"><\/td>\n<td width=\"600px;\"><strong>EAPN \u2013 Rede Europeia Anti-Pobreza\/Portugal<\/strong><br>N\u00facleo Distrital de Leiria<br>Rua Miguel Franco, lote 8, n.\u00ba 102, Loja 1 e 2<br>2400-191 Leiria<br><em>Telefone:<\/em> 244 837 228<br><em>Fax:<\/em> 244 837 229<br><em>E-mail:<\/em> <a href=\"mailto:leiria@eapn.pt\">leiria@eapn.pt<\/a><br><em>Site:<\/em> <a href=\"http:\/\/www.eapn.pt\">www.eapn.pt<\/a><\/td>\n<\/tr>\n<tr valign=\"top\">\n<td valign=\"top\" width=\"150px;\"><img loading=\"lazy\" decoding=\"async\" class=\"alignnone size-full wp-image-299\" src=\"http:\/\/sites.ipleiria.pt\/4jornadasdaeconomiasocial\/files\/2013\/10\/foto_pulsar.jpg\" alt=\"foto_pulsar\" width=\"100\" height=\"100\"><\/td>\n<td width=\"600px;\"><strong>InPulsar &#8211; Associa\u00e7\u00e3o para o Desenvolvimento Comunit\u00e1rio<\/strong><br>Rua Lu\u00eds Silveira Charters de Azevedo n. 3, 2\u00ba andar,<br>2410-022 Leiria<br><em>Telefone:<\/em> 244 028 052<br><em>Telem\u00f3vel:<\/em> 910 829 160<br><em>E-mail:<\/em> <a href=\"mailto:geral@inpulsar.pt\">geral@inpulsar.pt<\/a><br><em>Site:<\/em> <a href=\"http:\/\/www.inpulsar.pt\">www.inpulsar.pt<\/a><\/td>\n<\/tr>\n<tr valign=\"top\">\n<td valign=\"top\" width=\"150px;\"><img loading=\"lazy\" decoding=\"async\" class=\"alignnone size-full wp-image-301\" src=\"http:\/\/sites.ipleiria.pt\/4jornadasdaeconomiasocial\/files\/2013\/10\/foto_lis.jpg\" alt=\"foto_lis\" width=\"100\" height=\"100\"><\/td>\n<td width=\"600px;\"><strong>Liga Social e Cultural Campos do Lis<\/strong><br>Rua Professor Jos\u00e9 Pires da Fonseca, n.\u00ba 5<br>G\u00e2ndara dos Olivais<br>2415-335 Leiria<br><em>Telefone:<\/em> 244 838 440<br><em>Fax:<\/em> 244 838 442<br><em>E-mail:<\/em> <a href=\"mailto:geral@ligacamposdolis.com\">geral@ligacamposdolis.com<\/a><\/td>\n<\/tr>\n<tr valign=\"top\">\n<td valign=\"top\" width=\"150px;\"><img loading=\"lazy\" decoding=\"async\" class=\"alignnone size-full wp-image-304\" src=\"http:\/\/sites.ipleiria.pt\/7jornadaseconomiasocial\/files\/2019\/05\/Nascentes_luz.jpg\" alt=\"Nascentes de Luz\" width=\"100\" height=\"100\"><\/td>\n<td width=\"500px;\"><strong>Nascentes de Luz \u2013 Associa\u00e7\u00e3o de Apoio \u00e0 Fam\u00edlia<\/strong><br><em>Rua Principal n\u00ba 39 (9,50 km)<br>2405-014 Maceira &#8211; Leiria Costa De Baixo, Leiria,<br>Portugal<br><em>Telefone:<\/em>244 778 211<br><em>E-mail:<\/em> <a href=\"mailto:nascentesdeluz@gmail.com\">nascentesdeluz@gmail.com <\/a><\/em><\/td>\n<\/tr>\n<tr valign=\"top\">\n<td valign=\"top\" width=\"150px;\"><img loading=\"lazy\" decoding=\"async\" class=\"alignnone size-full wp-image-307\" src=\"http:\/\/sites.ipleiria.pt\/4jornadasdaeconomiasocial\/files\/2013\/10\/foto_vida_plena.jpg\" alt=\"foto_vida_plena\" width=\"100\" height=\"600\"><\/td>\n<td width=\"700px;\"><strong>Vida Plena \/ Associa\u00e7\u00e3o de Solidariedade Social<\/strong><br>Rua Cardal N\u00ba 222, Touria \u2013 Pousos<br>2410-497 Leiria<br><em>Telefone:<\/em> 244 837 458<br><em>E-mail:&nbsp;<\/em><a href=\"mailto:vidaplena.ipss@gmail.com\">vidaplena.ipss@gmail.com<\/a><\/td>\n<\/tr>\n<\/tbody>\n<\/table>\n","protected":false},"excerpt":{"rendered":"<p>Associa\u00e7\u00e3o de Desenvolvimento Social da Freguesia de A-dos-NegrosEstrada da Fonte Santa, 22510 &#8211; 321 A dos Negros A-dos-NegrosTelefone: 262 958 799E-mail:adsfan@sapo.ptSite: www.ads-fan.org ADESBA &#8211; Associa\u00e7\u00e3o de Desenvolvimento e Bem Estar Social da Freguesia da BarreiraRua Sant\u00edssimo Salvador, 1130 &#8211; Barreira2410-023&hellip;  <\/p>\n<p class=\"more-link\"><a href=\"https:\/\/sites.ipleiria.pt\/7jornadaseconomiasocial\/organizadores\/\">Continue reading <span class=\"meta-nav\">&rarr;<\/span><\/a><\/p>\n","protected":false},"author":102,"featured_media":0,"parent":0,"menu_order":0,"comment_status":"closed","ping_status":"closed","template":"","meta":{"footnotes":""},"class_list":["post-12","page","type-page","status-publish","hentry"],"_links":{"self":[{"href":"https:\/\/sites.ipleiria.pt\/7jornadaseconomiasocial\/wp-json\/wp\/v2\/pages\/12","targetHints":{"allow":["GET"]}}],"collection":[{"href":"https:\/\/sites.ipleiria.pt\/7jornadaseconomiasocial\/wp-json\/wp\/v2\/pages"}],"about":[{"href":"https:\/\/sites.ipleiria.pt\/7jornadaseconomiasocial\/wp-json\/wp\/v2\/types\/page"}],"author":[{"embeddable":true,"href":"https:\/\/sites.ipleiria.pt\/7jornadaseconomiasocial\/wp-json\/wp\/v2\/users\/102"}],"replies":[{"embeddable":true,"href":"https:\/\/sites.ipleiria.pt\/7jornadaseconomiasocial\/wp-json\/wp\/v2\/comments?post=12"}],"version-history":[{"count":12,"href":"https:\/\/sites.ipleiria.pt\/7jornadaseconomiasocial\/wp-json\/wp\/v2\/pages\/12\/revisions"}],"predecessor-version":[{"id":166,"href":"https:\/\/sites.ipleiria.pt\/7jornadaseconomiasocial\/wp-json\/wp\/v2\/pages\/12\/revisions\/166"}],"wp:attachment":[{"href":"https:\/\/sites.ipleiria.pt\/7jornadaseconomiasocial\/wp-json\/wp\/v2\/media?parent=12"}],"curies":[{"name":"wp","href":"https:\/\/api.w.org\/{rel}","templated":true}]}}