{"id":14,"date":"2019-05-15T14:53:01","date_gmt":"2019-05-15T14:53:01","guid":{"rendered":"http:\/\/sites.ipleiria.pt\/7jornadaseconomiasocial\/?page_id=14"},"modified":"2019-05-23T17:03:33","modified_gmt":"2019-05-23T17:03:33","slug":"parceiros","status":"publish","type":"page","link":"https:\/\/sites.ipleiria.pt\/7jornadaseconomiasocial\/parceiros\/","title":{"rendered":"Parceiros"},"content":{"rendered":"\n<table style=\"width: 650px;\">\n<tbody>\n<tr valign=\"top\">\n<td valign=\"top\" width=\"150px;\"><img loading=\"lazy\" decoding=\"async\" class=\"alignnone size-full wp-image-288\" src=\"http:\/\/sites.ipleiria.pt\/7jornadaseconomiasocial\/files\/2019\/05\/ADSFAN.jpg\" alt=\"adsfan\" width=\"100\" height=\"100\"><\/td>\n<td width=\"500px;\"><strong>Associa\u00e7\u00e3o de Desenvolvimento Social da Freguesia de A-dos-Negros<\/strong><br>Estrada da Fonte Santa, 2<br>2510 &#8211; 321 A dos Negros A-dos-Negros<br><em>Telefone:<\/em> 262 958 799<br><em>E-mail:<\/em><a href=\"mailto:adsfan@sapo.pt\">adsfan@sapo.pt<\/a><br><em>Site: <\/em><a href=\"http:\/\/www.ads-fan.org\">www.ads-fan.org<\/a><\/td>\n<\/tr>\n<tr valign=\"top\">\n<td valign=\"top\" width=\"50px;\"><img loading=\"lazy\" decoding=\"async\" class=\"alignnone size-full wp-image-311\" src=\"http:\/\/sites.ipleiria.pt\/6jornadaseconomiasocial\/files\/2017\/03\/Logo-ESECS.png\" alt=\"esecs\" width=\"128\" height=\"159\"><\/td>\n<td width=\"700px;\"><strong>ESECS \u2013 Escola Superior de Educa\u00e7\u00e3o e Ci\u00eancias Sociais<\/strong> (Leiria)<br><strong><em>Contactos:<\/em><\/strong><br><em>Telefone:<\/em>244 829400<br><em>Fax:<\/em>244 829499<br><em>E.mail:&nbsp;<\/em><a href=\"mailto:esecs@ipleiria.pt\">esecs@ipleiria.pt<\/a><br><em>Site:<\/em> <a href=\"http:\/\/www.esecs.ipleiria.pt\/\" target=\"_blank\" rel=\"noopener noreferrer\">www.esecs.ipleiria.pt\/<\/a><strong>Localiza\u00e7\u00e3o<\/strong><em><br>Campus1<br>Rua Dr. Jo\u00e3o Soares<br>Apartado 4045<br>2411-901 Leiria &#8211; Portugal<\/em><strong>Coordenadas GPS da ESECS \/ IPL:<\/strong><br><strong>N<\/strong><em> 39.739448 LATITUDE<br><strong>W<\/strong><\/em> 8.811279 LONGITUDE<\/td>\n<\/tr>\n<tr valign=\"top\">\n<td valign=\"top\" width=\"150px;\"><img loading=\"lazy\" decoding=\"async\" class=\"alignnone size-full wp-image-299\" src=\"http:\/\/sites.ipleiria.pt\/4jornadasdaeconomiasocial\/files\/2013\/10\/foto_pulsar.jpg\" alt=\"foto_pulsar\" width=\"100\" height=\"100\"><\/td>\n<td width=\"600px;\"><strong>InPulsar &#8211; Associa\u00e7\u00e3o para o Desenvolvimento Comunit\u00e1rio<\/strong><br>Rua Lu\u00eds Silveira Charters de Azevedo n. 3, 2\u00ba andar,<br>2410-022 Leiria<br><em>Telefone:<\/em> 244 028 052<br><em>Telem\u00f3vel:<\/em> 910 829 160<br><em>E-mail:<\/em> <a href=\"mailto:geral@inpulsar.pt\">geral@inpulsar.pt<\/a><br><em>Site:<\/em> <a href=\"http:\/\/www.inpulsar.pt\">www.inpulsar.pt<\/a><\/td>\n<\/tr>\n<tr valign=\"top\">\n<td valign=\"top\" width=\"150px;\"><img loading=\"lazy\" decoding=\"async\" class=\"alignnone size-full wp-image-295\" src=\"http:\/\/sites.ipleiria.pt\/7jornadaseconomiasocial\/files\/2019\/05\/IPDJ.jpg\" alt=\"IPDJ\" width=\"100\" height=\"100\"><\/td>\n<td width=\"500px;\"><strong>Instituto Portugu\u00eas do Desporto e Juventude, Leiria<\/strong><br>Avenida 25 de Abril, 11<br>Junto ao Est\u00e1dio Municipal Dr. Magalh\u00e3es Pessoa I<br>2400 &#8211; 265 LEIRIA<br><em>Telefone:<\/em> 244 845 860<br><em>E-mail:<\/em> <a href=\"mailto:mailleiria@ipdj.pt\">mailleiria@ipdj.pt<\/a><\/td>\n<\/tr>\n<tr valign=\"top\">\n<td valign=\"top\" width=\"150px;\"><img loading=\"lazy\" decoding=\"async\" class=\"alignnone size-full wp-image-319\" src=\"http:\/\/sites.ipleiria.pt\/7jornadaseconomiasocial\/files\/2019\/05\/Orfea\u0303o.jpg\" alt=\"Orfe\u00e3o\" width=\"100\" height=\"100\"><\/td>\n<td width=\"600px;\"><strong>Orfe\u00e3o de Leiria | Conservat\u00f3rio de Artes<\/strong><br>Av. 25 de Abril<br>2400-265 Leiria<br><em>Telefone:<\/em> 244 829 550<br><em><em>Telem\u00f3vel:<\/em> 938 238 700<br><em>E-mail:<\/em> <a href=\"mailto:geral@ordeaodeleiria.com\">geral@ordeaodeleiria.com<\/a><br><em>Site:<\/em> <a href=\"http:\/\/www.orfeaodeleiria.com\">www.orfeaodeleiria.com<\/a> <\/td>\n<\/tr>\n<\/tbody>\n<\/table>\n","protected":false},"excerpt":{"rendered":"<p>Associa\u00e7\u00e3o de Desenvolvimento Social da Freguesia de A-dos-NegrosEstrada da Fonte Santa, 22510 &#8211; 321 A dos Negros A-dos-NegrosTelefone: 262 958 799E-mail:adsfan@sapo.ptSite: www.ads-fan.org ESECS \u2013 Escola Superior de Educa\u00e7\u00e3o e Ci\u00eancias Sociais (Leiria)Contactos:Telefone:244 829400Fax:244 829499E.mail:&nbsp;esecs@ipleiria.ptSite: www.esecs.ipleiria.pt\/Localiza\u00e7\u00e3oCampus1Rua Dr. Jo\u00e3o SoaresApartado 40452411-901 Leiria&hellip;  <\/p>\n<p class=\"more-link\"><a href=\"https:\/\/sites.ipleiria.pt\/7jornadaseconomiasocial\/parceiros\/\">Continue reading <span class=\"meta-nav\">&rarr;<\/span><\/a><\/p>\n","protected":false},"author":102,"featured_media":0,"parent":0,"menu_order":0,"comment_status":"closed","ping_status":"closed","template":"","meta":{"footnotes":""},"class_list":["post-14","page","type-page","status-publish","hentry"],"_links":{"self":[{"href":"https:\/\/sites.ipleiria.pt\/7jornadaseconomiasocial\/wp-json\/wp\/v2\/pages\/14","targetHints":{"allow":["GET"]}}],"collection":[{"href":"https:\/\/sites.ipleiria.pt\/7jornadaseconomiasocial\/wp-json\/wp\/v2\/pages"}],"about":[{"href":"https:\/\/sites.ipleiria.pt\/7jornadaseconomiasocial\/wp-json\/wp\/v2\/types\/page"}],"author":[{"embeddable":true,"href":"https:\/\/sites.ipleiria.pt\/7jornadaseconomiasocial\/wp-json\/wp\/v2\/users\/102"}],"replies":[{"embeddable":true,"href":"https:\/\/sites.ipleiria.pt\/7jornadaseconomiasocial\/wp-json\/wp\/v2\/comments?post=14"}],"version-history":[{"count":10,"href":"https:\/\/sites.ipleiria.pt\/7jornadaseconomiasocial\/wp-json\/wp\/v2\/pages\/14\/revisions"}],"predecessor-version":[{"id":183,"href":"https:\/\/sites.ipleiria.pt\/7jornadaseconomiasocial\/wp-json\/wp\/v2\/pages\/14\/revisions\/183"}],"wp:attachment":[{"href":"https:\/\/sites.ipleiria.pt\/7jornadaseconomiasocial\/wp-json\/wp\/v2\/media?parent=14"}],"curies":[{"name":"wp","href":"https:\/\/api.w.org\/{rel}","templated":true}]}}