{"id":2,"date":"2019-05-10T11:05:56","date_gmt":"2019-05-10T11:05:56","guid":{"rendered":"http:\/\/7jornadaseconomiasocial.sites.ipleiria.pt\/?page_id=2"},"modified":"2019-06-11T16:09:11","modified_gmt":"2019-06-11T16:09:11","slug":"pagina-exemplo","status":"publish","type":"page","link":"https:\/\/sites.ipleiria.pt\/7jornadaseconomiasocial\/pagina-exemplo\/","title":{"rendered":"Programa"},"content":{"rendered":"\n<p><strong>13  JUNHO<\/strong><\/p>\n\n\n\n<p> <strong>09h |<\/strong> <strong>Acolhimento dos\/as participantes<\/strong> <br> <strong>09h30 | Sess\u00e3o de abertura: <\/strong>Joana Ervilha | Vice-Presidente da Mesa do Conselho Geral do N\u00facleo Distrital de Leiria da EAPN PT                        Suzana Menezes |  Diretora Regional da Cultura do Centro <\/p>\n\n\n\n<p><strong>09h45 <\/strong><em>| <strong>Confer\u00eancia de abertura: <\/strong><\/em><strong>O papel das artes na promo\u00e7\u00e3o da inclus\u00e3o social<\/strong><br><strong>Paulo Pires do Vale<\/strong> &#8211; Comiss\u00e1rio do Plano Nacional de Artes<br> <\/p>\n\n\n\n<p><strong>10h05 |<\/strong> <em>Mesa Redonda:<\/em> <strong>O estado das artes performativas em mat\u00e9ria de inclus\u00e3o social<\/strong><br> <strong><em>Moderadora:<\/em><\/strong> <strong>Elsa Rodrigues<\/strong> &#8211; Professora e investigadora do Centro de Estudos Cl\u00e1ssicos e Human\u00edsticos e do Instituto de Psicologia Cognitiva Desenvolvimento Social e Humano da Universidade de Coimbra <br> <strong>Hugo Seabra<\/strong> &#8211; Gestor de Projetos no Programa Gulbenkian Coes\u00e3o e Integra\u00e7\u00e3o Social<br> <strong>Paulo Teixeira<\/strong> &#8211; Consultor e avaliador de projetos sociais e art\u00edsticos<br> <strong>Jorge Oliveira<\/strong> &#8211; Presidente da dire\u00e7\u00e3o e diretor do Espa\u00e7o T &#8211; Associa\u00e7\u00e3o para apoio \u00e0 Integra\u00e7\u00e3o Social e Comunit\u00e1ria<br> <strong>Jorge Cardinali <\/strong>&#8211; Participante na pe\u00e7a de teatro Todos Somos Um!, EAPN Portugal, N\u00facleo Distrital de Leiria<br><\/p>\n\n\n\n<p><strong>11h00 |<\/strong> <em>Pausa para caf\u00e9<\/em><br><\/p>\n\n\n\n<p><strong>11h15 <\/strong>| Rein\u00edcio da Mesa Redonda<\/p>\n\n\n\n<p><strong>12h00 |<\/strong> <em>Debate<\/em><br><\/p>\n\n\n\n<p><strong>12h30 \u2013 14h00 |<\/strong> <em>Almo\u00e7o livre<\/em><br><\/p>\n\n\n\n<p><strong>14h00 | <\/strong><em>Painel I:<\/em> <strong>Projetos de interven\u00e7\u00e3o art\u00edstica e inclus\u00e3o social<\/strong><br><strong><em>Moderadora:<\/em><\/strong> <strong>Jenny Sousa<\/strong> &#8211; Professora na ESECS &#8211; IPLeiria<br><strong>Projeto Partis Sob o mesmo C\u00e9u<\/strong> | InPulsar \u2013 Associa\u00e7\u00e3o para o Desenvolvimento Comunit\u00e1rio &#8211; T\u00e2nia Marques, coordenadora do Projeto<br><strong>Projeto Partis H\u00e1 Festa no Campo<\/strong> | EcoGerminar &#8211; Marcos Domingues, presidente da dire\u00e7\u00e3o<br><strong>Resid\u00eancia Art\u00edstica de Dan\u00e7a do Projeto \u00d3pera na Pris\u00e3o &#8211; Pavilh\u00e3o Mozart<\/strong> | Dire\u00e7\u00e3o da SAMP (a designar), David Ramy, coordenador do projeto Pavilh\u00e3o Mozart e Clara Le\u00e3o, diretora e professora na Escola de Dan\u00e7a Clara Le\u00e3o<br><strong>Projeto Palcos para a Inclus\u00e3o<\/strong> | Espa\u00e7o T &#8211; Associa\u00e7\u00e3o para apoio \u00e0 Integra\u00e7\u00e3o Social e Comunit\u00e1ria &#8211; Jorge Oliveira, presidente da dire\u00e7\u00e3o e diretor  <br><strong>Projeto CERCILEI<\/strong> | Rui Veiga, dire\u00e7\u00e3o da CERCILEI <\/p>\n\n\n\n<p><br> <strong>16h30 |<\/strong> <em>Debate<\/em><br> <\/p>\n\n\n\n<p><strong>17h00 |<\/strong> <em>Pausa para caf\u00e9<\/em><br> <\/p>\n\n\n\n<p><strong>17h15 |<\/strong> Encerramento com momento musical pelos participantes do Gir\u00f3_Questra no \u00e2mbito do projeto Giro \u00f3 Bairro| InPulsar e Orfe\u00e3o de Leiria | Conservat\u00f3rio de Artes<br><br><\/p>\n\n\n\n<p><strong>14 JUNHO<\/strong><\/p>\n\n\n\n<p> <strong>10h00 |<\/strong> <em>Painel II:<\/em> <strong>Projetos de interven\u00e7\u00e3o art\u00edstica e inclus\u00e3o social (cont.)<\/strong><br> <strong><em>Moderadora:<\/em><\/strong> <strong>Sandrina Milhano<\/strong> | Diretora e professora na ESECS &#8211; IPLeiria<br><strong>Projeto Manic\u00f3mio<\/strong> | Associa\u00e7\u00e3o de Desenvolvimento Criativo e Art\u00edstico <strong>P28<\/strong> | Sandro Resende <br><strong>Projeto Face to Face<\/strong> | Orfe\u00e3o de Leiria | Conservat\u00f3rio de Artes | Ac\u00e1cio de Sousa, Presidente da dire\u00e7\u00e3o <br><strong>Projeto NOVOS VENTOS \u2013 Festival de Teatro Comunit\u00e1rio<\/strong> | Leirena Teatro \u2013 Companhia de Teatro de Leiria | Fr\u00e9d\u00e9ric Cruz, Diretor art\u00edstico  <br> <strong>Projeto 3I\u2019s E6G<\/strong> | C\u00e2mara Municipal de Pombal | Ana Cabral, Vereadora do Desenvolvimento Social<br> <\/p>\n\n\n\n<p><strong>11h00 |<\/strong> Pausa para caf\u00e9<\/p>\n\n\n\n<p><strong>11h15 <\/strong>| Rein\u00edcio do Painel II<\/p>\n\n\n\n<p><strong>12h00 |<\/strong> Debate<\/p>\n\n\n\n<p> <strong>12h30 \u2013 14h00 |<\/strong> Almo\u00e7o livre<\/p>\n\n\n\n<p> <strong>14h00 \u2013 15h30  <em>Oficinas de artes performativas<\/em><\/strong><br> <strong><em>Oficina 1 |<\/em> Photovoice Nunca Pensei Ser Artista<\/strong>  &#8211; ADSFAN | Rosalinda Chaves<br> <strong><em>Oficina 2 |<\/em><\/strong> <strong>Dan\u00e7a Inclusiva<\/strong> &#8211; Associa\u00e7\u00e3o de Dan\u00e7a e Desenvolvimento Social de Leiria | Andreia Silva e Sofia Sousa<br> <strong><em>Oficina 3<\/em><\/strong> <strong><em>| <\/em>Teatro Comunit\u00e1rio<\/strong> &#8211; Leirena Teatro \u2013 Companhia de Teatro de Leiria | Fr\u00e9d\u00e9ric Cruz <\/p>\n\n\n\n<p><strong> 15h30 | <\/strong>Pausa para caf\u00e9<\/p>\n\n\n\n<p><strong>16h00 |<\/strong> Apresenta\u00e7\u00e3o do espet\u00e1culo performativo baseado na pe\u00e7a <strong>\u00abHist\u00f3rias de arremedilhos e de histri\u00f5es que n\u00e3o sabem arremedar\u00bb<\/strong> da autoria de M\u00e1rio da Costa | Orfe\u00e3o de Leiria | Conservat\u00f3rio de Artes<\/p>\n\n\n\n<p> <strong>17h00 |<\/strong> Encerramento <br> Carolina Cravo, Presidente da Mesa do Conselho Geral do N\u00facleo Distrital de Leiria da EAPN PT<br> Ana Valentim, Vereadora do Desenvolvimento Social da C\u00e2mara Municipal de Leiria <br> L\u00eddia Seme\u00e3o, Diretora de Unidade de Desenvolvimento Social do Centro Distrital de Leiria do ISS, I.P.<\/p>\n\n\n\n<p>Durante a realiza\u00e7\u00e3o das VII JES encontra-se patente a Exposi\u00e7\u00e3o Photovoice Nunca Pensei ser Artista e uma Instala\u00e7\u00e3o do projeto Sob o Mesmo C\u00e9u<\/p>\n","protected":false},"excerpt":{"rendered":"<p>13 JUNHO 09h | Acolhimento dos\/as participantes 09h30 | Sess\u00e3o de abertura: Joana Ervilha | Vice-Presidente da Mesa do Conselho Geral do N\u00facleo Distrital de Leiria da EAPN PT Suzana Menezes | Diretora Regional da Cultura do Centro 09h45 |&hellip;  <\/p>\n<p class=\"more-link\"><a href=\"https:\/\/sites.ipleiria.pt\/7jornadaseconomiasocial\/pagina-exemplo\/\">Continue reading <span class=\"meta-nav\">&rarr;<\/span><\/a><\/p>\n","protected":false},"author":102,"featured_media":0,"parent":0,"menu_order":0,"comment_status":"closed","ping_status":"open","template":"","meta":{"footnotes":""},"class_list":["post-2","page","type-page","status-publish","hentry"],"_links":{"self":[{"href":"https:\/\/sites.ipleiria.pt\/7jornadaseconomiasocial\/wp-json\/wp\/v2\/pages\/2","targetHints":{"allow":["GET"]}}],"collection":[{"href":"https:\/\/sites.ipleiria.pt\/7jornadaseconomiasocial\/wp-json\/wp\/v2\/pages"}],"about":[{"href":"https:\/\/sites.ipleiria.pt\/7jornadaseconomiasocial\/wp-json\/wp\/v2\/types\/page"}],"author":[{"embeddable":true,"href":"https:\/\/sites.ipleiria.pt\/7jornadaseconomiasocial\/wp-json\/wp\/v2\/users\/102"}],"replies":[{"embeddable":true,"href":"https:\/\/sites.ipleiria.pt\/7jornadaseconomiasocial\/wp-json\/wp\/v2\/comments?post=2"}],"version-history":[{"count":36,"href":"https:\/\/sites.ipleiria.pt\/7jornadaseconomiasocial\/wp-json\/wp\/v2\/pages\/2\/revisions"}],"predecessor-version":[{"id":205,"href":"https:\/\/sites.ipleiria.pt\/7jornadaseconomiasocial\/wp-json\/wp\/v2\/pages\/2\/revisions\/205"}],"wp:attachment":[{"href":"https:\/\/sites.ipleiria.pt\/7jornadaseconomiasocial\/wp-json\/wp\/v2\/media?parent=2"}],"curies":[{"name":"wp","href":"https:\/\/api.w.org\/{rel}","templated":true}]}}