{"id":6,"date":"2019-05-15T14:50:24","date_gmt":"2019-05-15T14:50:24","guid":{"rendered":"http:\/\/sites.ipleiria.pt\/7jornadaseconomiasocial\/?page_id=6"},"modified":"2019-06-06T10:45:13","modified_gmt":"2019-06-06T10:45:13","slug":"oradores-moderadores","status":"publish","type":"page","link":"https:\/\/sites.ipleiria.pt\/7jornadaseconomiasocial\/oradores-moderadores\/","title":{"rendered":"Oradores\/Moderadores"},"content":{"rendered":"\n<table style=\"width: 650px;height: 1670px\">\n<tbody>\n<tr valign=\"top\">\n<td valign=\"top\" width=\"150px;\"><img loading=\"lazy\" decoding=\"async\" class=\"alignnone size-full wp-image-232\" src=\"http:\/\/sites.ipleiria.pt\/7jornadaseconomiasocial\/files\/2019\/05\/Paulo_Pires_Vale.jpg\" alt=\"Paulo Pires Vale\" width=\"150\" height=\"150\"><\/td>\n<td width=\"500px;\">Docente, ensa\u00edsta e curador, Paulo Pires do Vale (Bragan\u00e7a, 1973) \u00e9 licenciado e Mestre em Filosofia pela FCSH, Universidade Nova de Lisboa. Leciona na Universidade Cat\u00f3lica Portuguesa, no Departamento de Arquitetura da UAL e na Escola Superior de Educadores de Inf\u00e2ncia Maria Ulrich, onde coordenou a P\u00f3s-Gradua\u00e7\u00e3o em Pr\u00e1ticas Art\u00edsticas e Processos Pedag\u00f3gicos.<br><br>\nEscreveu Tudo \u00e9 outra coisa. O desejo na Fenomenologia do Esp\u00edrito de Hegel (Colibri, 2006) e in\u00fameros ensaios para livros, revistas e cat\u00e1logos de exposi\u00e7\u00f5es coletivas e individuais, em Portugal e no estrangeiro &#8211; focando-se, em diversas ocasi\u00f5es, na rela\u00e7\u00e3o entre arte, educa\u00e7\u00e3o e sociedade.<br><br>\nComo curador, destacam-se as exposi\u00e7\u00f5es Ana Vieira, Muros de Abrigo (Museu Carlos Machado, Ponta Delgada, e Centro de Arte Moderna \u2013 Funda\u00e7\u00e3o Calouste Gulbenkian, 2010-2011); Tarefas infinitas. Quando a arte e o livro se ilimitam (Museu Calouste Gulbenkian, 2012 e SESC\/Biblioteca MIndlin, S\u00e3o Paulo, 2018); Visita\u00e7\u00e3o. O Arquivo como mem\u00f3ria e promessa (Igreja de S\u00e3o Roque e Museu de S\u00e3o Roque, 2014); J\u00falio Pomar, Tratado dos olhos (Atelier-Museu J\u00falio Pomar, 2014); Pliure (Fondation Calouste Gulbenkian, Paris, e Palais des Beaux-arts, Paris, 2015); N\u00c3O TE FALTAR\u00c1 A DIST\u00c2NCIA. Uma exposi\u00e7\u00e3o em 4 passos (Igreja de S\u00e3o Crist\u00f3v\u00e3o, Mouraria, 2016); Lourdes Castro: Todos os livros (Funda\u00e7\u00e3o Calouste Gulbenkian,  2016);  Festival de l\u00b4incertitude(Fondation Calouste Gulbenkian, Paris, 2016); Vantagens e desvantagens da hist\u00f3ria para a vida (F\u00f3rum Eug\u00e9nio de Almeida, \u00c9vora, 2016); Ana Hatherly e o Barroco (Museu Calouste Gulbenkian, 2017 e Museo de las Artes Universidad de Guadalajara, M\u00e9xico, 2018); Do tirar polo natural. Inqu\u00e9rito ao retrato portugu\u00eas (com Filipa Oliveira e An\u00edsio Franco, Museu Nacional de Arte Antiga, 2018) e Calouste: uma vida, n\u00e3o uma exposi\u00e7\u00e3o (Funda\u00e7\u00e3o Calouste Gulbenkian, de Mar\u00e7o a Dezembro de 2019).<br><br>\nFoi presidente da Associa\u00e7\u00e3o Internacional de Cr\u00edticos de Arte (AICA) &#8211; Sec\u00e7\u00e3o Portuguesa entre 2015 e 2019.<br><br>\n\u00c9 Comiss\u00e1rio do Plano Nacional das Artes, projecto do Minist\u00e9rio da Cultura e do Minist\u00e9rio da Educa\u00e7\u00e3o, desde Mar\u00e7o de 2019.<\/td>\n<\/tr>\n<tr valign=\"top\">\n<td valign=\"top\" width=\"150px;\"><img loading=\"lazy\" decoding=\"async\" class=\"alignnone size-full wp-image-345\" src=\"http:\/\/sites.ipleiria.pt\/7jornadaseconomiasocial\/files\/2019\/05\/Elsa_Margarida_Rodrigues-.jpg\" alt=\"Elsa Margarida Rodrigues\" width=\"250\" height=\"250\"><\/td>\n<td width=\"500px;\"> <strong>Elsa Margarida Rodrigues<\/strong> \u00e9 investigadora do Centro de Estudos Cl\u00e1ssicos e Human\u00edsticos e do Instituto de Psicologia Cognitiva Desenvolvimento Humano e Social da Universidade de Coimbra. \u00c9 licenciada em Filosofia e Jornalismo e doutorada em Sociologia da Cultura pela Faculdade de Economia da Universidade de Coimbra com a tese Alteridade, Tecnologia e Utopia no Cinema de Fic\u00e7\u00e3o Cient\u00edfica Norte Americano: o Caso Alien. Publicou em 2012 os livros Ecos do Mundo Zero: Guia de interpreta\u00e7\u00e3o de Futuros, Aliens e Ciborgues e Do Oitavo Passageiro ao Clone N\u00famero Oito.<br><br>\nParticipa em projetos liter\u00e1rios, tendo ganho em 2008 o Pr\u00e9mio Afonso Lopes Vieira para literatura infantil.<br><br>\nAo longo dos anos tem leccionado em v\u00e1rias institui\u00e7\u00f5es de ensino secund\u00e1rio e polit\u00e9cnico, dinamizando em diversas escolas clubes de jornalismo, cinema e teatro.<\/td>\n<\/tr>\n<tr valign=\"top\">\n<td valign=\"top\" width=\"150px;\"><img loading=\"lazy\" decoding=\"async\" class=\"alignnone size-full wp-image-232\" src=\"http:\/\/sites.ipleiria.pt\/7jornadaseconomiasocial\/files\/2019\/06\/Jenny_Sousa.jpg\" alt=\"Jenny Sousa\" width=\"250\" height=\"250\"><\/td>\n<td width=\"500px;\"><strong>Jenny Sousa<\/strong> \u00e9 doutorada em Estudos Culturais pela Universidade de Aveiro, com uma tese sobre a velhice na cultura contempor\u00e2nea. Mestre em Arte e Educa\u00e7\u00e3o pela Universidade Aberta e licenciada em Anima\u00e7\u00e3o Socioeducativa pelo Instituto Polit\u00e9cnico de Coimbra. \u00c9 professora adjunta na Escola Superior de Educa\u00e7\u00e3o e Ci\u00eancias Sociais do Instituto Polit\u00e9cnico de Leiria e investigadora integrada no CICS.NOVA.IPLeiria. Tem escrito diversos artigos e cap\u00edtulos de livros, especialmente sobre velhice, \u00f3cio, lazer, cultura, acessibilidade, anima\u00e7\u00e3o cultural e interven\u00e7\u00e3o social. Membro fundador e vice-presidente da atual dire\u00e7\u00e3o da Rede Iberoamericana de Anima\u00e7\u00e3o Sociocultural \u2013 Portugal. \u00c9 tamb\u00e9m membro da IRENNE \u2013 Associa\u00e7\u00e3o de Investiga\u00e7\u00e3o, Preven\u00e7\u00e3o e Combate \u00e0 Viol\u00eancia e Exclus\u00e3o e do NECO \u2013 N\u00facleo de Estudos em Cultura e \u00d3cio da Universidade de Aveiro.<br><br>\n<em>Email:<\/em> <a href=\"mailto:jenny.sousa@ipleiria.pt\">jenny.sousa@ipleiria.pt<\/a>\n<\/td>\n<\/tr>\n<tr>\n<td valign=\"top\" width=\"150px;\"><img loading=\"lazy\" decoding=\"async\" class=\"alignnone size-full wp-image-234\" src=\"http:\/\/sites.ipleiria.pt\/7jornadaseconomiasocial\/files\/2019\/05\/Hugo_Martinez_Seabra.jpg\" alt=\"Hugo Seabra\" width=\"250\" height=\"250\"><\/td>\n<td width=\"500px;\"><strong>Hugo Martinez de Seabra<\/strong> \u00e9 Gestor de Projetos no Programa de Coes\u00e3o e Integra\u00e7\u00e3o Social da Funda\u00e7\u00e3o Calouste Gulbenkian. <br><br>\u00c9 respons\u00e1vel pelas interven\u00e7\u00f5es nos dom\u00ednios das migra\u00e7\u00f5es e pr\u00e1ticas art\u00edsticas para a inclus\u00e3o social. Juntou-se \u00e0 Funda\u00e7\u00e3o em 2005 para apoiar o desenvolvimento de projetos nos dom\u00ednios da integra\u00e7\u00e3o de imigrantes, lan\u00e7ados em 2006 no \u00e2mbito do cinquenten\u00e1rio da Funda\u00e7\u00e3o Gulbenkian. Antes disso, foi consultor na \u00e1rea do Planeamento do Minist\u00e9rio da Justi\u00e7a durante 4 anos. Publicou v\u00e1rios artigos e tr\u00eas livros nos dom\u00ednios das \u201cmigra\u00e7\u00f5es e criminalidade\u201d. <br><br>Tem um Mestrado em Economia e Sociologia Hist\u00f3ricas (Universidade Nova de Lisboa, 2002), tendo, na ocasi\u00e3o, desenvolvido o seu trabalho de terreno num Centro Educativo de Reinser\u00e7\u00e3o Social para jovens delinquentes. <br><br>Tem ainda uma P\u00f3s-Gradua\u00e7\u00e3o em \u201cEtnicidades e Nacionalismos\u201d (Universiteit Van Amsterdam, 2000) e uma Licenciatura em Sociologia (Universidade Nova de Lisboa, 1997).<\/td>\n<\/tr>\n<tr>\n<td valign=\"top\" width=\"150px;\"><img loading=\"lazy\" decoding=\"async\" class=\"alignnone size-full wp-image-234\" src=\"http:\/\/sites.ipleiria.pt\/7jornadaseconomiasocial\/files\/2019\/05\/Paulo_Teixeira-.jpg\" alt=\"Paulo Teixeira\" width=\"250\" height=\"250\"><\/td>\n<td width=\"500px;\"><strong>Paulo Teixeira<\/strong> \u00e9 mestre em Planeamento e Avalia\u00e7\u00e3o de Processos de Desenvolvimento e Licenciado em Sociologia e Planeamento pelo Instituto Superior de Ci\u00eancias do Trabalho e da Empresa (ISCTE). Possui uma vasta e multifacetada experi\u00eancia profissional, tendo trabalhado para ONGs, na coordena\u00e7\u00e3o de equipas de projetos de interven\u00e7\u00e3o, e para o Estado, no planeamento e acompanhamento da implementa\u00e7\u00e3o de Programas Nacionais (nomeadamente o Programa Rede Social, no extinto IDS \u2013 Instituto para o Desenvolvimento Social e posteriormente no Instituto de Seguran\u00e7a Social).<br><br>\nExerce atualmente as fun\u00e7\u00f5es de consultor e formador em Autarquias, IPSSs, ONGs e outras institui\u00e7\u00f5es p\u00fablicas e privadas (com e sem fins lucrativos), nas \u00e1reas do planeamento, gest\u00e3o e avalia\u00e7\u00e3o de programas e projetos, planeamento estrat\u00e9gico territorial, lideran\u00e7a e gest\u00e3o de equipas, mudan\u00e7a organizacional, comunica\u00e7\u00e3o e marketing organizacional, sustentabilidade das Organiza\u00e7\u00f5es Sem Fins Lucrativos e sistemas de avalia\u00e7\u00e3o de desempenho.<br><br>\nIntegrou ainda a Dire\u00e7\u00e3o da Sociedade Europeia de Avalia\u00e7\u00e3o (European Evaluation Society \u2013 EES), \u00e9 membro da Sociedade Americana de Avaliadores, foi coordenador do N\u00facleo de Lisboa da Rede Europeia Anti-Pobreza (EAPN Portugal) e fundou a Logframe \u2013 Consultoria e Forma\u00e7\u00e3o, Lda, de que \u00e9 s\u00f3cio-gerente.<br><br>\nColabora com organiza\u00e7\u00f5es do Ensino Superior nas \u00e1reas da avalia\u00e7\u00e3o, planeamento e inova\u00e7\u00e3o social, nomeadamente com a Universidade Cat\u00f3lica Portuguesa, na licenciatura e mestrado em Servi\u00e7o Social e em diversas P\u00f3s-Gradua\u00e7\u00f5es.. <br><br>\nNeste momento abra\u00e7ou o desafio do doutoramento em Ci\u00eancias da Comunica\u00e7\u00e3o e lan\u00e7ou a BUZZ \u2013 Ag\u00eancia de Comunica\u00e7\u00e3o para a Economia Social.<br><br>\n\u00c9, ainda, co-autor dos livros \u201cMAPA \u2013 Manual de Planeamento e Avalia\u00e7\u00e3o de Projectos\u201d, \u201cMAPA \u2013 Manual de Facilita\u00e7\u00e3o para a Gest\u00e3o de Eventos e Processos Participativos\u201d e \u201cGest\u00e3o de Organiza\u00e7\u00f5es Sem Fins Lucrativos \u2013 o desafio da Inova\u00e7\u00e3o Social\u201d, possui um vasto n\u00famero de artigos publicados em revistas t\u00e9cnicas e tem vindo a apresentar um conjunto alargado de papers em confer\u00eancias internacionais na \u00e1rea da avalia\u00e7\u00e3o.<\/td>\n<\/tr>\n<tr>\n<td valign=\"top\" width=\"150px;\"><img loading=\"lazy\" decoding=\"async\" class=\"alignnone size-full wp-image-350\" src=\"http:\/\/sites.ipleiria.pt\/7jornadaseconomiasocial\/files\/2019\/05\/Jorge_Oliveira.jpg\" alt=\"Jorge Oliceira\" width=\"250\" height=\"250\"><\/td>\n<td width=\"500px;\"><strong>Jorge Manuel Marques de Oliveira<\/strong>, a n\u00edvel acad\u00e9mico efetuou a Licenciatura em Enfermagem na Comunidade, tendo posteriormente realizado o Curso Superior de Gest\u00e3o e Administra\u00e7\u00e3o de Empresas.\nPosteriormente concluiu o Doutoramento em Ci\u00eancias Socias na \u00e1rea de Psicopedagogia Criativa.<br><br>\nParalelamente efetuou o Curso Profissional de Teatro na Seiva Trupe.<br><br>\nEm 1994 fundou a Associa\u00e7\u00e3o para apoio \u00e0 Integra\u00e7\u00e3o Social e Comunit\u00e1ria- espa\u00e7o t \u201c www.espacot.pt\u201d, que tem por miss\u00e3o a integra\u00e7\u00e3o social e comunit\u00e1ria de pessoas com problemas atrav\u00e9s da utiliza\u00e7\u00e3o de pr\u00e1ticas art\u00edsticas, sendo at\u00e9 esta data Presidente\/Diretor da mesma.<br><br>\nFoi um dos fundadores da Federa\u00e7\u00e3o Portuguesa de Clubes e Centros UNESCO \u2013 FPACU, tendo sido Presidente da mesma durante os primeiros 6 anos da usa exist\u00eancia.\nA n\u00edvel Internacional foi membro efetivo do Conselho Executivo da Federa\u00e7\u00e3o Europeia de Clubes e Centros UNESCO, durante 4 anos, representando Portugal a n\u00edvel Europeu e Mundial na rede de Clubes e Centros UNESCO.<br><br>\nAtualmente faz parte do Conselho Consultivo da Comiss\u00e3o Nacional da UNESCO, em representa\u00e7\u00e3o da rede de Clubes e Centros UNESCO e da rede de escolas associadas UNESCO.<br><br>\nParticipou em in\u00fameros congressos, confer\u00eancias como orador, quer a n\u00edvel Nacional quer a n\u00edvel Internacional.<br><br>\nAutor do livro \u201c Os ditos Normais \u201d editado pela Minerva.\nAtualmente exerce tamb\u00e9m fun\u00e7\u00f5es de Diretor do Servi\u00e7o de Gest\u00e3o do Conhecimento no Hospital Pedro Hispano.<\/td>\n<\/tr>\n<tr>\n<td valign=\"top\" width=\"150px;\"><img loading=\"lazy\" decoding=\"async\" class=\"alignnone size-full wp-image-345\" src=\"http:\/\/sites.ipleiria.pt\/7jornadaseconomiasocial\/files\/2019\/05\/Jorge_Cardinali.jpg\" alt=\"Jorge Cardinali\" width=\"250\" height=\"250\"><\/td>\n<td width=\"500px;\"><strong>Jorge Cardinali<\/strong> \u00e9 atualmente mediador de pares no projeto Giros na Rua, promovido pela InPulsar \u2013 Associa\u00e7\u00e3o para o Desenvolvimento Comunit\u00e1rio.\u00c9 tamb\u00e9m artista de circo e animador.\n\u00c9 associado por iner\u00eancia e pertence ao Conselho Local de Cidad\u00e3os do N\u00facleo Distrital de Leiria da EAPN \u2013 Rede Europeia Anti-Pobreza \/ Portugal, sendo ainda, vice-presidente da Mesa do Conselho Geral deste n\u00facleo. Integra a Pe\u00e7a de Teatro Todos Somos Um!, desde a sua cria\u00e7\u00e3o, em 2015, desenvolvida no \u00e2mbito da Campanha Despir os Preconceitos, Vestir a Inclus\u00e3o, promovida pela EAPN Portugal.<\/td>\n<\/tr>\n<tr>\n<td valign=\"top\" width=\"150px;\"><img loading=\"lazy\" decoding=\"async\" class=\"alignnone size-full wp-image-345\" src=\"http:\/\/sites.ipleiria.pt\/7jornadaseconomiasocial\/files\/2019\/05\/Sandrina_Milhano.jpg\" alt=\"Sandrina Milhano\" width=\"250\" height=\"250\"><\/td>\n<td width=\"500px;\"><strong>Sandrina Milhano<\/strong> \u00e9 professora na Escola Superior de Educa\u00e7\u00e3o e Ci\u00eancias Sociais do Polit\u00e9cnico de Leiria. \u00c9 PhD em M\u00fasica e Educa\u00e7\u00e3o pela Roehampton University (UK) e mestre em Arts of Music Education (UK). Licenciada em Ci\u00eancias Musicais, com p\u00f3s-licenciatura em forma\u00e7\u00e3o educacional (Faculdade de Ci\u00eancias Sociais e Humanas \u2013 UNovaL) e Diploma de Estudos Avan\u00e7ados em M\u00fasica (U Salamanca). Det\u00e9m o T\u00edtulo de Especialista em Forma\u00e7\u00e3o de Educadores de Inf\u00e2ncia e Professores do Ensino B\u00e1sico \u2013 dom\u00ednio da M\u00fasica.<br><br>\nDesenvolve as suas atividades de investiga\u00e7\u00e3o e de consultoria t\u00e9cnico-especializada no Ci&amp;DEI &#8211; Centro de Investiga\u00e7\u00e3o em Educa\u00e7\u00e3o e Inova\u00e7\u00e3o (IPLeiria\/IPVC) e no CICS.NOVA.IPLeiria &#8211; Centro Interdisciplinar de Ci\u00eancias Sociais . <br><br>\u00c1reas de interesse: educa\u00e7\u00e3o, m\u00fasica, forma\u00e7\u00e3o de professores, interven\u00e7\u00e3o sociocultural e art\u00edstica, planeamento e gest\u00e3o de projetos, a interse\u00e7\u00e3o entre educa\u00e7\u00e3o &amp;cultura &amp; sociedade, entre outros.<br><br>\nAtualmente, \u00e9 diretora da Escola Superior de Educa\u00e7\u00e3o e Ci\u00eancias Sociais do Polit\u00e9cnico de Leiria.<\/td>\n<\/tr>\n<\/tbody>\n<\/table>\n","protected":false},"excerpt":{"rendered":"<p>Docente, ensa\u00edsta e curador, Paulo Pires do Vale (Bragan\u00e7a, 1973) \u00e9 licenciado e Mestre em Filosofia pela FCSH, Universidade Nova de Lisboa. Leciona na Universidade Cat\u00f3lica Portuguesa, no Departamento de Arquitetura da UAL e na Escola Superior de Educadores de&hellip;  <\/p>\n<p class=\"more-link\"><a href=\"https:\/\/sites.ipleiria.pt\/7jornadaseconomiasocial\/oradores-moderadores\/\">Continue reading <span class=\"meta-nav\">&rarr;<\/span><\/a><\/p>\n","protected":false},"author":102,"featured_media":0,"parent":0,"menu_order":0,"comment_status":"closed","ping_status":"closed","template":"","meta":{"footnotes":""},"class_list":["post-6","page","type-page","status-publish","hentry"],"_links":{"self":[{"href":"https:\/\/sites.ipleiria.pt\/7jornadaseconomiasocial\/wp-json\/wp\/v2\/pages\/6","targetHints":{"allow":["GET"]}}],"collection":[{"href":"https:\/\/sites.ipleiria.pt\/7jornadaseconomiasocial\/wp-json\/wp\/v2\/pages"}],"about":[{"href":"https:\/\/sites.ipleiria.pt\/7jornadaseconomiasocial\/wp-json\/wp\/v2\/types\/page"}],"author":[{"embeddable":true,"href":"https:\/\/sites.ipleiria.pt\/7jornadaseconomiasocial\/wp-json\/wp\/v2\/users\/102"}],"replies":[{"embeddable":true,"href":"https:\/\/sites.ipleiria.pt\/7jornadaseconomiasocial\/wp-json\/wp\/v2\/comments?post=6"}],"version-history":[{"count":27,"href":"https:\/\/sites.ipleiria.pt\/7jornadaseconomiasocial\/wp-json\/wp\/v2\/pages\/6\/revisions"}],"predecessor-version":[{"id":201,"href":"https:\/\/sites.ipleiria.pt\/7jornadaseconomiasocial\/wp-json\/wp\/v2\/pages\/6\/revisions\/201"}],"wp:attachment":[{"href":"https:\/\/sites.ipleiria.pt\/7jornadaseconomiasocial\/wp-json\/wp\/v2\/media?parent=6"}],"curies":[{"name":"wp","href":"https:\/\/api.w.org\/{rel}","templated":true}]}}