{"id":14,"date":"2019-12-12T11:51:38","date_gmt":"2019-12-12T11:51:38","guid":{"rendered":"https:\/\/sites.ipleiria.pt\/4ciead\/?page_id=14"},"modified":"2024-12-10T16:33:00","modified_gmt":"2024-12-10T16:33:00","slug":"programa-geral","status":"publish","type":"page","link":"https:\/\/sites.ipleiria.pt\/IIIJIPEPS\/programa-geral\/","title":{"rendered":"Programa Geral"},"content":{"rendered":"\n<p><strong>13 de dezembro<\/strong> &#8211; sexta-feira<\/p>\n\n\n\n<p>09:00 \u2013 Recep\u00e7\u00e3o e Inscri\u00e7\u00f5es<\/p>\n\n\n\n<p><strong>10:00<\/strong> \u2013 Sess\u00e3o de Abertura | Pedro Morou\u00e7o <br>Sess\u00e3o Inaugural <br>Audit\u00f3rio 1<\/p>\n\n\n\n<p><strong>10:30<\/strong> \u2013 Confer\u00eancia 1 | Tom\u00e1s Garc\u00eda Calvo<br>Universidade da Extremadura, Espanha<br><strong>Tema:<\/strong> <em>O papel das institui\u00e7\u00f5es de ensino na promo\u00e7\u00e3o da atividade f\u00edsica e da sa\u00fade<\/em><br>Moderador: Rog\u00e9rio Salvador<br>Audit\u00f3rio 1<\/p>\n\n\n\n<p><strong>11:15<\/strong> \u2013 COFFE BREAK<\/p>\n\n\n\n<p><strong>11:30<\/strong> \u2013 Comunica\u00e7\u00f5es 1<br>Audit\u00f3rio 1<br>Moderadora: Diana Santos<\/p>\n\n\n\n<ol class=\"wp-block-list\" start=\"1\">\n<li>Risco de les\u00f5es osteomusculares relacionadas ao trabalho entre profissionais de sa\u00fade em Unidades de Terapia Intensiva<br>&#8211; <em>Vanda Silva, Cristina In\u00e1cio, Ricardo Picoito, Ezequiel Pessoa, Cristina Marques-Vieira<\/em><\/li>\n<\/ol>\n\n\n\n<ol class=\"wp-block-list\" start=\"2\">\n<li>Reabilita\u00e7\u00e3o precoce de indiv\u00edduos com fraqueza muscular adquirida: protocolo de revis\u00e3o sistem\u00e1tica<br>&#8211;<em>Ezequiel Pessoa, Ricardo Picoito, Vanda Silva, Estela Martinho, Cristina Marques-Vieira<\/em><\/li>\n<\/ol>\n\n\n\n<ol class=\"wp-block-list\" start=\"3\">\n<li>Composi\u00e7\u00e3o corporal e funcionalidade em pacientes com transtornos psic\u00f3ticos: A necessidade de exerc\u00edcio f\u00edsico<br>&#8211;<em>Sofia Silva, Dulce Maia, Paula Mota, Eduarda Coelho<\/em><\/li>\n<\/ol>\n\n\n\n<ol class=\"wp-block-list\" start=\"4\">\n<li>Reabilita\u00e7\u00e3o card\u00edaca na s\u00edndrome coronariana p\u00f3s-aguda: atividade f\u00edsica nas Fases 2 e 3<br>&#8211;<em>Filipa Janu\u00e1rio, Mariana Ferreira Carvalho, Carolina Gon\u00e7alves, Margarida Cabral, Alexandre Antunes<\/em><\/li>\n<\/ol>\n\n\n\n<p><strong>13:00<\/strong> \u2013 Almo\u00e7o<\/p>\n\n\n\n<p><strong>15:00<\/strong> \u2013 Comunica\u00e7\u00f5es 2<br>Audit\u00f3rio 1<br>Moderador: Raul Antunes<\/p>\n\n\n\n<ol class=\"wp-block-list\" start=\"1\">\n<li>Explorando as diferen\u00e7as rurais-urbanas na mobilidade, fun\u00e7\u00e3o executiva e cognitiva entre adultos mais velhos<br>&#8211;<em>Catarina F. Martins, J\u00e9ssica Carvalho, Lara Carneiro, Maria P. Mota<\/em><\/li>\n<\/ol>\n\n\n\n<ol class=\"wp-block-list\" start=\"2\">\n<li>Atividade f\u00edsica, ansiedade, depress\u00e3o e imagem corporal em indiv\u00edduos trans: um estudo explorat\u00f3rio<br>&#8211;<em>Joana Oliveira, Diogo Monteiro, Miguel Jacinto, Rui Matos, Nuno Amaro, Ra\u00fal Antunes<\/em><\/li>\n<\/ol>\n\n\n\n<ol class=\"wp-block-list\" start=\"3\">\n<li>Influ\u00eancia da pr\u00e1tica de modalidades esportivas na qualidade de vida e no bem-estar de indiv\u00edduos com defici\u00eancia intelectual e de desenvolvimento<br>&#8211;<em>Susana Diz, Aldo M. Costa, Miguel Jacinto, Nuno Amaro, Rui Matos, Ra\u00fal Antunes<\/em><\/li>\n<\/ol>\n\n\n\n<ol class=\"wp-block-list\" start=\"4\">\n<li>Aptid\u00e3o f\u00edsica, compet\u00eancia motora e qualidade de vida em jovens com DDI: Programa de interven\u00e7\u00e3o na modalidade futebol<br>&#8211;<em>V\u00e2nia Cosme, Rui Matos, Ra\u00fal Antunes<\/em><\/li>\n<\/ol>\n\n\n\n<p><strong>16:15<\/strong> \u2013 Coffee Break<\/p>\n\n\n\n<p><strong>16:30<\/strong> \u2013 Confer\u00eancia 2 | C\u00e9sar Chaves Oliveira<br>Instituto Polit\u00e9cnico de Viana do Castelo, Portugal<br><strong>Tema:<\/strong> <em>O que fazer e o que n\u00e3o fazer nos exerc\u00edcios com pacientes com diabetes tipo 2<\/em><br>Moderador: Filipe Rodrigues<br>Audit\u00f3rio 1<\/p>\n\n\n\n<p><strong>14 de dezembro &#8211; s\u00e1bado<\/strong><\/p>\n\n\n\n<p><strong>10:00<\/strong> \u2013 Comunica\u00e7\u00f5es 3<br>Audit\u00f3rio 1<br>Moderador: Miguel Jacinto<\/p>\n\n\n\n<ol class=\"wp-block-list\" start=\"1\">\n<li>Melhorar a sa\u00fade, a qualidade de vida e o bem-estar: o papel do exerc\u00edcio f\u00edsico em idosos<br>&#8211;<em>Carolina Alexandra Cabo, M\u00e1rio Cunha Espada, Jos\u00e9 Alberto Parra\u00e7a, Orlando Fernandes<\/em><\/li>\n<\/ol>\n\n\n\n<ol class=\"wp-block-list\" start=\"2\">\n<li>Impacto do treino sens\u00f3rio-motor nas capacidades f\u00edsicas dos idosos<br>&#8211;<em>Carolina Alexandra Cabo, Orlando Fernandes, M\u00e1rio Cunha Espada, V\u00edctor Hern\u00e1ndez-Beltr\u00e1n, Sara Santos, Jos\u00e9 Alberto Parra\u00e7a<\/em><br><\/li>\n\n\n\n<li>Esfor\u00e7o percebido e capacidade pulmonar dos pilotos da avia\u00e7\u00e3o da For\u00e7a A\u00e9rea Portuguesa ap\u00f3s 12 semanas de treino de Yoga no local de trabalho<br>&#8211;<em>Sara Santos, Orlando Fernandes, Carolina A. Cabo, M\u00e1rio Espada, Filipe Melo, Jos\u00e9 A. Parra\u00e7a<\/em><\/li>\n<\/ol>\n\n\n\n<ol class=\"wp-block-list\" start=\"4\">\n<li>O efeito de um programa de exerc\u00edcios f\u00edsicos multicomponentes em idosos institucionalizados com hipertens\u00e3o<br>&#8211;<em>Elisabete Silva, Raul Antunes, Filipe Rodrigues<\/em><\/li>\n<\/ol>\n\n\n\n<p><strong>11:15<\/strong> \u2013 Coffee Break<\/p>\n\n\n\n<p><strong>11:30<\/strong> \u2013 Confer\u00eancia 2 | Jos\u00e9 Vila\u00e7a Alves<br>Universidade de Tr\u00e1s-os-Montes e Alto Douro, Portugal<br><strong>Tema:<\/strong> <em>Tele-exerc\u00edcio para pacientes com c\u00e2ncer de mama durante tratamento quimioter\u00e1pico<\/em><br>Moderador: Ricardo Rebelo-Gon\u00e7alves<br>Audit\u00f3rio 1<\/p>\n\n\n\n<p><strong>12:30<\/strong> \u2013 Sess\u00e3o de encerramento<\/p>\n\n\n\n<p><\/p>\n\n\n\n<p class=\"has-white-color has-black-background-color has-text-color has-background has-link-color wp-elements-864463ab0d5ca4cac4105ae5dd5db7ba\">ORADORES<\/p>\n\n\n\n<hr class=\"wp-block-separator has-alpha-channel-opacity\"\/>\n\n\n\n<p><strong>Prof. Dr. C\u00e9sar Chaves de Oliveira \u2013 Instituto Polit\u00e9cnico de Viana do Castelo, Portugal.<\/strong><br><strong>Tema:<\/strong> Do\u2019s and Don\u2019ts of Exercise with Type 2 Diabetes Patients<\/p>\n\n\n\n<div class=\"wp-block-columns is-layout-flex wp-container-core-columns-is-layout-1 wp-block-columns-is-layout-flex\">\n<div class=\"wp-block-column is-layout-flow wp-block-column-is-layout-flow\" style=\"flex-basis:33.33%\">\n<figure class=\"wp-block-image size-large\"><img loading=\"lazy\" decoding=\"async\" width=\"576\" height=\"1024\" src=\"http:\/\/sites.ipleiria.pt\/IIIJIPEPS\/files\/2024\/12\/unnamed-576x1024.jpg\" alt=\"\" class=\"wp-image-1096\" srcset=\"https:\/\/sites.ipleiria.pt\/IIIJIPEPS\/files\/2024\/12\/unnamed-576x1024.jpg 576w, https:\/\/sites.ipleiria.pt\/IIIJIPEPS\/files\/2024\/12\/unnamed-169x300.jpg 169w, https:\/\/sites.ipleiria.pt\/IIIJIPEPS\/files\/2024\/12\/unnamed-768x1365.jpg 768w, https:\/\/sites.ipleiria.pt\/IIIJIPEPS\/files\/2024\/12\/unnamed-864x1536.jpg 864w, https:\/\/sites.ipleiria.pt\/IIIJIPEPS\/files\/2024\/12\/unnamed.jpg 1125w\" sizes=\"auto, (max-width: 576px) 100vw, 576px\" \/><\/figure>\n<\/div>\n\n\n\n<div class=\"wp-block-column is-layout-flow wp-block-column-is-layout-flow\" style=\"flex-basis:66.66%\">\n<p>Professor adjunto na Escola Superior de Desporto e Lazer, do Instituto Polit\u00e9cnico de Viana do Castelo, Portugal;<br>Coordenador do mestrado em Fisiologia do Exerc\u00edcio e Promo\u00e7\u00e3o da Sa\u00fade (ESDL-IPVC);<br>Formador na Manz Produ\u00e7\u00f5es;<br>Palestrante, autor e co-autor de v\u00e1rios artigos, livros e cap\u00edtulos de livros, nas \u00e1reas do Fitness e do Exerc\u00edcio F\u00edsico e Sa\u00fade;<br>Membro do SPRINT Sport Physical Activity and Health Research &amp; Innovation Center \/ Centro de Investiga\u00e7\u00e3o e Inova\u00e7\u00e3o em Desporto Atividade F\u00edsica e Sa\u00fade, Portugal;<br>Doutorado em Atividade F\u00edsica e Sa\u00fade pela Faculdade de Ci\u00eancias do Desporto da Universidade do Porto, Portugal.&#8221;<\/p>\n\n\n\n<p><\/p>\n<\/div>\n<\/div>\n\n\n\n<hr class=\"wp-block-separator has-alpha-channel-opacity\"\/>\n\n\n\n<p><strong>Jos\u00e9 Vila\u00e7a-Alves, PhD<\/strong> &nbsp;\u2013&nbsp;<strong>Universidade de Tr\u00e1s-os-Montes e Alto Douro, Portugal.<\/strong><\/p>\n\n\n\n<div class=\"wp-block-columns is-layout-flex wp-container-core-columns-is-layout-2 wp-block-columns-is-layout-flex\">\n<div class=\"wp-block-column is-layout-flow wp-block-column-is-layout-flow\" style=\"flex-basis:33.33%\"><div class=\"wp-block-image\">\n<figure class=\"alignright size-full is-resized\"><img loading=\"lazy\" decoding=\"async\" width=\"378\" height=\"519\" src=\"http:\/\/sites.ipleiria.pt\/IIIJIPEPS\/files\/2024\/09\/Imagem1.jpg\" alt=\"\" class=\"wp-image-1078\" style=\"width:265px;height:auto\" srcset=\"https:\/\/sites.ipleiria.pt\/IIIJIPEPS\/files\/2024\/09\/Imagem1.jpg 378w, https:\/\/sites.ipleiria.pt\/IIIJIPEPS\/files\/2024\/09\/Imagem1-218x300.jpg 218w\" sizes=\"auto, (max-width: 378px) 100vw, 378px\" \/><\/figure><\/div><\/div>\n\n\n\n<div class=\"wp-block-column is-layout-flow wp-block-column-is-layout-flow\" style=\"flex-basis:66.66%\">\n<p>Professor Auxiliar da Universidade Tr\u00e1s-os-Montes e Alto Douro, Vila Real, Portugal&nbsp;<br>Investigador do Centro de Investiga\u00e7\u00e3o em Ci\u00eancias do Desporto, Sa\u00fade e Desenvolvimento Humano, Vila Real, Portugal&nbsp;<\/p>\n\n\n\n<p>Mais de 80 artigos publicados em revistas indexadas na \u00e1rea do Desporto, Exerc\u00edcio e Sa\u00fade&nbsp;<br>Preletor em v\u00e1rias p\u00f3s-gradua\u00e7\u00f5es, cursos de especializa\u00e7\u00e3o avan\u00e7ada e eventos nacionais e internacionais na \u00e1rea do exerc\u00edcio f\u00edsico para a performance e sa\u00fade&nbsp;<br>Experi\u00eancia profissional como Diretor t\u00e9cnico, Personal Training em academias e Health Centers.<br><strong>Tema:<\/strong> &#8220;<em>Tele-exerc\u00edcio no cancro da mama no per\u00edodo de tratamento com Quimioterapia\u201d<\/em><\/p>\n<\/div>\n<\/div>\n\n\n\n<hr class=\"wp-block-separator has-alpha-channel-opacity\"\/>\n\n\n\n<p><strong>Tom\u00e1s Garc\u00eda Calvo<\/strong> &#8211;<strong> <\/strong>Decano de la Facultad de Ciencias del Deporte UEX<br>Tema: <em>Importancia de los centros educativos como promotores de actividad f\u00edsica y salud<\/em><\/p>\n\n\n\n<div class=\"wp-block-columns is-layout-flex wp-container-core-columns-is-layout-3 wp-block-columns-is-layout-flex\">\n<div class=\"wp-block-column is-layout-flow wp-block-column-is-layout-flow\" style=\"flex-basis:66.66%\">\n<p>Tom\u00e1s Garc\u00eda Calvo es catedr\u00e1tico de la universidad de Extremadura, siendo actualmente el decano de la Facultad de ciencias del Deporte en dicha universidad (<a href=\"https:\/\/eur02.safelinks.protection.outlook.com\/?url=https%3A%2F%2Fccdeporte.unex.es%2F&amp;data=05%7C02%7Cjoao.pinheiro%40ipleiria.pt%7C59969431b2194bc6bf8608dcd95f9590%7C536b85ada4484186a9afe3ccad3302c5%7C0%7C0%7C638624251768087039%7CUnknown%7CTWFpbGZsb3d8eyJWIjoiMC4wLjAwMDAiLCJQIjoiV2luMzIiLCJBTiI6Ik1haWwiLCJXVCI6Mn0%3D%7C0%7C%7C%7C&amp;sdata=SBxUoCaxzXeBwoRlaficET01xBM2BnEtblDtOMIea9M%3D&amp;reserved=0\" target=\"_blank\" rel=\"noreferrer noopener\">https:\/\/ccdeporte.unex.es\/<\/a>). Es director del grupo de investigaci\u00f3n ACAFYDE que desarrolla su labor en torno a diferentes tem\u00e1ticas vinculadas a la importancia de los procesos psicosociales y cognitivos para el rendimiento y la salud. Es autor de m\u00e1s de 200 publicaciones cient\u00edficas y ponente en numerosos congresos (<a href=\"https:\/\/eur02.safelinks.protection.outlook.com\/?url=https%3A%2F%2Forcid.org%2F0000-0002-2550-418X&amp;data=05%7C02%7Cjoao.pinheiro%40ipleiria.pt%7C59969431b2194bc6bf8608dcd95f9590%7C536b85ada4484186a9afe3ccad3302c5%7C0%7C0%7C638624251768102159%7CUnknown%7CTWFpbGZsb3d8eyJWIjoiMC4wLjAwMDAiLCJQIjoiV2luMzIiLCJBTiI6Ik1haWwiLCJXVCI6Mn0%3D%7C0%7C%7C%7C&amp;sdata=toU0XU0dsx4d1zIbCBM7i9IvDv%2BGniJ4ukKBT5Ahl58%3D&amp;reserved=0\" target=\"_blank\" rel=\"noreferrer noopener\">https:\/\/orcid.org\/0000-0002-2550-418X<\/a>). Actualmente es el Presidente de la Asociaci\u00f3n Espa\u00f1ola de Ciencias del Deporte (<a href=\"https:\/\/eur02.safelinks.protection.outlook.com\/?url=https%3A%2F%2Fcienciadeporte.com%2F&amp;data=05%7C02%7Cjoao.pinheiro%40ipleiria.pt%7C59969431b2194bc6bf8608dcd95f9590%7C536b85ada4484186a9afe3ccad3302c5%7C0%7C0%7C638624251768115029%7CUnknown%7CTWFpbGZsb3d8eyJWIjoiMC4wLjAwMDAiLCJQIjoiV2luMzIiLCJBTiI6Ik1haWwiLCJXVCI6Mn0%3D%7C0%7C%7C%7C&amp;sdata=uhNnSXSSfP5SY3v94eEDlH14klveKG%2FipFzb%2BO%2FT4sw%3D&amp;reserved=0\" target=\"_blank\" rel=\"noreferrer noopener\">https:\/\/cienciadeporte.com\/<\/a>)<\/p>\n<\/div>\n\n\n\n<div class=\"wp-block-column is-layout-flow wp-block-column-is-layout-flow\" style=\"flex-basis:33.33%\">\n<figure class=\"wp-block-image size-full\"><img loading=\"lazy\" decoding=\"async\" width=\"692\" height=\"692\" src=\"https:\/\/sites.ipleiria.pt\/IIIJIPEPS\/files\/2024\/10\/foto.jpg\" alt=\"\" class=\"wp-image-1083\" srcset=\"https:\/\/sites.ipleiria.pt\/IIIJIPEPS\/files\/2024\/10\/foto.jpg 692w, https:\/\/sites.ipleiria.pt\/IIIJIPEPS\/files\/2024\/10\/foto-300x300.jpg 300w, https:\/\/sites.ipleiria.pt\/IIIJIPEPS\/files\/2024\/10\/foto-150x150.jpg 150w\" sizes=\"auto, (max-width: 692px) 100vw, 692px\" \/><\/figure>\n<\/div>\n<\/div>\n","protected":false},"excerpt":{"rendered":"<p>13 de dezembro &#8211; sexta-feira 09:00 \u2013 Recep\u00e7\u00e3o e Inscri\u00e7\u00f5es 10:00 \u2013 Sess\u00e3o de Abertura | Pedro Morou\u00e7o Sess\u00e3o Inaugural Audit\u00f3rio 1 10:30 \u2013 Confer\u00eancia 1 | Tom\u00e1s Garc\u00eda CalvoUniversidade da Extremadura, EspanhaTema: O papel das institui\u00e7\u00f5es de ensino na&hellip;  <\/p>\n<p class=\"more-link\"><a href=\"https:\/\/sites.ipleiria.pt\/IIIJIPEPS\/programa-geral\/\">Continue reading <span class=\"meta-nav\">&rarr;<\/span><\/a><\/p>\n","protected":false},"author":102,"featured_media":0,"parent":0,"menu_order":0,"comment_status":"closed","ping_status":"closed","template":"","meta":{"footnotes":""},"class_list":["post-14","page","type-page","status-publish","hentry"],"_links":{"self":[{"href":"https:\/\/sites.ipleiria.pt\/IIIJIPEPS\/wp-json\/wp\/v2\/pages\/14","targetHints":{"allow":["GET"]}}],"collection":[{"href":"https:\/\/sites.ipleiria.pt\/IIIJIPEPS\/wp-json\/wp\/v2\/pages"}],"about":[{"href":"https:\/\/sites.ipleiria.pt\/IIIJIPEPS\/wp-json\/wp\/v2\/types\/page"}],"author":[{"embeddable":true,"href":"https:\/\/sites.ipleiria.pt\/IIIJIPEPS\/wp-json\/wp\/v2\/users\/102"}],"replies":[{"embeddable":true,"href":"https:\/\/sites.ipleiria.pt\/IIIJIPEPS\/wp-json\/wp\/v2\/comments?post=14"}],"version-history":[{"count":13,"href":"https:\/\/sites.ipleiria.pt\/IIIJIPEPS\/wp-json\/wp\/v2\/pages\/14\/revisions"}],"predecessor-version":[{"id":1113,"href":"https:\/\/sites.ipleiria.pt\/IIIJIPEPS\/wp-json\/wp\/v2\/pages\/14\/revisions\/1113"}],"wp:attachment":[{"href":"https:\/\/sites.ipleiria.pt\/IIIJIPEPS\/wp-json\/wp\/v2\/media?parent=14"}],"curies":[{"name":"wp","href":"https:\/\/api.w.org\/{rel}","templated":true}]}}