{"id":16,"date":"2019-12-12T11:52:01","date_gmt":"2019-12-12T11:52:01","guid":{"rendered":"https:\/\/sites.ipleiria.pt\/4ciead\/?page_id=16"},"modified":"2024-12-07T16:27:00","modified_gmt":"2024-12-07T16:27:00","slug":"general-program","status":"publish","type":"page","link":"https:\/\/sites.ipleiria.pt\/IIIJIPEPS\/en\/general-program\/","title":{"rendered":"General Program"},"content":{"rendered":"\n<p><strong>December 13th<\/strong> &#8211; Friday<\/p>\n\n\n\n<p>09:00 \u2013 Reception and Registration<\/p>\n\n\n\n<p><strong>10:00<\/strong> \u2013 Opening Session | Pedro Morou\u00e7o<br>Initial Statement<br><em>Auditorium 1<\/em><\/p>\n\n\n\n<p><strong>10:30<\/strong> \u2013 Conference 1 | Tom\u00e1s Garc\u00eda Calvo<br>University of Extremadura, Spain<br><strong>Theme: <\/strong><em>The role of educational institutions in promoting physical activity and health<\/em><br>Moderator: Rog\u00e9rio Salvador<br>Auditorium 1<\/p>\n\n\n\n<p><strong>11:15<\/strong> \u2013 COFFE BREAK<\/p>\n\n\n\n<p><strong>11:30<\/strong> \u2013 Oral Communications 1<br>Auditorium 1<br>Moderator: Diana Santos<\/p>\n\n\n\n<ol class=\"wp-block-list\" start=\"1\">\n<li>Risk of musculoskeletal injuries related to work among healthcare professionals in Intensive Care Units<br>&#8211; <em>Vanda Silva, Cristina In\u00e1cio, Ricardo Picoito, Ezequiel Pessoa, Cristina Marques-Vieira<\/em><\/li>\n<\/ol>\n\n\n\n<ol class=\"wp-block-list\" start=\"2\">\n<li>Early rehabilitation of individuals with acquired muscle weakness: A systematic review protocol<br>&#8211;<em>Ezequiel Pessoa, Ricardo Picoito, Vanda Silva, Estela Martinho, Cristina Marques-Vieira<\/em><\/li>\n<\/ol>\n\n\n\n<ol class=\"wp-block-list\" start=\"3\">\n<li>Body composition and functionality in patients with psychotic disorders: The necessity of physical exercise<br>&#8211;<em>Sofia Silva, Dulce Maia, Paula Mota, Eduarda Coelho<\/em><\/li>\n<\/ol>\n\n\n\n<ol class=\"wp-block-list\" start=\"4\">\n<li>Cardiac rehabilitation in post-acute coronary syndrome: physical activity in Phase 2 and 3<br>&#8211;<em>Filipa Janu\u00e1rio, Mariana Ferreira Carvalho, Carolina Gon\u00e7alves, Margarida Cabral, Alexandre Antunes<\/em><\/li>\n<\/ol>\n\n\n\n<p><strong>13:00<\/strong> \u2013 Lunch<\/p>\n\n\n\n<p><strong>15:00<\/strong> \u2013 Oral Communications 2<br>Auditorium 1<br>Moderator: Raul Antunes<\/p>\n\n\n\n<ol class=\"wp-block-list\" start=\"1\">\n<li>Exploring rural-urban differences in mobility, executive and cognitive function among older adults<br>&#8211;<em>Catarina F. Martins, J\u00e9ssica Carvalho, Lara Carneiro, Maria P. Mota<\/em><\/li>\n<\/ol>\n\n\n\n<ol class=\"wp-block-list\" start=\"2\">\n<li>Physical activity, anxiety, depression, and body image in trans individuals: An exploratory study<br>&#8211;<em>Joana Oliveira, Diogo Monteiro, Miguel Jacinto, Rui Matos, Nuno Amaro, Ra\u00fal Antunes<\/em><\/li>\n<\/ol>\n\n\n\n<ol class=\"wp-block-list\" start=\"3\">\n<li>Influence of practicing sports modalities on the quality of life and well-being of individuals with intellectual and developmental disabilities<br>&#8211;<em>Susana Diz, Aldo M. Costa, Miguel Jacinto, Nuno Amaro, Rui Matos, Ra\u00fal Antunes<\/em><\/li>\n<\/ol>\n\n\n\n<ol class=\"wp-block-list\" start=\"4\">\n<li>Physical fitness, motor competence, and quality of life in youth with IDD: Intervention program in the football modality<br>&#8211;<em>V\u00e2nia Cosme, Rui Matos, Ra\u00fal Antunes<\/em><\/li>\n<\/ol>\n\n\n\n<p><strong>16:15<\/strong> \u2013 Coffee Break<\/p>\n\n\n\n<p><strong>16:30<\/strong> \u2013 Conference 2 | C\u00e9sar Chaves Oliveira<br>Polytechnic Institute of Viana do Castelo, Portugal<br><strong>Theme: <\/strong><em>Do\u2019s and Don\u2019ts of Exercise with Type 2 Diabetes Patients<\/em><br>Moderator: Filipe Rodrigues<br>Auditorium 1<\/p>\n\n\n\n<p><strong>December 14th<\/strong> &#8211; Saturday<\/p>\n\n\n\n<p><strong>10:00<\/strong> \u2013 Oral Communications 3<br>Auditorium 1<br>Moderator: Miguel Jacinto<\/p>\n\n\n\n<ol class=\"wp-block-list\" start=\"1\">\n<li>Enhancing health, quality of life, and well-being: The role of physical exercise in older adults<br>&#8211;<em>Carolina Alexandra Cabo, M\u00e1rio Cunha Espada, Jos\u00e9 Alberto Parra\u00e7a, Orlando Fernandes<\/em><\/li>\n<\/ol>\n\n\n\n<ol class=\"wp-block-list\" start=\"2\">\n<li>Impact of sensorimotor training on older people&#8217;s physical capabilities<br>&#8211;<em>Carolina Alexandra Cabo, Orlando Fernandes, M\u00e1rio Cunha Espada, V\u00edctor Hern\u00e1ndez-Beltr\u00e1n, Sara Santos, Jos\u00e9 Alberto Parra\u00e7a<\/em><br><\/li>\n\n\n\n<li>Perceived effort and pulmonary capacity of Portuguese Air Force aviation pilots after 12 weeks of workplace Yoga training<br>&#8211;<em>Sara Santos, Orlando Fernandes, Carolina A. Cabo, M\u00e1rio Espada, Filipe Melo, Jos\u00e9 A. Parra\u00e7a<\/em><\/li>\n<\/ol>\n\n\n\n<ol class=\"wp-block-list\" start=\"4\">\n<li>The effect of a multicomponent physical exercise program on institutionalized older adults with hypertension<br>&#8211;<em>Elisabete Silva, Raul Antunes, Filipe Rodrigues<\/em><\/li>\n<\/ol>\n\n\n\n<p><strong>11:15<\/strong> \u2013 Coffee Break<\/p>\n\n\n\n<p><strong>11:30<\/strong> \u2013 Conference 2 | Jos\u00e9 Vila\u00e7a Alves<br>University of Tr\u00e1s-os-Montes e Alto Douro, Portugal<br><strong>Theme:<\/strong> <em>Tele-exercise for breast cancer patients during chemotherapy treatment<\/em><br>Moderator: Ricardo Rebelo-Gon\u00e7alves<br>Auditorium 1<\/p>\n\n\n\n<p><strong>12:30<\/strong> \u2013 Closing session<\/p>\n\n\n\n<p><\/p>\n\n\n\n<p class=\"has-white-color has-black-background-color has-text-color has-background has-link-color wp-elements-0b146f479c3e9da427e53deab73e9120\">SPEAKERS<\/p>\n\n\n\n<hr class=\"wp-block-separator has-alpha-channel-opacity\"\/>\n\n\n\n<p><strong>Prof. Dr. C\u00e9sar Chaves de Oliveira \u2013 Instituto Polit\u00e9cnico de Viana do Castelo, Portugal.<\/strong><br><strong>Theme:<\/strong> Do\u2019s and Don\u2019ts of Exercise with Type 2 Diabetes Patients<\/p>\n\n\n\n<div class=\"wp-block-columns is-layout-flex wp-container-core-columns-is-layout-1 wp-block-columns-is-layout-flex\">\n<div class=\"wp-block-column is-layout-flow wp-block-column-is-layout-flow\" style=\"flex-basis:33.33%\">\n<figure class=\"wp-block-image size-large\"><img loading=\"lazy\" decoding=\"async\" width=\"576\" height=\"1024\" src=\"http:\/\/sites.ipleiria.pt\/IIIJIPEPS\/files\/2024\/12\/unnamed-576x1024.jpg\" alt=\"\" class=\"wp-image-1096\" srcset=\"https:\/\/sites.ipleiria.pt\/IIIJIPEPS\/files\/2024\/12\/unnamed-576x1024.jpg 576w, https:\/\/sites.ipleiria.pt\/IIIJIPEPS\/files\/2024\/12\/unnamed-169x300.jpg 169w, https:\/\/sites.ipleiria.pt\/IIIJIPEPS\/files\/2024\/12\/unnamed-768x1365.jpg 768w, https:\/\/sites.ipleiria.pt\/IIIJIPEPS\/files\/2024\/12\/unnamed-864x1536.jpg 864w, https:\/\/sites.ipleiria.pt\/IIIJIPEPS\/files\/2024\/12\/unnamed.jpg 1125w\" sizes=\"auto, (max-width: 576px) 100vw, 576px\" \/><\/figure>\n<\/div>\n\n\n\n<div class=\"wp-block-column is-layout-flow wp-block-column-is-layout-flow\" style=\"flex-basis:66.66%\">\n<p>Adjunct professor at the Higher School of Sports and Leisure, at the Polytechnic Institute of Viana do Castelo, Portugal; <br>Coordinator of the master&#8217;s degree in Exercise Physiology and Health Promotion (ESDL-IPVC); <br>Trainer at Manz Produ\u00e7\u00f5es; Speaker, author and co-author of several articles, books and book chapters in the areas of Fitness and Physical Exercise and Health; <br>Member of the SPRINT Sport Physical Activity and Health Research &amp; Innovation Center \/ Center for Research and Innovation in Sport Physical Activity and Health, Portugal; <br>PhD in Physical Activity and Health from the Faculty of Sports Sciences of the University of Porto, Portugal.&#8221;<\/p>\n\n\n\n<p><\/p>\n<\/div>\n<\/div>\n\n\n\n<hr class=\"wp-block-separator has-alpha-channel-opacity\"\/>\n\n\n\n<p><strong>Jos\u00e9 Vila\u00e7a-Alves, PhD<\/strong> \u00a0\u2013\u00a0<strong>Universidade de Tr\u00e1s-os-Montes e Alto Douro, Portugal.<\/strong><br><strong>Theme:<\/strong> \u201cTele-exercise in breast cancer during chemotherapy treatment\u201d<\/p>\n\n\n\n<div class=\"wp-block-columns is-layout-flex wp-container-core-columns-is-layout-2 wp-block-columns-is-layout-flex\">\n<div class=\"wp-block-column is-layout-flow wp-block-column-is-layout-flow\" style=\"flex-basis:33.33%\"><div class=\"wp-block-image\">\n<figure class=\"alignright size-full is-resized\"><img loading=\"lazy\" decoding=\"async\" width=\"378\" height=\"519\" src=\"http:\/\/sites.ipleiria.pt\/IIIJIPEPS\/files\/2024\/09\/Imagem1.jpg\" alt=\"\" class=\"wp-image-1078\" style=\"width:265px;height:auto\" srcset=\"https:\/\/sites.ipleiria.pt\/IIIJIPEPS\/files\/2024\/09\/Imagem1.jpg 378w, https:\/\/sites.ipleiria.pt\/IIIJIPEPS\/files\/2024\/09\/Imagem1-218x300.jpg 218w\" sizes=\"auto, (max-width: 378px) 100vw, 378px\" \/><\/figure><\/div><\/div>\n\n\n\n<div class=\"wp-block-column is-layout-flow wp-block-column-is-layout-flow\" style=\"flex-basis:66.66%\">\n<p>Assistant Professor at the University of Tr\u00e1s-os-Montes and Alto Douro, Vila Real, Portugal\u00a0 <br>Researcher at the Research Center for Sports Sciences, Health and Human Development, Vila Real, Portugal\u00a0 <br>More than 80 articles published in indexed journals in the area of \u200b\u200bSport, Exercise and Health\u00a0 Speaker at various postgraduate courses, advanced specialization courses and national and international events in the area of \u200b\u200bphysical exercise for performance and health\u00a0 <br>Professional experience as Technical Director, Personal Training in gyms and Health Centers. <br><br><\/p>\n<\/div>\n<\/div>\n\n\n\n<hr class=\"wp-block-separator has-alpha-channel-opacity\"\/>\n\n\n\n<p><strong>Tom\u00e1s Garc\u00eda Calvo<\/strong> &#8211;<strong> <\/strong>Decano de la Facultad de Ciencias del Deporte UEX<br><strong>Tema:<\/strong> Importance of educational centers as promoters of physical activity and health<\/p>\n\n\n\n<div class=\"wp-block-columns is-layout-flex wp-container-core-columns-is-layout-3 wp-block-columns-is-layout-flex\">\n<div class=\"wp-block-column is-layout-flow wp-block-column-is-layout-flow\" style=\"flex-basis:66.66%\">\n<p>Tom\u00e1s Garc\u00eda Calvo is a professor at the University of Extremadura, and is currently Dean of the Faculty of Sports Sciences at that university (https:\/\/ccdeporte.unex.es\/). He is director of the ACAFYDE research group that develops its work around different themes linked to the importance of psychosocial and cognitive processes for performance and health. He is the author of more than 200 scientific publications and speaker at numerous congresses (https:\/\/orcid.org\/0000-0002-2550-418X). He is currently the President of the Spanish Sports Science Association (https:\/\/cienciadeporte.com\/)<\/p>\n<\/div>\n\n\n\n<div class=\"wp-block-column is-layout-flow wp-block-column-is-layout-flow\" style=\"flex-basis:33.33%\">\n<figure class=\"wp-block-image size-full\"><img loading=\"lazy\" decoding=\"async\" width=\"692\" height=\"692\" src=\"https:\/\/sites.ipleiria.pt\/IIIJIPEPS\/files\/2024\/10\/foto.jpg\" alt=\"\" class=\"wp-image-1083\" srcset=\"https:\/\/sites.ipleiria.pt\/IIIJIPEPS\/files\/2024\/10\/foto.jpg 692w, https:\/\/sites.ipleiria.pt\/IIIJIPEPS\/files\/2024\/10\/foto-300x300.jpg 300w, https:\/\/sites.ipleiria.pt\/IIIJIPEPS\/files\/2024\/10\/foto-150x150.jpg 150w\" sizes=\"auto, (max-width: 692px) 100vw, 692px\" \/><\/figure>\n<\/div>\n<\/div>\n","protected":false},"excerpt":{"rendered":"<p>December 13th &#8211; Friday 09:00 \u2013 Reception and Registration 10:00 \u2013 Opening Session | Pedro Morou\u00e7oInitial StatementAuditorium 1 10:30 \u2013 Conference 1 | Tom\u00e1s Garc\u00eda CalvoUniversity of Extremadura, SpainTheme: The role of educational institutions in promoting physical activity and healthModerator:&hellip;  <\/p>\n<p class=\"more-link\"><a href=\"https:\/\/sites.ipleiria.pt\/IIIJIPEPS\/en\/general-program\/\">Continue reading <span class=\"meta-nav\">&rarr;<\/span><\/a><\/p>\n","protected":false},"author":102,"featured_media":0,"parent":0,"menu_order":0,"comment_status":"closed","ping_status":"closed","template":"","meta":{"footnotes":""},"class_list":["post-16","page","type-page","status-publish","hentry"],"_links":{"self":[{"href":"https:\/\/sites.ipleiria.pt\/IIIJIPEPS\/wp-json\/wp\/v2\/pages\/16","targetHints":{"allow":["GET"]}}],"collection":[{"href":"https:\/\/sites.ipleiria.pt\/IIIJIPEPS\/wp-json\/wp\/v2\/pages"}],"about":[{"href":"https:\/\/sites.ipleiria.pt\/IIIJIPEPS\/wp-json\/wp\/v2\/types\/page"}],"author":[{"embeddable":true,"href":"https:\/\/sites.ipleiria.pt\/IIIJIPEPS\/wp-json\/wp\/v2\/users\/102"}],"replies":[{"embeddable":true,"href":"https:\/\/sites.ipleiria.pt\/IIIJIPEPS\/wp-json\/wp\/v2\/comments?post=16"}],"version-history":[{"count":4,"href":"https:\/\/sites.ipleiria.pt\/IIIJIPEPS\/wp-json\/wp\/v2\/pages\/16\/revisions"}],"predecessor-version":[{"id":1106,"href":"https:\/\/sites.ipleiria.pt\/IIIJIPEPS\/wp-json\/wp\/v2\/pages\/16\/revisions\/1106"}],"wp:attachment":[{"href":"https:\/\/sites.ipleiria.pt\/IIIJIPEPS\/wp-json\/wp\/v2\/media?parent=16"}],"curies":[{"name":"wp","href":"https:\/\/api.w.org\/{rel}","templated":true}]}}