{"id":18,"date":"2019-12-12T11:52:30","date_gmt":"2019-12-12T11:52:30","guid":{"rendered":"https:\/\/sites.ipleiria.pt\/4ciead\/?page_id=18"},"modified":"2024-10-17T10:47:02","modified_gmt":"2024-10-17T10:47:02","slug":"datas-importantes","status":"publish","type":"page","link":"https:\/\/sites.ipleiria.pt\/IIIJIPEPS\/datas-importantes\/","title":{"rendered":"Datas"},"content":{"rendered":"\n<p><strong>.<\/strong> Limite para a submiss\u00e3o de resumos : <strong><s>15 de outubro de 2024<\/s>  &#8211;  1 de Novembro;<\/strong><br><strong>.<\/strong> Notifica\u00e7\u00e3o dos autores: <strong>15 de novembro de 2024<\/strong>;<br><strong>.<\/strong> Inscri\u00e7\u00f5es no congresso: <strong>at\u00e9 10 de dezembro de 2024<\/strong>;<br><strong>.<\/strong> Datas do congresso: <strong>13 a 14 de dezembro de 2024<\/strong>.<\/p>\n","protected":false},"excerpt":{"rendered":"<p>. Limite para a submiss\u00e3o de resumos : 15 de outubro de 2024 &#8211; 1 de Novembro;. Notifica\u00e7\u00e3o dos autores: 15 de novembro de 2024;. Inscri\u00e7\u00f5es no congresso: at\u00e9 10 de dezembro de 2024;. Datas do congresso: 13 a 14&hellip;  <\/p>\n<p class=\"more-link\"><a href=\"https:\/\/sites.ipleiria.pt\/IIIJIPEPS\/datas-importantes\/\">Continue reading <span class=\"meta-nav\">&rarr;<\/span><\/a><\/p>\n","protected":false},"author":102,"featured_media":0,"parent":0,"menu_order":0,"comment_status":"closed","ping_status":"closed","template":"","meta":{"footnotes":""},"class_list":["post-18","page","type-page","status-publish","hentry"],"_links":{"self":[{"href":"https:\/\/sites.ipleiria.pt\/IIIJIPEPS\/wp-json\/wp\/v2\/pages\/18","targetHints":{"allow":["GET"]}}],"collection":[{"href":"https:\/\/sites.ipleiria.pt\/IIIJIPEPS\/wp-json\/wp\/v2\/pages"}],"about":[{"href":"https:\/\/sites.ipleiria.pt\/IIIJIPEPS\/wp-json\/wp\/v2\/types\/page"}],"author":[{"embeddable":true,"href":"https:\/\/sites.ipleiria.pt\/IIIJIPEPS\/wp-json\/wp\/v2\/users\/102"}],"replies":[{"embeddable":true,"href":"https:\/\/sites.ipleiria.pt\/IIIJIPEPS\/wp-json\/wp\/v2\/comments?post=18"}],"version-history":[{"count":4,"href":"https:\/\/sites.ipleiria.pt\/IIIJIPEPS\/wp-json\/wp\/v2\/pages\/18\/revisions"}],"predecessor-version":[{"id":1089,"href":"https:\/\/sites.ipleiria.pt\/IIIJIPEPS\/wp-json\/wp\/v2\/pages\/18\/revisions\/1089"}],"wp:attachment":[{"href":"https:\/\/sites.ipleiria.pt\/IIIJIPEPS\/wp-json\/wp\/v2\/media?parent=18"}],"curies":[{"name":"wp","href":"https:\/\/api.w.org\/{rel}","templated":true}]}}