{"id":22,"date":"2019-12-12T11:53:29","date_gmt":"2019-12-12T11:53:29","guid":{"rendered":"https:\/\/sites.ipleiria.pt\/4ciead\/?page_id=22"},"modified":"2024-10-17T10:45:16","modified_gmt":"2024-10-17T10:45:16","slug":"submissao-de-trabalhos","status":"publish","type":"page","link":"https:\/\/sites.ipleiria.pt\/IIIJIPEPS\/submissao-de-trabalhos\/","title":{"rendered":"Submiss\u00e3o de Trabalhos"},"content":{"rendered":"\n<p>As sess\u00f5es paralelas de comunica\u00e7\u00e3o destinam-se \u00e0 apresenta\u00e7\u00e3o de experi\u00eancias educativas, projetos, trabalhos de investiga\u00e7\u00e3o, ferramentas e materiais dentro dos temas definidos para as <strong><strong><strong>III Jornadas Internacionais em Prescri\u00e7\u00e3o do Exerc\u00edcio e Promo\u00e7\u00e3o da Sa\u00fade<\/strong><\/strong><\/strong>. As sess\u00f5es decorrer\u00e3o em paralelo, em salas previamente indicadas para o efeito. A organiza\u00e7\u00e3o das <strong><strong><strong>III Jornadas Internacionais em Prescri\u00e7\u00e3o do Exerc\u00edcio e Promo\u00e7\u00e3o da Sa\u00fade<\/strong><\/strong><\/strong>&nbsp;convida professores, investigadores, estudantes e t\u00e9cnicos de institui\u00e7\u00f5es\/associa\u00e7\u00f5es a apresentar os seus trabalhos no formato:<\/p>\n\n\n\n<p> &#8211;<\/p>\n\n\n\n<p><strong>Resumo<\/strong><\/p>\n\n\n\n<p>A submiss\u00e3o do\u00a0<strong>resumo<\/strong> dever\u00e1 ocorrer de acordo com o modelo pr\u00e9-definido, apresentado abaixo,\u00a0<strong>n\u00e3o devendo ultrapassar as 300 palavras<\/strong>. O resumo deve conter refer\u00eancia ao tema, objetivos, metodologia utilizada e conclus\u00f5es.\u00a0O resumo do artigo a submeter deve ser enviado at\u00e9 ao dia <strong>1 de Novembro de 2024.<\/strong><\/p>\n\n\n\n<p><strong>Link para modelo de resumo de artigo \u2013 (<a href=\"http:\/\/sites.ipleiria.pt\/IIIJIPEPS\/files\/2024\/07\/Inserir-nome-do-autores-III-JIPEPS_template_resumo.docx\" target=\"_blank\" rel=\"noreferrer noopener\">clique aqui &#8211;&nbsp;Modelo para submiss\u00e3o de resumo<\/a>)<\/strong><\/p>\n\n\n\n<p>Apresenta\u00e7\u00e3o oral (sess\u00f5es paralelas): 15 minutos<\/p>\n\n\n\n<p>Equipamento dispon\u00edvel: PC, projetor, Internet wireless<\/p>\n\n\n\n<hr class=\"wp-block-separator has-text-color has-white-color has-css-opacity has-white-background-color has-background\"\/>\n\n\n\n<hr class=\"wp-block-separator has-text-color has-white-color has-css-opacity has-white-background-color has-background\"\/>\n\n\n\n<p><strong>SUBMISS\u00d5ES <a href=\"https:\/\/cmt3.research.microsoft.com\/JIPEPS2024\/Submission\/index\">AQUI!<\/a><\/strong><\/p>\n\n\n\n<hr class=\"wp-block-separator has-text-color has-white-color has-css-opacity has-white-background-color has-background\"\/>\n\n\n\n<p>_<\/p>\n\n\n\n<p><strong>A Comiss\u00e3o Cient\u00edfica deter-se-\u00e1 sobre:<\/strong><\/p>\n\n\n\n<p>. a adequa\u00e7\u00e3o do trabalho aos temas propostos<br>. a qualidade cient\u00edfica do trabalho<br>. o cumprimento das normas de reda\u00e7\u00e3o<\/p>\n\n\n\n<p>Os resultados desta an\u00e1lise ser\u00e3o comunicados aos autores at\u00e9 dia 15 de novembro de 2024 .<\/p>\n\n\n\n<p><strong>A apresenta\u00e7\u00e3o dos trabalhos aceites, e a sua publica\u00e7\u00e3o em livro de resumos, obriga \u00e0 inscri\u00e7\u00e3o nas jonadas. <\/strong><br>At\u00e9 3 autores, \u00e9 obrigat\u00f3ria a inscri\u00e7\u00e3o de pelo menos um dos autores.&nbsp;<br>Quatro autores implica a inscri\u00e7\u00e3o de, pelo menos, 2 dos autores.&nbsp;<br>Caso o n\u00famero de autores seja superior a 4, implicar\u00e1 a inscri\u00e7\u00e3o de pelo menos 3 autores.<br>S\u00f3 ser\u00e3o emitidos certificados de apresenta\u00e7\u00e3o de comunica\u00e7\u00e3o aos autores inscritos no evento.<\/p>\n\n\n\n<p><\/p>\n\n\n\n<p><\/p>\n","protected":false},"excerpt":{"rendered":"<p>As sess\u00f5es paralelas de comunica\u00e7\u00e3o destinam-se \u00e0 apresenta\u00e7\u00e3o de experi\u00eancias educativas, projetos, trabalhos de investiga\u00e7\u00e3o, ferramentas e materiais dentro dos temas definidos para as III Jornadas Internacionais em Prescri\u00e7\u00e3o do Exerc\u00edcio e Promo\u00e7\u00e3o da Sa\u00fade. As sess\u00f5es decorrer\u00e3o em paralelo,&hellip;  <\/p>\n<p class=\"more-link\"><a href=\"https:\/\/sites.ipleiria.pt\/IIIJIPEPS\/submissao-de-trabalhos\/\">Continue reading <span class=\"meta-nav\">&rarr;<\/span><\/a><\/p>\n","protected":false},"author":102,"featured_media":0,"parent":0,"menu_order":0,"comment_status":"closed","ping_status":"closed","template":"","meta":{"footnotes":""},"class_list":["post-22","page","type-page","status-publish","hentry"],"_links":{"self":[{"href":"https:\/\/sites.ipleiria.pt\/IIIJIPEPS\/wp-json\/wp\/v2\/pages\/22","targetHints":{"allow":["GET"]}}],"collection":[{"href":"https:\/\/sites.ipleiria.pt\/IIIJIPEPS\/wp-json\/wp\/v2\/pages"}],"about":[{"href":"https:\/\/sites.ipleiria.pt\/IIIJIPEPS\/wp-json\/wp\/v2\/types\/page"}],"author":[{"embeddable":true,"href":"https:\/\/sites.ipleiria.pt\/IIIJIPEPS\/wp-json\/wp\/v2\/users\/102"}],"replies":[{"embeddable":true,"href":"https:\/\/sites.ipleiria.pt\/IIIJIPEPS\/wp-json\/wp\/v2\/comments?post=22"}],"version-history":[{"count":6,"href":"https:\/\/sites.ipleiria.pt\/IIIJIPEPS\/wp-json\/wp\/v2\/pages\/22\/revisions"}],"predecessor-version":[{"id":1088,"href":"https:\/\/sites.ipleiria.pt\/IIIJIPEPS\/wp-json\/wp\/v2\/pages\/22\/revisions\/1088"}],"wp:attachment":[{"href":"https:\/\/sites.ipleiria.pt\/IIIJIPEPS\/wp-json\/wp\/v2\/media?parent=22"}],"curies":[{"name":"wp","href":"https:\/\/api.w.org\/{rel}","templated":true}]}}