{"id":26,"date":"2019-12-12T11:54:14","date_gmt":"2019-12-12T11:54:14","guid":{"rendered":"https:\/\/sites.ipleiria.pt\/4ciead\/?page_id=26"},"modified":"2024-07-16T14:24:38","modified_gmt":"2024-07-16T14:24:38","slug":"inscricao","status":"publish","type":"page","link":"https:\/\/sites.ipleiria.pt\/IIIJIPEPS\/inscricao\/","title":{"rendered":"Inscri\u00e7\u00e3o"},"content":{"rendered":"\n<p style=\"font-size:16px\">Com acredita\u00e7\u00e3o:<br>Destinat\u00e1rios: Treinadores, T\u00e9cnicos de Exerc\u00edcio F\u00edsico, Diretores T\u00e9cnicos e Professores de Educa\u00e7\u00e3o F\u00edsica.<\/p>\n\n\n\n<figure class=\"wp-block-table\"><table class=\"has-fixed-layout\"><tbody><tr><td><h5 class=\"p3\">Revalida\u00e7\u00e3o dos t\u00edtulos no IPDJ<\/h5><\/td><td> <h5 class=\"p2\">20\u20ac<\/h5><\/td><\/tr><tr><td><h5 class=\"p3\">Professores no dia 13-12-2024 (6h)<\/h5><\/td><td> <h5 class=\"p2\">20\u20ac<\/h5> <\/td><\/tr><tr><td><h5 class=\"p3\">Professores no dia 14-12-2024 (3h)<\/h5><\/td><td> <h5 class=\"p2\">10\u20ac<\/h5> <\/td><\/tr><\/tbody><\/table><\/figure>\n\n\n\n<p><strong>Inscri\u00e7\u00e3o acreditada (<a href=\"http:\/\/eventos.ipleiria.pt\/portal\/eventos?p_id=28283\">aqu\u00ed<\/a>)<\/strong><\/p>\n\n\n\n<p class=\"has-small-font-size\"><strong>*O cancelamento de inscri\u00e7\u00e3o implica a perda total do valor da taxa de inscri\u00e7\u00e3o, n\u00e3o havendo lugar a reembolsos.<\/strong><\/p>\n\n\n\n<p><\/p>\n\n\n\n<p><\/p>\n\n\n\n<p>Sem acredita\u00e7\u00e3o:<\/p>\n\n\n\n<figure class=\"wp-block-table\"><table class=\"has-fixed-layout\"><tbody><tr><td><h5 class=\"p3\">Estudantes e alumni ESECS e IPL<\/h5><\/td><td> <h5 class=\"p2\">15\u20ac<\/h5><\/td><\/tr><tr><td><h5 class=\"p3\">Profissionais e t\u00e9cnicos da Plataforma Litoral da AGAP e da Portugal Ativo<\/h5><\/td><td> <h5 class=\"p2\">20\u20ac<\/h5><\/td><\/tr><tr><td><h5 class=\"p3\">Outros&nbsp;<\/h5><\/td><td> <h5 class=\"p2\">30\u20ac<\/h5> <\/td><\/tr><\/tbody><\/table><\/figure>\n\n\n\n<p><strong>Inscri\u00e7\u00e3o n\u00e3o acreditada (<a href=\"http:\/\/eventos.ipleiria.pt\/portal\/eventos?p_id=28301\">aqu\u00ed<\/a>)<\/strong><\/p>\n\n\n\n<p class=\"has-small-font-size\"><strong>*O cancelamento de inscri\u00e7\u00e3o implica a perda total do valor da taxa de inscri\u00e7\u00e3o, n\u00e3o havendo lugar a reembolsos.<\/strong><\/p>\n\n\n\n<p style=\"font-size:10px\">*Enviar comprovativos para&nbsp;forma\u00e7ao.continua.esecs@ipleiria.pt<\/p>\n\n\n\n<hr class=\"wp-block-separator has-text-color has-white-color has-css-opacity has-white-background-color has-background\"\/>\n\n\n\n<hr class=\"wp-block-separator has-text-color has-white-color has-css-opacity has-white-background-color has-background\"\/>\n\n\n\n<div class=\"wp-block-buttons is-layout-flex wp-block-buttons-is-layout-flex\"><\/div>\n\n\n\n<p><strong>Para mais informa\u00e7\u00f5es<\/strong><br>Helena Rebelo<br>Email:&nbsp;<a href=\"mailto:formacao.continua.esecs@ipleiria.pt\">formacao.continua.esecs@ipleiria.pt<\/a><br>Telefone: <a href=\"http:\/\/244 829 400\">(+351) 244 829 400 | Ext. 100 156<\/a><\/p>\n\n\n\n<p><strong>Termos e Condi\u00e7\u00f5es<\/strong><br>A taxa de inscri\u00e7\u00e3o inclui a assist\u00eancia \u00e0 confer\u00eancia, acesso ao material informativo e aos\u00a0<em>coffee breaks<\/em>.<\/p>\n","protected":false},"excerpt":{"rendered":"<p>Com acredita\u00e7\u00e3o:Destinat\u00e1rios: Treinadores, T\u00e9cnicos de Exerc\u00edcio F\u00edsico, Diretores T\u00e9cnicos e Professores de Educa\u00e7\u00e3o F\u00edsica. Revalida\u00e7\u00e3o dos t\u00edtulos no IPDJ 20\u20ac Professores no dia 13-12-2024 (6h) 20\u20ac Professores no dia 14-12-2024 (3h) 10\u20ac Inscri\u00e7\u00e3o acreditada (aqu\u00ed) *O cancelamento de inscri\u00e7\u00e3o implica&hellip;  <\/p>\n<p class=\"more-link\"><a href=\"https:\/\/sites.ipleiria.pt\/IIIJIPEPS\/inscricao\/\">Continue reading <span class=\"meta-nav\">&rarr;<\/span><\/a><\/p>\n","protected":false},"author":102,"featured_media":0,"parent":0,"menu_order":0,"comment_status":"closed","ping_status":"closed","template":"","meta":{"footnotes":""},"class_list":["post-26","page","type-page","status-publish","hentry"],"_links":{"self":[{"href":"https:\/\/sites.ipleiria.pt\/IIIJIPEPS\/wp-json\/wp\/v2\/pages\/26","targetHints":{"allow":["GET"]}}],"collection":[{"href":"https:\/\/sites.ipleiria.pt\/IIIJIPEPS\/wp-json\/wp\/v2\/pages"}],"about":[{"href":"https:\/\/sites.ipleiria.pt\/IIIJIPEPS\/wp-json\/wp\/v2\/types\/page"}],"author":[{"embeddable":true,"href":"https:\/\/sites.ipleiria.pt\/IIIJIPEPS\/wp-json\/wp\/v2\/users\/102"}],"replies":[{"embeddable":true,"href":"https:\/\/sites.ipleiria.pt\/IIIJIPEPS\/wp-json\/wp\/v2\/comments?post=26"}],"version-history":[{"count":6,"href":"https:\/\/sites.ipleiria.pt\/IIIJIPEPS\/wp-json\/wp\/v2\/pages\/26\/revisions"}],"predecessor-version":[{"id":1023,"href":"https:\/\/sites.ipleiria.pt\/IIIJIPEPS\/wp-json\/wp\/v2\/pages\/26\/revisions\/1023"}],"wp:attachment":[{"href":"https:\/\/sites.ipleiria.pt\/IIIJIPEPS\/wp-json\/wp\/v2\/media?parent=26"}],"curies":[{"name":"wp","href":"https:\/\/api.w.org\/{rel}","templated":true}]}}