{"id":330,"date":"2019-12-09T14:37:56","date_gmt":"2019-12-09T14:37:56","guid":{"rendered":"http:\/\/4ciead.sites.ipleiria.pt\/?page_id=2"},"modified":"2024-07-12T14:37:31","modified_gmt":"2024-07-12T14:37:31","slug":"apresentacao","status":"publish","type":"page","link":"https:\/\/sites.ipleiria.pt\/IIIJIPEPS\/","title":{"rendered":"Apresenta\u00e7\u00e3o"},"content":{"rendered":"\n<p>As sociedades contempor\u00e2neas, os modelos de desenvolvimento em curso e os problemas deles A atividade f\u00edsica, o exerc\u00edcio, o desporto, a sa\u00fade e a qualidade de vida s\u00e3o conceitos interligados entre si, que t\u00eam merecido uma aten\u00e7\u00e3o e discuss\u00e3o crescentes. A urg\u00eancia de implementa\u00e7\u00e3o de tais conceitos nas sociedades contempor\u00e2neas \u00e9 alvo de peri\u00f3dicas recomenda\u00e7\u00f5es por parte de diversas entidades, como a OMS, UNESCO ou ONU. Assim, in\u00fameras pol\u00edticas de interven\u00e7\u00e3o t\u00eam sido fomentadas por institui\u00e7\u00f5es governamentais na senda da promo\u00e7\u00e3o de altera\u00e7\u00f5es nos h\u00e1bitos e estilos de vida sociais, fazendo face \u00e0 epidemia comportamental atual, como por exemplo, o sedentarismo, inatividade f\u00edsica, excesso de peso e obesidade, diabetes tipo II e hipertens\u00e3o arterial.<br><br><strong>Objetivos principais:<\/strong><\/p>\n\n\n\n<p>\u2022 Permitir um espa\u00e7o de reflex\u00e3o entre os diversos profissionais que atuam no campo do exerc\u00edcio e da sa\u00fade.<br>\u2022 Abordar estrat\u00e9gias de interven\u00e7\u00e3o no dom\u00ednio da prescri\u00e7\u00e3o do exerc\u00edcio para a sa\u00fade.&nbsp;<br>\u2022 Criar sinergias entre diferentes dom\u00ednios de atua\u00e7\u00e3o em prol da melhoria do bem-estar e da sa\u00fade.&nbsp;<\/p>\n\n\n\n<p><br><strong><strong>As <strong><strong>III Jornadas Internacionais em Prescri\u00e7\u00e3o do Exerc\u00edcio e Promo\u00e7\u00e3o da Sa\u00fade<\/strong><\/strong><\/strong> decorrer\u00e3o em regime presencial na Escola Superior de Educa\u00e7\u00e3o e Ci\u00eancias Sociais do Instituto Polit\u00e9cnico de Leiria nos dias 13 e 14 de dezembro de 2024. <\/strong><\/p>\n\n\n\n<p><br><strong>Participantes<\/strong><br>Investigadores, Profissionais de sa\u00fade, Professores de educa\u00e7\u00e3o fisica, Profissionais do exerc\u00edcio f\u00edsico , T\u00e9cnicos superiores de desporto, Estudantes do ensino superior, Publico em geral<\/p>\n\n\n\n<p><strong>Subtemas<\/strong><br>Ci\u00eancia e Comunidade<\/p>\n\n\n\n<p>Descarregue aqui o cartaz das III Jornadas Internacionais de Avalia\u00e7\u00e3o e Prescri\u00e7\u00e3o em Exerc\u00edcio para a Sa\u00fade<\/p>\n\n\n\n<p><a href=\"http:\/\/sites.ipleiria.pt\/IIIJIPEPS\/files\/2024\/07\/III-JIPEPS_Cartaz-1.png\">PNG <\/a>| <a href=\"http:\/\/sites.ipleiria.pt\/IIIJIPEPS\/files\/2024\/07\/III-JIPEPS.pdf\">PDF<\/a><\/p>\n","protected":false},"excerpt":{"rendered":"<p>As sociedades contempor\u00e2neas, os modelos de desenvolvimento em curso e os problemas deles A atividade f\u00edsica, o exerc\u00edcio, o desporto, a sa\u00fade e a qualidade de vida s\u00e3o conceitos interligados entre si, que t\u00eam merecido uma aten\u00e7\u00e3o e discuss\u00e3o crescentes.&hellip;  <\/p>\n<p class=\"more-link\"><a href=\"https:\/\/sites.ipleiria.pt\/IIIJIPEPS\/\">Continue reading <span class=\"meta-nav\">&rarr;<\/span><\/a><\/p>\n","protected":false},"author":102,"featured_media":0,"parent":0,"menu_order":0,"comment_status":"closed","ping_status":"closed","template":"","meta":{"footnotes":""},"class_list":["post-330","page","type-page","status-publish","hentry"],"_links":{"self":[{"href":"https:\/\/sites.ipleiria.pt\/IIIJIPEPS\/wp-json\/wp\/v2\/pages\/330","targetHints":{"allow":["GET"]}}],"collection":[{"href":"https:\/\/sites.ipleiria.pt\/IIIJIPEPS\/wp-json\/wp\/v2\/pages"}],"about":[{"href":"https:\/\/sites.ipleiria.pt\/IIIJIPEPS\/wp-json\/wp\/v2\/types\/page"}],"author":[{"embeddable":true,"href":"https:\/\/sites.ipleiria.pt\/IIIJIPEPS\/wp-json\/wp\/v2\/users\/102"}],"replies":[{"embeddable":true,"href":"https:\/\/sites.ipleiria.pt\/IIIJIPEPS\/wp-json\/wp\/v2\/comments?post=330"}],"version-history":[{"count":5,"href":"https:\/\/sites.ipleiria.pt\/IIIJIPEPS\/wp-json\/wp\/v2\/pages\/330\/revisions"}],"predecessor-version":[{"id":989,"href":"https:\/\/sites.ipleiria.pt\/IIIJIPEPS\/wp-json\/wp\/v2\/pages\/330\/revisions\/989"}],"wp:attachment":[{"href":"https:\/\/sites.ipleiria.pt\/IIIJIPEPS\/wp-json\/wp\/v2\/media?parent=330"}],"curies":[{"name":"wp","href":"https:\/\/api.w.org\/{rel}","templated":true}]}}