{"id":218,"date":"2012-05-14T15:34:34","date_gmt":"2012-05-14T15:34:34","guid":{"rendered":"http:\/\/sites.ipleiria.pt\/animacaocultural\/?page_id=218"},"modified":"2012-06-03T09:54:02","modified_gmt":"2012-06-03T09:54:02","slug":"links","status":"publish","type":"page","link":"https:\/\/sites.ipleiria.pt\/animacaocultural\/links\/","title":{"rendered":"Links"},"content":{"rendered":"<p><strong><\/strong>\u00a0<\/p>\n<p><a title=\"ESECS\u2013IPL\" href=\"http:\/\/www.esecs.ipleiria.pt\" target=\"_blank\">Escola Superior de Educa\u00e7\u00e3o e Ci\u00eancias Sociais<\/a><\/p>\n<p><a title=\"IPL\" href=\"http:\/\/www.ipleiria.pt\" target=\"_blank\">Instituto Polit\u00e9cnico de Leiria<\/a><\/p>\n<p><a title=\"Nodo de Leiria da RIA\" href=\"http:\/\/rianucleoleiria.blogspot.pt\/\" target=\"_blank\">(Lei)RIA &#8211; Nodo de Leiria da RIA &#8211; Rede Iberoamericana de Anima\u00e7\u00e3o S\u00f3cio-Cultural<\/a><\/p>\n<p><a title=\"Rede IPLeiri@lumni\" href=\"https:\/\/www.facebook.com\/profile.php?id=1182665103&amp;ref=tn_tnmn#!\/redealumniIPL\" target=\"_blank\">Rede IPLeiri@lumni<\/a><\/p>\n","protected":false},"excerpt":{"rendered":"<p>\u00a0 Escola Superior de Educa\u00e7\u00e3o e Ci\u00eancias Sociais Instituto Polit\u00e9cnico de Leiria (Lei)RIA &#8211; Nodo de Leiria da RIA &#8211; Rede Iberoamericana de Anima\u00e7\u00e3o S\u00f3cio-Cultural Rede IPLeiri@lumni<\/p>\n","protected":false},"author":831,"featured_media":0,"parent":0,"menu_order":8,"comment_status":"closed","ping_status":"closed","template":"","meta":{"footnotes":""},"class_list":["post-218","page","type-page","status-publish","hentry"],"_links":{"self":[{"href":"https:\/\/sites.ipleiria.pt\/animacaocultural\/wp-json\/wp\/v2\/pages\/218","targetHints":{"allow":["GET"]}}],"collection":[{"href":"https:\/\/sites.ipleiria.pt\/animacaocultural\/wp-json\/wp\/v2\/pages"}],"about":[{"href":"https:\/\/sites.ipleiria.pt\/animacaocultural\/wp-json\/wp\/v2\/types\/page"}],"author":[{"embeddable":true,"href":"https:\/\/sites.ipleiria.pt\/animacaocultural\/wp-json\/wp\/v2\/users\/831"}],"replies":[{"embeddable":true,"href":"https:\/\/sites.ipleiria.pt\/animacaocultural\/wp-json\/wp\/v2\/comments?post=218"}],"version-history":[{"count":14,"href":"https:\/\/sites.ipleiria.pt\/animacaocultural\/wp-json\/wp\/v2\/pages\/218\/revisions"}],"predecessor-version":[{"id":380,"href":"https:\/\/sites.ipleiria.pt\/animacaocultural\/wp-json\/wp\/v2\/pages\/218\/revisions\/380"}],"wp:attachment":[{"href":"https:\/\/sites.ipleiria.pt\/animacaocultural\/wp-json\/wp\/v2\/media?parent=218"}],"curies":[{"name":"wp","href":"https:\/\/api.w.org\/{rel}","templated":true}]}}