{"id":23,"date":"2012-04-02T16:15:50","date_gmt":"2012-04-02T16:15:50","guid":{"rendered":"http:\/\/localhost\/wordpress\/?page_id=4"},"modified":"2012-05-28T17:33:30","modified_gmt":"2012-05-28T17:33:30","slug":"licenciatura","status":"publish","type":"page","link":"https:\/\/sites.ipleiria.pt\/animacaocultural\/apresentacao-2\/licenciatura\/","title":{"rendered":"Licenciatura em Anima\u00e7\u00e3o Cultural"},"content":{"rendered":"<p><strong>Objetivos do Curso de Anima\u00e7\u00e3o Cultural<\/strong><\/p>\n<p>&#8211; Formar profissionais que exer\u00e7am a sua atividade no dom\u00ednio da media\u00e7\u00e3o cultural, ou seja, na interse\u00e7\u00e3o entre o mundo da produ\u00e7\u00e3o cultural e o dos consumidores culturais, organizando, gerindo e produzindo projetos e iniciativas culturais;<\/p>\n<p>&#8211; Formar profissionais que fiquem aptos a intervir e a desencadear processos participativos, cr\u00edticos, reflexivos e criativos usando as linguagens art\u00edsticas, em \u00e2mbitos alargados da educa\u00e7\u00e3o e do desenvolvimento;<\/p>\n<p>&#8211; Formar profissionais que contribuam para a salvaguarda do patrim\u00f3nio cultural e para a constru\u00e7\u00e3o de condi\u00e7\u00f5es para uma conviv\u00eancia sens\u00edvel e criativa.<strong><\/strong><\/p>\n<p><strong>\u00c1rea de Estudo<\/strong><\/p>\n<p>Artes, Educa\u00e7\u00e3o e Ci\u00eancias Sociais<\/p>\n<p><strong>Sa\u00eddas Profissionais:<\/strong><\/p>\n<p>O animador cultural pode programar, gerir, conceber e despoletar projetos culturais em Autarquias; Teatros; Centros Culturais e Recreativos; Bibliotecas; Galerias de Arte; Museus; Empresas; Funda\u00e7\u00f5es; Associa\u00e7\u00f5es de Desenvolvimento Comunit\u00e1rio; Organiza\u00e7\u00f5es N\u00e3o Governamentais (ONG); Centros Comunit\u00e1rios; Lares de Idosos; IPSS (Institui\u00e7\u00e3o Particular de Solidariedade Social); Hospitais; Escolas; Equipamentos de Educa\u00e7\u00e3o Ambiental; Estabelecimentos Prisionais; Centros de Reabilita\u00e7\u00e3o;\u2026<\/p>\n","protected":false},"excerpt":{"rendered":"<p>Objetivos do Curso de Anima\u00e7\u00e3o Cultural &#8211; Formar profissionais que exer\u00e7am a sua atividade no dom\u00ednio da media\u00e7\u00e3o cultural, ou seja, na interse\u00e7\u00e3o entre o mundo da produ\u00e7\u00e3o cultural e o dos consumidores culturais, organizando, gerindo e produzindo projetos e &hellip; <a href=\"https:\/\/sites.ipleiria.pt\/animacaocultural\/apresentacao-2\/licenciatura\/\">Continue reading <span class=\"meta-nav\">&rarr;<\/span><\/a><\/p>\n","protected":false},"author":102,"featured_media":0,"parent":22,"menu_order":1,"comment_status":"closed","ping_status":"closed","template":"","meta":{"footnotes":""},"class_list":["post-23","page","type-page","status-publish","hentry"],"_links":{"self":[{"href":"https:\/\/sites.ipleiria.pt\/animacaocultural\/wp-json\/wp\/v2\/pages\/23","targetHints":{"allow":["GET"]}}],"collection":[{"href":"https:\/\/sites.ipleiria.pt\/animacaocultural\/wp-json\/wp\/v2\/pages"}],"about":[{"href":"https:\/\/sites.ipleiria.pt\/animacaocultural\/wp-json\/wp\/v2\/types\/page"}],"author":[{"embeddable":true,"href":"https:\/\/sites.ipleiria.pt\/animacaocultural\/wp-json\/wp\/v2\/users\/102"}],"replies":[{"embeddable":true,"href":"https:\/\/sites.ipleiria.pt\/animacaocultural\/wp-json\/wp\/v2\/comments?post=23"}],"version-history":[{"count":6,"href":"https:\/\/sites.ipleiria.pt\/animacaocultural\/wp-json\/wp\/v2\/pages\/23\/revisions"}],"predecessor-version":[{"id":345,"href":"https:\/\/sites.ipleiria.pt\/animacaocultural\/wp-json\/wp\/v2\/pages\/23\/revisions\/345"}],"up":[{"embeddable":true,"href":"https:\/\/sites.ipleiria.pt\/animacaocultural\/wp-json\/wp\/v2\/pages\/22"}],"wp:attachment":[{"href":"https:\/\/sites.ipleiria.pt\/animacaocultural\/wp-json\/wp\/v2\/media?parent=23"}],"curies":[{"name":"wp","href":"https:\/\/api.w.org\/{rel}","templated":true}]}}