{"id":25,"date":"2012-04-09T10:12:15","date_gmt":"2012-04-09T10:12:15","guid":{"rendered":"http:\/\/localhost\/wordpress\/?page_id=13"},"modified":"2013-03-11T10:37:27","modified_gmt":"2013-03-11T10:37:27","slug":"o-curso","status":"publish","type":"page","link":"https:\/\/sites.ipleiria.pt\/animacaocultural\/apresentacao-2\/o-curso\/","title":{"rendered":"O Curso"},"content":{"rendered":"<p><strong>&#8211; Diploma conferido<\/strong><br \/>\nLicenciatura em Anima\u00e7\u00e3o Cultural<\/p>\n<p><strong>&#8211; Requisitos de Acesso<\/strong><br \/>\nCandidaturas atrav\u00e9s do concurso nacional de acesso ao ensino superior:<\/p>\n<p>Realiza\u00e7\u00e3o de uma das seguintes provas de ingresso: Hist\u00f3ria (11); Hist\u00f3ria da Cultura e Artes (12); Portugu\u00eas (18)<\/p>\n<p align=\"left\">Podem ainda candidatar-se ao curso de Licenciatura em Anima\u00e7\u00e3o Cultural, atrav\u00e9s de concursos especiais, os estudantes provenientes do sistema de ensino portugu\u00eas, por reingresso, mudan\u00e7a de curso e transfer\u00eancia; os titulares de um CET (Curso de Especializa\u00e7\u00e3o Tecnol\u00f3gica); os maiores de 23 anos (M23) que tenham realizado exame extraordin\u00e1rio de avalia\u00e7\u00e3o de capacidade para acesso ao Ensino Superior;\u00a0 os titulares de cursos m\u00e9dios ou superiores; os estudantes provenientes de sistemas de ensino superior estrangeiros.<\/p>\n<p align=\"left\"><strong>&#8211; Compet\u00eancias gerais \/ transversais e compet\u00eancias espec\u00edficas<\/strong><br \/>\nAo longo dos tr\u00eas anos de dura\u00e7\u00e3o do Curso de Anima\u00e7\u00e3o Cultural os estudantes dever\u00e3o desenvolver compet\u00eancias gerais\/transversais e compet\u00eancias espec\u00edficas relacionadas com a natureza do ciclo de estudos.<\/p>\n<p>Compet\u00eancias gerais\/transversais:<br \/>\n&#8211; Desenvolver conceitos e desempenhar tarefas no campo da media\u00e7\u00e3o, da organiza\u00e7\u00e3o, da produ\u00e7\u00e3o e da investiga\u00e7\u00e3o de projetos e iniciativas culturais;<\/p>\n<p>&#8211; Desenvolver a capacidade de analisar contextos e atitudes na \u00e1rea art\u00edstica e cultural, de selecionar e mobilizar os meios de interven\u00e7\u00e3o adequados a cada situa\u00e7\u00e3o, garantindo a efic\u00e1cia da gest\u00e3o dos recursos dispon\u00edveis;<\/p>\n<p>&#8211; Desenvolver a capacidade para trabalhar de forma aut\u00f3noma e consciente as quest\u00f5es da contemporaneidade e desenvolver a sensibilidade e aten\u00e7\u00e3o necess\u00e1rias \u00e0 compreens\u00e3o das din\u00e2micas sociais, hist\u00f3ricas, territoriais e institucionais em que a sua atividade se desenvolve.<\/p>\n<p>&#8211; Desenvolver capacidades para intervir e desencadear processos participativos, cr\u00edticos, reflexivos e criativos usando as linguagens art\u00edsticas.<\/p>\n<p>Compet\u00eancias espec\u00edficas:<br \/>\n&#8211; Mediar e operacionalizar projetos de \u00edndole cultural e art\u00edstica, gerindo aspetos processuais relativos \u00e0 escala de interven\u00e7\u00e3o, assumindo uma intencionalidade sociocomunit\u00e1ria;<\/p>\n<p>&#8211; Tomar contacto com modelos te\u00f3ricos e hist\u00f3ricos provenientes das \u00e1reas de Projeto Cultural e Art\u00edstico;<\/p>\n<p>&#8211; Refletir e teorizar a pr\u00e1tica e os modelos de projeto no campo cultural e art\u00edstico, desenvolvendo premissas de uma iniciativa pessoal pr\u00f3-ativa, aut\u00f3noma e independente;<\/p>\n<p>&#8211; Saber enquadrar-se em Projetos Culturais e Art\u00edsticos de diferentes escalas e dimens\u00f5es, integrando equipas ou agindo individualmente, tanto no dom\u00ednio institucional, como privado.<\/p>\n<p>&#8211; Selecionar e p\u00f4r em pr\u00e1tica t\u00e9cnicas e metodologias que envolvam o uso de linguagens art\u00edsticas, prevendo a adequa\u00e7\u00e3o ao contexto onde se desenvolve a a\u00e7\u00e3o do animador cultural.<\/p>\n<p><strong>\u00c1reas Cient\u00edficas que integram o plano de estudos<\/strong><\/p>\n<table style=\"font-size: 10px\" border=\"1\" cellspacing=\"0\" cellpadding=\"0\">\n<tbody>\n<tr>\n<td rowspan=\"2\" width=\"414\">\n<p align=\"center\"><strong>\u00c1rea cient\u00edfica<\/strong><\/p>\n<\/td>\n<td rowspan=\"2\" width=\"123\">\n<p align=\"center\"><strong>Sigla<\/strong><\/p>\n<\/td>\n<td colspan=\"2\" valign=\"top\" width=\"236\">\n<p align=\"center\"><strong>Cr\u00e9ditos<\/strong><\/p>\n<\/td>\n<\/tr>\n<tr>\n<td valign=\"top\" width=\"123\">\n<p align=\"center\"><strong>Obrigat\u00f3rios <\/strong><\/p>\n<\/td>\n<td valign=\"top\" width=\"113\"><strong>\u00a0Optativos<\/strong><\/td>\n<\/tr>\n<tr>\n<td width=\"414\">Media\u00e7\u00e3o e Anima\u00e7\u00e3o Cultural<\/td>\n<td width=\"123\">\n<p align=\"center\">MAC<\/p>\n<\/td>\n<td valign=\"top\" width=\"123\">\n<p align=\"center\">64<\/p>\n<\/td>\n<td valign=\"top\" width=\"113\">\n<p align=\"center\">&#8211;<\/p>\n<\/td>\n<\/tr>\n<tr>\n<td width=\"414\">Ci\u00eancias Sociais e Humanas<\/td>\n<td width=\"123\">\n<p align=\"center\">CSH<\/p>\n<\/td>\n<td valign=\"top\" width=\"123\">\n<p align=\"center\">28<\/p>\n<\/td>\n<td valign=\"top\" width=\"113\">\n<p align=\"center\">&#8211;<\/p>\n<\/td>\n<\/tr>\n<tr>\n<td width=\"414\">Estudos Culturais<\/td>\n<td width=\"123\">\n<p align=\"center\">EC<\/p>\n<\/td>\n<td valign=\"top\" width=\"123\">\n<p align=\"center\">39<\/p>\n<\/td>\n<td valign=\"top\" width=\"113\">\n<p align=\"center\">&#8211;<\/p>\n<\/td>\n<\/tr>\n<tr>\n<td width=\"414\">Teatro e Interpreta\u00e7\u00e3o, Corpo e M\u00fasica e Voz<\/td>\n<td width=\"123\">\n<p align=\"center\">T, C, MV<\/p>\n<\/td>\n<td valign=\"top\" width=\"123\">\n<p align=\"center\">22<\/p>\n<\/td>\n<td valign=\"top\" width=\"113\">\n<p align=\"center\">&#8211;<\/p>\n<\/td>\n<\/tr>\n<tr>\n<td width=\"414\">\n<p align=\"left\">Fotografia e\/ou Cinema e V\u00eddeo e\/ou Som e Multim\u00e9dia<\/p>\n<\/td>\n<td width=\"123\">\n<p align=\"center\">F, CV, SOM, Mul<\/p>\n<\/td>\n<td valign=\"top\" width=\"123\">\n<p align=\"center\">8<\/p>\n<\/td>\n<td valign=\"top\" width=\"113\">\n<p align=\"center\">&#8211;<\/p>\n<\/td>\n<\/tr>\n<tr>\n<td width=\"414\">Artes Pl\u00e1sticas<\/td>\n<td width=\"123\">\n<p align=\"center\">AP<\/p>\n<\/td>\n<td valign=\"top\" width=\"123\">\n<p align=\"center\">8<\/p>\n<\/td>\n<td valign=\"top\" width=\"113\">\n<p align=\"center\">&#8211;<\/p>\n<\/td>\n<\/tr>\n<tr>\n<td width=\"414\">\n<p align=\"left\">Ci\u00eancias da Educa\u00e7\u00e3o<\/p>\n<\/td>\n<td width=\"123\">\n<p align=\"center\">CE<\/p>\n<\/td>\n<td valign=\"top\" width=\"123\">\n<p align=\"center\">5<\/p>\n<\/td>\n<td valign=\"top\" width=\"113\">\n<p align=\"center\">&#8211;<\/p>\n<\/td>\n<\/tr>\n<tr>\n<td width=\"414\">\n<p align=\"left\">Psicologia<\/p>\n<\/td>\n<td width=\"123\">\n<p align=\"center\">P<\/p>\n<\/td>\n<td valign=\"top\" width=\"123\">\n<p align=\"center\">3<\/p>\n<\/td>\n<td valign=\"top\" width=\"113\">\n<p align=\"center\">&#8211;<\/p>\n<\/td>\n<\/tr>\n<tr>\n<td width=\"414\">Gest\u00e3o<\/td>\n<td width=\"123\">\n<p align=\"center\">G<\/p>\n<\/td>\n<td valign=\"top\" width=\"123\">\n<p align=\"center\">3<\/p>\n<\/td>\n<td valign=\"top\" width=\"113\">\n<p align=\"center\">&#8211;<\/p>\n<\/td>\n<\/tr>\n<tr>\n<td colspan=\"2\" valign=\"top\" width=\"536\">\n<p align=\"right\"><strong>Total<\/strong><\/p>\n<\/td>\n<td valign=\"top\" width=\"123\">\n<p align=\"center\"><strong>180<\/strong><\/p>\n<\/td>\n<td valign=\"top\" width=\"113\">\n<p align=\"center\">&#8211;<\/p>\n<\/td>\n<\/tr>\n<\/tbody>\n<\/table>\n<p>&nbsp;<\/p>\n<p><strong>Plano de Estudos<\/strong> <strong>2012 \/2013<\/strong><\/p>\n<table border=\"1\" cellspacing=\"0\" cellpadding=\"0\">\n<tbody>\n<tr>\n<td rowspan=\"2\" width=\"41\">\n<p align=\"center\"><strong>Ano<\/strong><\/p>\n<\/td>\n<td rowspan=\"2\" valign=\"top\" width=\"51\">\n<p align=\"center\"><strong>SEM<\/strong><\/p>\n<\/td>\n<td rowspan=\"2\" width=\"369\">\n<p align=\"center\"><strong>Unidade Curricular<\/strong><\/p>\n<\/td>\n<td rowspan=\"2\" width=\"151\">\n<p align=\"center\"><strong>\u00c1rea Cient\u00edfica<\/strong><\/p>\n<\/td>\n<td colspan=\"2\" valign=\"top\" width=\"223\">\n<p align=\"center\"><strong>Tempo de Trabalho<\/strong><\/p>\n<\/td>\n<td valign=\"top\" width=\"98\">\n<p align=\"center\"><strong>Cr\u00e9ditos <\/strong><\/p>\n<\/td>\n<\/tr>\n<tr>\n<td valign=\"top\" width=\"116\">\n<p align=\"center\"><strong>total<\/strong><\/p>\n<\/td>\n<td valign=\"top\" width=\"108\"><strong>\u00a0de contacto<\/strong><\/td>\n<td valign=\"top\" width=\"98\"><strong>\u00a0<\/strong><\/td>\n<\/tr>\n<tr>\n<td width=\"41\">\n<p align=\"center\">1<\/p>\n<\/td>\n<td valign=\"top\" width=\"51\">\n<p align=\"center\">1<\/p>\n<\/td>\n<td valign=\"top\" width=\"369\">Anima\u00e7\u00e3o Cultural, Teoria e Concep\u00e7\u00e3o de Projetos<\/td>\n<td valign=\"top\" width=\"151\">\n<p align=\"center\">MAC<\/p>\n<\/td>\n<td valign=\"top\" width=\"116\">\n<p align=\"center\">135<\/p>\n<\/td>\n<td valign=\"top\" width=\"108\">\n<p align=\"center\">45<\/p>\n<\/td>\n<td valign=\"top\" width=\"98\">\n<p align=\"center\">5<\/p>\n<\/td>\n<\/tr>\n<tr>\n<td valign=\"top\" width=\"41\">\n<p align=\"center\">1<\/p>\n<\/td>\n<td valign=\"top\" width=\"51\">\n<p align=\"center\">1<\/p>\n<\/td>\n<td valign=\"top\" width=\"369\">Introdu\u00e7\u00e3o \u00e0s Linguagens Art\u00edsticas<\/td>\n<td valign=\"top\" width=\"151\">\n<p align=\"center\">EC<\/p>\n<\/td>\n<td valign=\"top\" width=\"116\">\n<p align=\"center\">162<\/p>\n<\/td>\n<td valign=\"top\" width=\"108\">\n<p align=\"center\">60<\/p>\n<\/td>\n<td valign=\"top\" width=\"98\">\n<p align=\"center\">6<\/p>\n<\/td>\n<\/tr>\n<tr>\n<td valign=\"top\" width=\"41\">\n<p align=\"center\">1<\/p>\n<\/td>\n<td valign=\"top\" width=\"51\">\n<p align=\"center\">1<\/p>\n<\/td>\n<td valign=\"top\" width=\"369\">Hist\u00f3ria das Artes e da Cultura<\/td>\n<td valign=\"top\" width=\"151\">\n<p align=\"center\">CSH<\/p>\n<\/td>\n<td valign=\"top\" width=\"116\">\n<p align=\"center\">135<\/p>\n<\/td>\n<td valign=\"top\" width=\"108\">\n<p align=\"center\">30<\/p>\n<\/td>\n<td valign=\"top\" width=\"98\">\n<p align=\"center\">5<\/p>\n<\/td>\n<\/tr>\n<tr>\n<td valign=\"top\" width=\"41\">\n<p align=\"center\">1<\/p>\n<\/td>\n<td valign=\"top\" width=\"51\">\n<p align=\"center\">1<\/p>\n<\/td>\n<td valign=\"top\" width=\"369\">T\u00e9cnicas Discursivas<\/td>\n<td valign=\"top\" width=\"151\">\n<p align=\"center\">CSH<\/p>\n<\/td>\n<td valign=\"top\" width=\"116\">\n<p align=\"center\">81<\/p>\n<\/td>\n<td valign=\"top\" width=\"108\">\n<p align=\"center\">30<\/p>\n<\/td>\n<td valign=\"top\" width=\"98\">\n<p align=\"center\">3<\/p>\n<\/td>\n<\/tr>\n<tr>\n<td valign=\"top\" width=\"41\">\n<p align=\"center\">1<\/p>\n<\/td>\n<td valign=\"top\" width=\"51\">\n<p align=\"center\">1<\/p>\n<\/td>\n<td valign=\"top\" width=\"369\">Linguagem Multim\u00e9dia<\/td>\n<td valign=\"top\" width=\"151\">\n<p align=\"center\">MUL; FOT; SOM; CV<\/p>\n<\/td>\n<td valign=\"top\" width=\"116\">\n<p align=\"center\">216<\/p>\n<\/td>\n<td valign=\"top\" width=\"108\">\n<p align=\"center\">105<\/p>\n<\/td>\n<td valign=\"top\" width=\"98\">\n<p align=\"center\">8<\/p>\n<\/td>\n<\/tr>\n<tr>\n<td valign=\"top\" width=\"41\">\n<p align=\"center\">1<\/p>\n<\/td>\n<td valign=\"top\" width=\"51\">\n<p align=\"center\">1<\/p>\n<\/td>\n<td valign=\"top\" width=\"369\">Antropologia Cultural<\/td>\n<td valign=\"top\" width=\"151\">\n<p align=\"center\">CSH<\/p>\n<\/td>\n<td valign=\"top\" width=\"116\">\n<p align=\"center\">81<\/p>\n<\/td>\n<td valign=\"top\" width=\"108\">\n<p align=\"center\">30<\/p>\n<\/td>\n<td valign=\"top\" width=\"98\">\n<p align=\"center\">3<\/p>\n<\/td>\n<\/tr>\n<tr>\n<td valign=\"top\" width=\"41\">\n<p align=\"center\">1<\/p>\n<\/td>\n<td valign=\"top\" width=\"51\">\n<p align=\"center\">2<\/p>\n<\/td>\n<td valign=\"top\" width=\"369\">Inicia\u00e7\u00e3o \u00e0 Pr\u00e1tica do Projeto Cultural<\/td>\n<td valign=\"top\" width=\"151\">\n<p align=\"center\">MAC<\/p>\n<\/td>\n<td valign=\"top\" width=\"116\">\n<p align=\"center\">162<\/p>\n<\/td>\n<td valign=\"top\" width=\"108\">\n<p align=\"center\">60<\/p>\n<\/td>\n<td valign=\"top\" width=\"98\">\n<p align=\"center\">6<\/p>\n<\/td>\n<\/tr>\n<tr>\n<td valign=\"top\" width=\"41\">\n<p align=\"center\">1<\/p>\n<\/td>\n<td valign=\"top\" width=\"51\">\n<p align=\"center\">2<\/p>\n<\/td>\n<td valign=\"top\" width=\"369\">Estudos Urbanos<\/td>\n<td valign=\"top\" width=\"151\">\n<p align=\"center\">CSH<\/p>\n<\/td>\n<td valign=\"top\" width=\"116\">\n<p align=\"center\">81<\/p>\n<\/td>\n<td valign=\"top\" width=\"108\">\n<p align=\"center\">30<\/p>\n<\/td>\n<td valign=\"top\" width=\"98\">\n<p align=\"center\">3<\/p>\n<\/td>\n<\/tr>\n<tr>\n<td width=\"41\">\n<p align=\"center\">1<\/p>\n<\/td>\n<td valign=\"top\" width=\"51\">\n<p align=\"center\">2<\/p>\n<\/td>\n<td valign=\"top\" width=\"369\">M\u00e9todos e T\u00e9cnicas de Investiga\u00e7\u00e3o<\/td>\n<td valign=\"top\" width=\"151\">\n<p align=\"center\">CSH<\/p>\n<\/td>\n<td valign=\"top\" width=\"116\">\n<p align=\"center\">108<\/p>\n<\/td>\n<td valign=\"top\" width=\"108\">\n<p align=\"center\">45<\/p>\n<\/td>\n<td valign=\"top\" width=\"98\">\n<p align=\"center\">4<\/p>\n<\/td>\n<\/tr>\n<tr>\n<td width=\"41\">\n<p align=\"center\">1<\/p>\n<\/td>\n<td valign=\"top\" width=\"51\">\n<p align=\"center\">2<\/p>\n<\/td>\n<td valign=\"top\" width=\"369\">Sociologia da Cultura<\/td>\n<td valign=\"top\" width=\"151\">\n<p align=\"center\">CSH<\/p>\n<\/td>\n<td valign=\"top\" width=\"116\">\n<p align=\"center\">81<\/p>\n<\/td>\n<td valign=\"top\" width=\"108\">\n<p align=\"center\">45<\/p>\n<\/td>\n<td valign=\"top\" width=\"98\">\n<p align=\"center\">3<\/p>\n<\/td>\n<\/tr>\n<tr>\n<td width=\"41\">\n<p align=\"center\">1<\/p>\n<\/td>\n<td valign=\"top\" width=\"51\">\n<p align=\"center\">2<\/p>\n<\/td>\n<td valign=\"top\" width=\"369\">Linguagem Musical e Voz<\/td>\n<td valign=\"top\" width=\"151\">\n<p align=\"center\">MV<\/p>\n<\/td>\n<td valign=\"top\" width=\"116\">\n<p align=\"center\">216<\/p>\n<\/td>\n<td valign=\"top\" width=\"108\">\n<p align=\"center\">60<\/p>\n<\/td>\n<td valign=\"top\" width=\"98\">\n<p align=\"center\">8<\/p>\n<\/td>\n<\/tr>\n<tr>\n<td width=\"41\">\n<p align=\"center\">1<\/p>\n<\/td>\n<td valign=\"top\" width=\"51\">\n<p align=\"center\">2<\/p>\n<\/td>\n<td valign=\"top\" width=\"369\">Psicologia<\/td>\n<td valign=\"top\" width=\"151\">\n<p align=\"center\">P<\/p>\n<\/td>\n<td valign=\"top\" width=\"116\">\n<p align=\"center\">81<\/p>\n<\/td>\n<td valign=\"top\" width=\"108\">\n<p align=\"center\">45<\/p>\n<\/td>\n<td valign=\"top\" width=\"98\">\n<p align=\"center\">3<\/p>\n<\/td>\n<\/tr>\n<tr>\n<td width=\"41\">\n<p align=\"center\">1<\/p>\n<\/td>\n<td valign=\"top\" width=\"51\">\n<p align=\"center\">2<\/p>\n<\/td>\n<td valign=\"top\" width=\"369\">Gest\u00e3o Or\u00e7amental e Financeira<\/td>\n<td valign=\"top\" width=\"151\">\n<p align=\"center\">G<\/p>\n<\/td>\n<td valign=\"top\" width=\"116\">\n<p align=\"center\">81<\/p>\n<\/td>\n<td valign=\"top\" width=\"108\">\n<p align=\"center\">30<\/p>\n<\/td>\n<td valign=\"top\" width=\"98\">\n<p align=\"center\">3<\/p>\n<\/td>\n<\/tr>\n<tr>\n<td width=\"41\">\n<p align=\"center\">2<\/p>\n<\/td>\n<td valign=\"top\" width=\"51\">\n<p align=\"center\">3<\/p>\n<\/td>\n<td valign=\"top\" width=\"369\">Hist\u00f3ria da Cultura Portuguesa<\/td>\n<td valign=\"top\" width=\"151\">\n<p align=\"center\">CSH<\/p>\n<\/td>\n<td valign=\"top\" width=\"116\">\n<p align=\"center\">108<\/p>\n<\/td>\n<td valign=\"top\" width=\"108\">\n<p align=\"center\">45<\/p>\n<\/td>\n<td valign=\"top\" width=\"98\">\n<p align=\"center\">4<\/p>\n<\/td>\n<\/tr>\n<tr>\n<td width=\"41\">\n<p align=\"center\">2<\/p>\n<\/td>\n<td valign=\"top\" width=\"51\">\n<p align=\"center\">3<\/p>\n<\/td>\n<td valign=\"top\" width=\"369\">Escrita Criativa e Anima\u00e7\u00e3o da Leitura<\/td>\n<td valign=\"top\" width=\"151\">\n<p align=\"center\">EC<\/p>\n<\/td>\n<td valign=\"top\" width=\"116\">\n<p align=\"center\">135<\/p>\n<\/td>\n<td valign=\"top\" width=\"108\">\n<p align=\"center\">45<\/p>\n<\/td>\n<td valign=\"top\" width=\"98\">\n<p align=\"center\">5<\/p>\n<\/td>\n<\/tr>\n<tr>\n<td width=\"41\">\n<p align=\"center\">2<\/p>\n<\/td>\n<td valign=\"top\" width=\"51\">\n<p align=\"center\">3<\/p>\n<\/td>\n<td valign=\"top\" width=\"369\">Novas Media\u00e7\u00f5es<\/td>\n<td valign=\"top\" width=\"151\">\n<p align=\"center\">MAC<\/p>\n<\/td>\n<td valign=\"top\" width=\"116\">\n<p align=\"center\">135<\/p>\n<\/td>\n<td valign=\"top\" width=\"108\">\n<p align=\"center\">45<\/p>\n<\/td>\n<td valign=\"top\" width=\"98\">\n<p align=\"center\">5<\/p>\n<\/td>\n<\/tr>\n<tr>\n<td width=\"41\">\n<p align=\"center\">2<\/p>\n<\/td>\n<td valign=\"top\" width=\"51\">\n<p align=\"center\">3<\/p>\n<\/td>\n<td valign=\"top\" width=\"369\">Pedagogia Comunit\u00e1ria<\/td>\n<td valign=\"top\" width=\"151\">\n<p align=\"center\">CE<\/p>\n<\/td>\n<td valign=\"top\" width=\"116\">\n<p align=\"center\">135<\/p>\n<\/td>\n<td valign=\"top\" width=\"108\">\n<p align=\"center\">60<\/p>\n<\/td>\n<td valign=\"top\" width=\"98\">\n<p align=\"center\">5<\/p>\n<\/td>\n<\/tr>\n<tr>\n<td width=\"41\">\n<p align=\"center\">2<\/p>\n<\/td>\n<td valign=\"top\" width=\"51\">\n<p align=\"center\">3<\/p>\n<\/td>\n<td valign=\"top\" width=\"369\">Linguagem Teatral<\/td>\n<td valign=\"top\" width=\"151\">\n<p align=\"center\">T<\/p>\n<\/td>\n<td valign=\"top\" width=\"116\">\n<p align=\"center\">216<\/p>\n<\/td>\n<td valign=\"top\" width=\"108\">\n<p align=\"center\">60<\/p>\n<\/td>\n<td valign=\"top\" width=\"98\">\n<p align=\"center\">8<\/p>\n<\/td>\n<\/tr>\n<tr>\n<td width=\"41\">\n<p align=\"center\">2<\/p>\n<\/td>\n<td valign=\"top\" width=\"51\">\n<p align=\"center\">3<\/p>\n<\/td>\n<td valign=\"top\" width=\"369\">Museologia<\/td>\n<td valign=\"top\" width=\"151\">\n<p align=\"center\">EC<\/p>\n<\/td>\n<td valign=\"top\" width=\"116\">\n<p align=\"center\">81<\/p>\n<\/td>\n<td valign=\"top\" width=\"108\">\n<p align=\"center\">30<\/p>\n<\/td>\n<td valign=\"top\" width=\"98\">\n<p align=\"center\">3<\/p>\n<\/td>\n<\/tr>\n<tr>\n<td width=\"41\">\n<p align=\"center\">2<\/p>\n<\/td>\n<td valign=\"top\" width=\"51\">\n<p align=\"center\">4<\/p>\n<\/td>\n<td valign=\"top\" width=\"369\">Pr\u00e1tica do Projeto Cultural<\/td>\n<td valign=\"top\" width=\"151\">\n<p align=\"center\">MAC<\/p>\n<\/td>\n<td valign=\"top\" width=\"116\">\n<p align=\"center\">189<\/p>\n<\/td>\n<td valign=\"top\" width=\"108\">\n<p align=\"center\">60<\/p>\n<\/td>\n<td valign=\"top\" width=\"98\">\n<p align=\"center\">7<\/p>\n<\/td>\n<\/tr>\n<tr>\n<td width=\"41\">\n<p align=\"center\">2<\/p>\n<\/td>\n<td valign=\"top\" width=\"51\">\n<p align=\"center\">4<\/p>\n<\/td>\n<td valign=\"top\" width=\"369\">Anima\u00e7\u00e3o Ambiental<\/td>\n<td valign=\"top\" width=\"151\">\n<p align=\"center\">EC<\/p>\n<\/td>\n<td valign=\"top\" width=\"116\">\n<p align=\"center\">108<\/p>\n<\/td>\n<td valign=\"top\" width=\"108\">\n<p align=\"center\">45<\/p>\n<\/td>\n<td valign=\"top\" width=\"98\">\n<p align=\"center\">4<\/p>\n<\/td>\n<\/tr>\n<tr>\n<td width=\"41\">\n<p align=\"center\">2<\/p>\n<\/td>\n<td valign=\"top\" width=\"51\">\n<p align=\"center\">4<\/p>\n<\/td>\n<td valign=\"top\" width=\"369\">Gest\u00e3o Cultural<\/td>\n<td valign=\"top\" width=\"151\">\n<p align=\"center\">MAC<\/p>\n<\/td>\n<td valign=\"top\" width=\"116\">\n<p align=\"center\">108<\/p>\n<\/td>\n<td valign=\"top\" width=\"108\">\n<p align=\"center\">45<\/p>\n<\/td>\n<td valign=\"top\" width=\"98\">\n<p align=\"center\">4<\/p>\n<\/td>\n<\/tr>\n<tr>\n<td width=\"41\">\n<p align=\"center\">2<\/p>\n<\/td>\n<td valign=\"top\" width=\"51\">\n<p align=\"center\">4<\/p>\n<\/td>\n<td valign=\"top\" width=\"369\">Semin\u00e1rio<\/td>\n<td valign=\"top\" width=\"151\">\n<p align=\"center\">MAC<\/p>\n<\/td>\n<td valign=\"top\" width=\"116\">\n<p align=\"center\">108<\/p>\n<\/td>\n<td valign=\"top\" width=\"108\">\n<p align=\"center\">45<\/p>\n<\/td>\n<td valign=\"top\" width=\"98\">\n<p align=\"center\">4<\/p>\n<\/td>\n<\/tr>\n<tr>\n<td width=\"41\">\n<p align=\"center\">2<\/p>\n<\/td>\n<td valign=\"top\" width=\"51\">\n<p align=\"center\">4<\/p>\n<\/td>\n<td valign=\"top\" width=\"369\">Linguagem Pl\u00e1stica<\/td>\n<td valign=\"top\" width=\"151\">\n<p align=\"center\">AP<\/p>\n<\/td>\n<td valign=\"top\" width=\"116\">\n<p align=\"center\">216<\/p>\n<\/td>\n<td valign=\"top\" width=\"108\">\n<p align=\"center\">60<\/p>\n<\/td>\n<td valign=\"top\" width=\"98\">\n<p align=\"center\">8<\/p>\n<\/td>\n<\/tr>\n<tr>\n<td width=\"41\">\n<p align=\"center\">2<\/p>\n<\/td>\n<td valign=\"top\" width=\"51\">\n<p align=\"center\">4<\/p>\n<\/td>\n<td valign=\"top\" width=\"369\">Sociedades e Culturas Contempor\u00e2neas<\/td>\n<td valign=\"top\" width=\"151\">\n<p align=\"center\">CSH<\/p>\n<\/td>\n<td valign=\"top\" width=\"116\">\n<p align=\"center\">81<\/p>\n<\/td>\n<td valign=\"top\" width=\"108\">\n<p align=\"center\">45<\/p>\n<\/td>\n<td valign=\"top\" width=\"98\">\n<p align=\"center\">3<\/p>\n<\/td>\n<\/tr>\n<tr>\n<td width=\"41\">\n<p align=\"center\">3<\/p>\n<\/td>\n<td valign=\"top\" width=\"51\">\n<p align=\"center\">5<\/p>\n<\/td>\n<td valign=\"top\" width=\"369\">Estudos Art\u00edsticos<strong> \/ <\/strong>Cinematogr\u00e1ficos<\/td>\n<td valign=\"top\" width=\"151\">\n<p align=\"center\">EC<\/p>\n<\/td>\n<td valign=\"top\" width=\"116\">\n<p align=\"center\">162<\/p>\n<\/td>\n<td valign=\"top\" width=\"108\">\n<p align=\"center\">60<\/p>\n<\/td>\n<td valign=\"top\" width=\"98\">\n<p align=\"center\">6<\/p>\n<\/td>\n<\/tr>\n<tr>\n<td width=\"41\">\n<p align=\"center\">3<\/p>\n<\/td>\n<td valign=\"top\" width=\"51\">\n<p align=\"center\">5<\/p>\n<\/td>\n<td valign=\"top\" width=\"369\">Projeto de Est\u00e1gio<\/td>\n<td valign=\"top\" width=\"151\">\n<p align=\"center\">MAC<\/p>\n<\/td>\n<td valign=\"top\" width=\"116\">\n<p align=\"center\">81<\/p>\n<\/td>\n<td valign=\"top\" width=\"108\">\n<p align=\"center\">45<\/p>\n<\/td>\n<td valign=\"top\" width=\"98\">\n<p align=\"center\">3<\/p>\n<\/td>\n<\/tr>\n<tr>\n<td width=\"41\">\n<p align=\"center\">3<\/p>\n<\/td>\n<td valign=\"top\" width=\"51\">\n<p align=\"center\">5<\/p>\n<\/td>\n<td valign=\"top\" width=\"369\">Comunica\u00e7\u00e3o Cultural<\/td>\n<td valign=\"top\" width=\"151\">\n<p align=\"center\">EC<\/p>\n<\/td>\n<td valign=\"top\" width=\"116\">\n<p align=\"center\">162<\/p>\n<\/td>\n<td valign=\"top\" width=\"108\">\n<p align=\"center\">75<\/p>\n<\/td>\n<td valign=\"top\" width=\"98\">\n<p align=\"center\">6<\/p>\n<\/td>\n<\/tr>\n<tr>\n<td width=\"41\">\n<p align=\"center\">3<\/p>\n<\/td>\n<td valign=\"top\" width=\"51\">\n<p align=\"center\">5<\/p>\n<\/td>\n<td valign=\"top\" width=\"369\">Dan\u00e7a<\/td>\n<td valign=\"top\" width=\"151\">\n<p align=\"center\">C<\/p>\n<\/td>\n<td valign=\"top\" width=\"116\">\n<p align=\"center\">162<\/p>\n<\/td>\n<td valign=\"top\" width=\"108\">\n<p align=\"center\">60<\/p>\n<\/td>\n<td valign=\"top\" width=\"98\">\n<p align=\"center\">6<\/p>\n<\/td>\n<\/tr>\n<tr>\n<td width=\"41\">\n<p align=\"center\">3<\/p>\n<\/td>\n<td valign=\"top\" width=\"51\">\n<p align=\"center\">5<\/p>\n<\/td>\n<td valign=\"top\" width=\"369\">Patrim\u00f3nio Cultural<\/td>\n<td valign=\"top\" width=\"151\">\n<p align=\"center\">EC<\/p>\n<\/td>\n<td valign=\"top\" width=\"116\">\n<p align=\"center\">162<\/p>\n<\/td>\n<td valign=\"top\" width=\"108\">\n<p align=\"center\">60<\/p>\n<\/td>\n<td valign=\"top\" width=\"98\">\n<p align=\"center\">6<\/p>\n<\/td>\n<\/tr>\n<tr>\n<td width=\"41\">\n<p align=\"center\">3<\/p>\n<\/td>\n<td valign=\"top\" width=\"51\">\n<p align=\"center\">5<\/p>\n<\/td>\n<td valign=\"top\" width=\"369\">Institui\u00e7\u00f5es e Pol\u00edticas Culturais<\/td>\n<td valign=\"top\" width=\"151\">\n<p align=\"center\">EC<\/p>\n<\/td>\n<td valign=\"top\" width=\"116\">\n<p align=\"center\">81<\/p>\n<\/td>\n<td valign=\"top\" width=\"108\">\n<p align=\"center\">30<\/p>\n<\/td>\n<td valign=\"top\" width=\"98\">\n<p align=\"center\">3<\/p>\n<\/td>\n<\/tr>\n<tr>\n<td width=\"41\">\n<p align=\"center\">3<\/p>\n<\/td>\n<td valign=\"top\" width=\"51\">\n<p align=\"center\">6<\/p>\n<\/td>\n<td valign=\"top\" width=\"369\">Est\u00e1gio<\/td>\n<td width=\"151\">\n<p align=\"center\">MAC<\/p>\n<\/td>\n<td valign=\"top\" width=\"116\">\n<p align=\"center\">810<\/p>\n<\/td>\n<td valign=\"top\" width=\"108\">\n<p align=\"center\">375<\/p>\n<\/td>\n<td valign=\"top\" width=\"98\">\n<p align=\"center\">30<\/p>\n<\/td>\n<\/tr>\n<\/tbody>\n<\/table>\n<p><a href=\"http:\/\/sites.ipleiria.pt\/animacaocultural\/files\/2012\/04\/Plano-de-estudos-2012_2013.pdf\">Plano de estudos 2012 \/ 2013, Di\u00e1rio da Rep\u00fablica<\/a><\/p>\n<p><strong>Acesso a outros ciclos de estudos<\/strong><br \/>\nAp\u00f3s a conclus\u00e3o da licenciatura em Anima\u00e7\u00e3o Cultural os estudantes poder\u00e3o prosseguir para estudos p\u00f3s-graduados, nomeadamente cursos de mestrado. Na ESECS poder\u00e3o vir a ingressar no Curso de Mestrado em Interven\u00e7\u00e3o e Anima\u00e7\u00e3o Art\u00edstica (ainda em fase de prepara\u00e7\u00e3o).<\/p>\n","protected":false},"excerpt":{"rendered":"<p>&#8211; Diploma conferido Licenciatura em Anima\u00e7\u00e3o Cultural &#8211; Requisitos de Acesso Candidaturas atrav\u00e9s do concurso nacional de acesso ao ensino superior: Realiza\u00e7\u00e3o de uma das seguintes provas de ingresso: Hist\u00f3ria (11); Hist\u00f3ria da Cultura e Artes (12); Portugu\u00eas (18) Podem &hellip; <a href=\"https:\/\/sites.ipleiria.pt\/animacaocultural\/apresentacao-2\/o-curso\/\">Continue reading <span class=\"meta-nav\">&rarr;<\/span><\/a><\/p>\n","protected":false},"author":102,"featured_media":0,"parent":22,"menu_order":2,"comment_status":"closed","ping_status":"closed","template":"","meta":{"footnotes":""},"class_list":["post-25","page","type-page","status-publish","hentry"],"_links":{"self":[{"href":"https:\/\/sites.ipleiria.pt\/animacaocultural\/wp-json\/wp\/v2\/pages\/25","targetHints":{"allow":["GET"]}}],"collection":[{"href":"https:\/\/sites.ipleiria.pt\/animacaocultural\/wp-json\/wp\/v2\/pages"}],"about":[{"href":"https:\/\/sites.ipleiria.pt\/animacaocultural\/wp-json\/wp\/v2\/types\/page"}],"author":[{"embeddable":true,"href":"https:\/\/sites.ipleiria.pt\/animacaocultural\/wp-json\/wp\/v2\/users\/102"}],"replies":[{"embeddable":true,"href":"https:\/\/sites.ipleiria.pt\/animacaocultural\/wp-json\/wp\/v2\/comments?post=25"}],"version-history":[{"count":6,"href":"https:\/\/sites.ipleiria.pt\/animacaocultural\/wp-json\/wp\/v2\/pages\/25\/revisions"}],"predecessor-version":[{"id":700,"href":"https:\/\/sites.ipleiria.pt\/animacaocultural\/wp-json\/wp\/v2\/pages\/25\/revisions\/700"}],"up":[{"embeddable":true,"href":"https:\/\/sites.ipleiria.pt\/animacaocultural\/wp-json\/wp\/v2\/pages\/22"}],"wp:attachment":[{"href":"https:\/\/sites.ipleiria.pt\/animacaocultural\/wp-json\/wp\/v2\/media?parent=25"}],"curies":[{"name":"wp","href":"https:\/\/api.w.org\/{rel}","templated":true}]}}