{"id":27,"date":"2012-04-09T10:52:08","date_gmt":"2012-04-09T10:52:08","guid":{"rendered":"http:\/\/localhost\/wordpress\/?page_id=23"},"modified":"2013-08-31T22:28:14","modified_gmt":"2013-08-31T22:28:14","slug":"projetos-com-a-comunidade-2","status":"publish","type":"page","link":"https:\/\/sites.ipleiria.pt\/animacaocultural\/projetos-com-a-comunidade-2\/","title":{"rendered":"Projetos com a Comunidade"},"content":{"rendered":"<p>No \u00e2mbito das unidades curriculares do curso e de atividades extracurriculares, os estudantes t\u00eam oportunidades de contacto direto com institui\u00e7\u00f5es promotoras de projetos de anima\u00e7\u00e3o cultural. Estas experi\u00eancias proporcionam n\u00e3o s\u00f3 a proximidade, no terreno, com projetos de anima\u00e7\u00e3o em funcionamento, como tamb\u00e9m a organiza\u00e7\u00e3o e implementa\u00e7\u00e3o de pequenos projetos, permitindo assim o desenvolvimento das compet\u00eancias propostas pelo curso.<\/p>\n<p><span style=\"color: #ff0000\"><strong>Ano letivo\u00a02012\/2013<\/strong><\/span><\/p>\n<p><strong>Projeto de Interven\u00e7\u00e3o de Educa\u00e7\u00e3o Art\u00edstica em Contextos Escolares <\/strong><\/p>\n<p>Este projeto tem vindo a ser desenvolvido desde o ano letivo de 2008\/2009 at\u00e9 ao presente e resulta de uma parceria entre a ESECS (Cursos de Anima\u00e7\u00e3o Cultural e Educa\u00e7\u00e3o Social) e o Agrupamento de Escolas D. Dinis. Atrav\u00e9s da participa\u00e7\u00e3o neste projeto, os estudantes desenvolvem compet\u00eancias relacionadas com o uso das linguagens art\u00edsticas em situa\u00e7\u00f5es de interven\u00e7\u00e3o em contexto escolar, e tamb\u00e9m relacionadas com a investiga\u00e7\u00e3o-a\u00e7\u00e3o e reflex\u00e3o a partir das experi\u00eancias realizadas. Os alunos do Agrupamento de Escolas D. Dinis abrangidos por este projeto s\u00e3o envolvidos em experi\u00eancias de cria\u00e7\u00e3o art\u00edstica que conduzem \u00e0 reflex\u00e3o sobre problem\u00e1ticas do seu quotidiano, sendo promovidas aprendizagens diversas (art\u00edsticas, culturais e pessoais).<\/p>\n<p><a href=\"http:\/\/sites.ipleiria.pt\/animacaocultural\/files\/2012\/04\/Picture3.jpg\"><img loading=\"lazy\" decoding=\"async\" class=\"alignnone size-medium wp-image-80\" style=\"width: 281px\" alt=\"\" src=\"http:\/\/sites.ipleiria.pt\/animacaocultural\/files\/2012\/04\/Picture3-300x223.jpg\" width=\"269\" height=\"207\" \/><\/a>\u00a0<a href=\"http:\/\/sites.ipleiria.pt\/animacaocultural\/files\/2012\/04\/P3210714.jpg\"><img loading=\"lazy\" decoding=\"async\" class=\"size-medium wp-image-668 alignnone\" style=\"width: 307px\" alt=\"O\" src=\"http:\/\/sites.ipleiria.pt\/animacaocultural\/files\/2012\/04\/P3210714-300x203.jpg\" width=\"302\" height=\"211\" \/><\/a><\/p>\n<p><strong>Colabora\u00e7\u00e3o\u00a0em iniciativas\u00a0diversas decorrentes de parcerias com a\u00a0ESECS <\/strong><\/p>\n<p><span style=\"color: #000000\">Participa\u00e7\u00e3o\u00a0nos eventos Festival de jogos \u201cPlaying Leiria\u201d e 1\u00ba Semin\u00e1rio \u201cA psicologia e pedagogia por detr\u00e1s do brincar\u201d realizados entre 23 e 25 de novembro.<\/span><\/p>\n<p><span style=\"color: #000000\"><img loading=\"lazy\" decoding=\"async\" class=\"wp-image-544 alignnone\" alt=\"\" src=\"http:\/\/sites.ipleiria.pt\/animacaocultural\/files\/2012\/04\/ppplay1-300x169.jpg\" width=\"282\" height=\"178\" \/><\/span>\u00a0<a href=\"http:\/\/sites.ipleiria.pt\/animacaocultural\/files\/2012\/04\/web2.jpg\"><img loading=\"lazy\" decoding=\"async\" class=\"alignnone  wp-image-545\" alt=\"\" src=\"http:\/\/sites.ipleiria.pt\/animacaocultural\/files\/2012\/04\/web2-300x169.jpg\" width=\"288\" height=\"178\" \/><\/a><\/p>\n<p>Participa\u00e7\u00e3o\u00a0na apresenta\u00e7\u00e3o do \u00abProjeto IPL(+) Inclusivo\u00bb realizada\u00a0no Mercado de Santana em Leiria no dia 27 de novembro.<\/p>\n<p><a href=\"http:\/\/sites.ipleiria.pt\/animacaocultural\/files\/2012\/04\/198214_562241760469241_1831247083_n.jpg\"><img loading=\"lazy\" decoding=\"async\" class=\" wp-image-554 alignnone\" alt=\"\" src=\"http:\/\/sites.ipleiria.pt\/animacaocultural\/files\/2012\/04\/198214_562241760469241_1831247083_n-300x199.jpg\" width=\"282\" height=\"184\" \/><\/a>\u00a0<a href=\"http:\/\/sites.ipleiria.pt\/animacaocultural\/files\/2012\/04\/382104_562241663802584_439882241_n.jpg\"><img loading=\"lazy\" decoding=\"async\" class=\"alignnone  wp-image-555\" alt=\"\" src=\"http:\/\/sites.ipleiria.pt\/animacaocultural\/files\/2012\/04\/382104_562241663802584_439882241_n-300x199.jpg\" width=\"285\" height=\"184\" \/><\/a><\/p>\n<p>Anima\u00e7\u00e3o do\u00a0ateli\u00ea \u00abDan\u00e7ar com as cores\u00bb que decorreu no dia 6 de dezembro na \u00abFeira dos Sonhos\u00bb, um evento organizado pela Associa\u00e7\u00e3o de Solidariedade Acad\u00e9mico de Leiria.<\/p>\n<p><a href=\"http:\/\/sites.ipleiria.pt\/animacaocultural\/files\/2012\/04\/DSCF7779.jpg\"><img loading=\"lazy\" decoding=\"async\" class=\"alignnone  wp-image-588\" alt=\"\" src=\"http:\/\/sites.ipleiria.pt\/animacaocultural\/files\/2012\/04\/DSCF7779-300x217.jpg\" width=\"280\" height=\"198\" \/><\/a> <a href=\"http:\/\/sites.ipleiria.pt\/animacaocultural\/files\/2012\/04\/DSCF7785.jpg\"><img loading=\"lazy\" decoding=\"async\" class=\"alignnone  wp-image-589\" alt=\"\" src=\"http:\/\/sites.ipleiria.pt\/animacaocultural\/files\/2012\/04\/DSCF7785-300x239.jpg\" width=\"281\" height=\"198\" \/><\/a><\/p>\n<p><strong>Anima\u00e7\u00e3o da Leitura com crian\u00e7as do Jardim Escola Jo\u00e3o de Deus, em Leiria.<\/strong><\/p>\n<p>Uma atividade\u00a0realizada no dia 9 de janeiro pelos estudantes do 2\u00ba ano no contexto da UC de Escrita Criativa e Anima\u00e7\u00e3o da Leitura. Nesta UC, a componente de Anima\u00e7\u00e3o da Leitura visa promover o gosto pelo livro e pela leitura bem como alargar o campo de interven\u00e7\u00e3o dos animadores culturais, integrando, criativamente, o livro no universo dos seus interesses, programas e projetos.<\/p>\n<p><strong>Visita de alunos da Escola Profissional e Art\u00edstica da Marinha Grande (EPAMG).<\/strong><\/p>\n<p>A\u00a0ESECS recebeu\u00a0no dia 27 de maio\u00a0 alguns alunos\u00a0da Escola Profissional e Art\u00edstica da Marinha Grande para participarem em atividades organizadas pelo curso de Anima\u00e7\u00e3o Cultural (ver <a title=\"v\u00eddeo\" href=\"http:\/\/youtu.be\/qi7eUuluLyM\">v\u00eddeo<\/a>).<\/p>\n<p><strong>Participa\u00e7\u00e3o nas atividades do Dia Mundial da Crian\u00e7a 2013<\/strong><\/p>\n<p>O Dia Mundial da Crian\u00e7a foi assinalado com uma iniciativa que envolveu toda a comunidade da ESECS. Mais uma vez, os estudantes do curso de Anima\u00e7\u00e3o Cultural tamb\u00e9m participaram na prepara\u00e7\u00e3o, organiza\u00e7\u00e3o e dinamiza\u00e7\u00e3o de atividades que foram dirigidas \u00e0s crian\u00e7as das Escolas e Jardins de Inf\u00e2ncia de Leiria (ver <a href=\"http:\/\/youtu.be\/WPqfl5ldXmQ\">v\u00eddeo<\/a>).<\/p>\n<p><a href=\"http:\/\/sites.ipleiria.pt\/animacaocultural\/files\/2012\/04\/DSC01010.jpg\"><img loading=\"lazy\" decoding=\"async\" class=\"size-medium wp-image-757 alignnone\" alt=\"DSC01010\" src=\"http:\/\/sites.ipleiria.pt\/animacaocultural\/files\/2012\/04\/DSC01010-300x186.jpg\" width=\"300\" height=\"186\" srcset=\"https:\/\/sites.ipleiria.pt\/animacaocultural\/files\/2012\/04\/DSC01010-300x186.jpg 300w, https:\/\/sites.ipleiria.pt\/animacaocultural\/files\/2012\/04\/DSC01010-1024x637.jpg 1024w\" sizes=\"auto, (max-width: 300px) 100vw, 300px\" \/><\/a>\u00a0<a href=\"http:\/\/sites.ipleiria.pt\/animacaocultural\/files\/2012\/04\/DSC01063.jpg\"><img loading=\"lazy\" decoding=\"async\" class=\"size-medium wp-image-758 alignnone\" alt=\"DSC01063\" src=\"http:\/\/sites.ipleiria.pt\/animacaocultural\/files\/2012\/04\/DSC01063-300x267.jpg\" width=\"209\" height=\"176\" \/><\/a><\/p>\n<p><span style=\"color: #ff0000\"><strong><strong>Ano letivo 2011\/2012<\/strong><\/strong><\/span><\/p>\n<p><strong>Projeto desenvolvido na Pris\u00e3o-Escola de Leiria<\/strong><\/p>\n<p><span style=\"color: #000000\">Este\u00a0projeto surgiu no contexto da UC de Semin\u00e1rio (2\u00ba ano) e proporcionou a jovens da institui\u00e7\u00e3o o envolvimento em experi\u00eancias com as linguagens art\u00edsticas. <a href=\"http:\/\/sites.ipleiria.pt\/animacaocultural\/files\/2012\/04\/Resumo-Pris\u00e3o-e-visitas-de-estudo.pdf\">Breve apresenta\u00e7\u00e3o do projeto &#8211; autoria dos alunos do 2\u00ba ano \/ ano letivo 2011\/2012<\/a><\/span><\/p>\n<p><a href=\"http:\/\/sites.ipleiria.pt\/animacaocultural\/files\/2012\/04\/prisao-escola.jpg\"><img loading=\"lazy\" decoding=\"async\" class=\" wp-image-641 alignnone\" style=\"width: 203px;height: 203px\" alt=\"prisao escola\" src=\"http:\/\/sites.ipleiria.pt\/animacaocultural\/files\/2012\/04\/prisao-escola-280x300.jpg\" width=\"203\" height=\"202\" \/><\/a>\u00a0<a href=\"http:\/\/sites.ipleiria.pt\/animacaocultural\/files\/2012\/04\/prisao-escola-2.jpg\"><img loading=\"lazy\" decoding=\"async\" class=\"size-medium wp-image-642 alignnone\" style=\"width: 274px\" alt=\"prisao escola 2\" src=\"http:\/\/sites.ipleiria.pt\/animacaocultural\/files\/2012\/04\/prisao-escola-2-300x222.jpg\" width=\"274\" height=\"201\" \/><\/a><\/p>\n<p><strong>Participa\u00e7\u00e3o nas atividades do Dia Mundial da Crian\u00e7a na ESECS<\/strong><\/p>\n<p>O Dia Mundial da Crian\u00e7a foi assinalado com uma iniciativa que envolveu toda a comunidade da ESECS. Os estudantes do curso de Anima\u00e7\u00e3o Cultural tamb\u00e9m participaram na prepara\u00e7\u00e3o, organiza\u00e7\u00e3o e dinamiza\u00e7\u00e3o de atividades que foram dirigidas \u00e0s crian\u00e7as das Escolas e Jardins de Inf\u00e2ncia de Leiria, tendo organizado os ateli\u00eas: \u00abAnimar a Cantar\u00bb, \u00abO ponto, a linha e o padr\u00e3o na minha m\u00e3o\u00bb e <a href=\"http:\/\/sites.ipleiria.pt\/animacaocultural\/files\/2012\/04\/Dia-da-crian\u00e7a-1.pdf\">\u00abAnimais e coisas assim\u00bb<\/a><\/p>\n<p><a href=\"http:\/\/sites.ipleiria.pt\/animacaocultural\/files\/2012\/04\/5.png\"><img loading=\"lazy\" decoding=\"async\" class=\"alignnone  wp-image-454\" alt=\"\" src=\"http:\/\/sites.ipleiria.pt\/animacaocultural\/files\/2012\/04\/5-300x210.png\" width=\"251\" height=\"191\" \/><\/a> <a href=\"http:\/\/sites.ipleiria.pt\/animacaocultural\/files\/2012\/06\/Foto01641.jpg\"><img loading=\"lazy\" decoding=\"async\" class=\"alignnone  wp-image-388\" alt=\"\" src=\"http:\/\/sites.ipleiria.pt\/animacaocultural\/files\/2012\/06\/Foto01641-300x255.jpg\" width=\"240\" height=\"190\" \/><\/a> <a href=\"http:\/\/sites.ipleiria.pt\/animacaocultural\/files\/2012\/06\/Foto0190.jpg\"><img loading=\"lazy\" decoding=\"async\" class=\"alignnone  wp-image-383\" alt=\"\" src=\"http:\/\/sites.ipleiria.pt\/animacaocultural\/files\/2012\/06\/Foto0190-300x236.jpg\" width=\"251\" height=\"182\" \/><\/a> <a href=\"http:\/\/sites.ipleiria.pt\/animacaocultural\/files\/2012\/04\/6.png\"><img loading=\"lazy\" decoding=\"async\" class=\"alignnone  wp-image-455\" alt=\"\" src=\"http:\/\/sites.ipleiria.pt\/animacaocultural\/files\/2012\/04\/6-300x248.png\" width=\"240\" height=\"181\" \/><\/a><\/p>\n<p><span style=\"color: #ff0000\"><strong><strong>Ano letivo 2010\/2011<\/strong><\/strong><\/span><\/p>\n<p><strong>Projeto \u00abEm torno da mem\u00f3ria&#8230;\u00bb<\/strong><\/p>\n<p>Este projeto realizou-se em parceria com a Casa-Museu Centro Cultural Jo\u00e3o Soares, situada em Cortes (Leiria) e integrou as iniciativas:<\/p>\n<p>&#8211; <strong>\u00abArtkids\u2019s\u00bb<\/strong>, que envolveu as crian\u00e7as do Jardim de Inf\u00e2ncia de Famalic\u00e3o e da Reixida e procurou dar a conhecer e sensibilizar para o patrim\u00f3nio cultural local e, ao mesmo tempo, trabalhar o relacionamento interpessoal e a express\u00e3o;<\/p>\n<p><a href=\"http:\/\/sites.ipleiria.pt\/animacaocultural\/files\/2012\/04\/art-kids2.jpg\"><img loading=\"lazy\" decoding=\"async\" class=\"size-medium wp-image-655 alignnone\" style=\"width: 263px\" alt=\"art kids2\" src=\"http:\/\/sites.ipleiria.pt\/animacaocultural\/files\/2012\/04\/art-kids2-300x213.jpg\" width=\"265\" height=\"187\" \/><\/a>\u00a0<a href=\"http:\/\/sites.ipleiria.pt\/animacaocultural\/files\/2012\/04\/art-kids.jpg\"><img loading=\"lazy\" decoding=\"async\" class=\"size-medium wp-image-654 alignnone\" style=\"width: 239px\" alt=\"art kids\" src=\"http:\/\/sites.ipleiria.pt\/animacaocultural\/files\/2012\/04\/art-kids-300x234.jpg\" width=\"240\" height=\"186\" srcset=\"https:\/\/sites.ipleiria.pt\/animacaocultural\/files\/2012\/04\/art-kids-300x234.jpg 300w, https:\/\/sites.ipleiria.pt\/animacaocultural\/files\/2012\/04\/art-kids.jpg 489w\" sizes=\"auto, (max-width: 240px) 100vw, 240px\" \/><\/a><\/p>\n<p>&#8211; <strong>\u00ab\u00c0 descoberta da mem\u00f3ria\u00bb<\/strong>, que envolveu crian\u00e7as da Escola do 1\u00ba Ciclo das Cortes e procurou promover um maior sentido de perten\u00e7a, de identidade, de coes\u00e3o social e de participa\u00e7\u00e3o c\u00edvica atrav\u00e9s da realiza\u00e7\u00e3o de uma gincana cultural e da constru\u00e7\u00e3o de materiais l\u00fadico-pedag\u00f3gicos;<\/p>\n<p><a href=\"http:\/\/sites.ipleiria.pt\/animacaocultural\/files\/2012\/04\/a-descoberta-da-memoria.jpg\"><img loading=\"lazy\" decoding=\"async\" class=\"size-medium wp-image-651 alignnone\" style=\"width: 279px\" alt=\"a descoberta da memoria\" src=\"http:\/\/sites.ipleiria.pt\/animacaocultural\/files\/2012\/04\/a-descoberta-da-memoria-300x219.jpg\" width=\"274\" height=\"202\" \/><\/a>\u00a0<a href=\"http:\/\/sites.ipleiria.pt\/animacaocultural\/files\/2012\/04\/a-descoberta-da-memoria-2.jpg\"><img loading=\"lazy\" decoding=\"async\" class=\"size-medium wp-image-652 alignnone\" style=\"width: 286px\" alt=\"a descoberta da memoria 2\" src=\"http:\/\/sites.ipleiria.pt\/animacaocultural\/files\/2012\/04\/a-descoberta-da-memoria-2-300x213.jpg\" width=\"284\" height=\"205\" \/><\/a><\/p>\n<p>&#8211; <strong>\u00abO despertar da mem\u00f3ria\u00bb<\/strong> que envolveu participantes do Grupo S\u00e9nior da Assiste e que procurou desvendar e entrecruzar o patrim\u00f3nio material e imaterial, dinamizar saberes e viv\u00eancias, atrav\u00e9s da m\u00fasica, da dan\u00e7a e do reviver de mem\u00f3rias;<\/p>\n<p><a href=\"http:\/\/sites.ipleiria.pt\/animacaocultural\/files\/2012\/04\/Picture6.png\"><img loading=\"lazy\" decoding=\"async\" class=\"alignnone size-medium wp-image-86\" alt=\"\" src=\"http:\/\/sites.ipleiria.pt\/animacaocultural\/files\/2012\/04\/Picture6-300x215.png\" width=\"292\" height=\"216\" \/><\/a>\u00a0<a href=\"http:\/\/sites.ipleiria.pt\/animacaocultural\/files\/2012\/04\/o-despertar-da-memoria.jpg\"><img loading=\"lazy\" decoding=\"async\" class=\"size-medium wp-image-658 alignnone\" alt=\"o despertar da memoria\" src=\"http:\/\/sites.ipleiria.pt\/animacaocultural\/files\/2012\/04\/o-despertar-da-memoria-300x233.jpg\" width=\"270\" height=\"207\" \/><\/a><\/p>\n<p>&#8211; <strong>\u00abDinamiza\u00e7\u00e3o da tarde e noite dos museus\u00bb<\/strong> que integrou concertos, pe\u00e7as de teatro, recitais, entre outras atividades dirigidas a toda a comunidade das Cortes e de Leiria, transformando a Casa-Museu Centro Cultural Jo\u00e3o Soares num palco de sociabilidades assentes no (re)viver da cultura local.<\/p>\n<p><strong>Projeto \u00ab3D: Um olhar sobre o outro\u00bb<\/strong><\/p>\n<p>Este projeto foi desenvolvido em parceria com a Residencial XXI e o Infant\u00e1rio O Ninho e incluiu atividades que fomentam o contacto entre gera\u00e7\u00f5es.<\/p>\n<p><a href=\"http:\/\/sites.ipleiria.pt\/animacaocultural\/files\/2012\/04\/3D-2.jpg\"><img loading=\"lazy\" decoding=\"async\" class=\"size-medium wp-image-645 alignnone\" style=\"width: 271px\" alt=\"3D 2\" src=\"http:\/\/sites.ipleiria.pt\/animacaocultural\/files\/2012\/04\/3D-2-300x228.jpg\" width=\"272\" height=\"204\" \/><\/a>\u00a0<a href=\"http:\/\/sites.ipleiria.pt\/animacaocultural\/files\/2012\/04\/3D.jpg\"><img loading=\"lazy\" decoding=\"async\" class=\"size-medium wp-image-646 alignnone\" style=\"width: 287px\" alt=\"3D\" src=\"http:\/\/sites.ipleiria.pt\/animacaocultural\/files\/2012\/04\/3D-300x215.jpg\" width=\"288\" height=\"202\" \/><\/a><\/p>\n<p><span style=\"color: #ff0000\"><strong>Ano letivo 2009\/2010<\/strong><\/span><\/p>\n<p><strong>Projeto \u00abPatrim\u00f3nio Vivo\u00bb<\/strong><\/p>\n<p>Este projeto concretizou-se no contexto da UC de Inicia\u00e7\u00e3o \u00e0 Pr\u00e1tica do Projeto Cultural em parceria com o Museu Dr. Joaquim Manso (Nazar\u00e9) e subdividiu-se em quatro iniciativas distintas:<\/p>\n<p>&#8211; <strong>\u00ab(Re)criar o museu\u00bb <\/strong>que envolveu participantes pertencentes ao Grupo S\u00e9nior do Centro Comunit\u00e1rio da Confraria de Nossa Senhora da Nazar\u00e9 e que visava, atrav\u00e9s da m\u00fasica e de atividades de express\u00e3o musical, propiciar o reviver de mem\u00f3rias e dar vida ao patrim\u00f3nio material e imaterial do museu;<\/p>\n<p>&#8211; <strong>\u00abConta-me como foi. Digo-te como ser\u00e1\u00bb<\/strong> que envolveu participantes da Universidade S\u00e9nior da Nazar\u00e9 e que visava, atrav\u00e9s do conto de hist\u00f3rias e da linguagem pl\u00e1stica, provocar uma troca de conhecimentos entre seniores e crian\u00e7as, assentando na partilha e no deslizar de mem\u00f3rias dando vida aos objetos expostos;<\/p>\n<p><a href=\"http:\/\/sites.ipleiria.pt\/animacaocultural\/files\/2012\/04\/Picture5.png\"><img loading=\"lazy\" decoding=\"async\" class=\"alignnone size-medium wp-image-84\" alt=\"\" src=\"http:\/\/sites.ipleiria.pt\/animacaocultural\/files\/2012\/04\/Picture5-300x224.png\" width=\"300\" height=\"224\" srcset=\"https:\/\/sites.ipleiria.pt\/animacaocultural\/files\/2012\/04\/Picture5-300x224.png 300w, https:\/\/sites.ipleiria.pt\/animacaocultural\/files\/2012\/04\/Picture5.png 644w\" sizes=\"auto, (max-width: 300px) 100vw, 300px\" \/><\/a><\/p>\n<p>&#8211; <strong>\u00abEmbarca\u00e7\u00e3o de sonhos\u00bb<\/strong> que envolveu alunos da CERCINA \u2013 Cooperativa para a Educa\u00e7\u00e3o de Crian\u00e7as Inadaptadas e que procurou dar vida a espa\u00e7os do museu atrav\u00e9s de atividades com as linguagens dram\u00e1tica e pl\u00e1stica;<\/p>\n<p>&#8211; <strong>\u00abPirata em rede\u00bb<\/strong> que envolveu alunos do Agrupamento de Escolas da Nazar\u00e9 e que procurou, atrav\u00e9s das linguagens art\u00edsticas, das din\u00e2micas de grupo e dos jogos coletivos, proporcionar uma viagem atrav\u00e9s do museu, dos seus espa\u00e7os e acervo.<\/p>\n<p><span style=\"color: #ff0000\"><strong>Ano letivo 2008\/2009<\/strong><\/span><\/p>\n<p><strong>Projeto \u00abAprender com a Escola no Museu\u00bb<\/strong><\/p>\n<p>Este projeto decorreu no \u00e2mbito da UC de Inicia\u00e7\u00e3o \u00e0 Pr\u00e1tica do Projeto Cultural\u00a0e resultou de uma parceria entre a ESECS e o Museu Dr. Joaquim Manso, situado na Nazar\u00e9. As iniciativas em que participaram os estudantes do curso de AC visavam dar a conhecer, preservar e animar o patrim\u00f3nio local atrav\u00e9s das linguagens art\u00edsticas, de jogos tradicionais e de gincanas culturais. Foram envolvidas nas diferentes atividades crian\u00e7as do 1\u00ba Ciclo do Ensino B\u00e1sico de escolas da Nazar\u00e9.<\/p>\n<p><a href=\"http:\/\/sites.ipleiria.pt\/animacaocultural\/files\/2012\/04\/Picture4.png\"><img loading=\"lazy\" decoding=\"async\" class=\"alignnone  wp-image-82\" alt=\"\" src=\"http:\/\/sites.ipleiria.pt\/animacaocultural\/files\/2012\/04\/Picture4-300x233.png\" width=\"296\" height=\"233\" \/><\/a><\/p>\n<p>Para mais informa\u00e7\u00f5es sobre projetos desenvolvidos no curso de Anima\u00e7\u00e3o Cultural, contactar: <a href=\"mailto:msplopes@ipleiria.pt\">msplopes@ipleiria.pt<\/a><\/p>\n","protected":false},"excerpt":{"rendered":"<p>No \u00e2mbito das unidades curriculares do curso e de atividades extracurriculares, os estudantes t\u00eam oportunidades de contacto direto com institui\u00e7\u00f5es promotoras de projetos de anima\u00e7\u00e3o cultural. Estas experi\u00eancias proporcionam n\u00e3o s\u00f3 a proximidade, no terreno, com projetos de anima\u00e7\u00e3o em &hellip; <a href=\"https:\/\/sites.ipleiria.pt\/animacaocultural\/projetos-com-a-comunidade-2\/\">Continue reading <span class=\"meta-nav\">&rarr;<\/span><\/a><\/p>\n","protected":false},"author":102,"featured_media":0,"parent":0,"menu_order":2,"comment_status":"closed","ping_status":"closed","template":"","meta":{"footnotes":""},"class_list":["post-27","page","type-page","status-publish","hentry"],"_links":{"self":[{"href":"https:\/\/sites.ipleiria.pt\/animacaocultural\/wp-json\/wp\/v2\/pages\/27","targetHints":{"allow":["GET"]}}],"collection":[{"href":"https:\/\/sites.ipleiria.pt\/animacaocultural\/wp-json\/wp\/v2\/pages"}],"about":[{"href":"https:\/\/sites.ipleiria.pt\/animacaocultural\/wp-json\/wp\/v2\/types\/page"}],"author":[{"embeddable":true,"href":"https:\/\/sites.ipleiria.pt\/animacaocultural\/wp-json\/wp\/v2\/users\/102"}],"replies":[{"embeddable":true,"href":"https:\/\/sites.ipleiria.pt\/animacaocultural\/wp-json\/wp\/v2\/comments?post=27"}],"version-history":[{"count":65,"href":"https:\/\/sites.ipleiria.pt\/animacaocultural\/wp-json\/wp\/v2\/pages\/27\/revisions"}],"predecessor-version":[{"id":817,"href":"https:\/\/sites.ipleiria.pt\/animacaocultural\/wp-json\/wp\/v2\/pages\/27\/revisions\/817"}],"wp:attachment":[{"href":"https:\/\/sites.ipleiria.pt\/animacaocultural\/wp-json\/wp\/v2\/media?parent=27"}],"curies":[{"name":"wp","href":"https:\/\/api.w.org\/{rel}","templated":true}]}}