{"id":274,"date":"2012-05-23T14:46:37","date_gmt":"2012-05-23T14:46:37","guid":{"rendered":"http:\/\/sites.ipleiria.pt\/animacaocultural\/?page_id=274"},"modified":"2014-06-22T23:28:51","modified_gmt":"2014-06-22T23:28:51","slug":"visitas-de-estudo","status":"publish","type":"page","link":"https:\/\/sites.ipleiria.pt\/animacaocultural\/atividades-desenvolvidas-2\/visitas-de-estudo\/","title":{"rendered":"Visitas de Estudo"},"content":{"rendered":"<p>As visitas de estudo permitem aos estudantes conhecer institui\u00e7\u00f5es culturais e art\u00edsticas, centros hist\u00f3ricos, empresas que atuam na \u00e1rea da anima\u00e7\u00e3o cultural, assim como proporcionar o contacto com profissionais experientes nas \u00e1reas da programa\u00e7\u00e3o e gest\u00e3o cultural, servi\u00e7os educativos, entre outros. S\u00e3o tamb\u00e9m contempladas as experi\u00eancias de contacto com a natureza no \u00e2mbito da educa\u00e7\u00e3o e anima\u00e7\u00e3o ambiental.<\/p>\n<p><strong>Ano letivo 2013\/2014 &#8211; <\/strong>Visita de estudo ao Porto; Sa\u00edda de campo para atividades da UC de Linguagem Pl\u00e1stica (na cidade de Leiria); Centro Hist\u00f3rico de Coimbra; Museu da Comunidade Conselhia da Batalha; Centro de Interpreta\u00e7\u00e3o da Batalha de Aljubarrota.<\/p>\n<p><a href=\"http:\/\/sites.ipleiria.pt\/animacaocultural\/files\/2012\/05\/PB260005.jpg\"><img loading=\"lazy\" decoding=\"async\" class=\" wp-image-870 alignnone\" src=\"http:\/\/sites.ipleiria.pt\/animacaocultural\/files\/2012\/05\/PB260005-300x220.jpg\" alt=\"O\" width=\"268\" height=\"212\" \/><\/a>\u00a0<a href=\"http:\/\/sites.ipleiria.pt\/animacaocultural\/files\/2012\/05\/PB260002.jpg\"><img loading=\"lazy\" decoding=\"async\" class=\" wp-image-871 alignnone\" src=\"http:\/\/sites.ipleiria.pt\/animacaocultural\/files\/2012\/05\/PB260002-300x223.jpg\" alt=\"O\" width=\"279\" height=\"212\" \/><\/a><\/p>\n<p><a href=\"http:\/\/sites.ipleiria.pt\/animacaocultural\/files\/2012\/05\/lp.jpg\"><img loading=\"lazy\" decoding=\"async\" class=\" wp-image-863 alignnone\" src=\"http:\/\/sites.ipleiria.pt\/animacaocultural\/files\/2012\/05\/lp-300x210.jpg\" alt=\"lp\" width=\"268\" height=\"195\" \/><\/a>\u00a0<a href=\"http:\/\/sites.ipleiria.pt\/animacaocultural\/files\/2012\/05\/lp1.jpg\"><img loading=\"lazy\" decoding=\"async\" class=\" wp-image-864 alignnone\" src=\"http:\/\/sites.ipleiria.pt\/animacaocultural\/files\/2012\/05\/lp1-300x210.jpg\" alt=\"lp1\" width=\"279\" height=\"195\" srcset=\"https:\/\/sites.ipleiria.pt\/animacaocultural\/files\/2012\/05\/lp1-300x210.jpg 300w, https:\/\/sites.ipleiria.pt\/animacaocultural\/files\/2012\/05\/lp1.jpg 544w\" sizes=\"auto, (max-width: 279px) 100vw, 279px\" \/><\/a><\/p>\n<p><a href=\"http:\/\/sites.ipleiria.pt\/animacaocultural\/files\/2012\/05\/Visita-Estudo-AC-2014.jpg\"><img loading=\"lazy\" decoding=\"async\" class=\"alignnone wp-image-921 \" src=\"http:\/\/sites.ipleiria.pt\/animacaocultural\/files\/2012\/05\/Visita-Estudo-AC-2014-300x210.jpg\" alt=\"Visita Estudo AC 2014\" width=\"269\" height=\"199\" \/><\/a><\/p>\n<p><strong>Ano letivo 2012\/2013<\/strong> &#8211; Associa\u00e7\u00e3o a9)))) \/ C\u00e9lula &amp; Membrana (Leiria) &#8211; visita feita no contexto da UC de Linguagem Pl\u00e1stica (ver <a title=\"v\u00eddeo\" href=\"http:\/\/youtu.be\/O-gwQ-NPNyo\">v\u00eddeo<\/a>)<\/p>\n<p><a href=\"http:\/\/sites.ipleiria.pt\/animacaocultural\/files\/2012\/05\/DSC00797.jpg\"><img loading=\"lazy\" decoding=\"async\" class=\" wp-image-747 alignnone\" src=\"http:\/\/sites.ipleiria.pt\/animacaocultural\/files\/2012\/05\/DSC00797-300x216.jpg\" alt=\"DSC00797\" width=\"267\" height=\"187\" \/><\/a>\u00a0<a href=\"http:\/\/sites.ipleiria.pt\/animacaocultural\/files\/2012\/05\/DSC00813.jpg\"><img loading=\"lazy\" decoding=\"async\" class=\" wp-image-748 alignnone\" src=\"http:\/\/sites.ipleiria.pt\/animacaocultural\/files\/2012\/05\/DSC00813-300x190.jpg\" alt=\"DSC00813\" width=\"282\" height=\"187\" \/><\/a><\/p>\n<p><strong>Ano letivo 2011\/2012<\/strong> &#8211; Guimar\u00e3es Capital Europeia da Cultura 2012; Chapit\u00f4 (Lisboa); Maria Matos Teatro Municipal (Lisboa) &#8211; <a href=\"http:\/\/sites.ipleiria.pt\/animacaocultural\/files\/2012\/05\/Resumo-visitas-de-estudo.pdf\">Resumo das atividades desenvolvidas<\/a><\/p>\n<p><a href=\"http:\/\/sites.ipleiria.pt\/animacaocultural\/files\/2012\/05\/1.png\"><img loading=\"lazy\" decoding=\"async\" class=\"wp-image-441 alignnone\" src=\"http:\/\/sites.ipleiria.pt\/animacaocultural\/files\/2012\/05\/1-300x226.png\" alt=\"\" width=\"265\" height=\"186\" \/><\/a>\u00a0<a href=\"http:\/\/sites.ipleiria.pt\/animacaocultural\/files\/2012\/05\/2.png\"><img loading=\"lazy\" decoding=\"async\" class=\"wp-image-442 alignnone\" src=\"http:\/\/sites.ipleiria.pt\/animacaocultural\/files\/2012\/05\/2-300x217.png\" alt=\"\" width=\"283\" height=\"186\" \/><\/a><\/p>\n<p><a href=\"http:\/\/sites.ipleiria.pt\/animacaocultural\/files\/2012\/05\/3.png\"><img loading=\"lazy\" decoding=\"async\" class=\"alignnone  wp-image-445\" src=\"http:\/\/sites.ipleiria.pt\/animacaocultural\/files\/2012\/05\/3-300x213.png\" alt=\"\" width=\"266\" height=\"184\" \/><\/a>\u00a0<a href=\"http:\/\/sites.ipleiria.pt\/animacaocultural\/files\/2012\/05\/4.png\"><img loading=\"lazy\" decoding=\"async\" class=\"alignnone  wp-image-446\" src=\"http:\/\/sites.ipleiria.pt\/animacaocultural\/files\/2012\/05\/4-300x239.png\" alt=\"\" width=\"281\" height=\"183\" \/><\/a><\/p>\n<p><strong>Ano letivo 2010\/2011<\/strong> &#8211; Funda\u00e7\u00e3o Serralves, Casa da M\u00fasica e Centro Hist\u00f3rico do Porto; Est\u00fadios de televis\u00e3o do canal Young Channel (\u00d3bidos); Nascente do Rio Lis e Senhora do Monte; Museu Machado de Castro e Centro Hist\u00f3rico de Coimbra; Centro de Interpreta\u00e7\u00e3o Ambiental e percurso pedonal \u00abPolis\u00bb (Leiria); \u00d3bidos <em>Patrimonium (<\/em>\u00d3bidos); Centro Cultural e de Congressos de Caldas da Rainha.<\/p>\n<p><a href=\"http:\/\/sites.ipleiria.pt\/animacaocultural\/files\/2012\/04\/DSC01798.jpg\"><img loading=\"lazy\" decoding=\"async\" src=\"http:\/\/sites.ipleiria.pt\/animacaocultural\/files\/2012\/04\/DSC01798-300x196.jpg\" alt=\"\" width=\"272\" height=\"188\" \/><\/a> <a href=\"http:\/\/sites.ipleiria.pt\/animacaocultural\/files\/2012\/04\/DSC018081.jpg\"><img loading=\"lazy\" decoding=\"async\" src=\"http:\/\/sites.ipleiria.pt\/animacaocultural\/files\/2012\/04\/DSC018081-300x196.jpg\" alt=\"\" width=\"269\" height=\"187\" \/><\/a><\/p>\n<p><a href=\"http:\/\/sites.ipleiria.pt\/animacaocultural\/files\/2012\/05\/DSC01791.jpg\"><img loading=\"lazy\" decoding=\"async\" src=\"http:\/\/sites.ipleiria.pt\/animacaocultural\/files\/2012\/05\/DSC01791-300x225.jpg\" alt=\"\" width=\"273\" height=\"195\" \/><\/a>\u00a0<a href=\"http:\/\/sites.ipleiria.pt\/animacaocultural\/files\/2012\/05\/DSC01829.jpg\"><img loading=\"lazy\" decoding=\"async\" src=\"http:\/\/sites.ipleiria.pt\/animacaocultural\/files\/2012\/05\/DSC01829-300x197.jpg\" alt=\"\" width=\"269\" height=\"194\" \/><\/a><\/p>\n<p><strong>Ano letivo 2009\/2010<\/strong> &#8211; Visita a Lisboa: Museus da Funda\u00e7\u00e3o Calouste Gulbenkian, Teatro S\u00e3o Luiz e MUDE &#8211; Museu do Design e da Moda; \u00d3bidos <em>Patrimonium (<\/em>\u00d3bidos); Centro Cultural e de Congressos de Caldas da Rainha; Museu Machado de Castro e Centro Hist\u00f3rico de Coimbra.<\/p>\n<p><strong><a href=\"http:\/\/sites.ipleiria.pt\/animacaocultural\/files\/2012\/05\/DSC071522.jpg\"><img loading=\"lazy\" decoding=\"async\" src=\"http:\/\/sites.ipleiria.pt\/animacaocultural\/files\/2012\/05\/DSC071522-300x225.jpg\" alt=\"\" width=\"273\" height=\"206\" \/><\/a>\u00a0<\/strong><strong><a href=\"http:\/\/sites.ipleiria.pt\/animacaocultural\/files\/2012\/05\/DSC04655.jpg\"><img loading=\"lazy\" decoding=\"async\" src=\"http:\/\/sites.ipleiria.pt\/animacaocultural\/files\/2012\/05\/DSC04655-300x213.jpg\" alt=\"\" width=\"271\" height=\"206\" \/><\/a><\/strong><\/p>\n<p><strong>Ano letivo 2008\/2009<\/strong> &#8211; Culturgest (Lisboa); Est\u00fadios Contra Campo &#8211; Atividades Cinematogr\u00e1ficas, Lda. (Loures); Centro Cultural de Bel\u00e9m \/ Museu Colec\u00e7\u00e3o Berardo (Lisboa); Mosteiro da Batalha (Batalha); Serra D&#8217;Aire e Candeeiros, Grutas da Moeda e Pa\u00fal de Tornada; Campo Aventura (\u00d3bidos); Quinta dos Loridos Jardim Oriental Buddha \u00c9den (Bombarral); Centro Hist\u00f3rico de Coimbra; \u00d3bidos (visita \u00e0 Exposi\u00e7\u00e3o Robot Art de Leonel Moura).<\/p>\n<p><a href=\"http:\/\/sites.ipleiria.pt\/animacaocultural\/files\/2012\/05\/foto-61.png\"><img loading=\"lazy\" decoding=\"async\" class=\"wp-image-306 alignnone\" src=\"http:\/\/sites.ipleiria.pt\/animacaocultural\/files\/2012\/05\/foto-61-300x227.png\" alt=\"\" width=\"271\" height=\"209\" \/><\/a>\u00a0<a href=\"http:\/\/sites.ipleiria.pt\/animacaocultural\/files\/2012\/05\/foto-7.jpg\"><img loading=\"lazy\" decoding=\"async\" class=\"wp-image-304 alignnone\" src=\"http:\/\/sites.ipleiria.pt\/animacaocultural\/files\/2012\/05\/foto-7-300x234.jpg\" alt=\"\" width=\"269\" height=\"209\" srcset=\"https:\/\/sites.ipleiria.pt\/animacaocultural\/files\/2012\/05\/foto-7-300x234.jpg 300w, https:\/\/sites.ipleiria.pt\/animacaocultural\/files\/2012\/05\/foto-7.jpg 848w\" sizes=\"auto, (max-width: 269px) 100vw, 269px\" \/><\/a><\/p>\n","protected":false},"excerpt":{"rendered":"<p>As visitas de estudo permitem aos estudantes conhecer institui\u00e7\u00f5es culturais e art\u00edsticas, centros hist\u00f3ricos, empresas que atuam na \u00e1rea da anima\u00e7\u00e3o cultural, assim como proporcionar o contacto com profissionais experientes nas \u00e1reas da programa\u00e7\u00e3o e gest\u00e3o cultural, servi\u00e7os educativos, entre &hellip; <a href=\"https:\/\/sites.ipleiria.pt\/animacaocultural\/atividades-desenvolvidas-2\/visitas-de-estudo\/\">Continue reading <span class=\"meta-nav\">&rarr;<\/span><\/a><\/p>\n","protected":false},"author":831,"featured_media":0,"parent":29,"menu_order":1,"comment_status":"closed","ping_status":"closed","template":"","meta":{"footnotes":""},"class_list":["post-274","page","type-page","status-publish","hentry"],"_links":{"self":[{"href":"https:\/\/sites.ipleiria.pt\/animacaocultural\/wp-json\/wp\/v2\/pages\/274","targetHints":{"allow":["GET"]}}],"collection":[{"href":"https:\/\/sites.ipleiria.pt\/animacaocultural\/wp-json\/wp\/v2\/pages"}],"about":[{"href":"https:\/\/sites.ipleiria.pt\/animacaocultural\/wp-json\/wp\/v2\/types\/page"}],"author":[{"embeddable":true,"href":"https:\/\/sites.ipleiria.pt\/animacaocultural\/wp-json\/wp\/v2\/users\/831"}],"replies":[{"embeddable":true,"href":"https:\/\/sites.ipleiria.pt\/animacaocultural\/wp-json\/wp\/v2\/comments?post=274"}],"version-history":[{"count":44,"href":"https:\/\/sites.ipleiria.pt\/animacaocultural\/wp-json\/wp\/v2\/pages\/274\/revisions"}],"predecessor-version":[{"id":923,"href":"https:\/\/sites.ipleiria.pt\/animacaocultural\/wp-json\/wp\/v2\/pages\/274\/revisions\/923"}],"up":[{"embeddable":true,"href":"https:\/\/sites.ipleiria.pt\/animacaocultural\/wp-json\/wp\/v2\/pages\/29"}],"wp:attachment":[{"href":"https:\/\/sites.ipleiria.pt\/animacaocultural\/wp-json\/wp\/v2\/media?parent=274"}],"curies":[{"name":"wp","href":"https:\/\/api.w.org\/{rel}","templated":true}]}}