{"id":276,"date":"2012-05-23T14:47:38","date_gmt":"2012-05-23T14:47:38","guid":{"rendered":"http:\/\/sites.ipleiria.pt\/animacaocultural\/?page_id=276"},"modified":"2014-06-22T23:12:52","modified_gmt":"2014-06-22T23:12:52","slug":"aulas-abertas","status":"publish","type":"page","link":"https:\/\/sites.ipleiria.pt\/animacaocultural\/atividades-desenvolvidas-2\/aulas-abertas\/","title":{"rendered":"Aulas Abertas"},"content":{"rendered":"<p><span style=\"color: #ff0000\"><strong>Ano letivo 2013\/2014<\/strong><\/span><\/p>\n<p><em>Workshop<\/em> de Constru\u00e7\u00e3o de Fantoches, com Toni Palmeira (Artista pl\u00e1stico e animador do Instituto Portugu\u00eas da Juventude, Leiria).<\/p>\n<p><a href=\"http:\/\/sites.ipleiria.pt\/animacaocultural\/files\/2012\/05\/P6020135.jpg\"><img loading=\"lazy\" decoding=\"async\" class=\"alignnone wp-image-911\" src=\"http:\/\/sites.ipleiria.pt\/animacaocultural\/files\/2012\/05\/P6020135-300x227.jpg\" alt=\"P6020135\" width=\"292\" height=\"219\" \/><\/a>\u00a0<a href=\"http:\/\/sites.ipleiria.pt\/animacaocultural\/files\/2012\/05\/P6020171.jpg\"><img loading=\"lazy\" decoding=\"async\" class=\"alignnone wp-image-914 \" src=\"http:\/\/sites.ipleiria.pt\/animacaocultural\/files\/2012\/05\/P6020171-300x260.jpg\" alt=\"P6020171\" width=\"295\" height=\"218\" \/><\/a><\/p>\n<p><a href=\"http:\/\/sites.ipleiria.pt\/animacaocultural\/files\/2012\/05\/10416973_877190958964957_2040711824_n.jpg\"><img loading=\"lazy\" decoding=\"async\" class=\"alignnone wp-image-913\" src=\"http:\/\/sites.ipleiria.pt\/animacaocultural\/files\/2012\/05\/10416973_877190958964957_2040711824_n-300x280.jpg\" alt=\"10416973_877190958964957_2040711824_n\" width=\"290\" height=\"228\" \/><\/a>\u00a0<a href=\"http:\/\/sites.ipleiria.pt\/animacaocultural\/files\/2012\/05\/P6020177.jpg\"><img loading=\"lazy\" decoding=\"async\" class=\"alignnone wp-image-912 \" src=\"http:\/\/sites.ipleiria.pt\/animacaocultural\/files\/2012\/05\/P6020177-300x216.jpg\" alt=\"P6020177\" width=\"297\" height=\"228\" \/><\/a><\/p>\n<p>Trabalho de campo no \u00e2mbito da UC de Anima\u00e7\u00e3o Ambiental com Jane Mazzarino (professora da UNIVATES, Brasil) e Telma Fontes (CIA &#8211; Centro de Interpreta\u00e7\u00e3o Ambiental, Leiria).<\/p>\n<p><a href=\"http:\/\/sites.ipleiria.pt\/animacaocultural\/files\/2012\/05\/IMG_5906.jpg\"><img loading=\"lazy\" decoding=\"async\" class=\" wp-image-892 alignnone\" src=\"http:\/\/sites.ipleiria.pt\/animacaocultural\/files\/2012\/05\/IMG_5906-300x227.jpg\" alt=\"IMG_5906\" width=\"290\" height=\"216\" \/><\/a>\u00a0<a href=\"http:\/\/sites.ipleiria.pt\/animacaocultural\/files\/2012\/05\/IMG_5904.jpg\"><img loading=\"lazy\" decoding=\"async\" class=\" wp-image-891 alignnone\" src=\"http:\/\/sites.ipleiria.pt\/animacaocultural\/files\/2012\/05\/IMG_5904-300x193.jpg\" alt=\"IMG_5904\" width=\"295\" height=\"215\" \/><\/a><\/p>\n<p><a href=\"http:\/\/sites.ipleiria.pt\/animacaocultural\/files\/2012\/05\/IMG_5903.jpg\"><img loading=\"lazy\" decoding=\"async\" class=\" wp-image-890 alignnone\" src=\"http:\/\/sites.ipleiria.pt\/animacaocultural\/files\/2012\/05\/IMG_5903-300x203.jpg\" alt=\"IMG_5903\" width=\"291\" height=\"228\" \/><\/a>\u00a0<a href=\"http:\/\/sites.ipleiria.pt\/animacaocultural\/files\/2012\/05\/IMG_5893.jpg\"><img loading=\"lazy\" decoding=\"async\" class=\" wp-image-888 alignnone\" src=\"http:\/\/sites.ipleiria.pt\/animacaocultural\/files\/2012\/05\/IMG_5893-300x229.jpg\" alt=\"IMG_5893\" width=\"294\" height=\"229\" \/><\/a><\/p>\n<p><a href=\"http:\/\/sites.ipleiria.pt\/animacaocultural\/files\/2012\/05\/IMG_5886.jpg\"><img loading=\"lazy\" decoding=\"async\" class=\" wp-image-887 alignnone\" src=\"http:\/\/sites.ipleiria.pt\/animacaocultural\/files\/2012\/05\/IMG_5886-300x192.jpg\" alt=\"IMG_5886\" width=\"292\" height=\"218\" \/><\/a>\u00a0<a href=\"http:\/\/sites.ipleiria.pt\/animacaocultural\/files\/2012\/05\/IMG_5866.jpg\"><img loading=\"lazy\" decoding=\"async\" class=\" wp-image-886 alignnone\" src=\"http:\/\/sites.ipleiria.pt\/animacaocultural\/files\/2012\/05\/IMG_5866-300x244.jpg\" alt=\"IMG_5866\" width=\"293\" height=\"219\" \/><\/a><\/p>\n<p><span style=\"color: #ff0000\"><strong>Ano letivo 2012\/2013<\/strong><\/span><\/p>\n<p>Presen\u00e7a de\u00a0Sofia Rino, presidente da C\u00e9lula &amp; Membrana Associa\u00e7\u00e3o &#8211; coletivo a9)))), na aula da unidade curricular de Pedagogia Comunit\u00e1ria, realizada a 18\/12\/2012. Mais informa\u00e7oes sobre esta aula aberta <a href=\"http:\/\/sites.ipleiria.pt\/animacaocultural\/files\/2012\/05\/Unidade-Curricular-de-Pedagogia-Comunit\u00e1ria.pdf\">aqui<\/a>.<\/p>\n<p>Presen\u00e7a de Daniela Aneis, Coordenadora da Universidade Senior da Marinha Grande, numa aula\u00a0 da unidade curricular de Pedagogia Comunit\u00e1ria realizada\u00a0a 15\/01\/2013.<\/p>\n<p><span style=\"color: #ff0000\"><strong>Ano letivo 2011\/2012<\/strong><\/span><\/p>\n<p>\u00abSensibilizar as crian\u00e7as e os adultos para a arte\u00bb com Isabel Romeiro (pintora) e Dulce Correia (Servi\u00e7os de Documenta\u00e7\u00e3o do IPL), na Biblioteca Jos\u00e9 Saramago, realizada a 15\/11\/2011.<\/p>\n<p><a href=\"http:\/\/sites.ipleiria.pt\/animacaocultural\/files\/2012\/04\/PB150005.jpg\"><img loading=\"lazy\" decoding=\"async\" src=\"http:\/\/sites.ipleiria.pt\/animacaocultural\/files\/2012\/04\/PB150005-300x213.jpg\" alt=\"\" width=\"285\" height=\"217\" \/><\/a> <a href=\"http:\/\/sites.ipleiria.pt\/animacaocultural\/files\/2012\/04\/PB150154.jpg\"><img loading=\"lazy\" decoding=\"async\" src=\"http:\/\/sites.ipleiria.pt\/animacaocultural\/files\/2012\/04\/PB150154-300x225.jpg\" alt=\"\" width=\"282\" height=\"217\" \/><\/a><\/p>\n<p><span style=\"color: #ff0000\"><strong>Ano letivo 2010\/2011 <\/strong><\/span><\/p>\n<p>\u00abPlanos do executivo para a \u00e1rea da cultura e retrato das institui\u00e7\u00f5es culturais municipais\u00bb, com Gon\u00e7alo Lopes (vereador do pelouro da cultura da C\u00e2mara Municipal de Leiria), no Audit\u00f3rio 2 da ESECS, realizada a 8\/11\/2010.<\/p>\n<p>\u00abHuelvas de la Ciudad &#8211; Proyecto de investigaci\u00f3n e intervenci\u00f3n\u00bb, com Eva Navarro (Universidade de Valladolid, Polo de Seg\u00f3via), docente em Erasmus no Curso de Anima\u00e7\u00e3o Cultural, numa sala de aula da ESECS, realizada a 14\/06\/2011.<\/p>\n<p>\u00abHabitART: arte p\u00fablica em contextos perif\u00e9ricos\u00bb, com Joana Miranda, no Audit\u00f3rio 1 da ESECS, realizada a 21\/06\/2011.<\/p>\n<p><span style=\"color: #ff0000\"><strong>Ano letivo 2009\/2010<\/strong><\/span><\/p>\n<p>\u00abCidades Criativas. Guimar\u00e3es, Capital da Cultura 2012\u00bb, com Jo\u00e3o Serra (Professor Coordenador do IPL e Administrador Executivo da Funda\u00e7\u00e3o Cidade de Guimar\u00e3es), no Audit\u00f3rio 2 da ESECS, realizada a 28\/10\/2009.<\/p>\n<p>\u00abAnima\u00e7\u00e3o Cultural: A Import\u00e2ncia para o Desenvolvimento Comunit\u00e1rio\u00bb, com Andreia Soares (Associa\u00e7\u00e3o de Jovens para a Paz), no Audit\u00f3rio 1 da ESECS, realizada a 25\/11\/2009.<\/p>\n<p>\u00abPrograma\u00e7\u00e3o Cultural\u00bb com o core\u00f3grafo e programador Tiago Guedes, no Audit\u00f3rio 1 da ESECS, realizada em Dezembro de 2009.<\/p>\n<p>\u00abSensibiliza\u00e7\u00e3o Ambiental e Equipamentos de Educa\u00e7\u00e3o Ambiental &#8211; CEEPT e Ecoteca das Serras de Aire e Candeeiros\u00bb com Maria Jo\u00e3o Dias (PNSAC) e \u00abCet\u00e1ceos do litoral de Alcoba\u00e7a\u00bb com Sofia Quaresma (C\u00e2mara Municipal de Alcoba\u00e7a), no Audit\u00f3rio 1 da ESECS, realizadas a 11\/05\/2010.<\/p>\n","protected":false},"excerpt":{"rendered":"<p>Ano letivo 2013\/2014 Workshop de Constru\u00e7\u00e3o de Fantoches, com Toni Palmeira (Artista pl\u00e1stico e animador do Instituto Portugu\u00eas da Juventude, Leiria). \u00a0 \u00a0 Trabalho de campo no \u00e2mbito da UC de Anima\u00e7\u00e3o Ambiental com Jane Mazzarino (professora da UNIVATES, Brasil) &hellip; <a href=\"https:\/\/sites.ipleiria.pt\/animacaocultural\/atividades-desenvolvidas-2\/aulas-abertas\/\">Continue reading <span class=\"meta-nav\">&rarr;<\/span><\/a><\/p>\n","protected":false},"author":831,"featured_media":0,"parent":29,"menu_order":2,"comment_status":"closed","ping_status":"closed","template":"","meta":{"footnotes":""},"class_list":["post-276","page","type-page","status-publish","hentry"],"_links":{"self":[{"href":"https:\/\/sites.ipleiria.pt\/animacaocultural\/wp-json\/wp\/v2\/pages\/276","targetHints":{"allow":["GET"]}}],"collection":[{"href":"https:\/\/sites.ipleiria.pt\/animacaocultural\/wp-json\/wp\/v2\/pages"}],"about":[{"href":"https:\/\/sites.ipleiria.pt\/animacaocultural\/wp-json\/wp\/v2\/types\/page"}],"author":[{"embeddable":true,"href":"https:\/\/sites.ipleiria.pt\/animacaocultural\/wp-json\/wp\/v2\/users\/831"}],"replies":[{"embeddable":true,"href":"https:\/\/sites.ipleiria.pt\/animacaocultural\/wp-json\/wp\/v2\/comments?post=276"}],"version-history":[{"count":20,"href":"https:\/\/sites.ipleiria.pt\/animacaocultural\/wp-json\/wp\/v2\/pages\/276\/revisions"}],"predecessor-version":[{"id":920,"href":"https:\/\/sites.ipleiria.pt\/animacaocultural\/wp-json\/wp\/v2\/pages\/276\/revisions\/920"}],"up":[{"embeddable":true,"href":"https:\/\/sites.ipleiria.pt\/animacaocultural\/wp-json\/wp\/v2\/pages\/29"}],"wp:attachment":[{"href":"https:\/\/sites.ipleiria.pt\/animacaocultural\/wp-json\/wp\/v2\/media?parent=276"}],"curies":[{"name":"wp","href":"https:\/\/api.w.org\/{rel}","templated":true}]}}