{"id":29,"date":"2012-04-09T10:52:32","date_gmt":"2012-04-09T10:52:32","guid":{"rendered":"http:\/\/localhost\/wordpress\/?page_id=27"},"modified":"2012-11-11T09:52:45","modified_gmt":"2012-11-11T09:52:45","slug":"atividades-desenvolvidas-2","status":"publish","type":"page","link":"https:\/\/sites.ipleiria.pt\/animacaocultural\/atividades-desenvolvidas-2\/","title":{"rendered":"Atividades Desenvolvidas"},"content":{"rendered":"<p><a title=\"Visitas de estudo\" href=\"http:\/\/sites.ipleiria.pt\/animacaocultural\/atividades-desenvolvidas-2\/visitas-de-estudo\/\">Visitas de Estudo<\/a><\/p>\n<p><a title=\"Aulas Abertas\" href=\"http:\/\/sites.ipleiria.pt\/animacaocultural\/atividades-desenvolvidas-2\/aulas-abertas\/\">Aulas Abertas<\/a><\/p>\n<p><a title=\"Apresenta\u00e7\u00e3o de Trabalhos\" href=\"http:\/\/sites.ipleiria.pt\/animacaocultural\/atividades-desenvolvidas-2\/unidades-curriculares\/\">Apresenta\u00e7\u00e3o de trabalhos<\/a><\/p>\n<p><a title=\"Est\u00e1gios\" href=\"http:\/\/sites.ipleiria.pt\/animacaocultural\/atividades-desenvolvidas-2\/estagios\/\">Est\u00e1gios<\/a><\/p>\n<p><a title=\"Trabalhos realizados por alunos\" href=\"http:\/\/sites.ipleiria.pt\/animacaocultural\/atividades-desenvolvidas-2\/trabalhos-realizados-por-alunos\/\">Trabalhos realizados por alunos<\/a><\/p>\n","protected":false},"excerpt":{"rendered":"<p>Visitas de Estudo Aulas Abertas Apresenta\u00e7\u00e3o de trabalhos Est\u00e1gios Trabalhos realizados por alunos<\/p>\n","protected":false},"author":102,"featured_media":0,"parent":0,"menu_order":4,"comment_status":"closed","ping_status":"closed","template":"","meta":{"footnotes":""},"class_list":["post-29","page","type-page","status-publish","hentry"],"_links":{"self":[{"href":"https:\/\/sites.ipleiria.pt\/animacaocultural\/wp-json\/wp\/v2\/pages\/29","targetHints":{"allow":["GET"]}}],"collection":[{"href":"https:\/\/sites.ipleiria.pt\/animacaocultural\/wp-json\/wp\/v2\/pages"}],"about":[{"href":"https:\/\/sites.ipleiria.pt\/animacaocultural\/wp-json\/wp\/v2\/types\/page"}],"author":[{"embeddable":true,"href":"https:\/\/sites.ipleiria.pt\/animacaocultural\/wp-json\/wp\/v2\/users\/102"}],"replies":[{"embeddable":true,"href":"https:\/\/sites.ipleiria.pt\/animacaocultural\/wp-json\/wp\/v2\/comments?post=29"}],"version-history":[{"count":14,"href":"https:\/\/sites.ipleiria.pt\/animacaocultural\/wp-json\/wp\/v2\/pages\/29\/revisions"}],"predecessor-version":[{"id":486,"href":"https:\/\/sites.ipleiria.pt\/animacaocultural\/wp-json\/wp\/v2\/pages\/29\/revisions\/486"}],"wp:attachment":[{"href":"https:\/\/sites.ipleiria.pt\/animacaocultural\/wp-json\/wp\/v2\/media?parent=29"}],"curies":[{"name":"wp","href":"https:\/\/api.w.org\/{rel}","templated":true}]}}