{"id":33,"date":"2012-04-09T10:53:18","date_gmt":"2012-04-09T10:53:18","guid":{"rendered":"http:\/\/localhost\/wordpress\/?page_id=33"},"modified":"2015-11-13T12:07:59","modified_gmt":"2015-11-13T12:07:59","slug":"antigos-alunos-2","status":"publish","type":"page","link":"https:\/\/sites.ipleiria.pt\/animacaocultural\/antigos-alunos-2\/","title":{"rendered":"Antigos Alunos"},"content":{"rendered":"<p><strong>\u00a0\u00a0\u00a0\u00a0\u00a0\u00a0\u00a0\u00a0\u00a0\u00a0\u00a0\u00a0\u00a0\u00a0\u00a0\u00a0\u00a0\u00a0\u00a0\u00a0\u00a0\u00a0\u00a0\u00a0\u00a0\u00a0\u00a0\u00a0\u00a0\u00a0\u00a0\u00a0\u00a0\u00a0\u00a0\u00a0\u00a0\u00a0\u00a0\u00a0\u00a0\u00a0\u00a0 <strong><a href=\"http:\/\/sites.ipleiria.pt\/animacaocultural\/files\/2012\/04\/HPIM4980.jpg\"><img loading=\"lazy\" decoding=\"async\" class=\"wp-image-89 alignleft\" src=\"http:\/\/sites.ipleiria.pt\/animacaocultural\/files\/2012\/04\/HPIM4980-217x300.jpg\" alt=\"\" width=\"157\" height=\"208\" \/><\/a><\/strong><\/strong><\/p>\n<p><strong><strong>In\u00eas Tenera (turma de 2007\/2008)<\/strong><\/strong><\/p>\n<p>Chamo-me In\u00eas, tenho 22 anos e finalizei a Licenciatura de Anima\u00e7\u00e3o Cultural no ano letivo de 2009\/2010.<\/p>\n<p>Neste momento, encontro-me a realizar Est\u00e1gio Profissional pelo IEFP como T\u00e9cnica do Servi\u00e7o Educativo do Museu do Oriente, que se situa em Alc\u00e2ntara (Lisboa). Ser T\u00e9cnica de Servi\u00e7o Educativo no Museu do Oriente enquadra-se na \u00e1rea de trabalho e nas compet\u00eancias de um animador cultural. Neste espa\u00e7o, al\u00e9m da componente sobre os costumes e usos orientais e da promo\u00e7\u00e3o da interculturalidade (Oriente\/ Ocidente), aplicam-se conhecimentos sobre diferentes \u00e1reas, desde express\u00e3o pl\u00e1stica, dram\u00e1tica, musical, ambiental, entre outras. No Servi\u00e7o Educativo participo no desenvolvimento das seguintes a\u00e7\u00f5es: Planifica\u00e7\u00e3o e prepara\u00e7\u00e3o de atividades (constru\u00e7\u00e3o de materiais, por exemplo) a realizar para toda a tipologia de p\u00fablicos (crian\u00e7as, jovens, adultos, seniores, escolas, grupos com necessidades educativas especiais, fam\u00edlias,\u2026); Execu\u00e7\u00e3o das atividades na exposi\u00e7\u00e3o e em sala pr\u00f3pria do Servi\u00e7o Educativo, com espa\u00e7os e materiais necess\u00e1rios; Em conjunto com o respons\u00e1vel de Comunica\u00e7\u00e3o, produzir notas de imprensa e receber os <em>media<\/em>; Realizar marca\u00e7\u00f5es de atividades, quer por parte de grupos (como as escolas), quer para participa\u00e7\u00f5es individuais.<\/p>\n<p>Tamb\u00e9m dentro da minha experi\u00eancia de Animadora Cultural, real\u00e7o a vantagem da polival\u00eancia no dom\u00ednio de conhecimentos e t\u00e9cnicas de anima\u00e7\u00e3o, pois j\u00e1 me enquadrei em trabalhos como animadora em hot\u00e9is, monitora num parque de desportos ao ar livre, assistente de camarins e palco num Teatro e formadora de Express\u00e3o Pl\u00e1stica numa Universidade S\u00e9nior (sendo esta \u00faltima a t\u00edtulo de voluntariado).<\/p>\n<p>&nbsp;<\/p>\n<p><a href=\"http:\/\/sites.ipleiria.pt\/animacaocultural\/files\/2012\/04\/marta.jpg\"><img loading=\"lazy\" decoding=\"async\" class=\"wp-image-90 alignleft\" src=\"http:\/\/sites.ipleiria.pt\/animacaocultural\/files\/2012\/04\/marta.jpg\" alt=\"\" width=\"162\" height=\"206\" \/><\/a><\/p>\n<p><strong>Marta Fraz\u00e3o (turma de 2007\/2008)<\/strong><\/p>\n<p>Chamo-me Marta Fraz\u00e3o, tenho 29 anos, vivo na Batalha e trabalho bem perto da minha \u00e1rea de resid\u00eancia, ou seja, nas Brancas.<\/p>\n<p>Trabalho numa unidade de cuidados continuados no Centro Hospitalar Nossa Senhora da Concei\u00e7\u00e3o. Num universo que engloba especialmente idosos numa fase reabilitativa, \u00e9 muito complexo arranjar atividades de cariz cultural que se possam desenvolver. \u00c9 um desafio todos os dias lidar com limita\u00e7\u00f5es, com a doen\u00e7a e adaptar todas as atividades a estes obst\u00e1culos, contudo, \u00e9 um exerc\u00edcio mental muito desafiante. Com estes utentes desenvolvo trabalhos manuais desde pintura, recorte e colagem, utilizando diversos materiais. No meu trabalho tamb\u00e9m utilizo a m\u00fasica como terapia e organizo diversas atividades contactando grupos exteriores para apresenta\u00e7\u00f5es de teatro e dan\u00e7a. Fa\u00e7o tamb\u00e9m agricultura biol\u00f3gica com os utentes que, sendo na sua maioria de origem rural, voltam a ter contacto com a terra. Trabalho tamb\u00e9m a motricidade fina realizando enfiamentos em tela e fa\u00e7o jogos de cariz cognitivo desenvolvendo, ou n\u00e3o deixando regredir, a capacidade cognitiva dos utentes. Al\u00e9m disso, estou respons\u00e1vel por fazer todos os registos sobre estas atividades e relacionamento dos idosos com as mesmas, fazendo um relat\u00f3rio di\u00e1rio por utente. Neste momento, trabalho com um universo de 42 utentes alguns de nacionalidade estrangeira e com diferentes tipos de limita\u00e7\u00f5es.<\/p>\n<p><a href=\"http:\/\/sites.ipleiria.pt\/animacaocultural\/files\/2012\/04\/Eduardo-Carvalho.png\"><img loading=\"lazy\" decoding=\"async\" class=\"alignleft size-full wp-image-294\" src=\"http:\/\/sites.ipleiria.pt\/animacaocultural\/files\/2012\/04\/Eduardo-Carvalho.png\" alt=\"\" width=\"147\" height=\"213\" \/><\/a><\/p>\n<p>&nbsp;<\/p>\n<p><strong>Eduardo Carvalho (turma de 2007\/2008)<\/strong><\/p>\n<p>Chamo-me Eduardo Carvalho, tenho 33 anos e sou da Figueira da Foz.<\/p>\n<p>Tirei o curso de Anima\u00e7\u00e3o Cultural na Escola Superior de Educa\u00e7\u00e3o e Ci\u00eancias Sociais. Pouco depois de ter terminado o curso, trabalhei de Junho a Novembro de 2010 na Casa-Museu Jo\u00e3o Soares onde desenvolvi e coloquei em pr\u00e1tica atividades de anima\u00e7\u00e3o na \u00e1rea de promo\u00e7\u00e3o da leitura ou relacionadas com a cultura ou museus, para todos os tipos de p\u00fablicos, desde crian\u00e7as a idosos. Desenvolvi tamb\u00e9m algumas atividades para pessoas com necessidades especiais. No resto do tempo, colaborei nas tarefas necess\u00e1rias na biblioteca e no museu da Casa-Museu Jo\u00e3o Soares.<\/p>\n<p>Depois de ficar uns meses desempregado, fui fazer um est\u00e1gio PEPAL para a Biblioteca Municipal da Sert\u00e3, onde exerci fun\u00e7\u00f5es de apoio e acompanhamento no desenvolvimento cultural e art\u00edstico do Concelho, atrav\u00e9s da programa\u00e7\u00e3o de iniciativas municipais e de atividades de dom\u00ednio l\u00fadico-cultural. Fiz o levantamento, registo e classifica\u00e7\u00e3o de a\u00e7\u00f5es culturais. Planeei atividades de anima\u00e7\u00e3o s\u00f3cio-cultural. Promovi, articulei e qualifiquei iniciativas sociais para o desenvolvimento s\u00f3cio-educativo do Concelho. Fora isso, colaborei em tarefas que foram necess\u00e1rias na biblioteca.<\/p>\n<p>&nbsp;<\/p>\n<p><a href=\"http:\/\/sites.ipleiria.pt\/animacaocultural\/files\/2012\/04\/ana-batata.png\"><img loading=\"lazy\" decoding=\"async\" class=\"alignleft wp-image-404\" src=\"http:\/\/sites.ipleiria.pt\/animacaocultural\/files\/2012\/04\/ana-batata-244x300.png\" alt=\"\" width=\"168\" height=\"195\" \/><\/a><\/p>\n<p><strong>Ana Batata (turma de 2007\/2008)<\/strong><\/p>\n<p>Ol\u00e1, chamo-me Ana, tenho 23 anos, sou natural de uma localidade que se situa perto de Cantanhede, entrei no curso superior de Anima\u00e7\u00e3o Cultural no ano letivo 2007\/2008. Ap\u00f3s o final do curso parti para uma grande aventura emigrando para a Su\u00ed\u00e7a, onde consegui arranjar trabalho em duas estruturas (UAPE e creche), na UAPE trabalho como auxiliar e na creche como educadora, estou adorar a experi\u00eancia, pois \u00e9 um mundo completamente diferente do nosso, com pessoas diferentes e l\u00edngua diferente. Fazemos imensas atividades, desde ski, brincar na neve, caminhadas, etc. Foi e \u00e9 uma grande batalha, mas tenho tido grandes ajudas de pessoas maravilhosas que me deram esta oportunidade de entrar no mundo do trabalho, a elas agrade\u00e7o imenso por esta grande experi\u00eancia. Para os rec\u00e9m-licenciados, deixo uma mensagem de apoio e coragem para esta nova fase da vida, que nunca desistam dos seus objetivos e que lutem para os alcan\u00e7ar.<\/p>\n<p>&nbsp;<\/p>\n<p><strong>Joana Nascimento (turma de 2008\/2009)<\/strong><\/p>\n<p>A minha experi\u00eancia\u00a0enquanto animadora cultural come\u00e7ou durante o tempo que estive na ESECS. O curso tem bastantes val\u00eancias pr\u00e1ticas e cria em n\u00f3s, alunos, vontade de querer fazer coisas novas, mesmo enquanto nos encontramos a estudar.<\/p>\n<p>Acabei o curso em junho de 2011. Mesmo antes de acabar o curso comecei a\u00a0enviar curr\u00edculos para todos os locais de interesse nesta \u00e1rea (que abrange muita coisa) e um dia recebi um telefonema da Funda\u00e7\u00e3o Calouste Gulbenkian a perguntar se estava interessada\u00a0em fazer um est\u00e1gio profissional, na \u00e1rea de atendimento ao p\u00fablico. A Funda\u00e7\u00e3o Calouste Gulbenkian no \u00e2mbito cultural \u00e9 um dos melhores locais para se trabalhar em Portugal e foi por isso que aceitei. Apesar de as fun\u00e7\u00f5es a desempenhar n\u00e3o\u00a0serem diretamente relacionadas com a Anima\u00e7\u00e3o Cultural,\u00a0tenho a pretens\u00e3o de poder mudar de \u00e1rea no futuro.<\/p>\n<p>Neste momento estou a finalizar o est\u00e1gio profissional e fizeram-me uma proposta de trabalho por mais seis meses.<\/p>\n<p>Para al\u00e9m de trabalhar na Gulbenkian, dou aulas de Hip-Hop no Sobralinho, estou a come\u00e7ar como <em>freelancer<\/em> na organiza\u00e7\u00e3o de eventos para uma escola de dan\u00e7a em Lisboa e estou a tirar um curso de \u201cGest\u00e3o e Produ\u00e7\u00e3o de Artes do Espect\u00e1culo\u201d do Forum Dan\u00e7a no Lx Factory.<\/p>\n<p>Embora os tempos n\u00e3o estejam f\u00e1ceis, o Animador tem de estar em constante procura, luta e em constante forma\u00e7\u00e3o. No in\u00edcio n\u00e3o estava a conseguir trabalhar na \u00e1rea, mas com persist\u00eancia e com otimismo as coisas come\u00e7am a ganhar forma.<\/p>\n<p>&nbsp;<\/p>\n<p><a href=\"http:\/\/sites.ipleiria.pt\/animacaocultural\/files\/2012\/04\/carina.png\"><img loading=\"lazy\" decoding=\"async\" class=\"alignleft wp-image-367\" src=\"http:\/\/sites.ipleiria.pt\/animacaocultural\/files\/2012\/04\/carina-228x300.png\" alt=\"\" width=\"162\" height=\"221\" \/><\/a><\/p>\n<p><strong>Carina Coelho (turma de 2008\/2009)<\/strong><\/p>\n<p>O meu nome \u00e9 Carina, tenho 22 anos, sou natural de C\u00f3s-Alcoba\u00e7a, sou licenciada em Anima\u00e7\u00e3o Cultural pela Escola Superior de Educa\u00e7\u00e3o e Ci\u00eancias Sociais de Leiria \u2013 Instituto Polit\u00e9cnico de Leiria.<\/p>\n<p>Atualmente estou a fazer um est\u00e1gio profissional num lar em Leiria, onde desempenho fun\u00e7\u00f5es de animadora.<\/p>\n<p>A Licenciatura em Anima\u00e7\u00e3o Cultural oferece uma forma\u00e7\u00e3o te\u00f3rica e pr\u00e1tica de v\u00e1rias express\u00f5es art\u00edsticas, o que nos proporciona uma grande flexibilidade para as nossas aprendizagens e para as futuras sa\u00eddas profissionais, que s\u00e3o v\u00e1rias e \u00e9 isso que faz do curso um bom empreendimento. Tanto podemos trabalhar na \u00e1rea social como na cultural, desde idosos, crian\u00e7as, portadores de defici\u00eancias, toxicodependentes, c\u00e2maras municipais, teatros, bibliotecas, museus, escolas e muitos outros s\u00e3o v\u00e1rias as op\u00e7\u00f5es que temos.<\/p>\n<p>Eu enriqueci muito com o curso, desses 3 anos ficam os bons momentos passados; o carinho partilhado; o apoio e o companheirismo vivido; os sorrisos, as l\u00e1grimas e essencialmente, a for\u00e7a de vontade de nunca desistir de lutar para um futuro melhor e para realizarmos todos os nossos sonhos.<\/p>\n<p>&nbsp;<\/p>\n<p><strong><a href=\"http:\/\/sites.ipleiria.pt\/animacaocultural\/files\/2012\/04\/eug\u00e9nia.png\"><img loading=\"lazy\" decoding=\"async\" class=\"alignleft wp-image-370\" src=\"http:\/\/sites.ipleiria.pt\/animacaocultural\/files\/2012\/04\/eug\u00e9nia-236x300.png\" alt=\"\" width=\"168\" height=\"206\" \/><\/a>Eug\u00e9nia Bernardo (turma de 2008\/2009)<\/strong><\/p>\n<p>Com 22 anos, o meu percurso ainda est\u00e1 a ser constru\u00eddo!<br \/>\nAp\u00f3s uma licenciatura de tr\u00eas anos, foi-me poss\u00edvel estagiar na Resid\u00eancia Assistida Domus Vida no Parque das Na\u00e7\u00f5es, desenvolvendo assim conhecimentos adquiridos durante os estudos.Neste momento encontro-me a trabalhar na Resid\u00eancia Assistida Domus Vida, na Junqueira, que pertence ao Grupo Jos\u00e9 de Mello para o qual estagiei. Desenvolvo um trabalho de Anima\u00e7\u00e3o Cultural muito diversificado. Apesar de se tratar de um p\u00fablico muito espec\u00edfico, utilizo muitos conhecimentos e mat\u00e9rias, que aparentemente n\u00e3o est\u00e3o relacionadas entre si. Das diversas atividades destaco o planeamento das atividades e pr\u00f3pria execu\u00e7\u00e3o das mesmas, a monitoriza\u00e7\u00e3o das atividades externas e a elabora\u00e7\u00e3o de planos de evolu\u00e7\u00e3o das mesmas.<\/p>\n<p>Ver outros\u00a0testemunhos de antigos alunos das escolas do IPL em <a title=\"Rede IPLeiri@lumni\" href=\"https:\/\/www.facebook.com\/profile.php?id=1182665103&amp;ref=tn_tnmn#!\/redealumniIPL\" target=\"_blank\">Rede IPLeiri@lumni<\/a><\/p>\n","protected":false},"excerpt":{"rendered":"<p>\u00a0\u00a0\u00a0\u00a0\u00a0\u00a0\u00a0\u00a0\u00a0\u00a0\u00a0\u00a0\u00a0\u00a0\u00a0\u00a0\u00a0\u00a0\u00a0\u00a0\u00a0\u00a0\u00a0\u00a0\u00a0\u00a0\u00a0\u00a0\u00a0\u00a0\u00a0\u00a0\u00a0\u00a0\u00a0\u00a0\u00a0\u00a0\u00a0\u00a0\u00a0\u00a0\u00a0 In\u00eas Tenera (turma de 2007\/2008) Chamo-me In\u00eas, tenho 22 anos e finalizei a Licenciatura de Anima\u00e7\u00e3o Cultural no ano letivo de 2009\/2010. Neste momento, encontro-me a realizar Est\u00e1gio Profissional pelo IEFP como T\u00e9cnica do Servi\u00e7o Educativo do Museu do &hellip; <a href=\"https:\/\/sites.ipleiria.pt\/animacaocultural\/antigos-alunos-2\/\">Continue reading <span class=\"meta-nav\">&rarr;<\/span><\/a><\/p>\n","protected":false},"author":102,"featured_media":0,"parent":0,"menu_order":5,"comment_status":"closed","ping_status":"closed","template":"","meta":{"footnotes":""},"class_list":["post-33","page","type-page","status-publish","hentry"],"_links":{"self":[{"href":"https:\/\/sites.ipleiria.pt\/animacaocultural\/wp-json\/wp\/v2\/pages\/33","targetHints":{"allow":["GET"]}}],"collection":[{"href":"https:\/\/sites.ipleiria.pt\/animacaocultural\/wp-json\/wp\/v2\/pages"}],"about":[{"href":"https:\/\/sites.ipleiria.pt\/animacaocultural\/wp-json\/wp\/v2\/types\/page"}],"author":[{"embeddable":true,"href":"https:\/\/sites.ipleiria.pt\/animacaocultural\/wp-json\/wp\/v2\/users\/102"}],"replies":[{"embeddable":true,"href":"https:\/\/sites.ipleiria.pt\/animacaocultural\/wp-json\/wp\/v2\/comments?post=33"}],"version-history":[{"count":32,"href":"https:\/\/sites.ipleiria.pt\/animacaocultural\/wp-json\/wp\/v2\/pages\/33\/revisions"}],"predecessor-version":[{"id":986,"href":"https:\/\/sites.ipleiria.pt\/animacaocultural\/wp-json\/wp\/v2\/pages\/33\/revisions\/986"}],"wp:attachment":[{"href":"https:\/\/sites.ipleiria.pt\/animacaocultural\/wp-json\/wp\/v2\/media?parent=33"}],"curies":[{"name":"wp","href":"https:\/\/api.w.org\/{rel}","templated":true}]}}