{"id":35,"date":"2012-04-09T10:53:32","date_gmt":"2012-04-09T10:53:32","guid":{"rendered":"http:\/\/localhost\/wordpress\/?page_id=35"},"modified":"2012-11-24T11:22:42","modified_gmt":"2012-11-24T11:22:42","slug":"recortes-de-imprensa","status":"publish","type":"page","link":"https:\/\/sites.ipleiria.pt\/animacaocultural\/recortes-de-imprensa\/","title":{"rendered":"Recortes de Imprensa"},"content":{"rendered":"<p>Neste espa\u00e7o apresentam-se alguns recortes de imprensa relativos \u00e0 divulga\u00e7\u00e3o de iniciativas do curso de Anima\u00e7\u00e3o Cultural.<\/p>\n<p><a href=\"http:\/\/sites.ipleiria.pt\/animacaocultural\/files\/2012\/04\/Revista-Polit\u00e9cnica-n\u00ba-26-Outubro-2009.pdf\">Revista Polit\u00e9cnica n\u00ba 26, outubro 2009<\/a><\/p>\n<p><a href=\"http:\/\/sites.ipleiria.pt\/animacaocultural\/files\/2012\/04\/optioncom_contenttaskv.pdf\">Jornal das Cortes [on line], julho 2010<\/a><\/p>\n<p><a href=\"http:\/\/sites.ipleiria.pt\/animacaocultural\/files\/2012\/04\/Revista-Polit\u00e9cnica-n\u00ba28-Novembro-2010.pdf\">Revista Polit\u00e9cnica n\u00ba28, novembro 2010<\/a><\/p>\n<p><a href=\"http:\/\/sites.ipleiria.pt\/animacaocultural\/files\/2012\/04\/Jornal-das-Cortes-1.pdf\">Jornal das Cortes (1) [on line], julho 2011<\/a><\/p>\n<p><a href=\"http:\/\/sites.ipleiria.pt\/animacaocultural\/files\/2012\/04\/Jornal-das-Cortes.pdf\">Jornal das Cortes (2) [on line], julho 2011<\/a><\/p>\n<p><a href=\"http:\/\/sites.ipleiria.pt\/animacaocultural\/files\/2012\/04\/Revista-Polit\u00e9cnica-n\u00ba-29-Novembro-2011.pdf\">Revista Polit\u00e9cnica n\u00ba 29, novembro 2011<\/a><\/p>\n<p>&nbsp;<\/p>\n","protected":false},"excerpt":{"rendered":"<p>Neste espa\u00e7o apresentam-se alguns recortes de imprensa relativos \u00e0 divulga\u00e7\u00e3o de iniciativas do curso de Anima\u00e7\u00e3o Cultural. Revista Polit\u00e9cnica n\u00ba 26, outubro 2009 Jornal das Cortes [on line], julho 2010 Revista Polit\u00e9cnica n\u00ba28, novembro 2010 Jornal das Cortes (1) [on &hellip; <a href=\"https:\/\/sites.ipleiria.pt\/animacaocultural\/recortes-de-imprensa\/\">Continue reading <span class=\"meta-nav\">&rarr;<\/span><\/a><\/p>\n","protected":false},"author":102,"featured_media":0,"parent":0,"menu_order":6,"comment_status":"closed","ping_status":"closed","template":"","meta":{"footnotes":""},"class_list":["post-35","page","type-page","status-publish","hentry"],"_links":{"self":[{"href":"https:\/\/sites.ipleiria.pt\/animacaocultural\/wp-json\/wp\/v2\/pages\/35","targetHints":{"allow":["GET"]}}],"collection":[{"href":"https:\/\/sites.ipleiria.pt\/animacaocultural\/wp-json\/wp\/v2\/pages"}],"about":[{"href":"https:\/\/sites.ipleiria.pt\/animacaocultural\/wp-json\/wp\/v2\/types\/page"}],"author":[{"embeddable":true,"href":"https:\/\/sites.ipleiria.pt\/animacaocultural\/wp-json\/wp\/v2\/users\/102"}],"replies":[{"embeddable":true,"href":"https:\/\/sites.ipleiria.pt\/animacaocultural\/wp-json\/wp\/v2\/comments?post=35"}],"version-history":[{"count":7,"href":"https:\/\/sites.ipleiria.pt\/animacaocultural\/wp-json\/wp\/v2\/pages\/35\/revisions"}],"predecessor-version":[{"id":530,"href":"https:\/\/sites.ipleiria.pt\/animacaocultural\/wp-json\/wp\/v2\/pages\/35\/revisions\/530"}],"wp:attachment":[{"href":"https:\/\/sites.ipleiria.pt\/animacaocultural\/wp-json\/wp\/v2\/media?parent=35"}],"curies":[{"name":"wp","href":"https:\/\/api.w.org\/{rel}","templated":true}]}}