{"id":37,"date":"2012-04-09T10:53:44","date_gmt":"2012-04-09T10:53:44","guid":{"rendered":"http:\/\/localhost\/wordpress\/?page_id=37"},"modified":"2012-05-28T17:34:20","modified_gmt":"2012-05-28T17:34:20","slug":"contactos","status":"publish","type":"page","link":"https:\/\/sites.ipleiria.pt\/animacaocultural\/contactos\/","title":{"rendered":"Contactos"},"content":{"rendered":"<p><strong>Escola Superior de Educa\u00e7\u00e3o e Ci\u00eancias Sociais<\/strong><\/p>\n<p align=\"left\">Campus 1<br \/>\nRua Dr. Jo\u00e3o Soares<br \/>\nApartado 4045<br \/>\n2411-901 Leiria &#8211; Portugal<\/p>\n<p align=\"left\">Tel: (+351) 244 829400<br \/>\nFax:(+351) 244 829499<\/p>\n<p align=\"left\">E-mail: <a href=\"mailto:esecs@ipleiria.pt\">esecs@ipleiria.pt<\/a><\/p>\n","protected":false},"excerpt":{"rendered":"<p>Escola Superior de Educa\u00e7\u00e3o e Ci\u00eancias Sociais Campus 1 Rua Dr. Jo\u00e3o Soares Apartado 4045 2411-901 Leiria &#8211; Portugal Tel: (+351) 244 829400 Fax:(+351) 244 829499 E-mail: esecs@ipleiria.pt<\/p>\n","protected":false},"author":102,"featured_media":0,"parent":0,"menu_order":7,"comment_status":"closed","ping_status":"closed","template":"","meta":{"footnotes":""},"class_list":["post-37","page","type-page","status-publish","hentry"],"_links":{"self":[{"href":"https:\/\/sites.ipleiria.pt\/animacaocultural\/wp-json\/wp\/v2\/pages\/37","targetHints":{"allow":["GET"]}}],"collection":[{"href":"https:\/\/sites.ipleiria.pt\/animacaocultural\/wp-json\/wp\/v2\/pages"}],"about":[{"href":"https:\/\/sites.ipleiria.pt\/animacaocultural\/wp-json\/wp\/v2\/types\/page"}],"author":[{"embeddable":true,"href":"https:\/\/sites.ipleiria.pt\/animacaocultural\/wp-json\/wp\/v2\/users\/102"}],"replies":[{"embeddable":true,"href":"https:\/\/sites.ipleiria.pt\/animacaocultural\/wp-json\/wp\/v2\/comments?post=37"}],"version-history":[{"count":5,"href":"https:\/\/sites.ipleiria.pt\/animacaocultural\/wp-json\/wp\/v2\/pages\/37\/revisions"}],"predecessor-version":[{"id":66,"href":"https:\/\/sites.ipleiria.pt\/animacaocultural\/wp-json\/wp\/v2\/pages\/37\/revisions\/66"}],"wp:attachment":[{"href":"https:\/\/sites.ipleiria.pt\/animacaocultural\/wp-json\/wp\/v2\/media?parent=37"}],"curies":[{"name":"wp","href":"https:\/\/api.w.org\/{rel}","templated":true}]}}