{"id":467,"date":"2012-11-11T09:16:53","date_gmt":"2012-11-11T09:16:53","guid":{"rendered":"http:\/\/sites.ipleiria.pt\/animacaocultural\/?page_id=467"},"modified":"2015-06-29T15:25:47","modified_gmt":"2015-06-29T15:25:47","slug":"trabalhos-realizados-por-alunos","status":"publish","type":"page","link":"https:\/\/sites.ipleiria.pt\/animacaocultural\/atividades-desenvolvidas-2\/trabalhos-realizados-por-alunos\/","title":{"rendered":"Trabalhos realizados por alunos"},"content":{"rendered":"<p><span style=\"color: #ff0000\"><strong>Ano letivo 2014\/2015<\/strong><\/span><\/p>\n<p><strong>&gt; UC de Linguagem Pl\u00e1stica<\/strong><\/p>\n<p><a href=\"http:\/\/sites.ipleiria.pt\/animacaocultural\/files\/2012\/11\/trabalho-10.jpg\"><img loading=\"lazy\" decoding=\"async\" class=\"alignnone wp-image-970 size-medium\" src=\"http:\/\/sites.ipleiria.pt\/animacaocultural\/files\/2012\/11\/trabalho-10-290x300.jpg\" alt=\"trabalho 10\" width=\"290\" height=\"300\" srcset=\"https:\/\/sites.ipleiria.pt\/animacaocultural\/files\/2012\/11\/trabalho-10-290x300.jpg 290w, https:\/\/sites.ipleiria.pt\/animacaocultural\/files\/2012\/11\/trabalho-10.jpg 495w\" sizes=\"auto, (max-width: 290px) 100vw, 290px\" \/><\/a>\u00a0<a href=\"http:\/\/sites.ipleiria.pt\/animacaocultural\/files\/2012\/11\/Trabalho-7.jpg\"><img loading=\"lazy\" decoding=\"async\" class=\" size-medium wp-image-971 alignnone\" src=\"http:\/\/sites.ipleiria.pt\/animacaocultural\/files\/2012\/11\/Trabalho-7-173x300.jpg\" alt=\"Trabalho 7\" width=\"173\" height=\"300\" srcset=\"https:\/\/sites.ipleiria.pt\/animacaocultural\/files\/2012\/11\/Trabalho-7-173x300.jpg 173w, https:\/\/sites.ipleiria.pt\/animacaocultural\/files\/2012\/11\/Trabalho-7.jpg 399w\" sizes=\"auto, (max-width: 173px) 100vw, 173px\" \/><\/a><\/p>\n<p><img loading=\"lazy\" decoding=\"async\" class=\"  wp-image-972 alignnone\" src=\"http:\/\/sites.ipleiria.pt\/animacaocultural\/files\/2012\/11\/Trabalho-3-209x300.jpg\" alt=\"Trabalho 3\" width=\"196\" height=\"281\" srcset=\"https:\/\/sites.ipleiria.pt\/animacaocultural\/files\/2012\/11\/Trabalho-3-209x300.jpg 209w, https:\/\/sites.ipleiria.pt\/animacaocultural\/files\/2012\/11\/Trabalho-3.jpg 284w\" sizes=\"auto, (max-width: 196px) 100vw, 196px\" \/>\u00a0<a href=\"http:\/\/sites.ipleiria.pt\/animacaocultural\/files\/2012\/11\/trabalho-9.jpg\"><img loading=\"lazy\" decoding=\"async\" class=\"  wp-image-973 alignnone\" src=\"http:\/\/sites.ipleiria.pt\/animacaocultural\/files\/2012\/11\/trabalho-9-300x281.jpg\" alt=\"trabalho 9\" width=\"266\" height=\"275\" \/><\/a><\/p>\n<p><span style=\"color: #ff0000\"><strong>Ano letivo 2012\/2013<\/strong><\/span><\/p>\n<p><strong>&gt; UC de Linguagem Pl\u00e1stica<\/strong><\/p>\n<p><a href=\"http:\/\/sites.ipleiria.pt\/animacaocultural\/files\/2012\/11\/P210513_1536.jpg\"><img loading=\"lazy\" decoding=\"async\" class=\"size-medium wp-image-752 alignnone\" src=\"http:\/\/sites.ipleiria.pt\/animacaocultural\/files\/2012\/11\/P210513_1536-300x188.jpg\" alt=\"\" width=\"288\" height=\"210\" \/><\/a>\u00a0<a href=\"http:\/\/sites.ipleiria.pt\/animacaocultural\/files\/2012\/11\/P210513_161701.jpg\"><img loading=\"lazy\" decoding=\"async\" class=\"size-medium wp-image-751 alignnone\" src=\"http:\/\/sites.ipleiria.pt\/animacaocultural\/files\/2012\/11\/P210513_161701-300x225.jpg\" alt=\"PLUM3G\" width=\"241\" height=\"186\" \/><\/a><\/p>\n<p><strong>&gt; UC de Linguagem Multim\u00e9dia (M\u00f3dulos de Fotografia, V\u00eddeo e Multim\u00e9dia)<\/strong><\/p>\n<p><a title=\"Site 1 (Lu\u00eds Teves)\" href=\"http:\/\/luisteves.wordpress.com\/\">Site 1 (lu\u00eds teves)<\/a>\u00a0|\u00a0 <a title=\"Site 2 (Anima\u00e7\u00e3o Cultural)\" href=\"http:\/\/cac3.wordpress.com\/\">Site 2 (anima\u00e7\u00e3o cultural)\u00a0<\/a>\u00a0| <a title=\"Site 3 (lamonavestidadeseda)\" href=\"http:\/\/lamonavestidadeseda.wordpress.com\/\">Site 3 (lamonavestidadeseda)<\/a><\/p>\n<p><a title=\"Site 4 (ratamarilla)\" href=\"http:\/\/ratamarilla.wordpress.com\/\">Site 4 (ratamarilla)<\/a>\u00a0| <a title=\"Site 5 (multim\u00e9dia)\" href=\"http:\/\/telsareli.wordpress.com\/\">Site 5 (multim\u00e9dia)<\/a>\u00a0| <a title=\"Site 6 (blog multim\u00e9dia)\" href=\"http:\/\/lena2692.wordpress.com\/\">Site 6 (blog multim\u00e9dia)<\/a><\/p>\n<p><a title=\"Site 7 (aneleta)\" href=\"http:\/\/aneleta.wordpress.com\/\">Site 7 (aneleta)<\/a> | <a title=\"Site 8 (o mundo de anima\u00e7\u00e3o)\" href=\"http:\/\/adj3.wordpress.com\/\">Site 8 (o mundo de anima\u00e7\u00e3o)<\/a><\/p>\n<p><strong>&gt; UC de Linguagem Multim\u00e9dia (M\u00f3dulo de Fotografia)<\/strong><\/p>\n<p><a href=\"http:\/\/sites.ipleiria.pt\/animacaocultural\/files\/2012\/11\/i1.jpeg\"><img loading=\"lazy\" decoding=\"async\" class=\"alignnone size-medium wp-image-597\" style=\"width: 300px\" src=\"http:\/\/sites.ipleiria.pt\/animacaocultural\/files\/2012\/11\/i1-300x300.jpeg\" alt=\"i1\" width=\"303\" height=\"303\" srcset=\"https:\/\/sites.ipleiria.pt\/animacaocultural\/files\/2012\/11\/i1-300x300.jpeg 300w, https:\/\/sites.ipleiria.pt\/animacaocultural\/files\/2012\/11\/i1-150x150.jpeg 150w, https:\/\/sites.ipleiria.pt\/animacaocultural\/files\/2012\/11\/i1.jpeg 960w\" sizes=\"auto, (max-width: 303px) 100vw, 303px\" \/><\/a>\u00a0 <a href=\"http:\/\/sites.ipleiria.pt\/animacaocultural\/files\/2012\/11\/i3.jpeg\"><img loading=\"lazy\" decoding=\"async\" class=\"alignnone size-medium wp-image-598\" style=\"width: 300px\" src=\"http:\/\/sites.ipleiria.pt\/animacaocultural\/files\/2012\/11\/i3-300x300.jpeg\" alt=\"i3\" width=\"300\" height=\"306\" \/><\/a><\/p>\n<p><a href=\"http:\/\/sites.ipleiria.pt\/animacaocultural\/files\/2012\/11\/i4.jpeg\"><img loading=\"lazy\" decoding=\"async\" class=\"alignnone size-medium wp-image-600\" src=\"http:\/\/sites.ipleiria.pt\/animacaocultural\/files\/2012\/11\/i4-300x300.jpeg\" alt=\"i4\" width=\"300\" height=\"300\" srcset=\"https:\/\/sites.ipleiria.pt\/animacaocultural\/files\/2012\/11\/i4-300x300.jpeg 300w, https:\/\/sites.ipleiria.pt\/animacaocultural\/files\/2012\/11\/i4-150x150.jpeg 150w, https:\/\/sites.ipleiria.pt\/animacaocultural\/files\/2012\/11\/i4.jpeg 960w\" sizes=\"auto, (max-width: 300px) 100vw, 300px\" \/><\/a>\u00a0 <a href=\"http:\/\/sites.ipleiria.pt\/animacaocultural\/files\/2012\/11\/i5.jpeg\"><img loading=\"lazy\" decoding=\"async\" class=\"alignnone size-medium wp-image-599\" src=\"http:\/\/sites.ipleiria.pt\/animacaocultural\/files\/2012\/11\/i5-300x300.jpeg\" alt=\"i5\" width=\"300\" height=\"300\" srcset=\"https:\/\/sites.ipleiria.pt\/animacaocultural\/files\/2012\/11\/i5-300x300.jpeg 300w, https:\/\/sites.ipleiria.pt\/animacaocultural\/files\/2012\/11\/i5-150x150.jpeg 150w, https:\/\/sites.ipleiria.pt\/animacaocultural\/files\/2012\/11\/i5.jpeg 960w\" sizes=\"auto, (max-width: 300px) 100vw, 300px\" \/><\/a><\/p>\n<p>[registo e edi\u00e7\u00e3o de Lu\u00eds Teves, Programa 60+]<\/p>\n<p><a href=\"http:\/\/sites.ipleiria.pt\/animacaocultural\/files\/2012\/11\/i6.jpeg\"><img loading=\"lazy\" decoding=\"async\" class=\"alignnone size-medium wp-image-606\" src=\"http:\/\/sites.ipleiria.pt\/animacaocultural\/files\/2012\/11\/i6-300x240.jpeg\" alt=\"i6\" width=\"300\" height=\"240\" srcset=\"https:\/\/sites.ipleiria.pt\/animacaocultural\/files\/2012\/11\/i6-300x240.jpeg 300w, https:\/\/sites.ipleiria.pt\/animacaocultural\/files\/2012\/11\/i6-1024x819.jpeg 1024w, https:\/\/sites.ipleiria.pt\/animacaocultural\/files\/2012\/11\/i6.jpeg 2048w\" sizes=\"auto, (max-width: 300px) 100vw, 300px\" \/><\/a><\/p>\n<p><span style=\"color: #ff0000\"><strong>Ano letivo 2011\/2012<\/strong><\/span><\/p>\n<p><strong>&gt; UC de Linguagem Multim\u00e9dia (M\u00f3dulo de Fotografia)<\/strong><\/p>\n<p><a href=\"http:\/\/sites.ipleiria.pt\/animacaocultural\/files\/2012\/11\/DSC02613.jpg\"><img loading=\"lazy\" decoding=\"async\" class=\"alignnone size-medium wp-image-475\" src=\"http:\/\/sites.ipleiria.pt\/animacaocultural\/files\/2012\/11\/DSC02613-300x199.jpg\" alt=\"\" width=\"300\" height=\"199\" srcset=\"https:\/\/sites.ipleiria.pt\/animacaocultural\/files\/2012\/11\/DSC02613-300x199.jpg 300w, https:\/\/sites.ipleiria.pt\/animacaocultural\/files\/2012\/11\/DSC02613-1024x680.jpg 1024w\" sizes=\"auto, (max-width: 300px) 100vw, 300px\" \/><\/a>\u00a0<a href=\"http:\/\/sites.ipleiria.pt\/animacaocultural\/files\/2012\/11\/DSC02617.jpg\"><img loading=\"lazy\" decoding=\"async\" class=\"alignnone size-medium wp-image-476\" src=\"http:\/\/sites.ipleiria.pt\/animacaocultural\/files\/2012\/11\/DSC02617-300x199.jpg\" alt=\"\" width=\"300\" height=\"199\" srcset=\"https:\/\/sites.ipleiria.pt\/animacaocultural\/files\/2012\/11\/DSC02617-300x199.jpg 300w, https:\/\/sites.ipleiria.pt\/animacaocultural\/files\/2012\/11\/DSC02617-1024x680.jpg 1024w\" sizes=\"auto, (max-width: 300px) 100vw, 300px\" \/><\/a><\/p>\n<p><a href=\"http:\/\/sites.ipleiria.pt\/animacaocultural\/files\/2012\/11\/DSC02620.jpg\"><img loading=\"lazy\" decoding=\"async\" class=\"alignnone size-medium wp-image-477\" src=\"http:\/\/sites.ipleiria.pt\/animacaocultural\/files\/2012\/11\/DSC02620-300x199.jpg\" alt=\"\" width=\"300\" height=\"199\" srcset=\"https:\/\/sites.ipleiria.pt\/animacaocultural\/files\/2012\/11\/DSC02620-300x199.jpg 300w, https:\/\/sites.ipleiria.pt\/animacaocultural\/files\/2012\/11\/DSC02620-1024x680.jpg 1024w\" sizes=\"auto, (max-width: 300px) 100vw, 300px\" \/><\/a>\u00a0<a href=\"http:\/\/sites.ipleiria.pt\/animacaocultural\/files\/2012\/11\/DSC02621.jpg\"><img loading=\"lazy\" decoding=\"async\" class=\"alignnone size-medium wp-image-478\" src=\"http:\/\/sites.ipleiria.pt\/animacaocultural\/files\/2012\/11\/DSC02621-300x199.jpg\" alt=\"\" width=\"300\" height=\"199\" srcset=\"https:\/\/sites.ipleiria.pt\/animacaocultural\/files\/2012\/11\/DSC02621-300x199.jpg 300w, https:\/\/sites.ipleiria.pt\/animacaocultural\/files\/2012\/11\/DSC02621-1024x680.jpg 1024w\" sizes=\"auto, (max-width: 300px) 100vw, 300px\" \/><\/a><\/p>\n<p><a href=\"http:\/\/sites.ipleiria.pt\/animacaocultural\/files\/2012\/11\/DSC02622.jpg\"><img loading=\"lazy\" decoding=\"async\" class=\"alignnone size-medium wp-image-479\" src=\"http:\/\/sites.ipleiria.pt\/animacaocultural\/files\/2012\/11\/DSC02622-300x199.jpg\" alt=\"\" width=\"300\" height=\"199\" srcset=\"https:\/\/sites.ipleiria.pt\/animacaocultural\/files\/2012\/11\/DSC02622-300x199.jpg 300w, https:\/\/sites.ipleiria.pt\/animacaocultural\/files\/2012\/11\/DSC02622-1024x680.jpg 1024w\" sizes=\"auto, (max-width: 300px) 100vw, 300px\" \/><\/a>\u00a0<a href=\"http:\/\/sites.ipleiria.pt\/animacaocultural\/files\/2012\/11\/DSC02623.jpg\"><img loading=\"lazy\" decoding=\"async\" class=\"alignnone size-medium wp-image-480\" src=\"http:\/\/sites.ipleiria.pt\/animacaocultural\/files\/2012\/11\/DSC02623-300x199.jpg\" alt=\"\" width=\"300\" height=\"199\" srcset=\"https:\/\/sites.ipleiria.pt\/animacaocultural\/files\/2012\/11\/DSC02623-300x199.jpg 300w, https:\/\/sites.ipleiria.pt\/animacaocultural\/files\/2012\/11\/DSC02623-1024x680.jpg 1024w\" sizes=\"auto, (max-width: 300px) 100vw, 300px\" \/><\/a><\/p>\n<p><a href=\"http:\/\/sites.ipleiria.pt\/animacaocultural\/files\/2012\/11\/DSC02624.jpg\"><img loading=\"lazy\" decoding=\"async\" class=\"alignnone size-medium wp-image-481\" src=\"http:\/\/sites.ipleiria.pt\/animacaocultural\/files\/2012\/11\/DSC02624-300x199.jpg\" alt=\"\" width=\"300\" height=\"199\" srcset=\"https:\/\/sites.ipleiria.pt\/animacaocultural\/files\/2012\/11\/DSC02624-300x199.jpg 300w, https:\/\/sites.ipleiria.pt\/animacaocultural\/files\/2012\/11\/DSC02624-1024x680.jpg 1024w\" sizes=\"auto, (max-width: 300px) 100vw, 300px\" \/><\/a>\u00a0<a href=\"http:\/\/sites.ipleiria.pt\/animacaocultural\/files\/2012\/11\/DSC02625.jpg\"><img loading=\"lazy\" decoding=\"async\" class=\"alignnone size-medium wp-image-482\" src=\"http:\/\/sites.ipleiria.pt\/animacaocultural\/files\/2012\/11\/DSC02625-300x199.jpg\" alt=\"\" width=\"300\" height=\"199\" srcset=\"https:\/\/sites.ipleiria.pt\/animacaocultural\/files\/2012\/11\/DSC02625-300x199.jpg 300w, https:\/\/sites.ipleiria.pt\/animacaocultural\/files\/2012\/11\/DSC02625-1024x680.jpg 1024w\" sizes=\"auto, (max-width: 300px) 100vw, 300px\" \/><\/a><\/p>\n<p><a href=\"http:\/\/sites.ipleiria.pt\/animacaocultural\/files\/2012\/11\/I-shop.wmv\">V\u00eddeo \u00abI\u00a0shop<\/a>\u00bb<\/p>\n<p><strong>&gt; UC de Est\u00e1gio<\/strong><\/p>\n<p><a href=\"http:\/\/sites.ipleiria.pt\/animacaocultural\/files\/2012\/11\/Est\u00e1gio-Curricular.wmv\">Apresenta\u00e7\u00e3o do\u00a0projeto e investiga\u00e7\u00e3o\u00a0desenvolvida por Diana E. Cardoso<\/a><\/p>\n<p>&nbsp;<\/p>\n<p>&nbsp;<\/p>\n","protected":false},"excerpt":{"rendered":"<p>Ano letivo 2014\/2015 &gt; UC de Linguagem Pl\u00e1stica \u00a0 \u00a0 Ano letivo 2012\/2013 &gt; UC de Linguagem Pl\u00e1stica \u00a0 &gt; UC de Linguagem Multim\u00e9dia (M\u00f3dulos de Fotografia, V\u00eddeo e Multim\u00e9dia) Site 1 (lu\u00eds teves)\u00a0|\u00a0 Site 2 (anima\u00e7\u00e3o cultural)\u00a0\u00a0| Site 3 &hellip; <a href=\"https:\/\/sites.ipleiria.pt\/animacaocultural\/atividades-desenvolvidas-2\/trabalhos-realizados-por-alunos\/\">Continue reading <span class=\"meta-nav\">&rarr;<\/span><\/a><\/p>\n","protected":false},"author":831,"featured_media":0,"parent":29,"menu_order":5,"comment_status":"open","ping_status":"open","template":"","meta":{"footnotes":""},"class_list":["post-467","page","type-page","status-publish","hentry"],"_links":{"self":[{"href":"https:\/\/sites.ipleiria.pt\/animacaocultural\/wp-json\/wp\/v2\/pages\/467","targetHints":{"allow":["GET"]}}],"collection":[{"href":"https:\/\/sites.ipleiria.pt\/animacaocultural\/wp-json\/wp\/v2\/pages"}],"about":[{"href":"https:\/\/sites.ipleiria.pt\/animacaocultural\/wp-json\/wp\/v2\/types\/page"}],"author":[{"embeddable":true,"href":"https:\/\/sites.ipleiria.pt\/animacaocultural\/wp-json\/wp\/v2\/users\/831"}],"replies":[{"embeddable":true,"href":"https:\/\/sites.ipleiria.pt\/animacaocultural\/wp-json\/wp\/v2\/comments?post=467"}],"version-history":[{"count":29,"href":"https:\/\/sites.ipleiria.pt\/animacaocultural\/wp-json\/wp\/v2\/pages\/467\/revisions"}],"predecessor-version":[{"id":472,"href":"https:\/\/sites.ipleiria.pt\/animacaocultural\/wp-json\/wp\/v2\/pages\/467\/revisions\/472"}],"up":[{"embeddable":true,"href":"https:\/\/sites.ipleiria.pt\/animacaocultural\/wp-json\/wp\/v2\/pages\/29"}],"wp:attachment":[{"href":"https:\/\/sites.ipleiria.pt\/animacaocultural\/wp-json\/wp\/v2\/media?parent=467"}],"curies":[{"name":"wp","href":"https:\/\/api.w.org\/{rel}","templated":true}]}}