{"id":635,"date":"2013-02-27T14:54:01","date_gmt":"2013-02-27T14:54:01","guid":{"rendered":"http:\/\/sites.ipleiria.pt\/animacaocultural\/?page_id=635"},"modified":"2014-05-19T17:04:37","modified_gmt":"2014-05-19T17:04:37","slug":"vida-academica","status":"publish","type":"page","link":"https:\/\/sites.ipleiria.pt\/animacaocultural\/vida-academica\/","title":{"rendered":"Vida acad\u00e9mica"},"content":{"rendered":"<p>[em atualiza\u00e7\u00e3o&#8230;]<\/p>\n<p><a href=\"http:\/\/sites.ipleiria.pt\/animacaocultural\/files\/2013\/02\/1380846_583323188382299_498476041_n.jpg\"><img loading=\"lazy\" decoding=\"async\" class=\" wp-image-881 alignnone\" alt=\"1380846_583323188382299_498476041_n\" src=\"http:\/\/sites.ipleiria.pt\/animacaocultural\/files\/2013\/02\/1380846_583323188382299_498476041_n-300x236.jpg\" width=\"283\" height=\"224\" srcset=\"https:\/\/sites.ipleiria.pt\/animacaocultural\/files\/2013\/02\/1380846_583323188382299_498476041_n-300x236.jpg 300w, https:\/\/sites.ipleiria.pt\/animacaocultural\/files\/2013\/02\/1380846_583323188382299_498476041_n.jpg 609w\" sizes=\"auto, (max-width: 283px) 100vw, 283px\" \/><\/a><\/p>\n<p><a href=\"http:\/\/sites.ipleiria.pt\/animacaocultural\/files\/2013\/02\/batismo1.jpg\"><img loading=\"lazy\" decoding=\"async\" class=\" wp-image-681 alignnone\" alt=\"batismo\" src=\"http:\/\/sites.ipleiria.pt\/animacaocultural\/files\/2013\/02\/batismo1-300x222.jpg\" width=\"282\" height=\"200\" \/><\/a>\u00a0<a href=\"http:\/\/sites.ipleiria.pt\/animacaocultural\/files\/2013\/02\/Queimada.jpg\"><img loading=\"lazy\" decoding=\"async\" class=\"size-medium wp-image-684 alignnone\" alt=\"Queimada\" src=\"http:\/\/sites.ipleiria.pt\/animacaocultural\/files\/2013\/02\/Queimada-300x216.jpg\" width=\"277\" height=\"202\" \/><\/a><\/p>\n<p><a href=\"http:\/\/sites.ipleiria.pt\/animacaocultural\/files\/2013\/02\/ben\u00e7\u00e3o-caloiros.jpg\"><img loading=\"lazy\" decoding=\"async\" class=\" wp-image-682 alignnone\" alt=\"ben\u00e7\u00e3o caloiros\" src=\"http:\/\/sites.ipleiria.pt\/animacaocultural\/files\/2013\/02\/ben\u00e7\u00e3o-caloiros-300x213.jpg\" width=\"281\" height=\"207\" \/><\/a>\u00a0<a href=\"http:\/\/sites.ipleiria.pt\/animacaocultural\/files\/2013\/02\/serenata.jpg\"><img loading=\"lazy\" decoding=\"async\" class=\" wp-image-689 alignnone\" alt=\"serenata\" src=\"http:\/\/sites.ipleiria.pt\/animacaocultural\/files\/2013\/02\/serenata-300x228.jpg\" width=\"276\" height=\"208\" \/><\/a><\/p>\n","protected":false},"excerpt":{"rendered":"<p>[em atualiza\u00e7\u00e3o&#8230;] \u00a0 \u00a0<\/p>\n","protected":false},"author":831,"featured_media":0,"parent":0,"menu_order":8,"comment_status":"open","ping_status":"open","template":"","meta":{"footnotes":""},"class_list":["post-635","page","type-page","status-publish","hentry"],"_links":{"self":[{"href":"https:\/\/sites.ipleiria.pt\/animacaocultural\/wp-json\/wp\/v2\/pages\/635","targetHints":{"allow":["GET"]}}],"collection":[{"href":"https:\/\/sites.ipleiria.pt\/animacaocultural\/wp-json\/wp\/v2\/pages"}],"about":[{"href":"https:\/\/sites.ipleiria.pt\/animacaocultural\/wp-json\/wp\/v2\/types\/page"}],"author":[{"embeddable":true,"href":"https:\/\/sites.ipleiria.pt\/animacaocultural\/wp-json\/wp\/v2\/users\/831"}],"replies":[{"embeddable":true,"href":"https:\/\/sites.ipleiria.pt\/animacaocultural\/wp-json\/wp\/v2\/comments?post=635"}],"version-history":[{"count":12,"href":"https:\/\/sites.ipleiria.pt\/animacaocultural\/wp-json\/wp\/v2\/pages\/635\/revisions"}],"predecessor-version":[{"id":883,"href":"https:\/\/sites.ipleiria.pt\/animacaocultural\/wp-json\/wp\/v2\/pages\/635\/revisions\/883"}],"wp:attachment":[{"href":"https:\/\/sites.ipleiria.pt\/animacaocultural\/wp-json\/wp\/v2\/media?parent=635"}],"curies":[{"name":"wp","href":"https:\/\/api.w.org\/{rel}","templated":true}]}}