{"id":2919,"date":"2025-01-02T11:05:14","date_gmt":"2025-01-02T11:05:14","guid":{"rendered":"https:\/\/sites.ipleiria.pt\/avancar-plnm\/?page_id=2919"},"modified":"2025-06-18T08:34:35","modified_gmt":"2025-06-18T08:34:35","slug":"o-que-fazemos","status":"publish","type":"page","link":"https:\/\/sites.ipleiria.pt\/avancar-plnm\/o-que-fazemos\/","title":{"rendered":"O Que Fazemos"},"content":{"rendered":"\t\t<div data-elementor-type=\"wp-page\" data-elementor-id=\"2919\" class=\"elementor elementor-2919\">\n\t\t\t\t<div class=\"has_eae_slider elementor-element elementor-element-d3cf026 e-flex e-con-boxed e-con e-parent\" data-eae-slider=\"8736\" data-id=\"d3cf026\" data-element_type=\"container\">\n\t\t\t\t\t<div class=\"e-con-inner\">\n\t\t\t\t<div class=\"elementor-element elementor-element-a927ac7 elementor-widget elementor-widget-heading\" data-id=\"a927ac7\" data-element_type=\"widget\" data-widget_type=\"heading.default\">\n\t\t\t\t<div class=\"elementor-widget-container\">\n\t\t\t\t\t<h1 class=\"elementor-heading-title elementor-size-default\">O Que Fazemos<\/h1>\t\t\t\t<\/div>\n\t\t\t\t<\/div>\n\t\t\t\t\t<\/div>\n\t\t\t\t<\/div>\n\t\t<div class=\"has_eae_slider elementor-element elementor-element-062d00b e-flex e-con-boxed e-con e-parent\" data-eae-slider=\"45706\" data-id=\"062d00b\" data-element_type=\"container\">\n\t\t\t\t\t<div class=\"e-con-inner\">\n\t\t\t\t<div class=\"elementor-element elementor-element-d81ef2c elementor-widget elementor-widget-text-editor\" data-id=\"d81ef2c\" data-element_type=\"widget\" data-widget_type=\"text-editor.default\">\n\t\t\t\t<div class=\"elementor-widget-container\">\n\t\t\t\t\t\t\t\t\t<p>A nossa equipa atua em quatro \u00e1reas principais:<\/p>\t\t\t\t\t\t\t\t<\/div>\n\t\t\t\t<\/div>\n\t\t\t\t\t<\/div>\n\t\t\t\t<\/div>\n\t\t<div class=\"has_eae_slider elementor-element elementor-element-1cd9390 e-flex e-con-boxed e-con e-parent\" data-eae-slider=\"70357\" data-id=\"1cd9390\" data-element_type=\"container\">\n\t\t\t\t\t<div class=\"e-con-inner\">\n\t\t<div class=\"has_eae_slider elementor-element elementor-element-0419cb1 e-con-full e-flex e-con e-child\" data-eae-slider=\"46457\" data-id=\"0419cb1\" data-element_type=\"container\">\n\t\t\t\t<div class=\"elementor-element elementor-element-23e3d11 elementor-widget elementor-widget-text-editor\" data-id=\"23e3d11\" data-element_type=\"widget\" data-widget_type=\"text-editor.default\">\n\t\t\t\t<div class=\"elementor-widget-container\">\n\t\t\t\t\t\t\t\t\t<h6><strong>1. Assessoria <\/strong><strong>cient\u00edfica<\/strong><\/h6><ul><li>Realizamos um diagn\u00f3stico da realidade escolar para identificar necessidades espec\u00edficas.<\/li><li class=\"p1\">Fazemos a articula\u00e7\u00e3o entre as Dire\u00e7\u00f5es, as equipas de PLNM e as equipas EMAEI.<\/li><li class=\"p1\">Definimos medidas e boas pr\u00e1ticas para apoiar a inclus\u00e3o e o sucesso escolar dos alunos de PLNM.<\/li><\/ul><h6><strong>2. Capacita\u00e7\u00e3o de professores<\/strong><\/h6><ul><li>Sensibilizamos o corpo docente para a inclus\u00e3o dos alunos de PLNM.<\/li><li class=\"p1\">Partilhamos princ\u00edpios fundamentais sobre a escolariza\u00e7\u00e3o de alunos migrantes.<\/li><li class=\"p1\">Exploramos estrat\u00e9gias did\u00e1ticas que promovam o sucesso escolar e a inclus\u00e3o dos alunos de PLNM.<\/li><\/ul><h6 class=\"p1\"><strong>3. Acompanhamento pedag\u00f3gico<\/strong><\/h6><ul><li class=\"p1\">Colaboramos no desenho e implementa\u00e7\u00e3o de medidas de apoio espec\u00edficas.<\/li><li class=\"p1\">Esclarecemos d\u00favidas frequentes relativas ao contexto pedag\u00f3gico dos alunos de PLNM.<\/li><li class=\"p1\">Apoiamos na monitoriza\u00e7\u00e3o de aprendizagens para garantir a progress\u00e3o dos alunos.<\/li><\/ul><h6 class=\"p1\"><strong>4. Constru\u00e7\u00e3o de recursos did\u00e1ticos<\/strong><\/h6><ul><li class=\"p1\">Desenvolvemos materiais adaptados a diferentes anos de escolaridade, \u00e1reas curriculares e n\u00edveis de profici\u00eancia em portugu\u00eas.<\/li><li class=\"p1\">Promovemos uma abordagem de ensino integrado da l\u00edngua e dos conte\u00fados curriculares.<\/li><li class=\"p1\">Facilitamos sess\u00f5es de constru\u00e7\u00e3o conjunta de recursos com professores e equipas escolares.<\/li><\/ul>\t\t\t\t\t\t\t\t<\/div>\n\t\t\t\t<\/div>\n\t\t\t\t<\/div>\n\t\t<div class=\"has_eae_slider elementor-element elementor-element-f8bb7f3 e-con-full e-flex e-con e-child\" data-eae-slider=\"4493\" data-id=\"f8bb7f3\" data-element_type=\"container\">\n\t\t<div class=\"has_eae_slider elementor-element elementor-element-0875efd e-con-full e-flex e-con e-child\" data-eae-slider=\"99891\" data-id=\"0875efd\" data-element_type=\"container\">\n\t\t\t\t<div class=\"elementor-element elementor-element-e4a2ab2 elementor-widget elementor-widget-image\" data-id=\"e4a2ab2\" data-element_type=\"widget\" data-widget_type=\"image.default\">\n\t\t\t\t<div class=\"elementor-widget-container\">\n\t\t\t\t\t\t\t\t\t\t\t\t\t\t\t\t<a href=\"http:\/\/sites.ipleiria.pt\/avancar-plnm\/files\/2025\/06\/o_que_fazemos1.webp\" data-elementor-open-lightbox=\"yes\" data-elementor-lightbox-title=\"O que fazemos\" data-e-action-hash=\"#elementor-action%3Aaction%3Dlightbox%26settings%3DeyJpZCI6IjU1OTciLCJ1cmwiOiJodHRwczpcL1wvc2l0ZXMuaXBsZWlyaWEucHRcL2F2YW5jYXItcGxubVwvZmlsZXNcLzIwMjVcLzA2XC9vX3F1ZV9mYXplbW9zMS53ZWJwIn0%3D\">\n\t\t\t\t\t\t\t<img fetchpriority=\"high\" decoding=\"async\" width=\"600\" height=\"600\" src=\"https:\/\/sites.ipleiria.pt\/avancar-plnm\/files\/2025\/06\/o_que_fazemos1.webp\" class=\"attachment-medium_large size-medium_large wp-image-5597\" alt=\"O que fazemos\" srcset=\"https:\/\/sites.ipleiria.pt\/avancar-plnm\/files\/2025\/06\/o_que_fazemos1.webp 600w, https:\/\/sites.ipleiria.pt\/avancar-plnm\/files\/2025\/06\/o_que_fazemos1-300x300.webp 300w, https:\/\/sites.ipleiria.pt\/avancar-plnm\/files\/2025\/06\/o_que_fazemos1-150x150.webp 150w, https:\/\/sites.ipleiria.pt\/avancar-plnm\/files\/2025\/06\/elementor\/thumbs\/o_que_fazemos1-r6rq0sdho91b7facjwmkapj9nfku0qn5ktk2yvv2ms.webp 450w, https:\/\/sites.ipleiria.pt\/avancar-plnm\/files\/2025\/06\/elementor\/thumbs\/o_que_fazemos1-r6rq0sdia6fj0fd7rd25cqyg63oncm90ipuo1l3onc.webp 500w\" sizes=\"(max-width: 600px) 100vw, 600px\" \/>\t\t\t\t\t\t\t\t<\/a>\n\t\t\t\t\t\t\t\t\t\t\t\t\t\t\t<\/div>\n\t\t\t\t<\/div>\n\t\t\t\t<\/div>\n\t\t<div class=\"has_eae_slider elementor-element elementor-element-2328f58 e-con-full e-flex e-con e-child\" data-eae-slider=\"29246\" data-id=\"2328f58\" data-element_type=\"container\">\n\t\t\t\t<div class=\"elementor-element elementor-element-e643acd elementor-widget elementor-widget-image\" data-id=\"e643acd\" data-element_type=\"widget\" data-widget_type=\"image.default\">\n\t\t\t\t<div class=\"elementor-widget-container\">\n\t\t\t\t\t\t\t\t\t\t\t\t\t\t\t\t<a href=\"http:\/\/sites.ipleiria.pt\/avancar-plnm\/files\/2025\/06\/o_que_fazemos2.webp\" data-elementor-open-lightbox=\"yes\" data-elementor-lightbox-title=\"Marta Alexandre\" data-e-action-hash=\"#elementor-action%3Aaction%3Dlightbox%26settings%3DeyJpZCI6IjU1OTgiLCJ1cmwiOiJodHRwczpcL1wvc2l0ZXMuaXBsZWlyaWEucHRcL2F2YW5jYXItcGxubVwvZmlsZXNcLzIwMjVcLzA2XC9vX3F1ZV9mYXplbW9zMi53ZWJwIn0%3D\">\n\t\t\t\t\t\t\t<img decoding=\"async\" width=\"600\" height=\"600\" src=\"https:\/\/sites.ipleiria.pt\/avancar-plnm\/files\/2025\/06\/o_que_fazemos2.webp\" class=\"attachment-medium_large size-medium_large wp-image-5598\" alt=\"Marta Alexandre \u2013 Programa Avan\u00e7ar PLNM\" srcset=\"https:\/\/sites.ipleiria.pt\/avancar-plnm\/files\/2025\/06\/o_que_fazemos2.webp 600w, https:\/\/sites.ipleiria.pt\/avancar-plnm\/files\/2025\/06\/o_que_fazemos2-300x300.webp 300w, https:\/\/sites.ipleiria.pt\/avancar-plnm\/files\/2025\/06\/o_que_fazemos2-150x150.webp 150w, https:\/\/sites.ipleiria.pt\/avancar-plnm\/files\/2025\/06\/elementor\/thumbs\/o_que_fazemos2-r6rq0tbbv32lj18zef16v7aq8tg78fqvwy7kg5togk.webp 450w, https:\/\/sites.ipleiria.pt\/avancar-plnm\/files\/2025\/06\/elementor\/thumbs\/o_que_fazemos2-r6rq0tbch0gtc1bulvgrx8pwrhk0kbcquui5iv2ah4.webp 500w\" sizes=\"(max-width: 600px) 100vw, 600px\" \/>\t\t\t\t\t\t\t\t<\/a>\n\t\t\t\t\t\t\t\t\t\t\t\t\t\t\t<\/div>\n\t\t\t\t<\/div>\n\t\t\t\t<\/div>\n\t\t\t\t<\/div>\n\t\t\t\t\t<\/div>\n\t\t\t\t<\/div>\n\t\t\t\t<\/div>\n\t\t","protected":false},"excerpt":{"rendered":"<p>O Que Fazemos A nossa equipa atua em quatro \u00e1reas principais: 1. Assessoria cient\u00edfica Realizamos um diagn\u00f3stico da realidade escolar para identificar necessidades espec\u00edficas. Fazemos a articula\u00e7\u00e3o entre as Dire\u00e7\u00f5es, as equipas de PLNM e as equipas EMAEI. Definimos medidas e boas pr\u00e1ticas para apoiar a inclus\u00e3o e o sucesso escolar dos alunos de PLNM&#8230;.<\/p>\n","protected":false},"author":5907,"featured_media":0,"parent":0,"menu_order":3,"comment_status":"closed","ping_status":"closed","template":"","meta":{"_kad_post_transparent":"","_kad_post_title":"","_kad_post_layout":"","_kad_post_sidebar_id":"","_kad_post_content_style":"","_kad_post_vertical_padding":"","_kad_post_feature":"","_kad_post_feature_position":"","_kad_post_header":false,"_kad_post_footer":false,"_kad_post_classname":"","footnotes":""},"class_list":["post-2919","page","type-page","status-publish","hentry"],"aioseo_notices":[],"_links":{"self":[{"href":"https:\/\/sites.ipleiria.pt\/avancar-plnm\/wp-json\/wp\/v2\/pages\/2919","targetHints":{"allow":["GET"]}}],"collection":[{"href":"https:\/\/sites.ipleiria.pt\/avancar-plnm\/wp-json\/wp\/v2\/pages"}],"about":[{"href":"https:\/\/sites.ipleiria.pt\/avancar-plnm\/wp-json\/wp\/v2\/types\/page"}],"author":[{"embeddable":true,"href":"https:\/\/sites.ipleiria.pt\/avancar-plnm\/wp-json\/wp\/v2\/users\/5907"}],"replies":[{"embeddable":true,"href":"https:\/\/sites.ipleiria.pt\/avancar-plnm\/wp-json\/wp\/v2\/comments?post=2919"}],"version-history":[{"count":69,"href":"https:\/\/sites.ipleiria.pt\/avancar-plnm\/wp-json\/wp\/v2\/pages\/2919\/revisions"}],"predecessor-version":[{"id":5641,"href":"https:\/\/sites.ipleiria.pt\/avancar-plnm\/wp-json\/wp\/v2\/pages\/2919\/revisions\/5641"}],"wp:attachment":[{"href":"https:\/\/sites.ipleiria.pt\/avancar-plnm\/wp-json\/wp\/v2\/media?parent=2919"}],"curies":[{"name":"wp","href":"https:\/\/api.w.org\/{rel}","templated":true}]}}