{"id":2932,"date":"2025-01-02T11:14:13","date_gmt":"2025-01-02T11:14:13","guid":{"rendered":"https:\/\/sites.ipleiria.pt\/avancar-plnm\/?page_id=2932"},"modified":"2025-06-18T09:07:17","modified_gmt":"2025-06-18T09:07:17","slug":"estrategias","status":"publish","type":"page","link":"https:\/\/sites.ipleiria.pt\/avancar-plnm\/estrategias\/","title":{"rendered":"Estrat\u00e9gias"},"content":{"rendered":"\t\t<div data-elementor-type=\"wp-page\" data-elementor-id=\"2932\" class=\"elementor elementor-2932\">\n\t\t\t\t<div class=\"has_eae_slider elementor-element elementor-element-9b0e7ad e-con-full e-flex e-con e-parent\" data-eae-slider=\"26780\" data-id=\"9b0e7ad\" data-element_type=\"container\">\n\t\t\t\t<div class=\"elementor-element elementor-element-b1aa4dc elementor-widget elementor-widget-heading\" data-id=\"b1aa4dc\" data-element_type=\"widget\" data-widget_type=\"heading.default\">\n\t\t\t\t<div class=\"elementor-widget-container\">\n\t\t\t\t\t<h1 class=\"elementor-heading-title elementor-size-default\">Estrat\u00e9gias Did\u00e1ticas Inclusivas<\/h1>\t\t\t\t<\/div>\n\t\t\t\t<\/div>\n\t\t\t\t<\/div>\n\t\t<div class=\"has_eae_slider elementor-element elementor-element-c9e81bf e-con-full e-flex e-con e-parent\" data-eae-slider=\"98980\" data-id=\"c9e81bf\" data-element_type=\"container\">\n\t\t<div class=\"has_eae_slider elementor-element elementor-element-96c7f65 e-con-full e-flex e-con e-child\" data-eae-slider=\"14385\" data-id=\"96c7f65\" data-element_type=\"container\">\n\t\t\t\t<div class=\"elementor-element elementor-element-760fc43 elementor-widget elementor-widget-image\" data-id=\"760fc43\" data-element_type=\"widget\" data-widget_type=\"image.default\">\n\t\t\t\t<div class=\"elementor-widget-container\">\n\t\t\t\t\t\t\t\t\t\t\t\t\t\t\t<img fetchpriority=\"high\" decoding=\"async\" width=\"1024\" height=\"763\" src=\"https:\/\/sites.ipleiria.pt\/avancar-plnm\/files\/2025\/06\/esquema_7_estrategias-1024x763.webp\" class=\"attachment-large size-large wp-image-5548\" alt=\"Esquema de sete estrat\u00e9gias \u2013 Programa Avan\u00e7ar PLNM\" srcset=\"https:\/\/sites.ipleiria.pt\/avancar-plnm\/files\/2025\/06\/esquema_7_estrategias-1024x763.webp 1024w, https:\/\/sites.ipleiria.pt\/avancar-plnm\/files\/2025\/06\/esquema_7_estrategias-300x224.webp 300w, https:\/\/sites.ipleiria.pt\/avancar-plnm\/files\/2025\/06\/esquema_7_estrategias-768x573.webp 768w, https:\/\/sites.ipleiria.pt\/avancar-plnm\/files\/2025\/06\/esquema_7_estrategias-1536x1145.webp 1536w, https:\/\/sites.ipleiria.pt\/avancar-plnm\/files\/2025\/06\/esquema_7_estrategias-2048x1527.webp 2048w\" sizes=\"(max-width: 1024px) 100vw, 1024px\" \/>\t\t\t\t\t\t\t\t\t\t\t\t\t\t\t<\/div>\n\t\t\t\t<\/div>\n\t\t\t\t<\/div>\n\t\t\t\t<div class=\"elementor-element elementor-element-d3fd3ec elementor-widget__width-initial elementor-widget elementor-widget-text-editor\" data-id=\"d3fd3ec\" data-element_type=\"widget\" data-widget_type=\"text-editor.default\">\n\t\t\t\t<div class=\"elementor-widget-container\">\n\t\t\t\t\t\t\t\t\t<p><span data-contrast=\"auto\">O programa Avan\u00e7ar PLNM apresenta um conjunto de estrat\u00e9gias did\u00e1ticas orientadas para uma inclus\u00e3o efetiva dos alunos do PLNM. As estrat\u00e9gias podem ser utilizadas por todos os professores e s\u00e3o aplic\u00e1veis a diferentes contextos (disciplinas, temas em estudo, n\u00edveis de escolaridade e perfis de alunos).<\/span><\/p><p><span data-contrast=\"auto\">O trabalho direto com professores \u00e9 uma dimens\u00e3o fundamental do Avan\u00e7ar PLNM. Os profissionais que frequentam o programa de capacita\u00e7\u00e3o recebem um<\/span><span data-contrast=\"auto\"> conjunto de materiais, incluindo a apresenta\u00e7\u00e3o detalhada das estrat\u00e9gias, com orienta\u00e7\u00f5es para a sua implementa\u00e7\u00e3o e exemplos elaborados por professores.<\/span><\/p><p><span data-contrast=\"auto\"><strong><a href=\"http:\/\/sites.ipleiria.pt\/avancar-plnm\/files\/2025\/04\/sequenciadidaticaCN_AvancarPLNM.pdf\" target=\"_blank\" rel=\"noopener\">DESCARREGUE AQUI<\/a><\/strong> um exemplo dos materiais.<\/span><\/p>\t\t\t\t\t\t\t\t<\/div>\n\t\t\t\t<\/div>\n\t\t\t\t<\/div>\n\t\t<div class=\"has_eae_slider elementor-element elementor-element-edf79c5 e-flex e-con-boxed e-con e-parent\" data-eae-slider=\"62639\" data-id=\"edf79c5\" data-element_type=\"container\">\n\t\t\t\t\t<div class=\"e-con-inner\">\n\t\t\t\t<div class=\"elementor-element elementor-element-95941c3 elementor-widget elementor-widget-spacer\" data-id=\"95941c3\" data-element_type=\"widget\" data-widget_type=\"spacer.default\">\n\t\t\t\t<div class=\"elementor-widget-container\">\n\t\t\t\t\t\t\t<div class=\"elementor-spacer\">\n\t\t\t<div class=\"elementor-spacer-inner\"><\/div>\n\t\t<\/div>\n\t\t\t\t\t\t<\/div>\n\t\t\t\t<\/div>\n\t\t\t\t\t<\/div>\n\t\t\t\t<\/div>\n\t\t<div class=\"has_eae_slider elementor-element elementor-element-70460b9 e-flex e-con-boxed e-con e-parent\" data-eae-slider=\"64904\" data-id=\"70460b9\" data-element_type=\"container\">\n\t\t\t\t\t<div class=\"e-con-inner\">\n\t\t\t\t<div class=\"elementor-element elementor-element-6ffee1e elementor-widget elementor-widget-image\" data-id=\"6ffee1e\" data-element_type=\"widget\" data-widget_type=\"image.default\">\n\t\t\t\t<div class=\"elementor-widget-container\">\n\t\t\t\t\t\t\t\t\t\t\t\t\t\t\t<img decoding=\"async\" width=\"2560\" height=\"834\" src=\"https:\/\/sites.ipleiria.pt\/avancar-plnm\/files\/2025\/06\/esquemas_estrategias3_final-scaled.webp\" class=\"attachment-full size-full wp-image-5549\" alt=\"Estrat\u00e9gias \u2013 Programa Avan\u00e7ar PLNM\" srcset=\"https:\/\/sites.ipleiria.pt\/avancar-plnm\/files\/2025\/06\/esquemas_estrategias3_final-scaled.webp 2560w, https:\/\/sites.ipleiria.pt\/avancar-plnm\/files\/2025\/06\/esquemas_estrategias3_final-300x98.webp 300w, https:\/\/sites.ipleiria.pt\/avancar-plnm\/files\/2025\/06\/esquemas_estrategias3_final-1024x334.webp 1024w, https:\/\/sites.ipleiria.pt\/avancar-plnm\/files\/2025\/06\/esquemas_estrategias3_final-768x250.webp 768w, https:\/\/sites.ipleiria.pt\/avancar-plnm\/files\/2025\/06\/esquemas_estrategias3_final-1536x500.webp 1536w, https:\/\/sites.ipleiria.pt\/avancar-plnm\/files\/2025\/06\/esquemas_estrategias3_final-2048x667.webp 2048w\" sizes=\"(max-width: 2560px) 100vw, 2560px\" \/>\t\t\t\t\t\t\t\t\t\t\t\t\t\t\t<\/div>\n\t\t\t\t<\/div>\n\t\t\t\t\t<\/div>\n\t\t\t\t<\/div>\n\t\t\t\t<\/div>\n\t\t","protected":false},"excerpt":{"rendered":"<p>Estrat\u00e9gias Did\u00e1ticas Inclusivas O programa Avan\u00e7ar PLNM apresenta um conjunto de estrat\u00e9gias did\u00e1ticas orientadas para uma inclus\u00e3o efetiva dos alunos do PLNM. As estrat\u00e9gias podem ser utilizadas por todos os professores e s\u00e3o aplic\u00e1veis a diferentes contextos (disciplinas, temas em estudo, n\u00edveis de escolaridade e perfis de alunos). O trabalho direto com professores \u00e9 uma&#8230;<\/p>\n","protected":false},"author":5907,"featured_media":0,"parent":0,"menu_order":1,"comment_status":"closed","ping_status":"closed","template":"","meta":{"_kad_post_transparent":"","_kad_post_title":"","_kad_post_layout":"","_kad_post_sidebar_id":"","_kad_post_content_style":"","_kad_post_vertical_padding":"","_kad_post_feature":"","_kad_post_feature_position":"","_kad_post_header":false,"_kad_post_footer":false,"_kad_post_classname":"","footnotes":""},"class_list":["post-2932","page","type-page","status-publish","hentry"],"aioseo_notices":[],"_links":{"self":[{"href":"https:\/\/sites.ipleiria.pt\/avancar-plnm\/wp-json\/wp\/v2\/pages\/2932","targetHints":{"allow":["GET"]}}],"collection":[{"href":"https:\/\/sites.ipleiria.pt\/avancar-plnm\/wp-json\/wp\/v2\/pages"}],"about":[{"href":"https:\/\/sites.ipleiria.pt\/avancar-plnm\/wp-json\/wp\/v2\/types\/page"}],"author":[{"embeddable":true,"href":"https:\/\/sites.ipleiria.pt\/avancar-plnm\/wp-json\/wp\/v2\/users\/5907"}],"replies":[{"embeddable":true,"href":"https:\/\/sites.ipleiria.pt\/avancar-plnm\/wp-json\/wp\/v2\/comments?post=2932"}],"version-history":[{"count":82,"href":"https:\/\/sites.ipleiria.pt\/avancar-plnm\/wp-json\/wp\/v2\/pages\/2932\/revisions"}],"predecessor-version":[{"id":5653,"href":"https:\/\/sites.ipleiria.pt\/avancar-plnm\/wp-json\/wp\/v2\/pages\/2932\/revisions\/5653"}],"wp:attachment":[{"href":"https:\/\/sites.ipleiria.pt\/avancar-plnm\/wp-json\/wp\/v2\/media?parent=2932"}],"curies":[{"name":"wp","href":"https:\/\/api.w.org\/{rel}","templated":true}]}}