{"id":3001,"date":"2025-01-02T14:46:04","date_gmt":"2025-01-02T14:46:04","guid":{"rendered":"https:\/\/sites.ipleiria.pt\/avancar-plnm\/?page_id=3001"},"modified":"2025-06-20T09:41:35","modified_gmt":"2025-06-20T09:41:35","slug":"para-direcoes","status":"publish","type":"page","link":"https:\/\/sites.ipleiria.pt\/avancar-plnm\/para-direcoes\/","title":{"rendered":"Para Dire\u00e7\u00f5es"},"content":{"rendered":"\t\t<div data-elementor-type=\"wp-page\" data-elementor-id=\"3001\" class=\"elementor elementor-3001\">\n\t\t\t\t<div class=\"has_eae_slider elementor-element elementor-element-d18bab3 e-flex e-con-boxed e-con e-parent\" data-eae-slider=\"50664\" data-id=\"d18bab3\" data-element_type=\"container\">\n\t\t\t\t\t<div class=\"e-con-inner\">\n\t\t\t\t<div class=\"elementor-element elementor-element-7d99d89 elementor-widget elementor-widget-heading\" data-id=\"7d99d89\" data-element_type=\"widget\" data-widget_type=\"heading.default\">\n\t\t\t\t<div class=\"elementor-widget-container\">\n\t\t\t\t\t<h2 class=\"elementor-heading-title elementor-size-default\">Para Dire\u00e7\u00f5es e Coordenadores de PLNM<\/h2>\t\t\t\t<\/div>\n\t\t\t\t<\/div>\n\t\t\t\t\t<\/div>\n\t\t\t\t<\/div>\n\t\t<div class=\"has_eae_slider elementor-element elementor-element-0246654 e-flex e-con-boxed e-con e-parent\" data-eae-slider=\"25440\" data-id=\"0246654\" data-element_type=\"container\">\n\t\t\t\t\t<div class=\"e-con-inner\">\n\t\t\t\t<div class=\"elementor-element elementor-element-4d3b1a0 elementor-widget elementor-widget-text-editor\" data-id=\"4d3b1a0\" data-element_type=\"widget\" data-widget_type=\"text-editor.default\">\n\t\t\t\t<div class=\"elementor-widget-container\">\n\t\t\t\t\t\t\t\t\t<p><span data-contrast=\"auto\">A equipa do Avan\u00e7ar PLNM trabalha em estreita colabora\u00e7\u00e3o com a Dire\u00e7\u00e3o de agrupamentos de escolas, realizando um diagn\u00f3stico inicial detalhado e procurando desenvolver um plano adequado de interven\u00e7\u00e3o e monitoriza\u00e7\u00e3o para a inclus\u00e3o dos alunos de PLNM. <\/span><span data-ccp-props=\"{}\">\u00a0<\/span><\/p><p><span data-contrast=\"auto\">Em fun\u00e7\u00e3o das necessidades das escolas, s\u00e3o produzidos recursos e instrumentos espec\u00edficos, como os que se ilustram abaixo. Clique nas imagens para consultar os documentos:<\/span><\/p>\t\t\t\t\t\t\t\t<\/div>\n\t\t\t\t<\/div>\n\t\t\t\t\t<\/div>\n\t\t\t\t<\/div>\n\t\t<div class=\"has_eae_slider elementor-element elementor-element-7615d4a e-flex e-con-boxed e-con e-parent\" data-eae-slider=\"41409\" data-id=\"7615d4a\" data-element_type=\"container\">\n\t\t\t\t\t<div class=\"e-con-inner\">\n\t\t\t\t<div class=\"elementor-element elementor-element-003e28b elementor-widget elementor-widget-spacer\" data-id=\"003e28b\" data-element_type=\"widget\" data-widget_type=\"spacer.default\">\n\t\t\t\t<div class=\"elementor-widget-container\">\n\t\t\t\t\t\t\t<div class=\"elementor-spacer\">\n\t\t\t<div class=\"elementor-spacer-inner\"><\/div>\n\t\t<\/div>\n\t\t\t\t\t\t<\/div>\n\t\t\t\t<\/div>\n\t\t\t\t\t<\/div>\n\t\t\t\t<\/div>\n\t\t<div class=\"has_eae_slider elementor-element elementor-element-7492fcf elementor-hidden-desktop elementor-hidden-tablet e-flex e-con-boxed e-con e-parent\" data-eae-slider=\"76672\" data-id=\"7492fcf\" data-element_type=\"container\">\n\t\t\t\t\t<div class=\"e-con-inner\">\n\t\t\t\t<div class=\"elementor-element elementor-element-0ec2727 elementor-widget elementor-widget-image\" data-id=\"0ec2727\" data-element_type=\"widget\" data-widget_type=\"image.default\">\n\t\t\t\t<div class=\"elementor-widget-container\">\n\t\t\t\t\t\t\t\t\t\t\t\t\t\t\t\t<a href=\"http:\/\/sites.ipleiria.pt\/avancar-plnm\/files\/2025\/05\/estrategias_medidas-acolhimento_PLNM.pdf\" target=\"_blank\">\n\t\t\t\t\t\t\t<img fetchpriority=\"high\" decoding=\"async\" width=\"800\" height=\"300\" src=\"https:\/\/sites.ipleiria.pt\/avancar-plnm\/files\/2025\/06\/lista_medidas_organizarreforcar_plano_acolhimento.webp\" class=\"attachment-large size-large wp-image-5663\" alt=\"Lista de medidas para organizar e\/ou refor\u00e7ar um plano de acolhimento \u2013 Programa Avan\u00e7ar PLNM\" srcset=\"https:\/\/sites.ipleiria.pt\/avancar-plnm\/files\/2025\/06\/lista_medidas_organizarreforcar_plano_acolhimento.webp 800w, https:\/\/sites.ipleiria.pt\/avancar-plnm\/files\/2025\/06\/lista_medidas_organizarreforcar_plano_acolhimento-300x113.webp 300w, https:\/\/sites.ipleiria.pt\/avancar-plnm\/files\/2025\/06\/lista_medidas_organizarreforcar_plano_acolhimento-768x288.webp 768w\" sizes=\"(max-width: 800px) 100vw, 800px\" \/>\t\t\t\t\t\t\t\t<\/a>\n\t\t\t\t\t\t\t\t\t\t\t\t\t\t\t<\/div>\n\t\t\t\t<\/div>\n\t\t\t\t\t<\/div>\n\t\t\t\t<\/div>\n\t\t<div class=\"has_eae_slider elementor-element elementor-element-28e5f48 elementor-hidden-desktop elementor-hidden-tablet e-flex e-con-boxed e-con e-parent\" data-eae-slider=\"60118\" data-id=\"28e5f48\" data-element_type=\"container\">\n\t\t\t\t\t<div class=\"e-con-inner\">\n\t\t\t\t<div class=\"elementor-element elementor-element-f18cddd elementor-widget elementor-widget-spacer\" data-id=\"f18cddd\" data-element_type=\"widget\" data-widget_type=\"spacer.default\">\n\t\t\t\t<div class=\"elementor-widget-container\">\n\t\t\t\t\t\t\t<div class=\"elementor-spacer\">\n\t\t\t<div class=\"elementor-spacer-inner\"><\/div>\n\t\t<\/div>\n\t\t\t\t\t\t<\/div>\n\t\t\t\t<\/div>\n\t\t\t\t\t<\/div>\n\t\t\t\t<\/div>\n\t\t<div class=\"has_eae_slider elementor-element elementor-element-a77eda7 elementor-hidden-desktop elementor-hidden-tablet e-flex e-con-boxed e-con e-parent\" data-eae-slider=\"11449\" data-id=\"a77eda7\" data-element_type=\"container\">\n\t\t\t\t\t<div class=\"e-con-inner\">\n\t\t\t\t<div class=\"elementor-element elementor-element-504eb99 elementor-widget elementor-widget-text-editor\" data-id=\"504eb99\" data-element_type=\"widget\" data-widget_type=\"text-editor.default\">\n\t\t\t\t<div class=\"elementor-widget-container\">\n\t\t\t\t\t\t\t\t\t<h6 style=\"text-align: center\">Lista de medidas para organizar e\/ou refor\u00e7ar um plano de acolhimento<\/h6>\t\t\t\t\t\t\t\t<\/div>\n\t\t\t\t<\/div>\n\t\t\t\t\t<\/div>\n\t\t\t\t<\/div>\n\t\t<div class=\"has_eae_slider elementor-element elementor-element-fa2a345 elementor-hidden-desktop elementor-hidden-tablet e-flex e-con-boxed e-con e-parent\" data-eae-slider=\"75602\" data-id=\"fa2a345\" data-element_type=\"container\">\n\t\t\t\t\t<div class=\"e-con-inner\">\n\t\t\t\t<div class=\"elementor-element elementor-element-f133559 elementor-widget elementor-widget-spacer\" data-id=\"f133559\" data-element_type=\"widget\" data-widget_type=\"spacer.default\">\n\t\t\t\t<div class=\"elementor-widget-container\">\n\t\t\t\t\t\t\t<div class=\"elementor-spacer\">\n\t\t\t<div class=\"elementor-spacer-inner\"><\/div>\n\t\t<\/div>\n\t\t\t\t\t\t<\/div>\n\t\t\t\t<\/div>\n\t\t\t\t\t<\/div>\n\t\t\t\t<\/div>\n\t\t<div class=\"has_eae_slider elementor-element elementor-element-1c53b4d elementor-hidden-desktop elementor-hidden-tablet e-flex e-con-boxed e-con e-parent\" data-eae-slider=\"83172\" data-id=\"1c53b4d\" data-element_type=\"container\">\n\t\t\t\t\t<div class=\"e-con-inner\">\n\t\t\t\t<div class=\"elementor-element elementor-element-e0524e0 elementor-widget elementor-widget-image\" data-id=\"e0524e0\" data-element_type=\"widget\" data-widget_type=\"image.default\">\n\t\t\t\t<div class=\"elementor-widget-container\">\n\t\t\t\t\t\t\t\t\t\t\t\t\t\t\t\t<a href=\"http:\/\/sites.ipleiria.pt\/avancar-plnm\/files\/2025\/05\/estrategias_organizacao_do_ensino_e_apoio_PLNM.pdf\" target=\"_blank\">\n\t\t\t\t\t\t\t<img decoding=\"async\" width=\"800\" height=\"300\" src=\"https:\/\/sites.ipleiria.pt\/avancar-plnm\/files\/2025\/06\/lista_medidas_organizarreforcar_plano_apoio_e_ensino_plnm.webp\" class=\"attachment-large size-large wp-image-5664\" alt=\"Lista de medidas para organizar e\/ou refor\u00e7ar um plano de apoio e ensino de PLNM \u2013 Programa Avan\u00e7ar PLNM\" srcset=\"https:\/\/sites.ipleiria.pt\/avancar-plnm\/files\/2025\/06\/lista_medidas_organizarreforcar_plano_apoio_e_ensino_plnm.webp 800w, https:\/\/sites.ipleiria.pt\/avancar-plnm\/files\/2025\/06\/lista_medidas_organizarreforcar_plano_apoio_e_ensino_plnm-300x113.webp 300w, https:\/\/sites.ipleiria.pt\/avancar-plnm\/files\/2025\/06\/lista_medidas_organizarreforcar_plano_apoio_e_ensino_plnm-768x288.webp 768w\" sizes=\"(max-width: 800px) 100vw, 800px\" \/>\t\t\t\t\t\t\t\t<\/a>\n\t\t\t\t\t\t\t\t\t\t\t\t\t\t\t<\/div>\n\t\t\t\t<\/div>\n\t\t\t\t\t<\/div>\n\t\t\t\t<\/div>\n\t\t<div class=\"has_eae_slider elementor-element elementor-element-b449666 elementor-hidden-desktop elementor-hidden-tablet e-flex e-con-boxed e-con e-parent\" data-eae-slider=\"28139\" data-id=\"b449666\" data-element_type=\"container\">\n\t\t\t\t\t<div class=\"e-con-inner\">\n\t\t\t\t<div class=\"elementor-element elementor-element-8c56c4b elementor-widget elementor-widget-spacer\" data-id=\"8c56c4b\" data-element_type=\"widget\" data-widget_type=\"spacer.default\">\n\t\t\t\t<div class=\"elementor-widget-container\">\n\t\t\t\t\t\t\t<div class=\"elementor-spacer\">\n\t\t\t<div class=\"elementor-spacer-inner\"><\/div>\n\t\t<\/div>\n\t\t\t\t\t\t<\/div>\n\t\t\t\t<\/div>\n\t\t\t\t\t<\/div>\n\t\t\t\t<\/div>\n\t\t<div class=\"has_eae_slider elementor-element elementor-element-8a251b0 elementor-hidden-desktop elementor-hidden-tablet e-flex e-con-boxed e-con e-parent\" data-eae-slider=\"1937\" data-id=\"8a251b0\" data-element_type=\"container\">\n\t\t\t\t\t<div class=\"e-con-inner\">\n\t\t\t\t<div class=\"elementor-element elementor-element-8e02ff8 elementor-widget elementor-widget-text-editor\" data-id=\"8e02ff8\" data-element_type=\"widget\" data-widget_type=\"text-editor.default\">\n\t\t\t\t<div class=\"elementor-widget-container\">\n\t\t\t\t\t\t\t\t\t<h6 style=\"text-align: center\">Lista de medidas para organizar e\/ou refor\u00e7ar um plano de apoio e ensino de PLNM<\/h6>\t\t\t\t\t\t\t\t<\/div>\n\t\t\t\t<\/div>\n\t\t\t\t\t<\/div>\n\t\t\t\t<\/div>\n\t\t<div class=\"has_eae_slider elementor-element elementor-element-e64a69e e-grid elementor-hidden-mobile e-con-boxed e-con e-parent\" data-eae-slider=\"23874\" data-id=\"e64a69e\" data-element_type=\"container\">\n\t\t\t\t\t<div class=\"e-con-inner\">\n\t\t\t\t<div class=\"elementor-element elementor-element-da22106 elementor-widget elementor-widget-image\" data-id=\"da22106\" data-element_type=\"widget\" data-widget_type=\"image.default\">\n\t\t\t\t<div class=\"elementor-widget-container\">\n\t\t\t\t\t\t\t\t\t\t\t\t\t\t\t\t<a href=\"http:\/\/sites.ipleiria.pt\/avancar-plnm\/files\/2025\/05\/estrategias_medidas-acolhimento_PLNM.pdf\" target=\"_blank\">\n\t\t\t\t\t\t\t<img fetchpriority=\"high\" decoding=\"async\" width=\"800\" height=\"300\" src=\"https:\/\/sites.ipleiria.pt\/avancar-plnm\/files\/2025\/06\/lista_medidas_organizarreforcar_plano_acolhimento.webp\" class=\"attachment-large size-large wp-image-5663\" alt=\"Lista de medidas para organizar e\/ou refor\u00e7ar um plano de acolhimento \u2013 Programa Avan\u00e7ar PLNM\" srcset=\"https:\/\/sites.ipleiria.pt\/avancar-plnm\/files\/2025\/06\/lista_medidas_organizarreforcar_plano_acolhimento.webp 800w, https:\/\/sites.ipleiria.pt\/avancar-plnm\/files\/2025\/06\/lista_medidas_organizarreforcar_plano_acolhimento-300x113.webp 300w, https:\/\/sites.ipleiria.pt\/avancar-plnm\/files\/2025\/06\/lista_medidas_organizarreforcar_plano_acolhimento-768x288.webp 768w\" sizes=\"(max-width: 800px) 100vw, 800px\" \/>\t\t\t\t\t\t\t\t<\/a>\n\t\t\t\t\t\t\t\t\t\t\t\t\t\t\t<\/div>\n\t\t\t\t<\/div>\n\t\t\t\t<div class=\"elementor-element elementor-element-05376cd elementor-widget elementor-widget-image\" data-id=\"05376cd\" data-element_type=\"widget\" data-widget_type=\"image.default\">\n\t\t\t\t<div class=\"elementor-widget-container\">\n\t\t\t\t\t\t\t\t\t\t\t\t\t\t\t\t<a href=\"http:\/\/sites.ipleiria.pt\/avancar-plnm\/files\/2025\/05\/estrategias_organizacao_do_ensino_e_apoio_PLNM.pdf\" target=\"_blank\">\n\t\t\t\t\t\t\t<img decoding=\"async\" width=\"800\" height=\"300\" src=\"https:\/\/sites.ipleiria.pt\/avancar-plnm\/files\/2025\/06\/lista_medidas_organizarreforcar_plano_apoio_e_ensino_plnm.webp\" class=\"attachment-large size-large wp-image-5664\" alt=\"Lista de medidas para organizar e\/ou refor\u00e7ar um plano de apoio e ensino de PLNM \u2013 Programa Avan\u00e7ar PLNM\" srcset=\"https:\/\/sites.ipleiria.pt\/avancar-plnm\/files\/2025\/06\/lista_medidas_organizarreforcar_plano_apoio_e_ensino_plnm.webp 800w, https:\/\/sites.ipleiria.pt\/avancar-plnm\/files\/2025\/06\/lista_medidas_organizarreforcar_plano_apoio_e_ensino_plnm-300x113.webp 300w, https:\/\/sites.ipleiria.pt\/avancar-plnm\/files\/2025\/06\/lista_medidas_organizarreforcar_plano_apoio_e_ensino_plnm-768x288.webp 768w\" sizes=\"(max-width: 800px) 100vw, 800px\" \/>\t\t\t\t\t\t\t\t<\/a>\n\t\t\t\t\t\t\t\t\t\t\t\t\t\t\t<\/div>\n\t\t\t\t<\/div>\n\t\t\t\t\t<\/div>\n\t\t\t\t<\/div>\n\t\t<div class=\"has_eae_slider elementor-element elementor-element-91faf1e elementor-hidden-mobile e-flex e-con-boxed e-con e-parent\" data-eae-slider=\"45558\" data-id=\"91faf1e\" data-element_type=\"container\">\n\t\t\t\t\t<div class=\"e-con-inner\">\n\t\t\t\t<div class=\"elementor-element elementor-element-8c9f7cf elementor-widget elementor-widget-spacer\" data-id=\"8c9f7cf\" data-element_type=\"widget\" data-widget_type=\"spacer.default\">\n\t\t\t\t<div class=\"elementor-widget-container\">\n\t\t\t\t\t\t\t<div class=\"elementor-spacer\">\n\t\t\t<div class=\"elementor-spacer-inner\"><\/div>\n\t\t<\/div>\n\t\t\t\t\t\t<\/div>\n\t\t\t\t<\/div>\n\t\t\t\t\t<\/div>\n\t\t\t\t<\/div>\n\t\t<div class=\"has_eae_slider elementor-element elementor-element-61cfa99 e-grid elementor-hidden-mobile e-con-boxed e-con e-parent\" data-eae-slider=\"89403\" data-id=\"61cfa99\" data-element_type=\"container\">\n\t\t\t\t\t<div class=\"e-con-inner\">\n\t\t\t\t<div class=\"elementor-element elementor-element-de04f0a elementor-widget elementor-widget-text-editor\" data-id=\"de04f0a\" data-element_type=\"widget\" data-widget_type=\"text-editor.default\">\n\t\t\t\t<div class=\"elementor-widget-container\">\n\t\t\t\t\t\t\t\t\t<h6 style=\"text-align: center\">Lista de medidas para organizar e\/ou refor\u00e7ar um plano de acolhimento<\/h6>\t\t\t\t\t\t\t\t<\/div>\n\t\t\t\t<\/div>\n\t\t\t\t<div class=\"elementor-element elementor-element-2c7e6d7 elementor-widget elementor-widget-text-editor\" data-id=\"2c7e6d7\" data-element_type=\"widget\" data-widget_type=\"text-editor.default\">\n\t\t\t\t<div class=\"elementor-widget-container\">\n\t\t\t\t\t\t\t\t\t<h6 style=\"text-align: center\">Lista de medidas para organizar e\/ou refor\u00e7ar um plano de apoio e ensino de PLNM<\/h6>\t\t\t\t\t\t\t\t<\/div>\n\t\t\t\t<\/div>\n\t\t\t\t\t<\/div>\n\t\t\t\t<\/div>\n\t\t\t\t<\/div>\n\t\t","protected":false},"excerpt":{"rendered":"<p>Para Dire\u00e7\u00f5es e Coordenadores de PLNM A equipa do Avan\u00e7ar PLNM trabalha em estreita colabora\u00e7\u00e3o com a Dire\u00e7\u00e3o de agrupamentos de escolas, realizando um diagn\u00f3stico inicial detalhado e procurando desenvolver um plano adequado de interven\u00e7\u00e3o e monitoriza\u00e7\u00e3o para a inclus\u00e3o dos alunos de PLNM. \u00a0 Em fun\u00e7\u00e3o das necessidades das escolas, s\u00e3o produzidos recursos e&#8230;<\/p>\n","protected":false},"author":5907,"featured_media":0,"parent":0,"menu_order":0,"comment_status":"closed","ping_status":"closed","template":"","meta":{"_kad_post_transparent":"","_kad_post_title":"","_kad_post_layout":"","_kad_post_sidebar_id":"","_kad_post_content_style":"","_kad_post_vertical_padding":"","_kad_post_feature":"","_kad_post_feature_position":"","_kad_post_header":false,"_kad_post_footer":false,"_kad_post_classname":"","footnotes":""},"class_list":["post-3001","page","type-page","status-publish","hentry"],"aioseo_notices":[],"_links":{"self":[{"href":"https:\/\/sites.ipleiria.pt\/avancar-plnm\/wp-json\/wp\/v2\/pages\/3001","targetHints":{"allow":["GET"]}}],"collection":[{"href":"https:\/\/sites.ipleiria.pt\/avancar-plnm\/wp-json\/wp\/v2\/pages"}],"about":[{"href":"https:\/\/sites.ipleiria.pt\/avancar-plnm\/wp-json\/wp\/v2\/types\/page"}],"author":[{"embeddable":true,"href":"https:\/\/sites.ipleiria.pt\/avancar-plnm\/wp-json\/wp\/v2\/users\/5907"}],"replies":[{"embeddable":true,"href":"https:\/\/sites.ipleiria.pt\/avancar-plnm\/wp-json\/wp\/v2\/comments?post=3001"}],"version-history":[{"count":38,"href":"https:\/\/sites.ipleiria.pt\/avancar-plnm\/wp-json\/wp\/v2\/pages\/3001\/revisions"}],"predecessor-version":[{"id":5673,"href":"https:\/\/sites.ipleiria.pt\/avancar-plnm\/wp-json\/wp\/v2\/pages\/3001\/revisions\/5673"}],"wp:attachment":[{"href":"https:\/\/sites.ipleiria.pt\/avancar-plnm\/wp-json\/wp\/v2\/media?parent=3001"}],"curies":[{"name":"wp","href":"https:\/\/api.w.org\/{rel}","templated":true}]}}