{"id":3151,"date":"2025-01-06T18:46:46","date_gmt":"2025-01-06T18:46:46","guid":{"rendered":"https:\/\/sites.ipleiria.pt\/avancar-plnm\/?page_id=3151"},"modified":"2025-05-07T09:02:21","modified_gmt":"2025-05-07T09:02:21","slug":"fale-connosco","status":"publish","type":"page","link":"https:\/\/sites.ipleiria.pt\/avancar-plnm\/fale-connosco\/","title":{"rendered":"Fale Connosco"},"content":{"rendered":"\t\t<div data-elementor-type=\"wp-page\" data-elementor-id=\"3151\" class=\"elementor elementor-3151\">\n\t\t\t\t<div class=\"has_eae_slider elementor-element elementor-element-9ddeb4d e-flex e-con-boxed e-con e-parent\" data-eae-slider=\"50962\" data-id=\"9ddeb4d\" data-element_type=\"container\">\n\t\t\t\t\t<div class=\"e-con-inner\">\n\t\t\t\t<div class=\"elementor-element elementor-element-976701e elementor-widget elementor-widget-heading\" data-id=\"976701e\" data-element_type=\"widget\" data-widget_type=\"heading.default\">\n\t\t\t\t<div class=\"elementor-widget-container\">\n\t\t\t\t\t<h1 class=\"elementor-heading-title elementor-size-default\">Fale connosco<\/h1>\t\t\t\t<\/div>\n\t\t\t\t<\/div>\n\t\t\t\t\t<\/div>\n\t\t\t\t<\/div>\n\t\t<div class=\"has_eae_slider elementor-element elementor-element-b07464b e-flex e-con-boxed e-con e-parent\" data-eae-slider=\"17879\" data-id=\"b07464b\" data-element_type=\"container\">\n\t\t\t\t\t<div class=\"e-con-inner\">\n\t\t\t\t<div class=\"elementor-element elementor-element-44ee714 elementor-widget elementor-widget-text-editor\" data-id=\"44ee714\" data-element_type=\"widget\" data-widget_type=\"text-editor.default\">\n\t\t\t\t<div class=\"elementor-widget-container\">\n\t\t\t\t\t\t\t\t\t<div>O programa Avan\u00e7ar PLNM constitui uma presta\u00e7\u00e3o de servi\u00e7os do Polit\u00e9cnico de Leiria \u00e0 comunidade. As atividades do programa podem ser aplicadas a diferentes contextos escolares e o seu custo depende das particularidades e necessidades das entidades envolvidas. Mais concretamente, a equipa do projeto est\u00e1 dispon\u00edvel para:\u00a0<\/div><div>\u00a0<\/div><ul><li><span style=\"font-family: var( --e-global-typography-text-font-family ), Sans-serif;font-size: var( --e-global-typography-text-font-size );font-style: var( --e-global-typography-text-font-style );letter-spacing: var( --e-global-typography-text-letter-spacing );text-transform: var( --e-global-typography-text-text-transform );text-decoration: var( --e-global-typography-text-text-decoration );text-align: var(--text-align)\">ministrar palestras p\u00fablicas e a\u00e7\u00f5es de sensibiliza\u00e7\u00e3o sobre a tem\u00e1tica do PLNM;<\/span><\/li><li><span style=\"font-family: var( --e-global-typography-text-font-family ), Sans-serif;font-size: var( --e-global-typography-text-font-size );font-style: var( --e-global-typography-text-font-style );letter-spacing: var( --e-global-typography-text-letter-spacing );text-transform: var( --e-global-typography-text-text-transform );text-decoration: var( --e-global-typography-text-text-decoration );text-align: var(--text-align)\">capacitar professores de diferentes \u00e1reas disciplinares e n\u00edveis de escolaridade para o ensino integrado de conte\u00fado e de l\u00edngua;<\/span><\/li><li><span style=\"font-family: var( --e-global-typography-text-font-family ), Sans-serif;font-size: var( --e-global-typography-text-font-size );font-style: var( --e-global-typography-text-font-style );letter-spacing: var( --e-global-typography-text-letter-spacing );text-transform: var( --e-global-typography-text-text-transform );text-decoration: var( --e-global-typography-text-text-decoration );text-align: var(--text-align)\">dar apoio cient\u00edfico e pedag\u00f3gico \u00e0s escolas na cria\u00e7\u00e3o e implementa\u00e7\u00e3o de medidas de integra\u00e7\u00e3o progressiva no curr\u00edculo;<\/span><\/li><li><span style=\"font-family: var( --e-global-typography-text-font-family ), Sans-serif;font-size: var( --e-global-typography-text-font-size );font-style: var( --e-global-typography-text-font-style );letter-spacing: var( --e-global-typography-text-letter-spacing );text-transform: var( --e-global-typography-text-text-transform );text-decoration: var( --e-global-typography-text-text-decoration );text-align: var(--text-align)\">desenvolver, numa \u00f3tica de coconstru\u00e7\u00e3o, recursos did\u00e1ticos adequados \u00e0s necessidades e contextos de cada escola;<br \/><\/span><\/li><li><span style=\"text-align: var(--text-align)\"><span style=\"font-family: var( --e-global-typography-text-font-family ), Sans-serif\"><span style=\"font-style: var( --e-global-typography-text-font-style );letter-spacing: var( --e-global-typography-text-letter-spacing );text-transform: var( --e-global-typography-text-text-transform )\">apoiar dire\u00e7\u00f5es escolares na defini\u00e7\u00e3o e <\/span><\/span>implementa\u00e7\u00e3o<span style=\"font-family: var( --e-global-typography-text-font-family ), Sans-serif\"><span style=\"font-style: var( --e-global-typography-text-font-style );letter-spacing: var( --e-global-typography-text-letter-spacing );text-transform: var( --e-global-typography-text-text-transform )\">\u00a0de medidas de inclus\u00e3o para os alunos de PLNM, incluindo no\u00a0<\/span><\/span><\/span>rec\u00e9m-criado N\u00edvel Zero;<\/li><li><span style=\"font-family: var( --e-global-typography-text-font-family ), Sans-serif;font-size: var( --e-global-typography-text-font-size );font-style: var( --e-global-typography-text-font-style );letter-spacing: var( --e-global-typography-text-letter-spacing );text-align: var(--text-align);text-transform: var( --e-global-typography-text-text-transform );text-decoration: var( --e-global-typography-text-text-decoration )\">&#8230;\u00a0<\/span><\/li><\/ul><p><span data-contrast=\"auto\">Se est\u00e1 interessado em implementar o programa ou se pretende obter mais informa\u00e7\u00f5es, por favor, contacte-nos atrav\u00e9s do <em>e-mail<\/em> <a href=\"mailto:avancarplnm@ipleiria.pt\" target=\"_blank\" rel=\"noopener\">avancarplnm@ipleiria.pt<\/a> ou preencha o formul\u00e1rio abaixo.<\/span><\/p>\t\t\t\t\t\t\t\t<\/div>\n\t\t\t\t<\/div>\n\t\t\t\t\t<\/div>\n\t\t\t\t<\/div>\n\t\t<div class=\"has_eae_slider elementor-element elementor-element-2b3da9c e-flex e-con-boxed e-con e-parent\" data-eae-slider=\"88329\" data-id=\"2b3da9c\" data-element_type=\"container\">\n\t\t\t\t\t<div class=\"e-con-inner\">\n\t\t\t\t<div class=\"elementor-element elementor-element-9e672c6 elementor-widget elementor-widget-metform\" data-id=\"9e672c6\" data-element_type=\"widget\" data-widget_type=\"metform.default\">\n\t\t\t\t<div class=\"elementor-widget-container\">\n\t\t\t\t\t<div id=\"mf-response-props-id-4692\" data-previous-steps-style=\"\" data-editswitchopen=\"\" data-response_type=\"alert\" data-erroricon=\"fas fa-exclamation-triangle\" data-successicon=\"fas fa-check\" data-messageposition=\"top\" class=\"   mf-scroll-top-no\">\n\t\t<div class=\"formpicker_warper formpicker_warper_editable\" data-metform-formpicker-key=\"4692\" >\n\t\t\t\t\n\t\t\t<div class=\"mf-widget-container\">\n\t\t\t\t\r\n\t\t<div\r\n\t\t\tid=\"metform-wrap-9e672c6-4692\"\r\n\t\t\tclass=\"mf-form-wrapper\"\r\n\t\t\tdata-form-id=\"4692\"\r\n\t\t\tdata-action=\"https:\/\/sites.ipleiria.pt\/avancar-plnm\/wp-json\/metform\/v1\/entries\/insert\/4692\"\r\n\t\t\tdata-wp-nonce=\"6d53fea0c1\"\r\n\t\t\tdata-form-nonce=\"fd5ced5901\"\r\n\t\t\tdata-quiz-summery = \"false\"\r\n\t\t\tdata-save-progress = \"false\"\r\n\t\t\tdata-form-type=\"general-form\"\r\n\t\t\tdata-stop-vertical-effect=\"\"\r\n\t\t\t><\/div>\r\n\r\n\r\n\t\t<!----------------------------- \r\n\t\t\t* controls_data : find the the props passed indie of data attribute\r\n\t\t\t* props.SubmitResponseMarkup : contains the markup of error or success message\r\n\t\t\t* https:\/\/developer.mozilla.org\/en-US\/docs\/Web\/JavaScript\/Reference\/Template_literals\r\n\t\t--------------------------- -->\r\n\r\n\t\t\t\t<script type=\"text\/mf\" class=\"mf-template\">\r\n\t\t\tfunction controls_data (value){\r\n\t\t\t\tlet currentWrapper = \"mf-response-props-id-4692\";\r\n\t\t\t\tlet currentEl = document.getElementById(currentWrapper);\r\n\t\t\t\t\r\n\t\t\t\treturn currentEl ? currentEl.dataset[value] : false\r\n\t\t\t}\r\n\r\n\r\n\t\t\tlet is_edit_mode = '' ? true : false;\r\n\t\t\tlet message_position = controls_data('messageposition') || 'top';\r\n\r\n\t\t\t\r\n\t\t\tlet message_successIcon = controls_data('successicon') || '';\r\n\t\t\tlet message_errorIcon = controls_data('erroricon') || '';\r\n\t\t\tlet message_editSwitch = controls_data('editswitchopen') === 'yes' ? true : false;\r\n\t\t\tlet message_proClass = controls_data('editswitchopen') === 'yes' ? 'mf_pro_activated' : '';\r\n\t\t\t\r\n\t\t\tlet is_dummy_markup = is_edit_mode && message_editSwitch ? true : false;\r\n\r\n\t\t\t\r\n\t\t\treturn html`\r\n\t\t\t\t<form\r\n\t\t\t\t\tclassName=\"metform-form-content\"\r\n\t\t\t\t\tref=${parent.formContainerRef}\r\n\t\t\t\t\tonSubmit=${ validation.handleSubmit( parent.handleFormSubmit ) }\r\n\t\t\t\t\r\n\t\t\t\t\t>\r\n\t\t\t\r\n\t\t\t\r\n\t\t\t\t\t${is_dummy_markup ? message_position === 'top' ?  props.ResponseDummyMarkup(message_successIcon, message_proClass) : '' : ''}\r\n\t\t\t\t\t${is_dummy_markup ? ' ' :  message_position === 'top' ? props.SubmitResponseMarkup`${parent}${state}${message_successIcon}${message_errorIcon}${message_proClass}` : ''}\r\n\r\n\t\t\t\t\t<!--------------------------------------------------------\r\n\t\t\t\t\t*** IMPORTANT \/ DANGEROUS ***\r\n\t\t\t\t\t${html``} must be used as in immediate child of \"metform-form-main-wrapper\"\r\n\t\t\t\t\tclass otherwise multistep form will not run at all\r\n\t\t\t\t\t---------------------------------------------------------->\r\n\r\n\t\t\t\t\t<div className=\"metform-form-main-wrapper\" key=${'hide-form-after-submit'} ref=${parent.formRef}>\r\n\t\t\t\t\t${html`\r\n\t\t\t\t\t\t\t\t<div data-elementor-type=\"wp-post\" key=\"2\" data-elementor-id=\"4692\" className=\"elementor elementor-4692\">\n\t\t\t\t\t\t<section className=\"has_eae_slider elementor-section elementor-top-section elementor-element elementor-element-4c67379 elementor-section-boxed elementor-section-height-default elementor-section-height-default\" data-eae-slider=\"48508\" data-id=\"4c67379\" data-element_type=\"section\" data-settings=\"{&quot;background_background&quot;:&quot;classic&quot;}\">\n\t\t\t\t\t\t<div className=\"elementor-container elementor-column-gap-no\">\n\t\t\t\t\t<div className=\"has_eae_slider elementor-column elementor-col-100 elementor-top-column elementor-element elementor-element-5561689a\" data-eae-slider=\"68583\" data-id=\"5561689a\" data-element_type=\"column\">\n\t\t\t<div className=\"elementor-widget-wrap elementor-element-populated\">\n\t\t\t\t\t\t<section className=\"has_eae_slider elementor-section elementor-inner-section elementor-element elementor-element-7314b326 elementor-section-boxed elementor-section-height-default elementor-section-height-default\" data-eae-slider=\"27692\" data-id=\"7314b326\" data-element_type=\"section\">\n\t\t\t\t\t\t<div className=\"elementor-container elementor-column-gap-extended\">\n\t\t\t\t\t<div className=\"has_eae_slider elementor-column elementor-col-50 elementor-inner-column elementor-element elementor-element-2abfe45\" data-eae-slider=\"5811\" data-id=\"2abfe45\" data-element_type=\"column\">\n\t\t\t<div className=\"elementor-widget-wrap elementor-element-populated\">\n\t\t\t\t\t\t<div className=\"elementor-element elementor-element-33e4b289 elementor-widget elementor-widget-mf-text\" data-id=\"33e4b289\" data-element_type=\"widget\" data-settings=\"{&quot;mf_input_name&quot;:&quot;mf-first-name&quot;}\" data-widget_type=\"mf-text.default\">\n\t\t\t\t<div className=\"elementor-widget-container\">\n\t\t\t\t\t\r\n\t\t<div className=\"mf-input-wrapper\">\r\n\t\t\t\t\t\t\t<label className=\"mf-input-label\" htmlFor=\"mf-input-text-33e4b289\">\r\n\t\t\t\t\t${ parent.decodeEntities(`Primeiro Nome`) } \t\t\t\t\t<span className=\"mf-input-required-indicator\">*<\/span>\r\n\t\t\t\t<\/label>\r\n\t\t\t\r\n\t\t\t<input\r\n\t\t\t\ttype=\"text\"\r\n\t\t\t\tclassName=\"mf-input mf-conditional-input\"\r\n\t\t\t\tid=\"mf-input-text-33e4b289\"\r\n\t\t\t\tname=\"mf-first-name\"\r\n\t\t\t\tplaceholder=\"${ parent.decodeEntities(``) } \"\r\n\t\t\t\t\t\t\t\t\tonInput=${parent.handleChange}\r\n\t\t\t\t\tonBlur=${parent.handleChange}\r\n\t\t\t\t\taria-invalid=${validation.errors['mf-first-name'] ? 'true' : 'false'}\r\n\t\t\t\t\tref=${el =>{\r\n\t\t\t\t\t\t\t\t\t\t\t\tparent.activateValidation({\"message\":\"Este campo \\u00e9 obrigat\\u00f3rio.\",\"minLength\":\"1\",\"maxLength\":\"\",\"type\":\"by_word_length\",\"required\":true,\"expression\":\"null\"}, el)\r\n\t\t\t\t\t}}\r\n\t\t\t\t\t\t\t\t\/>\r\n\r\n\t\t\t\t\t\t\t<${validation.ErrorMessage}\r\n\t\t\t\t\terrors=${validation.errors}\r\n\t\t\t\t\tname=\"mf-first-name\"\r\n\t\t\t\t\tas=${html`<span className=\"mf-error-message\"><\/span>`}\r\n\t\t\t\t\t\/>\r\n\t\t\t\r\n\t\t\t<span className=\"mf-input-help\"> ${ parent.decodeEntities(`Insira aqui o seu primeiro nome`) }  <\/span>\t\t<\/div>\r\n\r\n\t\t\t\t\t\t<\/div>\n\t\t\t\t<\/div>\n\t\t\t\t\t<\/div>\n\t\t<\/div>\n\t\t\t\t<div className=\"has_eae_slider elementor-column elementor-col-50 elementor-inner-column elementor-element elementor-element-6daef7de\" data-eae-slider=\"64846\" data-id=\"6daef7de\" data-element_type=\"column\">\n\t\t\t<div className=\"elementor-widget-wrap elementor-element-populated\">\n\t\t\t\t\t\t<div className=\"elementor-element elementor-element-99068fe elementor-widget elementor-widget-mf-text\" data-id=\"99068fe\" data-element_type=\"widget\" data-settings=\"{&quot;mf_input_name&quot;:&quot;mf-last-name&quot;}\" data-widget_type=\"mf-text.default\">\n\t\t\t\t<div className=\"elementor-widget-container\">\n\t\t\t\t\t\r\n\t\t<div className=\"mf-input-wrapper\">\r\n\t\t\t\t\t\t\t<label className=\"mf-input-label\" htmlFor=\"mf-input-text-99068fe\">\r\n\t\t\t\t\t${ parent.decodeEntities(`\u00daltimo Nome`) } \t\t\t\t\t<span className=\"mf-input-required-indicator\">*<\/span>\r\n\t\t\t\t<\/label>\r\n\t\t\t\r\n\t\t\t<input\r\n\t\t\t\ttype=\"text\"\r\n\t\t\t\tclassName=\"mf-input mf-conditional-input\"\r\n\t\t\t\tid=\"mf-input-text-99068fe\"\r\n\t\t\t\tname=\"mf-last-name\"\r\n\t\t\t\tplaceholder=\"${ parent.decodeEntities(``) } \"\r\n\t\t\t\t\t\t\t\t\tonInput=${parent.handleChange}\r\n\t\t\t\t\tonBlur=${parent.handleChange}\r\n\t\t\t\t\taria-invalid=${validation.errors['mf-last-name'] ? 'true' : 'false'}\r\n\t\t\t\t\tref=${el =>{\r\n\t\t\t\t\t\t\t\t\t\t\t\tparent.activateValidation({\"message\":\"Este campo \\u00e9 obrigat\\u00f3rio.\",\"minLength\":1,\"maxLength\":\"\",\"type\":\"none\",\"required\":true,\"expression\":\"null\"}, el)\r\n\t\t\t\t\t}}\r\n\t\t\t\t\t\t\t\t\/>\r\n\r\n\t\t\t\t\t\t\t<${validation.ErrorMessage}\r\n\t\t\t\t\terrors=${validation.errors}\r\n\t\t\t\t\tname=\"mf-last-name\"\r\n\t\t\t\t\tas=${html`<span className=\"mf-error-message\"><\/span>`}\r\n\t\t\t\t\t\/>\r\n\t\t\t\r\n\t\t\t<span className=\"mf-input-help\"> ${ parent.decodeEntities(`Insira aqui o seu sobrenome`) }  <\/span>\t\t<\/div>\r\n\r\n\t\t\t\t\t\t<\/div>\n\t\t\t\t<\/div>\n\t\t\t\t\t<\/div>\n\t\t<\/div>\n\t\t\t\t\t<\/div>\n\t\t<\/section>\n\t\t\t\t<section className=\"has_eae_slider elementor-section elementor-inner-section elementor-element elementor-element-356266d5 elementor-section-boxed elementor-section-height-default elementor-section-height-default\" data-eae-slider=\"44120\" data-id=\"356266d5\" data-element_type=\"section\">\n\t\t\t\t\t\t<div className=\"elementor-container elementor-column-gap-extended\">\n\t\t\t\t\t<div className=\"has_eae_slider elementor-column elementor-col-100 elementor-inner-column elementor-element elementor-element-6f283303\" data-eae-slider=\"8661\" data-id=\"6f283303\" data-element_type=\"column\">\n\t\t\t<div className=\"elementor-widget-wrap elementor-element-populated\">\n\t\t\t\t\t\t<div className=\"elementor-element elementor-element-9edd6e4 elementor-widget elementor-widget-mf-email\" data-id=\"9edd6e4\" data-element_type=\"widget\" data-settings=\"{&quot;mf_input_name&quot;:&quot;mf-email&quot;}\" data-widget_type=\"mf-email.default\">\n\t\t\t\t<div className=\"elementor-widget-container\">\n\t\t\t\t\t\r\n\t\t<div className=\"mf-input-wrapper\">\r\n\t\t\t\t\t\t\t<label className=\"mf-input-label\" htmlFor=\"mf-input-email-9edd6e4\">\r\n\t\t\t\t\t${ parent.decodeEntities(`Endere\u00e7o de E-mail`) } \t\t\t\t\t<span className=\"mf-input-required-indicator\">*<\/span>\r\n\t\t\t\t<\/label>\r\n\t\t\t\r\n\t\t\t<input \r\n\t\t\t\ttype=\"email\" \r\n\t\t\t\t \r\n\t\t\t\tdefaultValue=\"\" \r\n\t\t\t\tclassName=\"mf-input mf-conditional-input\" \r\n\t\t\t\tid=\"mf-input-email-9edd6e4\" \r\n\t\t\t\tname=\"mf-email\" \r\n\t\t\t\tplaceholder=\"${ parent.decodeEntities(``) } \" \r\n\t\t\t\t \r\n\t\t\t\tonBlur=${parent.handleChange} onFocus=${parent.handleChange} aria-invalid=${validation.errors['mf-email'] ? 'true' : 'false' } \r\n\t\t\t\tref=${el=> parent.activateValidation({\"message\":\"Este campo \\u00e9 obrigat\\u00f3rio.\",\"emailMessage\":\"Please enter a valid Email address\",\"minLength\":1,\"maxLength\":\"\",\"type\":\"none\",\"required\":true,\"expression\":\"null\"}, el)}\r\n\t\t\t\t\t\t\t\/>\r\n\r\n\t\t\t\t\t\t<${validation.ErrorMessage} \r\n\t\t\t\terrors=${validation.errors} \r\n\t\t\t\tname=\"mf-email\" \r\n\t\t\t\tas=${html`<span className=\"mf-error-message\"><\/span>`}\r\n\t\t\t\/>\r\n\t\t\t\r\n\t\t\t<span className=\"mf-input-help\"> ${ parent.decodeEntities(`Insira aqui o seu e-mail. Exemplo: utilizador@website.com`) }  <\/span>\t\t<\/div>\r\n\r\n\t\t\t\t<\/div>\n\t\t\t\t<\/div>\n\t\t\t\t<div className=\"elementor-element elementor-element-1f0574a elementor-widget elementor-widget-spacer\" data-id=\"1f0574a\" data-element_type=\"widget\" data-widget_type=\"spacer.default\">\n\t\t\t\t<div className=\"elementor-widget-container\">\n\t\t\t\t\t\t\t<div className=\"elementor-spacer\">\n\t\t\t<div className=\"elementor-spacer-inner\"><\/div>\n\t\t<\/div>\n\t\t\t\t\t\t<\/div>\n\t\t\t\t<\/div>\n\t\t\t\t<div className=\"elementor-element elementor-element-5dc5c689 elementor-widget elementor-widget-mf-text\" data-id=\"5dc5c689\" data-element_type=\"widget\" data-settings=\"{&quot;mf_input_name&quot;:&quot;mf-subject&quot;}\" data-widget_type=\"mf-text.default\">\n\t\t\t\t<div className=\"elementor-widget-container\">\n\t\t\t\t\t\r\n\t\t<div className=\"mf-input-wrapper\">\r\n\t\t\t\t\t\t\t<label className=\"mf-input-label\" htmlFor=\"mf-input-text-5dc5c689\">\r\n\t\t\t\t\t${ parent.decodeEntities(`Contexto Profissional`) } \t\t\t\t\t<span className=\"mf-input-required-indicator\">*<\/span>\r\n\t\t\t\t<\/label>\r\n\t\t\t\r\n\t\t\t<input\r\n\t\t\t\ttype=\"text\"\r\n\t\t\t\tclassName=\"mf-input mf-conditional-input\"\r\n\t\t\t\tid=\"mf-input-text-5dc5c689\"\r\n\t\t\t\tname=\"mf-subject\"\r\n\t\t\t\tplaceholder=\"${ parent.decodeEntities(``) } \"\r\n\t\t\t\t\t\t\t\t\tonInput=${parent.handleChange}\r\n\t\t\t\t\tonBlur=${parent.handleChange}\r\n\t\t\t\t\taria-invalid=${validation.errors['mf-subject'] ? 'true' : 'false'}\r\n\t\t\t\t\tref=${el =>{\r\n\t\t\t\t\t\t\t\t\t\t\t\tparent.activateValidation({\"message\":\"Este campo \\u00e9 obrigat\\u00f3rio.\",\"minLength\":1,\"maxLength\":\"\",\"type\":\"none\",\"required\":true,\"expression\":\"null\"}, el)\r\n\t\t\t\t\t}}\r\n\t\t\t\t\t\t\t\t\/>\r\n\r\n\t\t\t\t\t\t\t<${validation.ErrorMessage}\r\n\t\t\t\t\terrors=${validation.errors}\r\n\t\t\t\t\tname=\"mf-subject\"\r\n\t\t\t\t\tas=${html`<span className=\"mf-error-message\"><\/span>`}\r\n\t\t\t\t\t\/>\r\n\t\t\t\r\n\t\t\t<span className=\"mf-input-help\"> ${ parent.decodeEntities(`Refira o contexto em que exerce a sua atividade profissional`) }  <\/span>\t\t<\/div>\r\n\r\n\t\t\t\t\t\t<\/div>\n\t\t\t\t<\/div>\n\t\t\t\t\t<\/div>\n\t\t<\/div>\n\t\t\t\t\t<\/div>\n\t\t<\/section>\n\t\t\t\t<section className=\"has_eae_slider elementor-section elementor-inner-section elementor-element elementor-element-1ef44348 elementor-section-boxed elementor-section-height-default elementor-section-height-default\" data-eae-slider=\"81146\" data-id=\"1ef44348\" data-element_type=\"section\">\n\t\t\t\t\t\t<div className=\"elementor-container elementor-column-gap-extended\">\n\t\t\t\t\t<div className=\"has_eae_slider elementor-column elementor-col-100 elementor-inner-column elementor-element elementor-element-3555ab0e\" data-eae-slider=\"51403\" data-id=\"3555ab0e\" data-element_type=\"column\">\n\t\t\t<div className=\"elementor-widget-wrap elementor-element-populated\">\n\t\t\t\t\t\t<div className=\"elementor-element elementor-element-3f23ad95 elementor-widget elementor-widget-heading\" data-id=\"3f23ad95\" data-element_type=\"widget\" data-widget_type=\"heading.default\">\n\t\t\t\t<div className=\"elementor-widget-container\">\n\t\t\t\t\t<h2 className=\"elementor-heading-title elementor-size-default\">Em que podemos ajudar?<\/h2>\t\t\t\t<\/div>\n\t\t\t\t<\/div>\n\t\t\t\t<div className=\"elementor-element elementor-element-4f8e3d67 elementor-widget elementor-widget-mf-textarea\" data-id=\"4f8e3d67\" data-element_type=\"widget\" data-settings=\"{&quot;mf_input_name&quot;:&quot;mf-comment&quot;}\" data-widget_type=\"mf-textarea.default\">\n\t\t\t\t<div className=\"elementor-widget-container\">\n\t\t\t\t\t\r\n\t\t<div className=\"mf-input-wrapper\">\r\n\t\t\t\t\t\t\t<label className=\"mf-input-label\" htmlFor=\"mf-input-text-area-4f8e3d67\">\r\n\t\t\t\t\t${ parent.decodeEntities(`Mensagem`) } \t\t\t\t\t<span className=\"mf-input-required-indicator\">*<\/span>\r\n\t\t\t\t<\/label>\r\n\t\t\t\r\n\t\t\t<textarea className=\"mf-input mf-textarea mf-conditional-input\" id=\"mf-input-text-area-4f8e3d67\"\r\n\t\t\t\tname=\"mf-comment\" \r\n\t\t\t\tplaceholder=\"${ parent.decodeEntities(``) } \"\r\n\t\t\t\tcols=\"30\" rows=\"10\"\r\n\t\t\t\t\t\t\t\t\tonInput=${ parent.handleChange }\r\n\t\t\t\t\taria-invalid=${validation.errors['mf-comment'] ? 'true' : 'false'}\r\n\t\t\t\t\tref=${ el => parent.activateValidation({\"message\":\"Este campo \\u00e9 obrigat\\u00f3rio.\",\"minLength\":1,\"maxLength\":\"\",\"type\":\"none\",\"required\":true,\"expression\":\"null\"}, el)}\r\n\t\t\t\t\t\t\t\t><\/textarea>\r\n\r\n\t\t\t\t\t\t\t<${validation.ErrorMessage}\r\n\t\t\t\t\terrors=${validation.errors}\r\n\t\t\t\t\tname=\"mf-comment\"\r\n\t\t\t\t\tas=${html`<span className=\"mf-error-message\"><\/span>`}\r\n\t\t\t\t\t\/>\r\n\t\t\t\t\t\t<span className=\"mf-input-help\"> ${ parent.decodeEntities(`Insira aqui a sua mensagem`) }  <\/span>\t\t<\/div>\r\n\r\n\t\t\t\t\t\t<\/div>\n\t\t\t\t<\/div>\n\t\t\t\t<div className=\"elementor-element elementor-element-5f0c67b7 mf-btn--center elementor-widget elementor-widget-mf-button\" data-id=\"5f0c67b7\" data-element_type=\"widget\" data-widget_type=\"mf-button.default\">\n\t\t\t\t<div className=\"elementor-widget-container\">\n\t\t\t\t\t\t\t<div className=\"mf-btn-wraper mf-conditional-input\" data-mf-form-conditional-logic-requirement=\"\">\r\n\t\t\t\t\t\t\t<button type=\"submit\" className=\"metform-btn metform-submit-btn \" id=\"\">\r\n\t\t\t\t\t<span>${ parent.decodeEntities(`Submeter`) } <\/span>\r\n\t\t\t\t<\/button>\r\n\t\t\t        <\/div>\r\n        \t\t\t\t<\/div>\n\t\t\t\t<\/div>\n\t\t\t\t<div className=\"elementor-element elementor-element-2cc149e elementor-widget elementor-widget-mf-gdpr-consent\" data-id=\"2cc149e\" data-element_type=\"widget\" data-settings=\"{&quot;mf_input_name&quot;:&quot;mf-gdpr-consent&quot;}\" data-widget_type=\"mf-gdpr-consent.default\">\n\t\t\t\t<div className=\"elementor-widget-container\">\n\t\t\t\t\t\n\t\t<div className=\"mf-input-wrapper\">\n\t\t\t\t\t\t\t<label className=\"mf-input-label\" htmlFor=\"mf-input-gdpr-2cc149e\">\n\t\t\t\t\t${ parent.decodeEntities(`Consentimento de RGPD`) } \t\t\t\t\t<span className=\"mf-input-required-indicator\">*<\/span>\n\t\t\t\t<\/label>\n\t\t\t\n\t\t\t<div className=\"mf-checkbox multi-option-input-type\" id=\"mf-input-gdpr-2cc149e\">\n\t\t\t\t<div className=\"mf-checkbox-option\">\n\t\t\t\t\t<label>\n\t\t\t\t\t\t\t\t\t\t\t\t<input\n\t\t\t\t\t\t\ttype=\"checkbox\"\n\t\t\t\t\t\t\tclassName=\"mf-input mf-checkbox-input \"\n\t\t\t\t\t\t\tname=\"mf-gdpr-consent\"\n\t\t\t\t\t\t\t\t\t\t\t\t\t\t\tonInput=${ parent.handleOptin }\n\t\t\t\t\t\t\t\taria-invalid=${validation.errors['mf-gdpr-consent'] ? 'true' : 'false'}\n\t\t\t\t\t\t\t\tref=${ el => parent.activateValidation({\"message\":\"Este campo \\u00e9 obrigat\\u00f3rio.\",\"minLength\":1,\"maxLength\":\"\",\"type\":\"none\",\"required\":true,\"expression\":\"null\"}, el) }\n\t\t\t\t\t\t\t\t\t\t\t\t\t\t\/>\n\t\t\t\t\t\t<span>\n\t\t\t\t\t\t\tAceito que os meus dados sejam tratados pelo programa Avan\u00e7ar PLNM.\t\t\t\t\t\t<\/span>\n\t\t\t\t\t<\/label>\n\t\t\t\t<\/div>\n\t\t\t<\/div>\n\n\t\t\t\t\t\t\t<${validation.ErrorMessage}\n\t\t\t\t\terrors=${validation.errors}\n\t\t\t\t\tname=\"mf-gdpr-consent\"\n\t\t\t\t\tas=${html`<span className=\"mf-error-message\"><\/span>`}\n\t\t\t\t\t\/>\n\t\t\t\n\t\t\t\t\t<\/div>\n\n\t\t\t\t\t\t<\/div>\n\t\t\t\t<\/div>\n\t\t\t\t\t<\/div>\n\t\t<\/div>\n\t\t\t\t\t<\/div>\n\t\t<\/section>\n\t\t\t\t\t<\/div>\n\t\t<\/div>\n\t\t\t\t\t<\/div>\n\t\t<\/section>\n\t\t\t\t<\/div>\n\t\t\t\t\t\t\t`}\r\n\t\t\t\t\t<\/div>\r\n\r\n\t\t\t\t\t${is_dummy_markup ? message_position === 'bottom' ? props.ResponseDummyMarkup(message_successIcon, message_proClass) : '' : ''}\r\n\t\t\t\t\t${is_dummy_markup ? ' ' : message_position === 'bottom' ? props.SubmitResponseMarkup`${parent}${state}${message_successIcon}${message_errorIcon}${message_proClass}` : ''}\r\n\t\t\t\t\r\n\t\t\t\t<\/form>\r\n\t\t\t`\r\n\t\t<\/script>\r\n\r\n\t\t\t\t\t<\/div>\n\t\t<\/div>\n\t\t<\/div>\t\t\t\t<\/div>\n\t\t\t\t<\/div>\n\t\t\t\t\t<\/div>\n\t\t\t\t<\/div>\n\t\t\t\t<\/div>\n\t\t","protected":false},"excerpt":{"rendered":"<p>Fale connosco O programa Avan\u00e7ar PLNM constitui uma presta\u00e7\u00e3o de servi\u00e7os do Polit\u00e9cnico de Leiria \u00e0 comunidade. As atividades do programa podem ser aplicadas a diferentes contextos escolares e o seu custo depende das particularidades e necessidades das entidades envolvidas. Mais concretamente, a equipa do projeto est\u00e1 dispon\u00edvel para:\u00a0\u00a0 ministrar palestras p\u00fablicas e a\u00e7\u00f5es de&#8230;<\/p>\n","protected":false},"author":5907,"featured_media":0,"parent":0,"menu_order":0,"comment_status":"closed","ping_status":"closed","template":"","meta":{"_kad_post_transparent":"","_kad_post_title":"","_kad_post_layout":"","_kad_post_sidebar_id":"","_kad_post_content_style":"","_kad_post_vertical_padding":"","_kad_post_feature":"","_kad_post_feature_position":"","_kad_post_header":false,"_kad_post_footer":false,"_kad_post_classname":"","footnotes":""},"class_list":["post-3151","page","type-page","status-publish","hentry"],"aioseo_notices":[],"_links":{"self":[{"href":"https:\/\/sites.ipleiria.pt\/avancar-plnm\/wp-json\/wp\/v2\/pages\/3151","targetHints":{"allow":["GET"]}}],"collection":[{"href":"https:\/\/sites.ipleiria.pt\/avancar-plnm\/wp-json\/wp\/v2\/pages"}],"about":[{"href":"https:\/\/sites.ipleiria.pt\/avancar-plnm\/wp-json\/wp\/v2\/types\/page"}],"author":[{"embeddable":true,"href":"https:\/\/sites.ipleiria.pt\/avancar-plnm\/wp-json\/wp\/v2\/users\/5907"}],"replies":[{"embeddable":true,"href":"https:\/\/sites.ipleiria.pt\/avancar-plnm\/wp-json\/wp\/v2\/comments?post=3151"}],"version-history":[{"count":59,"href":"https:\/\/sites.ipleiria.pt\/avancar-plnm\/wp-json\/wp\/v2\/pages\/3151\/revisions"}],"predecessor-version":[{"id":5331,"href":"https:\/\/sites.ipleiria.pt\/avancar-plnm\/wp-json\/wp\/v2\/pages\/3151\/revisions\/5331"}],"wp:attachment":[{"href":"https:\/\/sites.ipleiria.pt\/avancar-plnm\/wp-json\/wp\/v2\/media?parent=3151"}],"curies":[{"name":"wp","href":"https:\/\/api.w.org\/{rel}","templated":true}]}}