{"id":4574,"date":"2025-01-31T14:44:12","date_gmt":"2025-01-31T14:44:12","guid":{"rendered":"https:\/\/sites.ipleiria.pt\/avancar-plnm\/?page_id=4574"},"modified":"2025-04-29T10:20:16","modified_gmt":"2025-04-29T10:20:16","slug":"bibliotecas-digitais","status":"publish","type":"page","link":"https:\/\/sites.ipleiria.pt\/avancar-plnm\/bibliotecas-digitais\/","title":{"rendered":"Bibliotecas Digitais Multil\u00edngues"},"content":{"rendered":"\t\t<div data-elementor-type=\"wp-page\" data-elementor-id=\"4574\" class=\"elementor elementor-4574\">\n\t\t\t\t<div class=\"has_eae_slider elementor-element elementor-element-45470a9 e-flex e-con-boxed e-con e-parent\" data-eae-slider=\"86491\" data-id=\"45470a9\" data-element_type=\"container\">\n\t\t\t\t\t<div class=\"e-con-inner\">\n\t\t\t\t<div class=\"elementor-element elementor-element-27e58f9 elementor-widget elementor-widget-heading\" data-id=\"27e58f9\" data-element_type=\"widget\" data-widget_type=\"heading.default\">\n\t\t\t\t<div class=\"elementor-widget-container\">\n\t\t\t\t\t<h1 class=\"elementor-heading-title elementor-size-default\">Bibliotecas Digitais Multil\u00edngues<\/h1>\t\t\t\t<\/div>\n\t\t\t\t<\/div>\n\t\t\t\t\t<\/div>\n\t\t\t\t<\/div>\n\t\t<div class=\"has_eae_slider elementor-element elementor-element-ee1ee8a e-flex e-con-boxed e-con e-parent\" data-eae-slider=\"72621\" data-id=\"ee1ee8a\" data-element_type=\"container\">\n\t\t\t\t\t<div class=\"e-con-inner\">\n\t\t\t\t<div class=\"elementor-element elementor-element-e393991 elementor-widget elementor-widget-text-editor\" data-id=\"e393991\" data-element_type=\"widget\" data-widget_type=\"text-editor.default\">\n\t\t\t\t<div class=\"elementor-widget-container\">\n\t\t\t\t\t\t\t\t\t<p><span class=\"TextRun SCXW19789864 BCX0\" lang=\"PT-BR\" xml:lang=\"PT-BR\" data-contrast=\"auto\"><span class=\"NormalTextRun CommentHighlightRest SCXW19789864 BCX0\">A aprendizagem da l\u00edngua portuguesa e a inclus\u00e3o de alunos de diversas origens culturais beneficiam do contacto com m\u00faltiplos idiomas. Nesta sec\u00e7\u00e3o, apresenta-se uma sele\u00e7\u00e3o de bibliotecas digitais gratuitas que disponibilizam livros em v\u00e1rias l\u00ednguas, incluindo o portugu\u00eas.<\/span><\/span><\/p>\t\t\t\t\t\t\t\t<\/div>\n\t\t\t\t<\/div>\n\t\t\t\t\t<\/div>\n\t\t\t\t<\/div>\n\t\t<div class=\"has_eae_slider elementor-element elementor-element-bae8184 e-flex e-con-boxed e-con e-parent\" data-eae-slider=\"34333\" data-id=\"bae8184\" data-element_type=\"container\">\n\t\t\t\t\t<div class=\"e-con-inner\">\n\t\t\t\t<div class=\"elementor-element elementor-element-b86e645 elementor-widget elementor-widget-spacer\" data-id=\"b86e645\" data-element_type=\"widget\" data-widget_type=\"spacer.default\">\n\t\t\t\t<div class=\"elementor-widget-container\">\n\t\t\t\t\t\t\t<div class=\"elementor-spacer\">\n\t\t\t<div class=\"elementor-spacer-inner\"><\/div>\n\t\t<\/div>\n\t\t\t\t\t\t<\/div>\n\t\t\t\t<\/div>\n\t\t\t\t\t<\/div>\n\t\t\t\t<\/div>\n\t\t<div class=\"has_eae_slider elementor-element elementor-element-d2162fa e-flex e-con-boxed e-con e-parent\" data-eae-slider=\"56312\" data-id=\"d2162fa\" data-element_type=\"container\">\n\t\t\t\t\t<div class=\"e-con-inner\">\n\t\t\t\t<div class=\"elementor-element elementor-element-445c143 elementor-widget elementor-widget-text-editor\" data-id=\"445c143\" data-element_type=\"widget\" data-widget_type=\"text-editor.default\">\n\t\t\t\t<div class=\"elementor-widget-container\">\n\t\t\t\t\t\t\t\t\t<p><a class=\"Hyperlink SCXW165123197 BCX0\" href=\"https:\/\/globalstorybooks.net\/\" target=\"_blank\" rel=\"noreferrer noopener\"><span class=\"TextRun Underlined SCXW165123197 BCX0\" lang=\"PT-BR\" xml:lang=\"PT-BR\" data-contrast=\"none\"><strong><span class=\"NormalTextRun CommentHighlightRest SCXW165123197 BCX0\" data-ccp-charstyle=\"Hyperlink\">Global <\/span><span class=\"NormalTextRun CommentHighlightRest SCXW165123197 BCX0\" data-ccp-charstyle=\"Hyperlink\"><strong>Storybooks<\/strong><\/span><\/strong><\/span><\/a><span class=\"TextRun SCXW165123197 BCX0\" lang=\"PT-BR\" xml:lang=\"PT-BR\" data-contrast=\"auto\"><span class=\"NormalTextRun CommentHighlightRest SCXW165123197 BCX0\"> \u2013 Contos infantis em diversas l\u00ednguas.<\/span><\/span><\/p>\t\t\t\t\t\t\t\t<\/div>\n\t\t\t\t<\/div>\n\t\t\t\t\t<\/div>\n\t\t\t\t<\/div>\n\t\t<div class=\"has_eae_slider elementor-element elementor-element-fc25fdc e-flex e-con-boxed e-con e-parent\" data-eae-slider=\"72623\" data-id=\"fc25fdc\" data-element_type=\"container\">\n\t\t\t\t\t<div class=\"e-con-inner\">\n\t\t\t\t<div class=\"elementor-element elementor-element-8e782c5 elementor-widget elementor-widget-spacer\" data-id=\"8e782c5\" data-element_type=\"widget\" data-widget_type=\"spacer.default\">\n\t\t\t\t<div class=\"elementor-widget-container\">\n\t\t\t\t\t\t\t<div class=\"elementor-spacer\">\n\t\t\t<div class=\"elementor-spacer-inner\"><\/div>\n\t\t<\/div>\n\t\t\t\t\t\t<\/div>\n\t\t\t\t<\/div>\n\t\t\t\t\t<\/div>\n\t\t\t\t<\/div>\n\t\t<div class=\"has_eae_slider elementor-element elementor-element-2cda64a e-flex e-con-boxed e-con e-parent\" data-eae-slider=\"71478\" data-id=\"2cda64a\" data-element_type=\"container\">\n\t\t\t\t\t<div class=\"e-con-inner\">\n\t\t\t\t<div class=\"elementor-element elementor-element-9cf9df6 elementor-widget elementor-widget-text-editor\" data-id=\"9cf9df6\" data-element_type=\"widget\" data-widget_type=\"text-editor.default\">\n\t\t\t\t<div class=\"elementor-widget-container\">\n\t\t\t\t\t\t\t\t\t<p><strong><a class=\"Hyperlink SCXW165123197 BCX0\" href=\"https:\/\/storybookscanada.ca\/\" target=\"_blank\" rel=\"noreferrer noopener\"><span class=\"TextRun Underlined SCXW165123197 BCX0\" lang=\"PT-BR\" xml:lang=\"PT-BR\" data-contrast=\"none\"><span class=\"NormalTextRun CommentHighlightRest SCXW165123197 BCX0\" data-ccp-charstyle=\"Hyperlink\">Storybooks Canada<\/span><\/span><\/a><\/strong><span class=\"TextRun SCXW165123197 BCX0\" lang=\"PT-BR\" xml:lang=\"PT-BR\" data-contrast=\"auto\"><span class=\"NormalTextRun CommentHighlightRest SCXW165123197 BCX0\"> \u2013 Hist\u00f3rias <\/span><span class=\"NormalTextRun SpellingErrorV2Themed CommentHighlightRest SCXW165123197 BCX0\">multilingues<\/span><span class=\"NormalTextRun CommentHighlightRest SCXW165123197 BCX0\"> para crian\u00e7as.<\/span><\/span><\/p>\t\t\t\t\t\t\t\t<\/div>\n\t\t\t\t<\/div>\n\t\t\t\t\t<\/div>\n\t\t\t\t<\/div>\n\t\t<div class=\"has_eae_slider elementor-element elementor-element-e916c96 e-flex e-con-boxed e-con e-parent\" data-eae-slider=\"62003\" data-id=\"e916c96\" data-element_type=\"container\">\n\t\t\t\t\t<div class=\"e-con-inner\">\n\t\t\t\t<div class=\"elementor-element elementor-element-9cfae92 elementor-widget elementor-widget-spacer\" data-id=\"9cfae92\" data-element_type=\"widget\" data-widget_type=\"spacer.default\">\n\t\t\t\t<div class=\"elementor-widget-container\">\n\t\t\t\t\t\t\t<div class=\"elementor-spacer\">\n\t\t\t<div class=\"elementor-spacer-inner\"><\/div>\n\t\t<\/div>\n\t\t\t\t\t\t<\/div>\n\t\t\t\t<\/div>\n\t\t\t\t\t<\/div>\n\t\t\t\t<\/div>\n\t\t<div class=\"has_eae_slider elementor-element elementor-element-519e3ee e-flex e-con-boxed e-con e-parent\" data-eae-slider=\"66483\" data-id=\"519e3ee\" data-element_type=\"container\">\n\t\t\t\t\t<div class=\"e-con-inner\">\n\t\t\t\t<div class=\"elementor-element elementor-element-19fec89 elementor-widget elementor-widget-text-editor\" data-id=\"19fec89\" data-element_type=\"widget\" data-widget_type=\"text-editor.default\">\n\t\t\t\t<div class=\"elementor-widget-container\">\n\t\t\t\t\t\t\t\t\t<p><a class=\"Hyperlink SCXW34410538 BCX0\" href=\"https:\/\/storyweaver.org.in\/en\/\" target=\"_blank\" rel=\"noreferrer noopener\"><span class=\"TextRun Underlined SCXW34410538 BCX0\" lang=\"PT-BR\" xml:lang=\"PT-BR\" data-contrast=\"none\"><span class=\"NormalTextRun CommentHighlightRest SCXW34410538 BCX0\" data-ccp-charstyle=\"Hyperlink\"><strong>StoryWeaver<\/strong><\/span><\/span><\/a><span class=\"TextRun SCXW34410538 BCX0\" lang=\"PT-BR\" xml:lang=\"PT-BR\" data-contrast=\"auto\"><span class=\"NormalTextRun CommentHighlightRest SCXW34410538 BCX0\"> \u2013 Livros para diferentes n\u00edveis de leitura.<\/span><\/span><\/p>\t\t\t\t\t\t\t\t<\/div>\n\t\t\t\t<\/div>\n\t\t\t\t\t<\/div>\n\t\t\t\t<\/div>\n\t\t<div class=\"has_eae_slider elementor-element elementor-element-8129eaf e-flex e-con-boxed e-con e-parent\" data-eae-slider=\"3918\" data-id=\"8129eaf\" data-element_type=\"container\">\n\t\t\t\t\t<div class=\"e-con-inner\">\n\t\t\t\t<div class=\"elementor-element elementor-element-2b774cf elementor-widget elementor-widget-spacer\" data-id=\"2b774cf\" data-element_type=\"widget\" data-widget_type=\"spacer.default\">\n\t\t\t\t<div class=\"elementor-widget-container\">\n\t\t\t\t\t\t\t<div class=\"elementor-spacer\">\n\t\t\t<div class=\"elementor-spacer-inner\"><\/div>\n\t\t<\/div>\n\t\t\t\t\t\t<\/div>\n\t\t\t\t<\/div>\n\t\t\t\t\t<\/div>\n\t\t\t\t<\/div>\n\t\t<div class=\"has_eae_slider elementor-element elementor-element-d1845a7 e-flex e-con-boxed e-con e-parent\" data-eae-slider=\"23386\" data-id=\"d1845a7\" data-element_type=\"container\">\n\t\t\t\t\t<div class=\"e-con-inner\">\n\t\t\t\t<div class=\"elementor-element elementor-element-99f356c elementor-widget elementor-widget-text-editor\" data-id=\"99f356c\" data-element_type=\"widget\" data-widget_type=\"text-editor.default\">\n\t\t\t\t<div class=\"elementor-widget-container\">\n\t\t\t\t\t\t\t\t\t<p><strong><a class=\"Hyperlink SCXW34410538 BCX0\" href=\"https:\/\/anylang.net\/pt\/books\" target=\"_blank\" rel=\"noreferrer noopener\"><span class=\"TextRun Underlined SCXW34410538 BCX0\" lang=\"PT-BR\" xml:lang=\"PT-BR\" data-contrast=\"none\"><span class=\"NormalTextRun CommentHighlightRest SCXW34410538 BCX0\" data-ccp-charstyle=\"Hyperlink\">AnyLang<\/span><\/span><\/a><\/strong><span class=\"TextRun SCXW34410538 BCX0\" lang=\"PT-BR\" xml:lang=\"PT-BR\" data-contrast=\"auto\"><span class=\"NormalTextRun CommentHighlightRest SCXW34410538 BCX0\"> \u2013 Livros e textos para aprender l\u00ednguas.<\/span><\/span><\/p>\t\t\t\t\t\t\t\t<\/div>\n\t\t\t\t<\/div>\n\t\t\t\t\t<\/div>\n\t\t\t\t<\/div>\n\t\t<div class=\"has_eae_slider elementor-element elementor-element-fb75881 e-flex e-con-boxed e-con e-parent\" data-eae-slider=\"94476\" data-id=\"fb75881\" data-element_type=\"container\">\n\t\t\t\t\t<div class=\"e-con-inner\">\n\t\t\t\t<div class=\"elementor-element elementor-element-b29d1af elementor-widget elementor-widget-spacer\" data-id=\"b29d1af\" data-element_type=\"widget\" data-widget_type=\"spacer.default\">\n\t\t\t\t<div class=\"elementor-widget-container\">\n\t\t\t\t\t\t\t<div class=\"elementor-spacer\">\n\t\t\t<div class=\"elementor-spacer-inner\"><\/div>\n\t\t<\/div>\n\t\t\t\t\t\t<\/div>\n\t\t\t\t<\/div>\n\t\t\t\t\t<\/div>\n\t\t\t\t<\/div>\n\t\t<div class=\"has_eae_slider elementor-element elementor-element-a8948ee e-flex e-con-boxed e-con e-parent\" data-eae-slider=\"22982\" data-id=\"a8948ee\" data-element_type=\"container\">\n\t\t\t\t\t<div class=\"e-con-inner\">\n\t\t\t\t<div class=\"elementor-element elementor-element-1ad6ea3 elementor-widget elementor-widget-text-editor\" data-id=\"1ad6ea3\" data-element_type=\"widget\" data-widget_type=\"text-editor.default\">\n\t\t\t\t<div class=\"elementor-widget-container\">\n\t\t\t\t\t\t\t\t\t<p><strong><a class=\"Hyperlink SCXW34410538 BCX0\" href=\"https:\/\/www.onleihe.de\/goethe-institut\/frontend\/welcome,7074-0-0-101-0-0-0-0-0-0-0.html\" target=\"_blank\" rel=\"noreferrer noopener\"><span class=\"TextRun Underlined SCXW34410538 BCX0\" lang=\"PT-BR\" xml:lang=\"PT-BR\" data-contrast=\"none\"><span class=\"NormalTextRun CommentHighlightRest SCXW34410538 BCX0\" data-ccp-charstyle=\"Hyperlink\">Onleihe (Goethe-Institut)<\/span><\/span><\/a><\/strong><span class=\"TextRun SCXW34410538 BCX0\" lang=\"PT-BR\" xml:lang=\"PT-BR\" data-contrast=\"auto\"><span class=\"NormalTextRun CommentHighlightRest SCXW34410538 BCX0\"> \u2013 Biblioteca digital com acesso a uma vasta cole\u00e7\u00e3o de materiais em alem\u00e3o.<\/span><\/span><\/p>\t\t\t\t\t\t\t\t<\/div>\n\t\t\t\t<\/div>\n\t\t\t\t\t<\/div>\n\t\t\t\t<\/div>\n\t\t<div class=\"has_eae_slider elementor-element elementor-element-1a8ad1c e-flex e-con-boxed e-con e-parent\" data-eae-slider=\"98660\" data-id=\"1a8ad1c\" data-element_type=\"container\">\n\t\t\t\t\t<div class=\"e-con-inner\">\n\t\t\t\t<div class=\"elementor-element elementor-element-1d90449 elementor-widget elementor-widget-spacer\" data-id=\"1d90449\" data-element_type=\"widget\" data-widget_type=\"spacer.default\">\n\t\t\t\t<div class=\"elementor-widget-container\">\n\t\t\t\t\t\t\t<div class=\"elementor-spacer\">\n\t\t\t<div class=\"elementor-spacer-inner\"><\/div>\n\t\t<\/div>\n\t\t\t\t\t\t<\/div>\n\t\t\t\t<\/div>\n\t\t\t\t\t<\/div>\n\t\t\t\t<\/div>\n\t\t<div class=\"has_eae_slider elementor-element elementor-element-59abcf3 e-flex e-con-boxed e-con e-parent\" data-eae-slider=\"84382\" data-id=\"59abcf3\" data-element_type=\"container\">\n\t\t\t\t\t<div class=\"e-con-inner\">\n\t\t\t\t<div class=\"elementor-element elementor-element-26da6ad elementor-widget elementor-widget-text-editor\" data-id=\"26da6ad\" data-element_type=\"widget\" data-widget_type=\"text-editor.default\">\n\t\t\t\t<div class=\"elementor-widget-container\">\n\t\t\t\t\t\t\t\t\t<p>Tem conhecimento de alguma iniciativa, livro ou projeto que gostaria de partilhar com a comunidade educativa?<br \/>Envie um <em>e-mail<\/em> para <a href=\"mailto:avancarplnm@ipleiria.pt\" target=\"_blank\" rel=\"noopener\">avancarplnm@ipleiria.pt<\/a><\/p>\t\t\t\t\t\t\t\t<\/div>\n\t\t\t\t<\/div>\n\t\t\t\t\t<\/div>\n\t\t\t\t<\/div>\n\t\t\t\t<\/div>\n\t\t","protected":false},"excerpt":{"rendered":"<p>Bibliotecas Digitais Multil\u00edngues A aprendizagem da l\u00edngua portuguesa e a inclus\u00e3o de alunos de diversas origens culturais beneficiam do contacto com m\u00faltiplos idiomas. Nesta sec\u00e7\u00e3o, apresenta-se uma sele\u00e7\u00e3o de bibliotecas digitais gratuitas que disponibilizam livros em v\u00e1rias l\u00ednguas, incluindo o portugu\u00eas. Global Storybooks \u2013 Contos infantis em diversas l\u00ednguas. Storybooks Canada \u2013 Hist\u00f3rias multilingues para&#8230;<\/p>\n","protected":false},"author":5907,"featured_media":0,"parent":0,"menu_order":0,"comment_status":"closed","ping_status":"closed","template":"","meta":{"_kad_post_transparent":"","_kad_post_title":"","_kad_post_layout":"","_kad_post_sidebar_id":"","_kad_post_content_style":"","_kad_post_vertical_padding":"","_kad_post_feature":"","_kad_post_feature_position":"","_kad_post_header":false,"_kad_post_footer":false,"_kad_post_classname":"","footnotes":""},"class_list":["post-4574","page","type-page","status-publish","hentry"],"aioseo_notices":[],"_links":{"self":[{"href":"https:\/\/sites.ipleiria.pt\/avancar-plnm\/wp-json\/wp\/v2\/pages\/4574","targetHints":{"allow":["GET"]}}],"collection":[{"href":"https:\/\/sites.ipleiria.pt\/avancar-plnm\/wp-json\/wp\/v2\/pages"}],"about":[{"href":"https:\/\/sites.ipleiria.pt\/avancar-plnm\/wp-json\/wp\/v2\/types\/page"}],"author":[{"embeddable":true,"href":"https:\/\/sites.ipleiria.pt\/avancar-plnm\/wp-json\/wp\/v2\/users\/5907"}],"replies":[{"embeddable":true,"href":"https:\/\/sites.ipleiria.pt\/avancar-plnm\/wp-json\/wp\/v2\/comments?post=4574"}],"version-history":[{"count":22,"href":"https:\/\/sites.ipleiria.pt\/avancar-plnm\/wp-json\/wp\/v2\/pages\/4574\/revisions"}],"predecessor-version":[{"id":4951,"href":"https:\/\/sites.ipleiria.pt\/avancar-plnm\/wp-json\/wp\/v2\/pages\/4574\/revisions\/4951"}],"wp:attachment":[{"href":"https:\/\/sites.ipleiria.pt\/avancar-plnm\/wp-json\/wp\/v2\/media?parent=4574"}],"curies":[{"name":"wp","href":"https:\/\/api.w.org\/{rel}","templated":true}]}}