{"id":11,"date":"2014-03-05T15:54:46","date_gmt":"2014-03-05T15:54:46","guid":{"rendered":"http:\/\/sites.ipleiria.pt\/cacmestg\/?page_id=11"},"modified":"2019-03-22T21:17:42","modified_gmt":"2019-03-22T21:17:42","slug":"inscricoes","status":"publish","type":"page","link":"https:\/\/sites.ipleiria.pt\/cacmestg\/en\/inscricoes\/","title":{"rendered":"Inscri\u00e7\u00f5es"},"content":{"rendered":"<p>A confer\u00eancia \u00e9 de inscri\u00e7\u00e3o gratuita.<\/p>\n<form enctype=\"multipart\/form-data\" class=\"fm-form\" method=\"post\" action=\"https:\/\/sites.ipleiria.pt\/cacmestg\/en\/inscricoes\/\" name=\"fm-form-3\" id=\"fm-form-3\" autocomplete=\"on\" >\n\n\t<fieldset>\t\n\t\t\t\t\t\t\t\t\t<legend>Marketing de Luxo 27_Marco_2019<\/legend>\n\t\t\t\t\t\t\t\n\t\t<ul>\n\t\t\t\t\t\t<li id=\"fm-item-text-5c93825394766\">\n\t\t\t\t\t\t\t\t\t<table><tr>\n\t\t\t\t\t\t<td style=\"width:200px\"><label>Nome completo&nbsp;<em>*<\/em><\/label><\/td>\n\t\t\t\t\t\t<td><input type=\"text\" name=\"text-5c93825394766\" id=\"text-5c93825394766\" style=\"width:300px;\" placeholder=\"\" \/><\/td>\n\t\t\t\t\t<\/tr><\/table>\n\t\t\t\t\t\t\t<\/li>\n\t\t\t\t\t\t<li id=\"fm-item-separator-5c938253947ac\">\n\t\t\t\t\t\t\t\t\t<table><tr>\n\t\t\t\t\t\t<td style=\"width:200px\"><label><\/label><\/td>\n\t\t\t\t\t\t<td><hr \/><\/td>\n\t\t\t\t\t<\/tr><\/table>\n\t\t\t\t\t\t\t<\/li>\n\t\t\t\t\t\t<li id=\"fm-item-custom_list-5c938253947ec\">\n\t\t\t\t\t\t\t\t\t<table><tr>\n\t\t\t\t\t\t<td style=\"width:200px\"><label>&nbsp;<em>*<\/em><\/label><\/td>\n\t\t\t\t\t\t<td><input type=\"radio\" name=\"custom_list-5c938253947ec\" id=\"custom_list-5c938253947ec-0\" value=\"0\" \/>&nbsp;&nbsp;Docente<input type=\"hidden\" id=\"custom_list-5c938253947ec-0-value\" value=\"Docente\" \/><br><input type=\"radio\" name=\"custom_list-5c938253947ec\" id=\"custom_list-5c938253947ec-1\" value=\"1\" \/>&nbsp;&nbsp;Aluno<input type=\"hidden\" id=\"custom_list-5c938253947ec-1-value\" value=\"Aluno\" \/><br><input type=\"radio\" name=\"custom_list-5c938253947ec\" id=\"custom_list-5c938253947ec-2\" value=\"2\" \/>&nbsp;&nbsp;Ex-aluno<input type=\"hidden\" id=\"custom_list-5c938253947ec-2-value\" value=\"Ex-aluno\" \/><br><input type=\"radio\" name=\"custom_list-5c938253947ec\" id=\"custom_list-5c938253947ec-3\" value=\"3\" \/>&nbsp;&nbsp;Trabalhador por conta de outr\u00e9m<input type=\"hidden\" id=\"custom_list-5c938253947ec-3-value\" value=\"Trabalhador por conta de outr\u00e9m\" \/><br><input type=\"radio\" name=\"custom_list-5c938253947ec\" id=\"custom_list-5c938253947ec-4\" value=\"4\" \/>&nbsp;&nbsp;Trabalhador Independente<input type=\"hidden\" id=\"custom_list-5c938253947ec-4-value\" value=\"Trabalhador Independente\" \/><br><input type=\"radio\" name=\"custom_list-5c938253947ec\" id=\"custom_list-5c938253947ec-5\" value=\"5\" \/>&nbsp;&nbsp;Outro<input type=\"hidden\" id=\"custom_list-5c938253947ec-5-value\" value=\"Outro\" \/><input type=\"hidden\" id=\"custom_list-5c938253947ec-list-style\" value=\"radio\" \/><input type=\"hidden\" id=\"custom_list-5c938253947ec-count\" value=\"6\" \/><\/td>\n\t\t\t\t\t<\/tr><\/table>\n\t\t\t\t\t\t\t<\/li>\n\t\t\t\t\t\t<li id=\"fm-item-separator-5c9382539482c\">\n\t\t\t\t\t\t\t\t\t<table><tr>\n\t\t\t\t\t\t<td style=\"width:200px\"><label><\/label><\/td>\n\t\t\t\t\t\t<td><hr \/><\/td>\n\t\t\t\t\t<\/tr><\/table>\n\t\t\t\t\t\t\t<\/li>\n\t\t\t\t\t\t<li id=\"fm-item-custom_list-5c9382539486c\">\n\t\t\t\t\t\t\t\t\t<table><tr>\n\t\t\t\t\t\t<td style=\"width:200px\"><label>Se \u00e9 aluno, indique o seu curso<\/label><\/td>\n\t\t\t\t\t\t<td><input type=\"radio\" name=\"custom_list-5c9382539486c\" id=\"custom_list-5c9382539486c-0\" value=\"0\" \/>&nbsp;&nbsp;Contabilidade e Finan\u00e7as<input type=\"hidden\" id=\"custom_list-5c9382539486c-0-value\" value=\"Contabilidade e Finan\u00e7as\" \/><br><input type=\"radio\" name=\"custom_list-5c9382539486c\" id=\"custom_list-5c9382539486c-1\" value=\"1\" \/>&nbsp;&nbsp;Gest\u00e3o<input type=\"hidden\" id=\"custom_list-5c9382539486c-1-value\" value=\"Gest\u00e3o\" \/><br><input type=\"radio\" name=\"custom_list-5c9382539486c\" id=\"custom_list-5c9382539486c-2\" value=\"2\" \/>&nbsp;&nbsp;Marketing<input type=\"hidden\" id=\"custom_list-5c9382539486c-2-value\" value=\"Marketing\" \/><br><input type=\"radio\" name=\"custom_list-5c9382539486c\" id=\"custom_list-5c9382539486c-3\" value=\"3\" \/>&nbsp;&nbsp;Mestrado em Controlo de Gest\u00e3o<input type=\"hidden\" id=\"custom_list-5c9382539486c-3-value\" value=\"Mestrado em Controlo de Gest\u00e3o\" \/><br><input type=\"radio\" name=\"custom_list-5c9382539486c\" id=\"custom_list-5c9382539486c-4\" value=\"4\" \/>&nbsp;&nbsp;Mestrado em Finan\u00e7as Empresariais<input type=\"hidden\" id=\"custom_list-5c9382539486c-4-value\" value=\"Mestrado em Finan\u00e7as Empresariais\" \/><br><input type=\"radio\" name=\"custom_list-5c9382539486c\" id=\"custom_list-5c9382539486c-5\" value=\"5\" \/>&nbsp;&nbsp;Mestrado em Marketing Relacional<input type=\"hidden\" id=\"custom_list-5c9382539486c-5-value\" value=\"Mestrado em Marketing Relacional\" \/><br><input type=\"radio\" name=\"custom_list-5c9382539486c\" id=\"custom_list-5c9382539486c-6\" value=\"6\" \/>&nbsp;&nbsp;Mestrado em Neg\u00f3cios Internacionais<input type=\"hidden\" id=\"custom_list-5c9382539486c-6-value\" value=\"Mestrado em Neg\u00f3cios Internacionais\" \/><br><input type=\"radio\" name=\"custom_list-5c9382539486c\" id=\"custom_list-5c9382539486c-7\" value=\"7\" \/>&nbsp;&nbsp;outro<input type=\"hidden\" id=\"custom_list-5c9382539486c-7-value\" value=\"outro\" \/><input type=\"hidden\" id=\"custom_list-5c9382539486c-list-style\" value=\"radio\" \/><input type=\"hidden\" id=\"custom_list-5c9382539486c-count\" value=\"8\" \/><\/td>\n\t\t\t\t\t<\/tr><\/table>\n\t\t\t\t\t\t\t<\/li>\n\t\t\t\t\t\t<li id=\"fm-item-textarea-5c938253948ab\">\n\t\t\t\t\t\t\t\t\t<table><tr>\n\t\t\t\t\t\t<td style=\"width:200px\"><label>Se \u00e9 aluno, indique o n\u00famero<\/label><\/td>\n\t\t\t\t\t\t<td><textarea name=\"textarea-5c938253948ab\" id=\"textarea-5c938253948ab\" style=\"width:200px;height:25px;\" placeholder=\"\"><\/textarea><\/td>\n\t\t\t\t\t<\/tr><\/table>\n\t\t\t\t\t\t\t<\/li>\n\t\t\t\t\t\t<li id=\"fm-item-separator-5c938253948ea\">\n\t\t\t\t\t\t\t\t\t<table><tr>\n\t\t\t\t\t\t<td style=\"width:200px\"><label><\/label><\/td>\n\t\t\t\t\t\t<td><hr \/><\/td>\n\t\t\t\t\t<\/tr><\/table>\n\t\t\t\t\t\t\t<\/li>\n\t\t\t\t\t\t<li id=\"fm-item-text-5c93825394930\">\n\t\t\t\t\t\t\t\t\t<table><tr>\n\t\t\t\t\t\t<td style=\"width:200px\"><label>Entidade Empregadora<\/label><\/td>\n\t\t\t\t\t\t<td><input type=\"text\" name=\"text-5c93825394930\" id=\"text-5c93825394930\" style=\"width:300px;\" placeholder=\"\" \/><\/td>\n\t\t\t\t\t<\/tr><\/table>\n\t\t\t\t\t\t\t<\/li>\n\t\t\t\t\t\t<li id=\"fm-item-separator-5c93825394979\">\n\t\t\t\t\t\t\t\t\t<table><tr>\n\t\t\t\t\t\t<td style=\"width:200px\"><label><\/label><\/td>\n\t\t\t\t\t\t<td><hr \/><\/td>\n\t\t\t\t\t<\/tr><\/table>\n\t\t\t\t\t\t\t<\/li>\n\t\t\t\t\t\t<li id=\"fm-item-text-5c938253949b9\">\n\t\t\t\t\t\t\t\t\t<table><tr>\n\t\t\t\t\t\t<td style=\"width:200px\"><label>E-mail&nbsp;<em>*<\/em><\/label><\/td>\n\t\t\t\t\t\t<td><input type=\"text\" name=\"text-5c938253949b9\" id=\"text-5c938253949b9\" style=\"width:300px;\" placeholder=\"\" \/><\/td>\n\t\t\t\t\t<\/tr><\/table>\n\t\t\t\t\t\t\t<\/li>\n\t\t\t\t\t\t<li id=\"fm-item-separator-5c938253949fa\">\n\t\t\t\t\t\t\t\t\t<table><tr>\n\t\t\t\t\t\t<td style=\"width:200px\"><label><\/label><\/td>\n\t\t\t\t\t\t<td><hr \/><\/td>\n\t\t\t\t\t<\/tr><\/table>\n\t\t\t\t\t\t\t<\/li>\n\t\t\t\t\t\t<li id=\"fm-item-note-5c93825394a3a\">\n\t\t\t\t\t\t\t\t\t<table><tr>\n\t\t\t\t\t\t<td style=\"width:200px\"><label><\/label><\/td>\n\t\t\t\t\t\t<td>* - campos de preenchimento obrigat\u00f3rio.<\/td>\n\t\t\t\t\t<\/tr><\/table>\n\t\t\t\t\t\t\t<\/li>\n\t\t\t\t\t<\/ul>\n\n\t\t<div>\n\t\t <input type=\"submit\" name=\"fm_form_submit\" id=\"fm_form_submit\" class=\"submit\" value=\"Enviar\" onclick=\"return fm_submit_onclick(3)\"  \/>\n\t\t<\/div>\n\n\t<\/fieldset>\n\t<input type=\"hidden\" name=\"fm_nonce\" id=\"fm_nonce\" value=\"1db9e45dd4\" \/>\n<input type=\"hidden\" name=\"fm_id\" id=\"fm_id\" value=\"3\" \/>\n<input type=\"hidden\" name=\"fm_uniq_id\" id=\"fm_uniq_id\" value=\"fm-69d392596dc69\" \/>\n<input type=\"hidden\" name=\"fm_parent_post_id\" id=\"fm_parent_post_id\" value=\"11\" \/>\n<\/form>\n\n<p>Os dados introduzidos servir\u00e3o para a elabora\u00e7\u00e3o do certificado de participa\u00e7\u00e3o.<\/p>","protected":false},"excerpt":{"rendered":"<p>A confer\u00eancia \u00e9 de inscri\u00e7\u00e3o gratuita. Os dados introduzidos servir\u00e3o para a elabora\u00e7\u00e3o do certificado de participa\u00e7\u00e3o.<\/p>\n","protected":false},"author":66,"featured_media":0,"parent":0,"menu_order":3,"comment_status":"closed","ping_status":"closed","template":"","meta":{"footnotes":""},"class_list":["post-11","page","type-page","status-publish","hentry"],"_links":{"self":[{"href":"https:\/\/sites.ipleiria.pt\/cacmestg\/en\/wp-json\/wp\/v2\/pages\/11","targetHints":{"allow":["GET"]}}],"collection":[{"href":"https:\/\/sites.ipleiria.pt\/cacmestg\/en\/wp-json\/wp\/v2\/pages"}],"about":[{"href":"https:\/\/sites.ipleiria.pt\/cacmestg\/en\/wp-json\/wp\/v2\/types\/page"}],"author":[{"embeddable":true,"href":"https:\/\/sites.ipleiria.pt\/cacmestg\/en\/wp-json\/wp\/v2\/users\/66"}],"replies":[{"embeddable":true,"href":"https:\/\/sites.ipleiria.pt\/cacmestg\/en\/wp-json\/wp\/v2\/comments?post=11"}],"version-history":[{"count":28,"href":"https:\/\/sites.ipleiria.pt\/cacmestg\/en\/wp-json\/wp\/v2\/pages\/11\/revisions"}],"predecessor-version":[{"id":254,"href":"https:\/\/sites.ipleiria.pt\/cacmestg\/en\/wp-json\/wp\/v2\/pages\/11\/revisions\/254"}],"wp:attachment":[{"href":"https:\/\/sites.ipleiria.pt\/cacmestg\/en\/wp-json\/wp\/v2\/media?parent=11"}],"curies":[{"name":"wp","href":"https:\/\/api.w.org\/{rel}","templated":true}]}}