{"id":9,"date":"2014-03-05T15:54:25","date_gmt":"2014-03-05T15:54:25","guid":{"rendered":"http:\/\/sites.ipleiria.pt\/cacmestg\/?page_id=9"},"modified":"2018-03-21T12:49:57","modified_gmt":"2018-03-21T12:49:57","slug":"contatos","status":"publish","type":"page","link":"https:\/\/sites.ipleiria.pt\/cacmestg\/en\/contatos\/","title":{"rendered":"Contactos"},"content":{"rendered":"<p>&nbsp;<\/p>\n<p><b><span style=\"text-decoration: underline\">Localiza\u00e7\u00e3o da confer\u00eancia:<\/span><\/b><\/p>\n<p>Escola Superior de Tecnologia e Gest\u00e3o, Edif\u00edcio D, Anfiteatro 00<br \/>\nInstituto Polit\u00e9cnico de Leiria<br \/>\nCampus 2<br \/>\nMorro do Lena &#8211; Alto Vieiro<br \/>\n2411-901 Leiria<\/p>","protected":false},"excerpt":{"rendered":"<p>&nbsp; Localiza\u00e7\u00e3o da confer\u00eancia: Escola Superior de Tecnologia e Gest\u00e3o, Edif\u00edcio D, Anfiteatro 00 Instituto Polit\u00e9cnico de Leiria Campus 2 Morro do Lena &#8211; Alto Vieiro 2411-901 Leiria<\/p>\n","protected":false},"author":66,"featured_media":0,"parent":0,"menu_order":4,"comment_status":"closed","ping_status":"closed","template":"","meta":{"footnotes":""},"class_list":["post-9","page","type-page","status-publish","hentry"],"_links":{"self":[{"href":"https:\/\/sites.ipleiria.pt\/cacmestg\/en\/wp-json\/wp\/v2\/pages\/9","targetHints":{"allow":["GET"]}}],"collection":[{"href":"https:\/\/sites.ipleiria.pt\/cacmestg\/en\/wp-json\/wp\/v2\/pages"}],"about":[{"href":"https:\/\/sites.ipleiria.pt\/cacmestg\/en\/wp-json\/wp\/v2\/types\/page"}],"author":[{"embeddable":true,"href":"https:\/\/sites.ipleiria.pt\/cacmestg\/en\/wp-json\/wp\/v2\/users\/66"}],"replies":[{"embeddable":true,"href":"https:\/\/sites.ipleiria.pt\/cacmestg\/en\/wp-json\/wp\/v2\/comments?post=9"}],"version-history":[{"count":11,"href":"https:\/\/sites.ipleiria.pt\/cacmestg\/en\/wp-json\/wp\/v2\/pages\/9\/revisions"}],"predecessor-version":[{"id":207,"href":"https:\/\/sites.ipleiria.pt\/cacmestg\/en\/wp-json\/wp\/v2\/pages\/9\/revisions\/207"}],"wp:attachment":[{"href":"https:\/\/sites.ipleiria.pt\/cacmestg\/en\/wp-json\/wp\/v2\/media?parent=9"}],"curies":[{"name":"wp","href":"https:\/\/api.w.org\/{rel}","templated":true}]}}