{"id":13,"date":"2014-03-05T15:55:51","date_gmt":"2014-03-05T15:55:51","guid":{"rendered":"http:\/\/sites.ipleiria.pt\/cacmestg\/?page_id=13"},"modified":"2019-03-26T12:42:35","modified_gmt":"2019-03-26T12:42:35","slug":"programa","status":"publish","type":"page","link":"https:\/\/sites.ipleiria.pt\/cacmestg\/programa\/","title":{"rendered":"Programa"},"content":{"rendered":"<p><\/p>\n<p style=\"text-align: center\"><strong>18\u00aa Confer\u00eancia Anual de Marketing<\/strong><br \/>\n<strong> Marketing de Luxo<\/strong><br \/>\n<strong> 27 de Mar\u00e7o de 2019<\/strong><br \/>\n<strong> ESTG \u2013 Edif\u00edcio D &#8211; Audit\u00f3rio\u00a0<\/strong><\/p>\n<table class=\" aligncenter\">\n<tbody>\n<tr>\n<td style=\"text-align: center\">14:00<\/td>\n<td><strong>Rece\u00e7\u00e3o dos Participantes<\/strong><\/td>\n<\/tr>\n<tr>\n<td style=\"text-align: center\">14:15<\/td>\n<td><strong>Sess\u00e3o de Abertura<\/strong><br \/>\nCarlos Capela \u2013 Diretor da ESTG<br \/>\nJacinta Moreira \u2013 Coordenadora da Licenciatura de Marketing\u00a0 \u00a0 \u00a0 \u00a0 \u00a0 \u00a0 \u00a0 \u00a0 \u00a0 \u00a0 \u00a0 \u00a0 \u00a0 \u00a0 \u00a0 \u00a0 \u00a0 \u00a0 \u00a0 \u00a0 \u00a0 \u00a0 \u00a0 \u00a0 \u00a0 \u00a0 \u00a0 \u00a0 \u00a0 \u00a0 \u00a0 \u00a0 \u00a0 \u00a0 Representante do NAME\u00a0 \u00a0 \u00a0 \u00a0 \u00a0 \u00a0 \u00a0 \u00a0 \u00a0 \u00a0 \u00a0 \u00a0 \u00a0 \u00a0 \u00a0 \u00a0 \u00a0 \u00a0 \u00a0 \u00a0 \u00a0 \u00a0 \u00a0 \u00a0 \u00a0 \u00a0 \u00a0 \u00a0 \u00a0 \u00a0 \u00a0 \u00a0 \u00a0 \u00a0 \u00a0 \u00a0 \u00a0 \u00a0 \u00a0 \u00a0 \u00a0 \u00a0 \u00a0 \u00a0 \u00a0 \u00a0 \u00a0 \u00a0 \u00a0 \u00a0 \u00a0 \u00a0 \u00a0 \u00a0 \u00a0 \u00a0 \u00a0 \u00a0 \u00a0 \u00a0 \u00a0 \u00a0 \u00a0 \u00a0 \u00a0 \u00a0 Moderador: Ricardo Cardoso &#8211; Mestre em Marketing Relacional e Psic\u00f3logo na Cercilei<\/td>\n<\/tr>\n<tr>\n<td>14:30<\/td>\n<td><strong>Miguel Costa<\/strong><br \/>\nBentley e Lamborghini<\/td>\n<\/tr>\n<tr>\n<td>15:00<\/td>\n<td><strong>Nuno Miguel Teixeira<\/strong><br \/>\nMontblanc<\/td>\n<\/tr>\n<tr>\n<td>15:30<\/td>\n<td><strong>Ana Maria Rodrigues\u00a0<\/strong><br \/>\nCrossing Answers<\/td>\n<\/tr>\n<tr>\n<td>16:00<\/td>\n<td><strong>Gabriel Pedrosa<\/strong><br \/>\nMestrado de Marketing Relacional<\/td>\n<\/tr>\n<tr>\n<td>16:30<\/td>\n<td><strong>Debate<\/strong><\/td>\n<\/tr>\n<tr>\n<td>17:00<\/td>\n<td><strong>Encerramento da Confer\u00eancia<\/strong><\/td>\n<\/tr>\n<\/tbody>\n<\/table>\n<p><\/p>","protected":false},"excerpt":{"rendered":"<p>18\u00aa Confer\u00eancia Anual de Marketing Marketing de Luxo 27 de Mar\u00e7o de 2019 ESTG \u2013 Edif\u00edcio D &#8211; Audit\u00f3rio\u00a0 14:00 Rece\u00e7\u00e3o dos Participantes 14:15 Sess\u00e3o de Abertura Carlos Capela \u2013&#8230; <a href=\"https:\/\/sites.ipleiria.pt\/cacmestg\/programa\/\">Read more &raquo;<\/a><\/p>\n","protected":false},"author":66,"featured_media":0,"parent":0,"menu_order":2,"comment_status":"closed","ping_status":"closed","template":"","meta":{"footnotes":""},"class_list":["post-13","page","type-page","status-publish","hentry"],"_links":{"self":[{"href":"https:\/\/sites.ipleiria.pt\/cacmestg\/wp-json\/wp\/v2\/pages\/13","targetHints":{"allow":["GET"]}}],"collection":[{"href":"https:\/\/sites.ipleiria.pt\/cacmestg\/wp-json\/wp\/v2\/pages"}],"about":[{"href":"https:\/\/sites.ipleiria.pt\/cacmestg\/wp-json\/wp\/v2\/types\/page"}],"author":[{"embeddable":true,"href":"https:\/\/sites.ipleiria.pt\/cacmestg\/wp-json\/wp\/v2\/users\/66"}],"replies":[{"embeddable":true,"href":"https:\/\/sites.ipleiria.pt\/cacmestg\/wp-json\/wp\/v2\/comments?post=13"}],"version-history":[{"count":20,"href":"https:\/\/sites.ipleiria.pt\/cacmestg\/wp-json\/wp\/v2\/pages\/13\/revisions"}],"predecessor-version":[{"id":259,"href":"https:\/\/sites.ipleiria.pt\/cacmestg\/wp-json\/wp\/v2\/pages\/13\/revisions\/259"}],"wp:attachment":[{"href":"https:\/\/sites.ipleiria.pt\/cacmestg\/wp-json\/wp\/v2\/media?parent=13"}],"curies":[{"name":"wp","href":"https:\/\/api.w.org\/{rel}","templated":true}]}}