{"id":53,"date":"2014-03-28T10:41:38","date_gmt":"2014-03-28T10:41:38","guid":{"rendered":"http:\/\/sites.ipleiria.pt\/cacmestg\/?page_id=53"},"modified":"2019-03-26T12:40:59","modified_gmt":"2019-03-26T12:40:59","slug":"cartaz","status":"publish","type":"page","link":"https:\/\/sites.ipleiria.pt\/cacmestg\/","title":{"rendered":"Apresenta\u00e7\u00e3o"},"content":{"rendered":"<p>A <strong>Confer\u00eancia Anual de Marketing<\/strong> tem como objetivo ouvir oradores com experi\u00eancia acad\u00e9mica ou empresarial no marketing, captando assim novos conhecimentos sobre t\u00f3picos que s\u00e3o do interesse de alunos e empres\u00e1rios.<\/p>\n<p>Esta confer\u00eancia\u00a0\u00e9 organizada desde 2003 pelos alunos e docentes da licenciatura em Marketing. No pr\u00f3prio dia da confer\u00eancia as inscri\u00e7\u00f5es devem ser realizadas e\/ou confirmadas junto dos alunos respons\u00e1veis pela credencia\u00e7\u00e3o.<\/p>\n<p style=\"text-align: center\"><strong>Marketing de Luxo<\/strong><br \/>\n<strong> Dia 27 de Mar\u00e7o, 14h<\/strong><\/p>\n<p style=\"text-align: center\"><strong>Edif\u00edcio D, Audit\u00f3rio I da ESTG<\/strong><\/p>\n<p style=\"text-align: center\"><a href=\"http:\/\/sites.ipleiria.pt\/cacmestg\/files\/2019\/03\/cartaz_2019_D.jpg\"><img loading=\"lazy\" decoding=\"async\" class=\"alignnone  wp-image-257\" src=\"http:\/\/sites.ipleiria.pt\/cacmestg\/files\/2019\/03\/cartaz_2019_D-212x300.jpg\" alt=\"\" width=\"549\" height=\"776\" srcset=\"https:\/\/sites.ipleiria.pt\/cacmestg\/files\/2019\/03\/cartaz_2019_D-212x300.jpg 212w, https:\/\/sites.ipleiria.pt\/cacmestg\/files\/2019\/03\/cartaz_2019_D-768x1087.jpg 768w, https:\/\/sites.ipleiria.pt\/cacmestg\/files\/2019\/03\/cartaz_2019_D-724x1024.jpg 724w, https:\/\/sites.ipleiria.pt\/cacmestg\/files\/2019\/03\/cartaz_2019_D-624x883.jpg 624w, https:\/\/sites.ipleiria.pt\/cacmestg\/files\/2019\/03\/cartaz_2019_D.jpg 1683w\" sizes=\"auto, (max-width: 549px) 100vw, 549px\" \/><\/a><\/p>\n<p>&nbsp;<\/p>","protected":false},"excerpt":{"rendered":"<p>A Confer\u00eancia Anual de Marketing tem como objetivo ouvir oradores com experi\u00eancia acad\u00e9mica ou empresarial no marketing, captando assim novos conhecimentos sobre t\u00f3picos que s\u00e3o do interesse de alunos e&#8230; <a href=\"https:\/\/sites.ipleiria.pt\/cacmestg\/\">Read more &raquo;<\/a><\/p>\n","protected":false},"author":622,"featured_media":0,"parent":0,"menu_order":0,"comment_status":"closed","ping_status":"closed","template":"","meta":{"footnotes":""},"class_list":["post-53","page","type-page","status-publish","hentry"],"_links":{"self":[{"href":"https:\/\/sites.ipleiria.pt\/cacmestg\/wp-json\/wp\/v2\/pages\/53","targetHints":{"allow":["GET"]}}],"collection":[{"href":"https:\/\/sites.ipleiria.pt\/cacmestg\/wp-json\/wp\/v2\/pages"}],"about":[{"href":"https:\/\/sites.ipleiria.pt\/cacmestg\/wp-json\/wp\/v2\/types\/page"}],"author":[{"embeddable":true,"href":"https:\/\/sites.ipleiria.pt\/cacmestg\/wp-json\/wp\/v2\/users\/622"}],"replies":[{"embeddable":true,"href":"https:\/\/sites.ipleiria.pt\/cacmestg\/wp-json\/wp\/v2\/comments?post=53"}],"version-history":[{"count":27,"href":"https:\/\/sites.ipleiria.pt\/cacmestg\/wp-json\/wp\/v2\/pages\/53\/revisions"}],"predecessor-version":[{"id":258,"href":"https:\/\/sites.ipleiria.pt\/cacmestg\/wp-json\/wp\/v2\/pages\/53\/revisions\/258"}],"wp:attachment":[{"href":"https:\/\/sites.ipleiria.pt\/cacmestg\/wp-json\/wp\/v2\/media?parent=53"}],"curies":[{"name":"wp","href":"https:\/\/api.w.org\/{rel}","templated":true}]}}