{"id":2297,"date":"2013-03-26T11:48:21","date_gmt":"2013-03-26T11:48:21","guid":{"rendered":"http:\/\/cdrsp.ipleiria.pt\/?page_id=2297"},"modified":"2020-11-04T10:39:47","modified_gmt":"2020-11-04T10:39:47","slug":"cdrsp-team","status":"publish","type":"page","link":"https:\/\/sites.ipleiria.pt\/cdrsp-arquivo\/cdrsp-team\/","title":{"rendered":"CDRSP Team"},"content":{"rendered":"<h2>Direction Board<\/h2>\n<table style=\"width: 100%;border-collapse: collapse\" border=\"0\">\n<tbody>\n<tr>\n<td style=\"width: 33.3333%\"><a title=\"Nuno Alves [Director]\" href=\"http:\/\/cdrsp.ipleiria.pt\/member\/nuno-alves-vice-director\/\">Nuno Alves [Director]<\/a><\/td>\n<td style=\"width: 33.3333%\"><a title=\"Artur Mateus [Vice-Director]\" href=\"http:\/\/cdrsp.ipleiria.pt\/member\/artur-mateus\/\">Artur Mateus [Vice-Director]<\/a><\/td>\n<td style=\"width: 33.3333%\"><a title=\"Geoffrey Mitchell [Vice-Director]\" href=\"http:\/\/cdrsp.ipleiria.pt\/member\/geoffrey-mitchell\/\">Geoffrey Mitchell [Vice-Director]<\/a><\/td>\n<\/tr>\n<tr>\n<td style=\"width: 33.3333%\">&nbsp;<\/td>\n<td style=\"width: 33.3333%\">&nbsp;<\/td>\n<td style=\"width: 33.3333%\">&nbsp;<\/td>\n<\/tr>\n<\/tbody>\n<\/table>\n<h2>PhD Integrated Researchers<\/h2>\n<table style=\"height: 115px;width: 99.7988%;border-collapse: collapse\" border=\"0\">\n<tbody>\n<tr style=\"height: 23px\">\n<td style=\"width: 23.9399%;height: 23px\"><a href=\"http:\/\/cdrsp.ipleiria.pt\/member\/ana-lisboa\/\">Ana Lisboa<\/a><\/td>\n<td style=\"width: 26.0601%;height: 23px\"><a href=\"http:\/\/cdrsp.ipleiria.pt\/member\/fabio-simoes\/\">F\u00e1bio Sim\u00f5es<\/a><\/td>\n<td style=\"width: 25%;height: 23px\"><a title=\"Paula Faria\" href=\"http:\/\/cdrsp.ipleiria.pt\/member\/paula-faria\/\">Paula Faria<\/a><\/td>\n<td style=\"width: 25%;height: 23px\"><a href=\"http:\/\/cdrsp.ipleiria.pt\/member\/vitor-ferreira-2\/\">Vitor Ferreira<\/a><\/td>\n<\/tr>\n<tr style=\"height: 23px\">\n<td style=\"width: 23.9399%;height: 23px\"><a title=\"M\u00e1rio Pereira\" href=\"http:\/\/cdrsp.ipleiria.pt\/member\/mario-pereira\/\">Ant\u00f3nio M\u00e1rio&nbsp;<\/a><a title=\"M\u00e1rio Pereira\" href=\"http:\/\/cdrsp.ipleiria.pt\/member\/mario-pereira\/\">Pereira<\/a><\/td>\n<td style=\"width: 26.0601%;height: 23px\"><a href=\"http:\/\/cdrsp.ipleiria.pt\/member\/florindo-gaspar\/\">Florindo Gaspar<\/a><\/td>\n<td style=\"width: 25%;height: 23px\"><a title=\"Rui B. Ruben\" href=\"http:\/\/cdrsp.ipleiria.pt\/member\/rui-b-ruben\/\">Rui B. Ruben<\/a><\/td>\n<td style=\"width: 25%;height: 23px\">&nbsp;<\/td>\n<\/tr>\n<tr style=\"height: 23px\">\n<td style=\"width: 23.9399%;height: 23px\"><a href=\"http:\/\/cdrsp.ipleiria.pt\/member\/candida-malca-2\/\">C\u00e2ndida Mal\u00e7a<\/a><\/td>\n<td style=\"width: 26.0601%;height: 23px\"><a href=\"http:\/\/cdrsp.ipleiria.pt\/member\/juliana-dias-2\/\">Juliana Dias<\/a><\/td>\n<td style=\"width: 25%;height: 23px\"><a href=\"http:\/\/cdrsp.ipleiria.pt\/member\/sandra-amado\/\">Sandra Amado<\/a><\/td>\n<td style=\"width: 25%;height: 23px\">&nbsp;<\/td>\n<\/tr>\n<tr style=\"height: 23px\">\n<td style=\"width: 23.9399%;height: 23px\"><a title=\"Carla Moura\" href=\"http:\/\/cdrsp.ipleiria.pt\/member\/carla-moura\/\">Carla Moura<\/a><\/td>\n<td style=\"width: 26.0601%;height: 23px\"><a title=\"Nelson Ferreira\" href=\"http:\/\/cdrsp.ipleiria.pt\/member\/nelson-ferreira\/\">Nelson Ferreira<\/a><\/td>\n<td style=\"width: 25%;height: 23px\"><a href=\"http:\/\/cdrsp.ipleiria.pt\/member\/tatiana-patricio\/\">Tatiana Patr\u00edcio<\/a><\/td>\n<td style=\"width: 25%;height: 23px\">&nbsp;<\/td>\n<\/tr>\n<tr style=\"height: 23px\">\n<td style=\"width: 23.9399%;height: 23px\">&nbsp;<\/td>\n<td style=\"width: 26.0601%;height: 23px\">&nbsp;<\/td>\n<td style=\"width: 25%;height: 23px\">&nbsp;<\/td>\n<td style=\"width: 25%;height: 23px\">&nbsp;<\/td>\n<\/tr>\n<\/tbody>\n<\/table>\n<h2>PhD Researchers<\/h2>\n<table style=\"width: 100%;border-collapse: collapse;height: 117px\" border=\"0\">\n<tbody>\n<tr style=\"height: 14px\">\n<td style=\"width: 25%;height: 14px\"><a href=\"http:\/\/cdrsp.ipleiria.pt\/member\/david-angelo\/\">David \u00c2ngelo<\/a><\/td>\n<td style=\"width: 31.8661%;height: 14px\"><a href=\"http:\/\/cdrsp.ipleiria.pt\/member\/marcelo-gaspar\/\">Marcelo Gaspar<\/a><\/td>\n<td style=\"width: 33.8029%;height: 14px\">&nbsp;<\/td>\n<td style=\"width: 9.33104%;height: 14px\">&nbsp;<\/td>\n<\/tr>\n<tr style=\"height: 31px\">\n<td style=\"width: 25%;height: 31px\"><a href=\"http:\/\/cdrsp.ipleiria.pt\/member\/joana-cruz\/\">Joana Cruz<\/a><\/td>\n<td style=\"width: 31.8661%;height: 31px\"><a href=\"http:\/\/cdrsp.ipleiria.pt\/member\/marco-domingos\/\">Marco Domingos<\/a><\/td>\n<td style=\"width: 33.8029%;height: 31px\">&nbsp;<\/td>\n<td style=\"width: 9.33104%;height: 31px\">&nbsp;<\/td>\n<\/tr>\n<tr style=\"height: 10px\">\n<td style=\"width: 25%;height: 10px\"><a href=\"http:\/\/cdrsp.ipleiria.pt\/member\/joao-matias\/\">Jo\u00e3o Matias<\/a><\/td>\n<td style=\"width: 31.8661%;height: 10px\">&nbsp;<\/td>\n<td style=\"width: 33.8029%;height: 10px\">&nbsp;<\/td>\n<td style=\"width: 9.33104%;height: 10px\">&nbsp;<\/td>\n<\/tr>\n<tr style=\"height: 31px\">\n<td style=\"width: 25%;height: 31px\"><a href=\"http:\/\/cdrsp.ipleiria.pt\/member\/joana-valente\/\">Joana Valente<\/a><\/td>\n<td style=\"width: 31.8661%;height: 31px\">&nbsp;<\/td>\n<td style=\"width: 33.8029%;height: 31px\">&nbsp;<\/td>\n<td style=\"width: 9.33104%;height: 31px\">&nbsp;<\/td>\n<\/tr>\n<tr style=\"height: 31px\">\n<td style=\"width: 25%;height: 31px\">&nbsp;<\/td>\n<td style=\"width: 31.8661%;height: 31px\">&nbsp;<\/td>\n<td style=\"width: 33.8029%;height: 31px\">&nbsp;<\/td>\n<td style=\"width: 9.33104%;height: 31px\">&nbsp;<\/td>\n<\/tr>\n<\/tbody>\n<\/table>\n<h2>Researchers<\/h2>\n<table style=\"width: 100%;border-collapse: collapse;height: 299px\" border=\"0\">\n<tbody>\n<tr style=\"height: 23px\">\n<td style=\"width: 24.4828%;height: 23px\"><a href=\"http:\/\/cdrsp.ipleiria.pt\/member\/alexandra-alves\/\">Alexandra Alves<\/a><\/td>\n<td style=\"width: 25.5172%;height: 23px\"><a href=\"http:\/\/cdrsp.ipleiria.pt\/member\/fatima-barreiros-2\/\">F\u00e1tima Barreiros<\/a><\/td>\n<td style=\"width: 25%;height: 23px\"><a title=\"Margarida Cabrita Franco\" href=\"http:\/\/cdrsp.ipleiria.pt\/member\/margarida-cabrita-franco\/\">Margarida Franco<\/a><\/td>\n<td style=\"width: 25%;height: 23px\"><a href=\"http:\/\/cdrsp.ipleiria.pt\/member\/ruben-pereira\/\">R\u00faben Pereira<\/a><\/td>\n<\/tr>\n<tr style=\"height: 23px\">\n<td style=\"width: 24.4828%;height: 23px\"><a href=\"http:\/\/cdrsp.ipleiria.pt\/member\/ana-rita-fonseca\/\">Ana Rita Fonseca<\/a><\/td>\n<td style=\"width: 25.5172%;height: 23px\">Hugo Marques<\/td>\n<td style=\"width: 25%;height: 23px\"><a href=\"http:\/\/cdrsp.ipleiria.pt\/member\/mario-dias-pereira\/\">M\u00e1rio Pereira<\/a><\/td>\n<td style=\"width: 25%;height: 23px\"><a href=\"http:\/\/cdrsp.ipleiria.pt\/member\/ruben-silva\/\">R\u00faben Silva<\/a><\/td>\n<\/tr>\n<tr style=\"height: 23px\">\n<td style=\"width: 24.4828%;height: 23px\"><a href=\"https:\/\/cdrsp.ipleiria.pt\/member\/anabela-massano\/\">Anabela Massano<\/a><\/td>\n<td style=\"width: 25.5172%;height: 23px\"><a title=\"In\u00eas Sousa\" href=\"http:\/\/cdrsp.ipleiria.pt\/member\/ines-sousa\/\">In\u00eas Sousa<\/a><\/td>\n<td style=\"width: 25%;height: 23px\">Melinda Ramani<\/td>\n<td style=\"width: 25%;height: 23px\"><a href=\"http:\/\/cdrsp.ipleiria.pt\/member\/rui-dias-silva\/\">Rui Silva<\/a><\/td>\n<\/tr>\n<tr style=\"height: 23px\">\n<td style=\"width: 24.4828%;height: 23px\"><a href=\"http:\/\/cdrsp.ipleiria.pt\/member\/antonio-silva\/\">Ant\u00f3nio da Silva<\/a><\/td>\n<td style=\"width: 25.5172%;height: 23px\"><a href=\"http:\/\/cdrsp.ipleiria.pt\/member\/isabel-ferreira\/\">Isabel Vasconcelos<\/a><\/td>\n<td style=\"width: 25%;height: 23px\"><a title=\"Miguel Belbut Gaspar\" href=\"http:\/\/cdrsp.ipleiria.pt\/member\/miguel-belbut-gaspar\/\">Miguel Belbut Gaspar<\/a><\/td>\n<td style=\"width: 25%;height: 23px\"><a title=\"Sara Biscaia\" href=\"http:\/\/cdrsp.ipleiria.pt\/member\/sara-biscaia\/\">Sara Biscaia<\/a><\/td>\n<\/tr>\n<tr style=\"height: 23px\">\n<td style=\"width: 24.4828%;height: 23px\">Barbara Lamolinara<\/td>\n<td style=\"width: 25.5172%;height: 23px\"><a href=\"http:\/\/cdrsp.ipleiria.pt\/member\/imran-khan\/\">Imran khan<\/a><\/td>\n<td style=\"width: 25%;height: 23px\"><a href=\"http:\/\/cdrsp.ipleiria.pt\/member\/miguel-silva\/\">Miguel Silva<\/a><\/td>\n<td style=\"width: 25%;height: 23px\">Sara Silva<\/td>\n<\/tr>\n<tr style=\"height: 23px\">\n<td style=\"width: 24.4828%;height: 23px\"><a href=\"http:\/\/cdrsp.ipleiria.pt\/member\/carlos-augusto\/\">Carlos Augusto<\/a><\/td>\n<td style=\"width: 25.5172%;height: 23px\"><a href=\"http:\/\/cdrsp.ipleiria.pt\/member\/joao-gil\/\">Jo\u00e3o Gil<\/a><\/td>\n<td style=\"width: 25%;height: 23px\"><a href=\"http:\/\/cdrsp.ipleiria.pt\/member\/miguel-clemente\/\">Miguel Clemente<\/a><\/td>\n<td style=\"width: 25%;height: 23px\"><a href=\"http:\/\/cdrsp.ipleiria.pt\/member\/vicente-caneiro\/\">Vicente Caneiro<\/a><\/td>\n<\/tr>\n<tr style=\"height: 23px\">\n<td style=\"width: 24.4828%;height: 23px\"><a href=\"http:\/\/cdrsp.ipleiria.pt\/member\/catarina-batista\/\">Catarina Batista<\/a><\/td>\n<td style=\"width: 25.5172%;height: 23px\"><a href=\"http:\/\/cdrsp.ipleiria.pt\/?p=3476\">Jo\u00e3o Horta<\/a><\/td>\n<td style=\"width: 25%;height: 23px\"><a href=\"http:\/\/cdrsp.ipleiria.pt\/member\/nuno-morais\/\">Nuno Morais<\/a><\/td>\n<td style=\"width: 25%;height: 23px\">&nbsp;<\/td>\n<\/tr>\n<tr style=\"height: 23px\">\n<td style=\"width: 24.4828%;height: 23px\">Catarina Soalheiro<\/td>\n<td style=\"width: 25.5172%;height: 23px\"><a href=\"http:\/\/cdrsp.ipleiria.pt\/member\/joao-pinheiro\/\">Jo\u00e3o Pinheiro<\/a><\/td>\n<td style=\"width: 25%;height: 23px\"><a href=\"http:\/\/cdrsp.ipleiria.pt\/member\/paulo-freitas\/\">Paulo Freitas<\/a><\/td>\n<td style=\"width: 25%;height: 23px\">&nbsp;<\/td>\n<\/tr>\n<tr style=\"height: 23px\">\n<td style=\"width: 24.4828%;height: 23px\"><a title=\"Cyril dos Santos\" href=\"http:\/\/cdrsp.ipleiria.pt\/member\/cyril-dos-santos\/\">Cyril dos Santos<\/a><\/td>\n<td style=\"width: 25.5172%;height: 23px\"><a href=\"http:\/\/cdrsp.ipleiria.pt\/member\/joao-brites\/\">Jo\u00e3o Brites<\/a><\/td>\n<td style=\"width: 25%;height: 23px\"><a href=\"https:\/\/cdrsp.ipleiria.pt\/member\/pedro-custodio\/\">Pedro Cust\u00f3dio<\/a><\/td>\n<td style=\"width: 25%;height: 23px\">&nbsp;<\/td>\n<\/tr>\n<tr style=\"height: 23px\">\n<td style=\"width: 24.4828%;height: 23px\"><a href=\"http:\/\/cdrsp.ipleiria.pt\/member\/cristiana-fernandes\/\">Cristiana Fernandes<\/a><\/td>\n<td style=\"width: 25.5172%;height: 23px\">Jo\u00e3o Meneses<\/td>\n<td style=\"width: 25%;height: 23px\"><a title=\"Pedro Carreira\" href=\"http:\/\/cdrsp.ipleiria.pt\/member\/pedro-carreira\/\">Pedro Carreira<\/a><\/td>\n<td style=\"width: 25%;height: 23px\">&nbsp;<\/td>\n<\/tr>\n<tr style=\"height: 23px\">\n<td style=\"width: 24.4828%;height: 23px\"><a href=\"http:\/\/cdrsp.ipleiria.pt\/member\/daniel-silva\/\">Daniel Silva<\/a><\/td>\n<td style=\"width: 25.5172%;height: 23px\"><a href=\"http:\/\/cdrsp.ipleiria.pt\/member\/joao-vitorino\/\">Jo\u00e3o Vitorino<\/a><\/td>\n<td style=\"width: 25%;height: 23px\"><a href=\"http:\/\/cdrsp.ipleiria.pt\/member\/pedro-sereno\/\">Pedro Sereno<\/a><\/td>\n<td style=\"width: 25%;height: 23px\">&nbsp;<\/td>\n<\/tr>\n<tr style=\"height: 23px\">\n<td style=\"width: 24.4828%;height: 23px\"><a href=\"http:\/\/cdrsp.ipleiria.pt\/member\/diana-reis\/\">Diana Reis<\/a><\/td>\n<td style=\"width: 25.5172%;height: 23px\"><a href=\"http:\/\/cdrsp.ipleiria.pt\/member\/luis-marques\/\">Lu\u00eds Marques<\/a><\/td>\n<td style=\"width: 25%;height: 23px\"><a href=\"http:\/\/cdrsp.ipleiria.pt\/member\/renato-batista\/\">Renato Batista<\/a><\/td>\n<td style=\"width: 25%;height: 23px\">&nbsp;<\/td>\n<\/tr>\n<tr style=\"height: 23px\">\n<td style=\"width: 24.4828%;height: 23px\">F\u00e1bio Gameiro<\/td>\n<td style=\"width: 25.5172%;height: 23px\">Luiz Fonseca<\/td>\n<td style=\"width: 25%;height: 23px\">&nbsp;<\/td>\n<td style=\"width: 25%;height: 23px\">&nbsp;<\/td>\n<\/tr>\n<\/tbody>\n<\/table>\n<h2>Administrative Support<\/h2>\n<table style=\"width: 100%;border-collapse: collapse\" border=\"0\">\n<tbody>\n<tr>\n<td style=\"width: 25%\">Andreia Henriques<\/td>\n<td style=\"width: 25%\">Margarida Filipe<\/td>\n<td style=\"width: 25%\">&nbsp;<\/td>\n<td style=\"width: 25%\">&nbsp;<\/td>\n<\/tr>\n<tr>\n<td style=\"width: 25%\">&nbsp;<\/td>\n<td style=\"width: 25%\">&nbsp;<\/td>\n<td style=\"width: 25%\">&nbsp;<\/td>\n<td style=\"width: 25%\">&nbsp;<\/td>\n<\/tr>\n<\/tbody>\n<\/table>\n<p>&nbsp;<\/p>\n<p>&nbsp;<\/p>\n","protected":false},"excerpt":{"rendered":"<p>Direction Board Nuno Alves [Director] Artur Mateus [Vice-Director] Geoffrey Mitchell [Vice-Director] &nbsp; &nbsp; &nbsp; PhD Integrated Researchers Ana Lisboa F\u00e1bio Sim\u00f5es Paula Faria Vitor Ferreira Ant\u00f3nio M\u00e1rio&nbsp;Pereira Florindo Gaspar Rui B. Ruben &nbsp; C\u00e2ndida Mal\u00e7a Juliana Dias Sandra Amado &nbsp; Carla Moura Nelson Ferreira Tatiana Patr\u00edcio &nbsp; &nbsp; &nbsp; &nbsp; &nbsp; PhD Researchers David \u00c2ngelo [&hellip;]<\/p>\n","protected":false},"author":402,"featured_media":5347,"parent":0,"menu_order":0,"comment_status":"open","ping_status":"open","template":"","meta":{"ngg_post_thumbnail":0,"footnotes":"","_links_to":"","_links_to_target":""},"class_list":["post-2297","page","type-page","status-publish","has-post-thumbnail","hentry"],"_links":{"self":[{"href":"https:\/\/sites.ipleiria.pt\/cdrsp-arquivo\/wp-json\/wp\/v2\/pages\/2297","targetHints":{"allow":["GET"]}}],"collection":[{"href":"https:\/\/sites.ipleiria.pt\/cdrsp-arquivo\/wp-json\/wp\/v2\/pages"}],"about":[{"href":"https:\/\/sites.ipleiria.pt\/cdrsp-arquivo\/wp-json\/wp\/v2\/types\/page"}],"author":[{"embeddable":true,"href":"https:\/\/sites.ipleiria.pt\/cdrsp-arquivo\/wp-json\/wp\/v2\/users\/402"}],"replies":[{"embeddable":true,"href":"https:\/\/sites.ipleiria.pt\/cdrsp-arquivo\/wp-json\/wp\/v2\/comments?post=2297"}],"version-history":[{"count":137,"href":"https:\/\/sites.ipleiria.pt\/cdrsp-arquivo\/wp-json\/wp\/v2\/pages\/2297\/revisions"}],"predecessor-version":[{"id":8013,"href":"https:\/\/sites.ipleiria.pt\/cdrsp-arquivo\/wp-json\/wp\/v2\/pages\/2297\/revisions\/8013"}],"wp:featuredmedia":[{"embeddable":true,"href":"https:\/\/sites.ipleiria.pt\/cdrsp-arquivo\/wp-json\/wp\/v2\/media\/5347"}],"wp:attachment":[{"href":"https:\/\/sites.ipleiria.pt\/cdrsp-arquivo\/wp-json\/wp\/v2\/media?parent=2297"}],"curies":[{"name":"wp","href":"https:\/\/api.w.org\/{rel}","templated":true}]}}