{"id":2306,"date":"2013-03-26T12:06:56","date_gmt":"2013-03-26T12:06:56","guid":{"rendered":"http:\/\/cdrsp.ipleiria.pt\/?page_id=2306"},"modified":"2018-10-28T02:07:37","modified_gmt":"2018-10-28T02:07:37","slug":"edited-books","status":"publish","type":"page","link":"https:\/\/sites.ipleiria.pt\/cdrsp-arquivo\/publications\/edited-books\/","title":{"rendered":"Edited Books"},"content":{"rendered":"<p><em><strong>Books<\/strong><\/em><\/p>\n<p>&nbsp;<\/p>\n<p><strong>2018<\/strong><\/p>\n<p>&nbsp;<\/p>\n<p>Direct Digital Manufacturing (2018). Edited by Geoffrey Mitchell, Nuno Alves and Artur Mateus, Springer.<\/p>\n<p>Scattering Methods for Polymer Orientation Characterisation (2018). Edited by Geoffrey Mitchell, Springer.<\/p>\n<p>Nanoenhancers for Plastics (2018). Edited by Geoffrey Mitchell, Pan Stanford, ISBN 978-981-4411-52-3.<\/p>\n<p>&nbsp;<\/p>\n<p><strong>2017<\/strong><\/p>\n<p>Non-Destructive Techniques for the Assessment and Preservation of Historic Structures (2017). Edited by Luisa Gon\u00e7alves, Hugo Rodrigues &amp; Florindo Gaspar, CRC Press, London, UK, ISBN 978-113-8710-47-4.<\/p>\n<p>Direct Digital Manufacturing for Medicine (2017). Edited by Geoffrey Mitchell and Paula Faria, IPL &#8211; CDRSP Knowledge Series (vol.2), Leiria, ISBN 978-989-9676-51-0.<\/p>\n<p>The Industrial Challenges of Sustainable Food Packaging (2017). Edited by Geoffrey Mitchell and Paula Faria, IPL &#8211; CDRSP Knowledge Series (vol.1), Leiria, ISBN 978-972-8793-55-5.<\/p>\n<p>&nbsp;<\/p>\n<p><strong>2016<\/strong><\/p>\n<p>Nata\u00e7\u00e3o e Atividades Aqu\u00e1ticas: Pedagogia, Treino e Investiga\u00e7\u00e3o (2016). Edited by P. Morou\u00e7o, N. Batalha, R. Fernandes, ESECS\/IPLeiria\/CDRsp, Leiria.<\/p>\n<p>Controlling the Morphology of Polymers &#8211; Multiple Scales of Structure and Processing (2016). Edited by G.R. Mitchell &amp; A.O. Tojeira, Springer Science+Business Media, ISBN 978-331-9393-20-9.<\/p>\n<p>&nbsp;<\/p>\n<p><strong>2015<\/strong><\/p>\n<p>Book of Abstracts &#8211; 6th Portuguese Congress of Biomechanics (2015). Edited by R. B.Ruben, M.Vieira, C.Campos, H.A.Almeida, J.Siopa, P.B\u00e1rtolo, J.Folgado, ESTG\/IPLeiria, Leiria, ISBN 978-972-8793-74-6.<\/p>\n<p>Electrospinning: principles, practice and possibilities (2015). Edited by G.R. Mitchell, Royal Society of Chemistry, ISBN 978-184-9735-56-8.<\/p>\n<p>&nbsp;<\/p>\n<p>&nbsp;<\/p>\n<p><strong>2014<\/strong><\/p>\n<p>High Value Manufacturing (2014). Edited by A.M.Pereira, CRC Press, London, UK, ISBN 978-113-8001-37-4.<\/p>\n<p>High Value Manufacturing &#8211; Advanced Research in Virtual and Rapid Prototyping (2014). Edited by P.J. Bartolo, A. Lemos, A. M. Pereira, A. Mateus, C. Ramos, C. dos Santos, D. Oliveira, E. Pinto, F. Craveiro, H. Bartolo, H.A. Almeida, I. Sousa, J. Matias, L. Durao, M. Gaspar, N. Alves, P. Carreira, T. Ferreira, T. Marques, CRC Press, London, UK, ISBN 978-113-8001-37-4.<\/p>\n<p>Tissue Engineering: Computer Modeling, Biofabrication and Cell Behavior (2014). Edited by P. Fernandes and P.J. B\u00e1rtolo, Springer, ISBN 978-940-0770-72-0.<\/p>\n<p>Current Synchrotron-based research in Portugal 2014 \u2013 Proceedings of the 3rd ENURS and ESRF-day: meeting of synchrotron radiation users from Portugal (2014). Edited by G.R. Mitchell et al, Polythecnic Institute of Leiria, Leiria, ISBN 978-972-8793-67-8.<\/p>\n<p>&nbsp;<\/p>\n<p>&nbsp;<\/p>\n<p><strong>2013<\/strong><\/p>\n<p>Schreier split epimorphisms in monoids and in semirings (2013). Edited by D. Bourn, N. Martins-Ferreira, A. Montoli, M. Sobral, Textos de Matem\u00e1tica da Universidade de Coimbra, Coimbra, ISBN 978-972-8564-49-0.<\/p>\n<p>Electrospinning: principles, practice and possibilities (2013). Edited by G.R. Mitchell, Royal Society of Chemistry, ISBN 978-184-9735-56-8.<\/p>\n<p>Nanoenhancers for Plastics (2013). Edited by G.R. Mitchell, Pan Stanford, ISBN 978-981-4411-52-<\/p>\n<p>Rheology: Theory, Properties and Practical Applications (2013). Edited by G.R. Mitchell, Novapress, ISBN 978-162-6189-99-7.<\/p>\n<p>Green Design, Materials and Manufacturing Processes (2013). Edited by H. B\u00e1rtolo, P.J. B\u00e1rtolo, N. Alves, A. Mateus, H.A. Almeida, A. Lemos, F. Craveiro, C. Ramos, I. Reis, L. Dur\u00e3o, T. Ferreira, J. Duarte, F. Roseta, E. Castro e Costa, F. Quaresma &amp; J. Neves, CRC Press, London, UK, ISBN 978-113-8000-46-9.<\/p>\n<p>&nbsp;<\/p>\n<p>&nbsp;<\/p>\n<p><img loading=\"lazy\" decoding=\"async\" style=\"margin-top: 10px;margin-bottom: 10px\" title=\"Electrospping\" src=\"http:\/\/cdrsp.ipleiria.pt\/files\/2013\/03\/Electrosppinig_2013.jpg\" alt=\"\" width=\"158\" height=\"235\"><img loading=\"lazy\" decoding=\"async\" style=\"margin: 10px 78px\" title=\"Ceramica Reflexo Uma Cultura 2012\" src=\"http:\/\/cdrsp.ipleiria.pt\/files\/2013\/03\/Ceramica_reflexo_uma_cultura_2012.jpg\" alt=\"\" width=\"158\" height=\"235\"><img loading=\"lazy\" decoding=\"async\" style=\"margin-top: 10px;margin-bottom: 10px\" title=\"Advances on Modeling in Tissue Enginnering\" src=\"http:\/\/cdrsp.ipleiria.pt\/files\/2013\/03\/Advances-on-Modeling-in-Tissue-Enginnering.jpg\" alt=\"\" width=\"158\" height=\"235\"><img loading=\"lazy\" decoding=\"async\" style=\"margin: 20px 0px\" title=\"Stereolithography\" src=\"http:\/\/cdrsp.ipleiria.pt\/files\/2013\/03\/Stereolithography.jpg\" alt=\"\" width=\"158\" height=\"235\"><img loading=\"lazy\" decoding=\"async\" style=\"margin: 20px 78px\" title=\"Virtual Prototyping &amp;amp;Bio Manufactoring in Medical Aplications\" src=\"http:\/\/cdrsp.ipleiria.pt\/files\/2013\/03\/Virtual-Prototyping-Bio-Manufactoring-in-Medical-Aplications.jpg\" alt=\"\" width=\"158\" height=\"235\"><img loading=\"lazy\" decoding=\"async\" style=\"margin: 20px 0px\" title=\"Bio-Materials and Prototyping Applications in Medicine\" src=\"http:\/\/cdrsp.ipleiria.pt\/files\/2013\/03\/Bio-Materials-and-Prototyping-Applications-in-Medicine.jpg\" alt=\"\" width=\"158\" height=\"235\"><\/p>\n<p><em><strong>Proceedings<\/strong><\/em><\/p>\n<p><img loading=\"lazy\" decoding=\"async\" style=\"margin: 10px 0px\" title=\"VRAP 2011\" src=\"http:\/\/cdrsp.ipleiria.pt\/files\/2013\/03\/VARP_2011.jpg\" alt=\"\" width=\"158\" height=\"219\"><img loading=\"lazy\" decoding=\"async\" style=\"margin: 10px 78px\" title=\"SIM 2011\" src=\"http:\/\/cdrsp.ipleiria.pt\/files\/2013\/03\/SIM_2011.jpg\" alt=\"\" width=\"158\" height=\"219\"><img loading=\"lazy\" decoding=\"async\" style=\"margin: 10px 0px\" title=\"ICTE 2011\" src=\"http:\/\/cdrsp.ipleiria.pt\/files\/2013\/03\/ICTE_2011.jpg\" alt=\"\" width=\"158\" height=\"219\"><img loading=\"lazy\" decoding=\"async\" style=\"margin-top: 20px;margin-bottom: 20px\" title=\"ICTE 2009\" src=\"http:\/\/cdrsp.ipleiria.pt\/files\/2013\/03\/ICTE_2009.jpg\" alt=\"\" width=\"158\" height=\"219\"><img loading=\"lazy\" decoding=\"async\" style=\"margin: 20px 78px\" title=\"VRAP 2009\" src=\"http:\/\/cdrsp.ipleiria.pt\/files\/2013\/03\/VARP_2009.jpg\" alt=\"\" width=\"158\" height=\"219\"><img loading=\"lazy\" decoding=\"async\" style=\"margin: 20px 0px\" title=\"VRAP 2007\" src=\"http:\/\/cdrsp.ipleiria.pt\/files\/2013\/03\/VARP_2007.jpg\" alt=\"\" width=\"158\" height=\"219\"><img loading=\"lazy\" decoding=\"async\" style=\"margin: 20px 0px\" title=\"VRAP 2005\" src=\"http:\/\/cdrsp.ipleiria.pt\/files\/2013\/03\/VARP_2005.jpg\" alt=\"\" width=\"158\" height=\"219\"><img loading=\"lazy\" decoding=\"async\" style=\"margin: 20px 78px\" title=\"VRAP 2013\" src=\"http:\/\/cdrsp.ipleiria.pt\/files\/2013\/03\/VARP_2003_.jpg\" alt=\"\" width=\"158\" height=\"219\"><\/p>\n","protected":false},"excerpt":{"rendered":"<p>Books &nbsp; 2018 &nbsp; Direct Digital Manufacturing (2018). Edited by Geoffrey Mitchell, Nuno Alves and Artur Mateus, Springer. Scattering Methods for Polymer Orientation Characterisation (2018). Edited by Geoffrey Mitchell, Springer. Nanoenhancers for Plastics (2018). Edited by Geoffrey Mitchell, Pan Stanford, ISBN 978-981-4411-52-3. &nbsp; 2017 Non-Destructive Techniques for the Assessment and Preservation of Historic Structures (2017). [&hellip;]<\/p>\n","protected":false},"author":402,"featured_media":5347,"parent":17,"menu_order":0,"comment_status":"open","ping_status":"open","template":"","meta":{"ngg_post_thumbnail":0,"footnotes":"","_links_to":"","_links_to_target":""},"class_list":["post-2306","page","type-page","status-publish","has-post-thumbnail","hentry"],"_links":{"self":[{"href":"https:\/\/sites.ipleiria.pt\/cdrsp-arquivo\/wp-json\/wp\/v2\/pages\/2306","targetHints":{"allow":["GET"]}}],"collection":[{"href":"https:\/\/sites.ipleiria.pt\/cdrsp-arquivo\/wp-json\/wp\/v2\/pages"}],"about":[{"href":"https:\/\/sites.ipleiria.pt\/cdrsp-arquivo\/wp-json\/wp\/v2\/types\/page"}],"author":[{"embeddable":true,"href":"https:\/\/sites.ipleiria.pt\/cdrsp-arquivo\/wp-json\/wp\/v2\/users\/402"}],"replies":[{"embeddable":true,"href":"https:\/\/sites.ipleiria.pt\/cdrsp-arquivo\/wp-json\/wp\/v2\/comments?post=2306"}],"version-history":[{"count":47,"href":"https:\/\/sites.ipleiria.pt\/cdrsp-arquivo\/wp-json\/wp\/v2\/pages\/2306\/revisions"}],"predecessor-version":[{"id":4723,"href":"https:\/\/sites.ipleiria.pt\/cdrsp-arquivo\/wp-json\/wp\/v2\/pages\/2306\/revisions\/4723"}],"up":[{"embeddable":true,"href":"https:\/\/sites.ipleiria.pt\/cdrsp-arquivo\/wp-json\/wp\/v2\/pages\/17"}],"wp:featuredmedia":[{"embeddable":true,"href":"https:\/\/sites.ipleiria.pt\/cdrsp-arquivo\/wp-json\/wp\/v2\/media\/5347"}],"wp:attachment":[{"href":"https:\/\/sites.ipleiria.pt\/cdrsp-arquivo\/wp-json\/wp\/v2\/media?parent=2306"}],"curies":[{"name":"wp","href":"https:\/\/api.w.org\/{rel}","templated":true}]}}